{"id":91988,"date":"2023-07-10T14:43:55","date_gmt":"2023-07-10T12:43:55","guid":{"rendered":"https:\/\/bdr-beauty.de\/?page_id=91988"},"modified":"2023-07-10T14:43:55","modified_gmt":"2023-07-10T12:43:55","slug":"imprimir","status":"publish","type":"page","link":"https:\/\/bdr-beauty.de\/es\/bdr-the-medical-beauty-concept\/imprimir\/","title":{"rendered":"imprimir"},"content":{"rendered":"<div class=\"wpb-content-wrapper\"><p>[vc_row][vc_column column_width_percent=\u00bb100&#8243; gutter_size=\u00bb5&#8243; overlay_alpha=\u00bb50&#8243; shift_x=\u00bb0&#8243; shift_y=\u00bb0&#8243; shift_y_down=\u00bb0&#8243; z_index=\u00bb0&#8243; medium_width=\u00bb0&#8243; mobile_width=\u00bb0&#8243; width=\u00bb1\/2&#8243;][vc_column_text uncode_shortcode_id=\u00bb103700&#8243;]<\/p>\n<h1><strong>Pie de imprenta<\/strong><\/h1>\n<p>Goldeneye Permanent System GmbH<br \/>\nMittelwegring 31<br \/>\nD &#8211; 76751 Jockgrim<\/p>\n<p>Tel: +49 (0)7271 \/ 98 999-10<br \/>\nFax: +49 (0)7271 \/ 98 999-11<\/p>\n<p>Correo: info@goldeneye.de<br \/>\nWeb: www.goldeneye.de<\/p>\n<p>Director General autorizado para representar a la empresa: Ren\u00e9 La Fontaine<\/p>\n<p>Tribunal de registro de Landau<br \/>\nHRB 30835<\/p>\n<p>CIF: DE200335303[\/vc_column_text][\/vc_column][vc_column column_width_percent=\u00bb100&#8243; gutter_size=\u00bb5&#8243; overlay_alpha=\u00bb50&#8243; shift_x=\u00bb0&#8243; shift_y=\u00bb0&#8243; shift_y_down=\u00bb0&#8243; z_index=\u00bb0&#8243; medium_width=\u00bb0&#8243; mobile_width=\u00bb0&#8243; width=\u00bb1\/2&#8243;][vc_column_text uncode_shortcode_id=\u00bb120790&#8243;]<\/p>\n<h2>Descargo de responsabilidad<\/h2>\n<p>Fuente: eRecht24.de &#8211; Derecho de Internet por el abogado S\u00f6ren Siebert<\/p>\n<p>Los contenidos de nuestras p\u00e1ginas se han elaborado con el mayor esmero. Sin embargo, no podemos asumir ninguna responsabilidad por la exactitud, integridad y actualidad de los contenidos. Como proveedor de servicios, somos responsables de nuestros propios contenidos en estas p\u00e1ginas de acuerdo con la legislaci\u00f3n general seg\u00fan el \u00a7\u00a7 7 (1) de la Ley Alemana de Telemedia (TMG). Sin embargo, seg\u00fan los \u00a7\u00a7 8 a 10 de la TMG, como proveedor de servicios no estamos obligados a controlar la informaci\u00f3n ajena transmitida o almacenada ni a investigar circunstancias que indiquen una actividad ilegal. Esto no afecta a las obligaciones de eliminar o bloquear el uso de informaci\u00f3n de conformidad con las leyes generales. Sin embargo, la responsabilidad a este respecto s\u00f3lo es posible a partir del momento en que se tiene conocimiento de una infracci\u00f3n concreta de la ley. Si tenemos conocimiento de infracciones correspondientes, eliminaremos estos contenidos inmediatamente.<\/p>\n<h2>Responsabilidad de los enlaces<\/h2>\n<p>Nuestra oferta contiene enlaces a p\u00e1ginas web externas de terceros, sobre cuyos contenidos no tenemos ninguna influencia. Por lo tanto, no podemos asumir ninguna responsabilidad por estos contenidos externos. El respectivo proveedor u operador de las p\u00e1ginas es siempre responsable del contenido de las p\u00e1ginas enlazadas. En el momento de establecer el enlace se comprob\u00f3 si las p\u00e1ginas enlazadas infring\u00edan la ley. En el momento de establecer el enlace no se detectaron contenidos ilegales. Sin embargo, no es razonable un control permanente de los contenidos de las p\u00e1ginas enlazadas sin indicios concretos de una infracci\u00f3n legal. Si tenemos conocimiento de alguna infracci\u00f3n de la ley, eliminaremos inmediatamente dichos enlaces.<\/p>\n<h2>Copyright<\/h2>\n<p>Los contenidos y obras creados por los operadores del sitio en estas p\u00e1ginas est\u00e1n sujetos a la legislaci\u00f3n alemana sobre derechos de autor. La reproducci\u00f3n, el procesamiento, la distribuci\u00f3n y cualquier tipo de explotaci\u00f3n fuera de los l\u00edmites de la ley de derechos de autor requieren el consentimiento por escrito del autor o creador correspondiente. Las descargas y copias de este sitio s\u00f3lo est\u00e1n permitidas para uso privado y no comercial. En la medida en que el contenido de este sitio no haya sido creado por el operador, se respetan los derechos de autor de terceros. En particular, los contenidos de terceros est\u00e1n marcados como tales. No obstante, si tiene conocimiento de una infracci\u00f3n de los derechos de autor, le rogamos que nos lo comunique. Si tenemos conocimiento de alguna infracci\u00f3n, eliminaremos inmediatamente dicho contenido.[\/vc_column_text][\/vc_column][\/vc_row]<\/p>\n<\/div>","protected":false},"excerpt":{"rendered":"<p>[vc_row][vc_column column_width_percent=\u00bb100&#8243; gutter_size=\u00bb5&#8243; overlay_alpha=\u00bb50&#8243; shift_x=\u00bb0&#8243; shift_y=\u00bb0&#8243; shift_y_down=\u00bb0&#8243; z_index=\u00bb0&#8243; medium_width=\u00bb0&#8243; mobile_width=\u00bb0&#8243; width=\u00bb1\/2&#8243;][vc_column_text uncode_shortcode_id=\u00bb103700&#8243;] Pie de imprenta Goldeneye Permanent System GmbH Mittelwegring [&hellip;]<\/p>\n","protected":false},"author":2,"featured_media":0,"parent":91879,"menu_order":0,"comment_status":"closed","ping_status":"open","template":"","meta":{"footnotes":""},"class_list":["post-91988","page","type-page","status-publish","hentry"],"yoast_head":"<!-- This site is optimized with the Yoast SEO plugin v24.6 - https:\/\/yoast.com\/wordpress\/plugins\/seo\/ -->\n<title>imprimir - bdr medical beauty<\/title>\n<meta name=\"robots\" content=\"index, follow, max-snippet:-1, max-image-preview:large, max-video-preview:-1\" \/>\n<link rel=\"canonical\" href=\"https:\/\/bdr-beauty.de\/es\/bdr-the-medical-beauty-concept\/imprimir\/\" \/>\n<meta property=\"og:locale\" content=\"es_ES\" \/>\n<meta property=\"og:type\" content=\"article\" \/>\n<meta property=\"og:title\" content=\"imprimir - bdr medical beauty\" \/>\n<meta property=\"og:description\" content=\"[vc_row][vc_column column_width_percent=\u00bb100&#8243; gutter_size=\u00bb5&#8243; overlay_alpha=\u00bb50&#8243; shift_x=\u00bb0&#8243; shift_y=\u00bb0&#8243; shift_y_down=\u00bb0&#8243; z_index=\u00bb0&#8243; medium_width=\u00bb0&#8243; mobile_width=\u00bb0&#8243; width=\u00bb1\/2&#8243;][vc_column_text uncode_shortcode_id=\u00bb103700&#8243;] Pie de imprenta Goldeneye Permanent System GmbH Mittelwegring [&hellip;]\" \/>\n<meta property=\"og:url\" content=\"https:\/\/bdr-beauty.de\/es\/bdr-the-medical-beauty-concept\/imprimir\/\" \/>\n<meta property=\"og:site_name\" content=\"bdr medical beauty\" \/>\n<meta name=\"twitter:card\" content=\"summary_large_image\" \/>\n<meta name=\"twitter:label1\" content=\"Tiempo de lectura\" \/>\n\t<meta name=\"twitter:data1\" content=\"3 minutos\" \/>\n<script type=\"application\/ld+json\" class=\"yoast-schema-graph\">{\"@context\":\"https:\/\/schema.org\",\"@graph\":[{\"@type\":\"WebPage\",\"@id\":\"https:\/\/bdr-beauty.de\/es\/bdr-the-medical-beauty-concept\/imprimir\/\",\"url\":\"https:\/\/bdr-beauty.de\/es\/bdr-the-medical-beauty-concept\/imprimir\/\",\"name\":\"imprimir - bdr medical beauty\",\"isPartOf\":{\"@id\":\"https:\/\/bdr-beauty.de\/es\/#website\"},\"datePublished\":\"2023-07-10T12:43:55+00:00\",\"breadcrumb\":{\"@id\":\"https:\/\/bdr-beauty.de\/es\/bdr-the-medical-beauty-concept\/imprimir\/#breadcrumb\"},\"inLanguage\":\"es\",\"potentialAction\":[{\"@type\":\"ReadAction\",\"target\":[\"https:\/\/bdr-beauty.de\/es\/bdr-the-medical-beauty-concept\/imprimir\/\"]}]},{\"@type\":\"BreadcrumbList\",\"@id\":\"https:\/\/bdr-beauty.de\/es\/bdr-the-medical-beauty-concept\/imprimir\/#breadcrumb\",\"itemListElement\":[{\"@type\":\"ListItem\",\"position\":1,\"name\":\"Startseite\",\"item\":\"https:\/\/bdr-beauty.de\/es\/\"},{\"@type\":\"ListItem\",\"position\":2,\"name\":\"bdr\u00ae The Medical Beauty Concept\",\"item\":\"https:\/\/bdr-beauty.de\/es\/\"},{\"@type\":\"ListItem\",\"position\":3,\"name\":\"imprimir\"}]},{\"@type\":\"WebSite\",\"@id\":\"https:\/\/bdr-beauty.de\/es\/#website\",\"url\":\"https:\/\/bdr-beauty.de\/es\/\",\"name\":\"bdr medical beauty\",\"description\":\"Luxury meets Skincare\",\"potentialAction\":[{\"@type\":\"SearchAction\",\"target\":{\"@type\":\"EntryPoint\",\"urlTemplate\":\"https:\/\/bdr-beauty.de\/es\/?s={search_term_string}\"},\"query-input\":{\"@type\":\"PropertyValueSpecification\",\"valueRequired\":true,\"valueName\":\"search_term_string\"}}],\"inLanguage\":\"es\"}]}<\/script>\n<!-- \/ Yoast SEO plugin. -->","yoast_head_json":{"title":"imprimir - bdr medical beauty","robots":{"index":"index","follow":"follow","max-snippet":"max-snippet:-1","max-image-preview":"max-image-preview:large","max-video-preview":"max-video-preview:-1"},"canonical":"https:\/\/bdr-beauty.de\/es\/bdr-the-medical-beauty-concept\/imprimir\/","og_locale":"es_ES","og_type":"article","og_title":"imprimir - bdr medical beauty","og_description":"[vc_row][vc_column column_width_percent=\u00bb100&#8243; gutter_size=\u00bb5&#8243; overlay_alpha=\u00bb50&#8243; shift_x=\u00bb0&#8243; shift_y=\u00bb0&#8243; shift_y_down=\u00bb0&#8243; z_index=\u00bb0&#8243; medium_width=\u00bb0&#8243; mobile_width=\u00bb0&#8243; width=\u00bb1\/2&#8243;][vc_column_text uncode_shortcode_id=\u00bb103700&#8243;] Pie de imprenta Goldeneye Permanent System GmbH Mittelwegring [&hellip;]","og_url":"https:\/\/bdr-beauty.de\/es\/bdr-the-medical-beauty-concept\/imprimir\/","og_site_name":"bdr medical beauty","twitter_card":"summary_large_image","twitter_misc":{"Tiempo de lectura":"3 minutos"},"schema":{"@context":"https:\/\/schema.org","@graph":[{"@type":"WebPage","@id":"https:\/\/bdr-beauty.de\/es\/bdr-the-medical-beauty-concept\/imprimir\/","url":"https:\/\/bdr-beauty.de\/es\/bdr-the-medical-beauty-concept\/imprimir\/","name":"imprimir - bdr medical beauty","isPartOf":{"@id":"https:\/\/bdr-beauty.de\/es\/#website"},"datePublished":"2023-07-10T12:43:55+00:00","breadcrumb":{"@id":"https:\/\/bdr-beauty.de\/es\/bdr-the-medical-beauty-concept\/imprimir\/#breadcrumb"},"inLanguage":"es","potentialAction":[{"@type":"ReadAction","target":["https:\/\/bdr-beauty.de\/es\/bdr-the-medical-beauty-concept\/imprimir\/"]}]},{"@type":"BreadcrumbList","@id":"https:\/\/bdr-beauty.de\/es\/bdr-the-medical-beauty-concept\/imprimir\/#breadcrumb","itemListElement":[{"@type":"ListItem","position":1,"name":"Startseite","item":"https:\/\/bdr-beauty.de\/es\/"},{"@type":"ListItem","position":2,"name":"bdr\u00ae The Medical Beauty Concept","item":"https:\/\/bdr-beauty.de\/es\/"},{"@type":"ListItem","position":3,"name":"imprimir"}]},{"@type":"WebSite","@id":"https:\/\/bdr-beauty.de\/es\/#website","url":"https:\/\/bdr-beauty.de\/es\/","name":"bdr medical beauty","description":"Luxury meets Skincare","potentialAction":[{"@type":"SearchAction","target":{"@type":"EntryPoint","urlTemplate":"https:\/\/bdr-beauty.de\/es\/?s={search_term_string}"},"query-input":{"@type":"PropertyValueSpecification","valueRequired":true,"valueName":"search_term_string"}}],"inLanguage":"es"}]}},"_links":{"self":[{"href":"https:\/\/bdr-beauty.de\/es\/wp-json\/wp\/v2\/pages\/91988","targetHints":{"allow":["GET"]}}],"collection":[{"href":"https:\/\/bdr-beauty.de\/es\/wp-json\/wp\/v2\/pages"}],"about":[{"href":"https:\/\/bdr-beauty.de\/es\/wp-json\/wp\/v2\/types\/page"}],"author":[{"embeddable":true,"href":"https:\/\/bdr-beauty.de\/es\/wp-json\/wp\/v2\/users\/2"}],"replies":[{"embeddable":true,"href":"https:\/\/bdr-beauty.de\/es\/wp-json\/wp\/v2\/comments?post=91988"}],"version-history":[{"count":2,"href":"https:\/\/bdr-beauty.de\/es\/wp-json\/wp\/v2\/pages\/91988\/revisions"}],"predecessor-version":[{"id":91992,"href":"https:\/\/bdr-beauty.de\/es\/wp-json\/wp\/v2\/pages\/91988\/revisions\/91992"}],"up":[{"embeddable":true,"href":"https:\/\/bdr-beauty.de\/es\/wp-json\/wp\/v2\/pages\/91879"}],"wp:attachment":[{"href":"https:\/\/bdr-beauty.de\/es\/wp-json\/wp\/v2\/media?parent=91988"}],"curies":[{"name":"wp","href":"https:\/\/api.w.org\/{rel}","templated":true}]}}