{"id":92136,"date":"2023-07-12T13:29:46","date_gmt":"2023-07-12T11:29:46","guid":{"rendered":"https:\/\/bdr-beauty.de\/?page_id=92136"},"modified":"2023-07-12T13:30:28","modified_gmt":"2023-07-12T11:30:28","slug":"tratos","status":"publish","type":"page","link":"https:\/\/bdr-beauty.de\/es\/bdr-the-medical-beauty-concept\/tratos\/","title":{"rendered":"tratos"},"content":{"rendered":"<div class=\"wpb-content-wrapper\"><p>[vc_row row_height_percent=\u00bb0&#8243; override_padding=\u00bbyes\u00bb h_padding=\u00bb2&#8243; top_padding=\u00bb3&#8243; bottom_padding=\u00bb3&#8243; back_color=\u00bbcolor-lxmt\u00bb overlay_alpha=\u00bb50&#8243; gutter_size=\u00bb3&#8243; column_width_percent=\u00bb100&#8243; shift_y=\u00bb0&#8243; z_index=\u00bb0&#8243; row_name=\u00bbtratos\u00bb uncode_shortcode_id=\u00bb514864&#8243; back_color_type=\u00bbuncode-palette\u00bb shape_dividers=\u00bb\u00bb][vc_column column_width_percent=\u00bb100&#8243; position_horizontal=\u00bbleft\u00bb position_vertical=\u00bbmiddle\u00bb gutter_size=\u00bb3&#8243; overlay_alpha=\u00bb50&#8243; shift_x=\u00bb0&#8243; shift_y=\u00bb0&#8243; shift_y_down=\u00bb0&#8243; z_index=\u00bb0&#8243; medium_width=\u00bb0&#8243; mobile_width=\u00bb0&#8243; width=\u00bb1\/1&#8243;][vc_row_inner row_inner_height_percent=\u00bb0&#8243; overlay_alpha=\u00bb50&#8243; gutter_size=\u00bb4&#8243; shift_y=\u00bb0&#8243; z_index=\u00bb0&#8243;][vc_column_inner column_width_percent=\u00bb100&#8243; position_horizontal=\u00bbleft\u00bb position_vertical=\u00bbmiddle\u00bb gutter_size=\u00bb2&#8243; overlay_alpha=\u00bb50&#8243; shift_x=\u00bb0&#8243; shift_y=\u00bb0&#8243; shift_y_down=\u00bb0&#8243; z_index=\u00bb0&#8243; medium_width=\u00bb0&#8243; mobile_width=\u00bb0&#8243; width=\u00bb5\/6&#8243;][vc_custom_heading text_size=\u00bbfontsize-155944&#8243; text_weight=\u00bb300&#8243;]The Medical Beauty Concept[\/vc_custom_heading][vc_custom_heading text_size=\u00bbh4&#8243; text_weight=\u00bb300&#8243; text_height=\u00bbfontheight-357766&#8243; uncode_shortcode_id=\u00bb113213&#8243;]Hasta ahora, otros m\u00e9todos y productos hab\u00edan fracasado porque no pod\u00edan introducirse lo suficientemente profundo en las capas de la piel donde realmente se necesitan para permitir resultados duraderos y de cuidado intensivo. bdr\u00ae ha conseguido superar esta barrera. Los laboratorios bdr\u00ae han creado una serie completamente nueva de productos dermatol\u00f3gicos biotecnol\u00f3gicos.<\/p>\n<p>&nbsp;<\/p>\n<p>La innovadora tecnolog\u00eda de emulsi\u00f3n combina los principios activos naturales m\u00e1s valiosos con esencias optimizadas micromolecularmente. Un equipo de especialistas ha desarrollado una combinaci\u00f3n de moderna tecnolog\u00eda de dispositivos param\u00e9dicos y sueros de ingredientes activos dermac\u00e9uticos que han convertido un sue\u00f1o en realidad: Revertir el envejecimiento cut\u00e1neo. D\u00e9 marcha atr\u00e1s al reloj con bdr\u00ae.<\/p>\n<p>&nbsp;<\/p>\n<p>D\u00e9jese asesorar por su instituto bdr\u00ae.[\/vc_custom_heading][\/vc_column_inner][vc_column_inner width=\u00bb1\/6&#8243;][\/vc_column_inner][\/vc_row_inner][\/vc_column][\/vc_row][vc_row row_height_percent=\u00bb0&#8243; override_padding=\u00bbyes\u00bb h_padding=\u00bb2&#8243; top_padding=\u00bb3&#8243; bottom_padding=\u00bb3&#8243; overlay_alpha=\u00bb50&#8243; gutter_size=\u00bb3&#8243; column_width_percent=\u00bb100&#8243; shift_y=\u00bb0&#8243; z_index=\u00bb0&#8243; row_name=\u00bbDescripci\u00f3n general del tratamiento\u00bb uncode_shortcode_id=\u00bb964000&#8243; shape_dividers=\u00bb\u00bb][vc_column width=\u00bb1\/1&#8243;][vc_custom_heading text_size=\u00bbfontsize-155944&#8243; text_weight=\u00bb300&#8243; uncode_shortcode_id=\u00bb204232&#8243;]resumen del tratamiento bdr\u00ae[\/vc_custom_heading][\/vc_column][\/vc_row][vc_row row_height_percent=\u00bb0&#8243; override_padding=\u00bbyes\u00bb h_padding=\u00bb2&#8243; top_padding=\u00bb3&#8243; bottom_padding=\u00bb3&#8243; overlay_alpha=\u00bb50&#8243; gutter_size=\u00bb3&#8243; column_width_percent=\u00bb100&#8243; shift_y=\u00bb0&#8243; z_index=\u00bb0&#8243;][vc_column width=\u00bb1\/1&#8243;][vc_row_inner row_inner_height_percent=\u00bb0&#8243; overlay_alpha=\u00bb100&#8243; gutter_size=\u00bb4&#8243; shift_y=\u00bb0&#8243; z_index=\u00bb0&#8243;][vc_column_inner width=\u00bb1\/3&#8243;][vc_icon icon_image=\u00bb83133&#8243; heading_semantic=\u00bbh2&#8243; text_font=\u00bbfont-762333&#8243; text_size=\u00bbh1&#8243; text_weight=\u00bb300&#8243; text_lead=\u00bbyes\u00bb title=\u00bbFresh &amp; Glow\u00bb][\/vc_icon][vc_custom_heading heading_semantic=\u00bbh4&#8243; text_size=\u00bbh4&#8243; text_height=\u00bbfontheight-357766&#8243; uncode_shortcode_id=\u00bb658537&#8243;]El tratamiento de iniciaci\u00f3n ideal para un resultado cut\u00e1neo perfecto en el menor tiempo posible.[\/vc_custom_heading][\/vc_column_inner][vc_column_inner width=\u00bb1\/3&#8243;][vc_icon icon_image=\u00bb83134&#8243; heading_semantic=\u00bbh2&#8243; text_font=\u00bbfont-762333&#8243; text_size=\u00bbh1&#8243; text_weight=\u00bb300&#8243; text_lead=\u00bbyes\u00bb title=\u00bbBasic &amp; Sensetive\u00bb][\/vc_icon][vc_custom_heading heading_semantic=\u00bbh4&#8243; text_size=\u00bbh4&#8243; text_height=\u00bbfontheight-357766&#8243; uncode_shortcode_id=\u00bb697577&#8243;]Tratamiento especial para pieles muy sensibles, enrojecidas, estresadas y propensas a las alergias.[\/vc_custom_heading][\/vc_column_inner][vc_column_inner width=\u00bb1\/3&#8243;][vc_icon icon_image=\u00bb83135&#8243; heading_semantic=\u00bbh2&#8243; text_font=\u00bbfont-762333&#8243; text_size=\u00bbh1&#8243; text_weight=\u00bb300&#8243; text_lead=\u00bbyes\u00bb title=\u00bbClear &amp; Fresh\u00bb][\/vc_icon][vc_custom_heading heading_semantic=\u00bbh4&#8243; text_size=\u00bbh4&#8243; text_height=\u00bbfontheight-357766&#8243; uncode_shortcode_id=\u00bb123568&#8243;]Tratamiento especial para pieles grasas con problemas y propensas a las imperfecciones.[\/vc_custom_heading][\/vc_column_inner][\/vc_row_inner][\/vc_column][\/vc_row][vc_row row_height_percent=\u00bb0&#8243; override_padding=\u00bbyes\u00bb h_padding=\u00bb2&#8243; top_padding=\u00bb2&#8243; bottom_padding=\u00bb3&#8243; overlay_alpha=\u00bb50&#8243; gutter_size=\u00bb3&#8243; column_width_percent=\u00bb100&#8243; shift_y=\u00bb0&#8243; z_index=\u00bb0&#8243;][vc_column width=\u00bb1\/1&#8243;][vc_row_inner row_inner_height_percent=\u00bb0&#8243; overlay_alpha=\u00bb100&#8243; gutter_size=\u00bb4&#8243; shift_y=\u00bb0&#8243; z_index=\u00bb0&#8243;][vc_column_inner width=\u00bb1\/3&#8243;][vc_icon icon_image=\u00bb83136&#8243; heading_semantic=\u00bbh2&#8243; text_font=\u00bbfont-762333&#8243; text_size=\u00bbh1&#8243; text_weight=\u00bb300&#8243; text_lead=\u00bbyes\u00bb title=\u00bbCell Repair\u00bb][\/vc_icon][vc_custom_heading heading_semantic=\u00bbh4&#8243; text_size=\u00bbh4&#8243; text_height=\u00bbfontheight-357766&#8243; uncode_shortcode_id=\u00bb206584&#8243;]La combinaci\u00f3n de activos energizantes hace que este tratamiento sea \u00f3ptimo para fortalecer y proteger la piel. La piel apagada, cansada y da\u00f1ada por el sol mejora y se regenera de forma notable y visible.[\/vc_custom_heading][\/vc_column_inner][vc_column_inner width=\u00bb1\/3&#8243;][vc_icon icon_image=\u00bb83137&#8243; heading_semantic=\u00bbh2&#8243; text_font=\u00bbfont-762333&#8243; text_size=\u00bbh1&#8243; text_weight=\u00bb300&#8243; text_lead=\u00bbyes\u00bb title=\u00bbAge Control\u00bb][\/vc_icon][vc_custom_heading heading_semantic=\u00bbh4&#8243; text_size=\u00bbh4&#8243; text_height=\u00bbfontheight-357766&#8243; uncode_shortcode_id=\u00bb105258&#8243;]Experimente un tratamiento para pieles exigentes en busca de una nueva juventud y recup\u00e9rela en plena forma.[\/vc_custom_heading][\/vc_column_inner][vc_column_inner width=\u00bb1\/3&#8243;][vc_icon icon_image=\u00bb83138&#8243; heading_semantic=\u00bbh2&#8243; text_font=\u00bbfont-762333&#8243; text_size=\u00bbh1&#8243; text_weight=\u00bb300&#8243; text_lead=\u00bbyes\u00bb title=\u00bbFocus Special\u00bb][\/vc_icon][vc_custom_heading heading_semantic=\u00bbh4&#8243; text_size=\u00bbh4&#8243; text_height=\u00bbfontheight-357766&#8243; uncode_shortcode_id=\u00bb524018&#8243;]Se centra en zonas concretas de la piel estresadas, como los ojos, los labios, la frente y el cuello. Tambi\u00e9n mejora el aspecto de las cicatrices.[\/vc_custom_heading][\/vc_column_inner][\/vc_row_inner][\/vc_column][\/vc_row][vc_row row_height_percent=\u00bb15&#8243; override_padding=\u00bbyes\u00bb h_padding=\u00bb2&#8243; top_padding=\u00bb3&#8243; bottom_padding=\u00bb3&#8243; back_image=\u00bb83311&#8243; overlay_alpha=\u00bb50&#8243; gutter_size=\u00bb3&#8243; column_width_percent=\u00bb100&#8243; shift_y=\u00bb0&#8243; z_index=\u00bb0&#8243; uncode_shortcode_id=\u00bb168901&#8243; shape_dividers=\u00bb\u00bb][vc_column width=\u00bb1\/1&#8243;][vc_row_inner][vc_column_inner width=\u00bb1\/2&#8243;][\/vc_column_inner][vc_column_inner column_width_percent=\u00bb100&#8243; align_horizontal=\u00bbalign_center\u00bb gutter_size=\u00bb3&#8243; overlay_alpha=\u00bb50&#8243; shift_x=\u00bb0&#8243; shift_y=\u00bb0&#8243; shift_y_down=\u00bb0&#8243; z_index=\u00bb0&#8243; medium_width=\u00bb0&#8243; mobile_width=\u00bb0&#8243; width=\u00bb1\/2&#8243;][vc_custom_heading text_size=\u00bbfontsize-155944&#8243; text_weight=\u00bb300&#8243; uncode_shortcode_id=\u00bb155203&#8243;]concepto de tratamiento bdr\u00ae[\/vc_custom_heading][vc_custom_heading heading_semantic=\u00bbh4&#8243; text_size=\u00bbh4&#8243; text_height=\u00bbfontheight-357766&#8243; uncode_shortcode_id=\u00bb557993&#8243;]Los productos dermac\u00e9uticos son mucho m\u00e1s que cosm\u00e9ticos.<br \/>\nTodos los tratamientos bdr\u00ae abordan diferentes necesidades de la piel.[\/vc_custom_heading][\/vc_column_inner][\/vc_row_inner][\/vc_column][\/vc_row][vc_row row_height_percent=\u00bb0&#8243; override_padding=\u00bbyes\u00bb h_padding=\u00bb2&#8243; top_padding=\u00bb5&#8243; bottom_padding=\u00bb5&#8243; overlay_alpha=\u00bb50&#8243; gutter_size=\u00bb3&#8243; column_width_percent=\u00bb100&#8243; shift_y=\u00bb0&#8243; z_index=\u00bb0&#8243; row_name=\u00bbInstituto bdr\u00ae\u00bb uncode_shortcode_id=\u00bb168171&#8243;][vc_column width=\u00bb1\/4&#8243;][\/vc_column][vc_column column_width_percent=\u00bb100&#8243; align_horizontal=\u00bbalign_center\u00bb gutter_size=\u00bb3&#8243; overlay_alpha=\u00bb50&#8243; shift_x=\u00bb0&#8243; shift_y=\u00bb0&#8243; shift_y_down=\u00bb0&#8243; z_index=\u00bb0&#8243; medium_width=\u00bb0&#8243; mobile_width=\u00bb0&#8243; width=\u00bb1\/2&#8243;][vc_icon icon_image=\u00bb83143&#8243; heading_semantic=\u00bbh2&#8243; text_size=\u00bbh1&#8243; text_weight=\u00bb300&#8243; text_lead=\u00bbyes\u00bb title=\u00bbEncuentre aqu\u00ed su instituto bdr\u00ae m\u00e1s cercano\u00bb uncode_shortcode_id=\u00bb848934&#8243;]Su asesor en regeneraci\u00f3n dermofarmac\u00e9utica estar\u00e1 encantado de aconsejarle.[\/vc_icon][vc_button button_color=\u00bbaccent\u00bb size=\u00bbbtn-lg\u00bb radius=\u00bbbtn-round\u00bb hover_fx=\u00bboutlined\u00bb outline=\u00bbyes\u00bb border_width=\u00bb0&#8243; link=\u00bburl:https%3A%2F%2Fbdr-beauty.de%2Fes%2Fbdr-the-medical-beauty-concept%2Fbuscador-de-tiendas%2F|title:Buscar%20instituto\u00bb button_color_type=\u00bbuncode-palette\u00bb uncode_shortcode_id=\u00bb131125&#8243;]Buscar instituto[\/vc_button][\/vc_column][vc_column width=\u00bb1\/4&#8243;][\/vc_column][\/vc_row]<\/p>\n<\/div>","protected":false},"excerpt":{"rendered":"<p>[vc_row row_height_percent=\u00bb0&#8243; override_padding=\u00bbyes\u00bb h_padding=\u00bb2&#8243; top_padding=\u00bb3&#8243; bottom_padding=\u00bb3&#8243; back_color=\u00bbcolor-lxmt\u00bb overlay_alpha=\u00bb50&#8243; gutter_size=\u00bb3&#8243; column_width_percent=\u00bb100&#8243; shift_y=\u00bb0&#8243; z_index=\u00bb0&#8243; row_name=\u00bbtratos\u00bb uncode_shortcode_id=\u00bb514864&#8243; back_color_type=\u00bbuncode-palette\u00bb shape_dividers=\u00bb\u00bb][vc_column column_width_percent=\u00bb100&#8243; position_horizontal=\u00bbleft\u00bb position_vertical=\u00bbmiddle\u00bb gutter_size=\u00bb3&#8243; [&hellip;]<\/p>\n","protected":false},"author":2,"featured_media":0,"parent":91879,"menu_order":1,"comment_status":"closed","ping_status":"closed","template":"","meta":{"footnotes":""},"class_list":["post-92136","page","type-page","status-publish","hentry"],"yoast_head":"<!-- This site is optimized with the Yoast SEO plugin v24.6 - https:\/\/yoast.com\/wordpress\/plugins\/seo\/ -->\n<title>tratos - bdr medical beauty<\/title>\n<meta name=\"robots\" content=\"index, follow, max-snippet:-1, max-image-preview:large, max-video-preview:-1\" \/>\n<link rel=\"canonical\" href=\"https:\/\/bdr-beauty.de\/es\/bdr-the-medical-beauty-concept\/tratos\/\" \/>\n<meta property=\"og:locale\" content=\"es_ES\" \/>\n<meta property=\"og:type\" content=\"article\" \/>\n<meta property=\"og:title\" content=\"tratos - bdr medical beauty\" \/>\n<meta property=\"og:description\" content=\"[vc_row row_height_percent=\u00bb0&#8243; override_padding=\u00bbyes\u00bb h_padding=\u00bb2&#8243; top_padding=\u00bb3&#8243; bottom_padding=\u00bb3&#8243; back_color=\u00bbcolor-lxmt\u00bb overlay_alpha=\u00bb50&#8243; gutter_size=\u00bb3&#8243; column_width_percent=\u00bb100&#8243; shift_y=\u00bb0&#8243; z_index=\u00bb0&#8243; row_name=\u00bbtratos\u00bb uncode_shortcode_id=\u00bb514864&#8243; back_color_type=\u00bbuncode-palette\u00bb shape_dividers=\u00bb\u00bb][vc_column column_width_percent=\u00bb100&#8243; position_horizontal=\u00bbleft\u00bb position_vertical=\u00bbmiddle\u00bb gutter_size=\u00bb3&#8243; [&hellip;]\" \/>\n<meta property=\"og:url\" content=\"https:\/\/bdr-beauty.de\/es\/bdr-the-medical-beauty-concept\/tratos\/\" \/>\n<meta property=\"og:site_name\" content=\"bdr medical beauty\" \/>\n<meta property=\"article:modified_time\" content=\"2023-07-12T11:30:28+00:00\" \/>\n<meta name=\"twitter:card\" content=\"summary_large_image\" \/>\n<meta name=\"twitter:label1\" content=\"Tiempo de lectura\" \/>\n\t<meta name=\"twitter:data1\" content=\"3 minutos\" \/>\n<script type=\"application\/ld+json\" class=\"yoast-schema-graph\">{\"@context\":\"https:\/\/schema.org\",\"@graph\":[{\"@type\":\"WebPage\",\"@id\":\"https:\/\/bdr-beauty.de\/es\/bdr-the-medical-beauty-concept\/tratos\/\",\"url\":\"https:\/\/bdr-beauty.de\/es\/bdr-the-medical-beauty-concept\/tratos\/\",\"name\":\"tratos - bdr medical beauty\",\"isPartOf\":{\"@id\":\"https:\/\/bdr-beauty.de\/es\/#website\"},\"datePublished\":\"2023-07-12T11:29:46+00:00\",\"dateModified\":\"2023-07-12T11:30:28+00:00\",\"breadcrumb\":{\"@id\":\"https:\/\/bdr-beauty.de\/es\/bdr-the-medical-beauty-concept\/tratos\/#breadcrumb\"},\"inLanguage\":\"es\",\"potentialAction\":[{\"@type\":\"ReadAction\",\"target\":[\"https:\/\/bdr-beauty.de\/es\/bdr-the-medical-beauty-concept\/tratos\/\"]}]},{\"@type\":\"BreadcrumbList\",\"@id\":\"https:\/\/bdr-beauty.de\/es\/bdr-the-medical-beauty-concept\/tratos\/#breadcrumb\",\"itemListElement\":[{\"@type\":\"ListItem\",\"position\":1,\"name\":\"Startseite\",\"item\":\"https:\/\/bdr-beauty.de\/es\/\"},{\"@type\":\"ListItem\",\"position\":2,\"name\":\"bdr\u00ae The Medical Beauty Concept\",\"item\":\"https:\/\/bdr-beauty.de\/es\/\"},{\"@type\":\"ListItem\",\"position\":3,\"name\":\"tratos\"}]},{\"@type\":\"WebSite\",\"@id\":\"https:\/\/bdr-beauty.de\/es\/#website\",\"url\":\"https:\/\/bdr-beauty.de\/es\/\",\"name\":\"bdr medical beauty\",\"description\":\"Luxury meets Skincare\",\"potentialAction\":[{\"@type\":\"SearchAction\",\"target\":{\"@type\":\"EntryPoint\",\"urlTemplate\":\"https:\/\/bdr-beauty.de\/es\/?s={search_term_string}\"},\"query-input\":{\"@type\":\"PropertyValueSpecification\",\"valueRequired\":true,\"valueName\":\"search_term_string\"}}],\"inLanguage\":\"es\"}]}<\/script>\n<!-- \/ Yoast SEO plugin. -->","yoast_head_json":{"title":"tratos - bdr medical beauty","robots":{"index":"index","follow":"follow","max-snippet":"max-snippet:-1","max-image-preview":"max-image-preview:large","max-video-preview":"max-video-preview:-1"},"canonical":"https:\/\/bdr-beauty.de\/es\/bdr-the-medical-beauty-concept\/tratos\/","og_locale":"es_ES","og_type":"article","og_title":"tratos - bdr medical beauty","og_description":"[vc_row row_height_percent=\u00bb0&#8243; override_padding=\u00bbyes\u00bb h_padding=\u00bb2&#8243; top_padding=\u00bb3&#8243; bottom_padding=\u00bb3&#8243; back_color=\u00bbcolor-lxmt\u00bb overlay_alpha=\u00bb50&#8243; gutter_size=\u00bb3&#8243; column_width_percent=\u00bb100&#8243; shift_y=\u00bb0&#8243; z_index=\u00bb0&#8243; row_name=\u00bbtratos\u00bb uncode_shortcode_id=\u00bb514864&#8243; back_color_type=\u00bbuncode-palette\u00bb shape_dividers=\u00bb\u00bb][vc_column column_width_percent=\u00bb100&#8243; position_horizontal=\u00bbleft\u00bb position_vertical=\u00bbmiddle\u00bb gutter_size=\u00bb3&#8243; [&hellip;]","og_url":"https:\/\/bdr-beauty.de\/es\/bdr-the-medical-beauty-concept\/tratos\/","og_site_name":"bdr medical beauty","article_modified_time":"2023-07-12T11:30:28+00:00","twitter_card":"summary_large_image","twitter_misc":{"Tiempo de lectura":"3 minutos"},"schema":{"@context":"https:\/\/schema.org","@graph":[{"@type":"WebPage","@id":"https:\/\/bdr-beauty.de\/es\/bdr-the-medical-beauty-concept\/tratos\/","url":"https:\/\/bdr-beauty.de\/es\/bdr-the-medical-beauty-concept\/tratos\/","name":"tratos - bdr medical beauty","isPartOf":{"@id":"https:\/\/bdr-beauty.de\/es\/#website"},"datePublished":"2023-07-12T11:29:46+00:00","dateModified":"2023-07-12T11:30:28+00:00","breadcrumb":{"@id":"https:\/\/bdr-beauty.de\/es\/bdr-the-medical-beauty-concept\/tratos\/#breadcrumb"},"inLanguage":"es","potentialAction":[{"@type":"ReadAction","target":["https:\/\/bdr-beauty.de\/es\/bdr-the-medical-beauty-concept\/tratos\/"]}]},{"@type":"BreadcrumbList","@id":"https:\/\/bdr-beauty.de\/es\/bdr-the-medical-beauty-concept\/tratos\/#breadcrumb","itemListElement":[{"@type":"ListItem","position":1,"name":"Startseite","item":"https:\/\/bdr-beauty.de\/es\/"},{"@type":"ListItem","position":2,"name":"bdr\u00ae The Medical Beauty Concept","item":"https:\/\/bdr-beauty.de\/es\/"},{"@type":"ListItem","position":3,"name":"tratos"}]},{"@type":"WebSite","@id":"https:\/\/bdr-beauty.de\/es\/#website","url":"https:\/\/bdr-beauty.de\/es\/","name":"bdr medical beauty","description":"Luxury meets Skincare","potentialAction":[{"@type":"SearchAction","target":{"@type":"EntryPoint","urlTemplate":"https:\/\/bdr-beauty.de\/es\/?s={search_term_string}"},"query-input":{"@type":"PropertyValueSpecification","valueRequired":true,"valueName":"search_term_string"}}],"inLanguage":"es"}]}},"_links":{"self":[{"href":"https:\/\/bdr-beauty.de\/es\/wp-json\/wp\/v2\/pages\/92136","targetHints":{"allow":["GET"]}}],"collection":[{"href":"https:\/\/bdr-beauty.de\/es\/wp-json\/wp\/v2\/pages"}],"about":[{"href":"https:\/\/bdr-beauty.de\/es\/wp-json\/wp\/v2\/types\/page"}],"author":[{"embeddable":true,"href":"https:\/\/bdr-beauty.de\/es\/wp-json\/wp\/v2\/users\/2"}],"replies":[{"embeddable":true,"href":"https:\/\/bdr-beauty.de\/es\/wp-json\/wp\/v2\/comments?post=92136"}],"version-history":[{"count":2,"href":"https:\/\/bdr-beauty.de\/es\/wp-json\/wp\/v2\/pages\/92136\/revisions"}],"predecessor-version":[{"id":92138,"href":"https:\/\/bdr-beauty.de\/es\/wp-json\/wp\/v2\/pages\/92136\/revisions\/92138"}],"up":[{"embeddable":true,"href":"https:\/\/bdr-beauty.de\/es\/wp-json\/wp\/v2\/pages\/91879"}],"wp:attachment":[{"href":"https:\/\/bdr-beauty.de\/es\/wp-json\/wp\/v2\/media?parent=92136"}],"curies":[{"name":"wp","href":"https:\/\/api.w.org\/{rel}","templated":true}]}}