{"id":92205,"date":"2023-07-12T15:42:46","date_gmt":"2023-07-12T13:42:46","guid":{"rendered":"https:\/\/bdr-beauty.de\/?page_id=92205"},"modified":"2023-07-12T15:42:46","modified_gmt":"2023-07-12T13:42:46","slug":"humedad","status":"publish","type":"page","link":"https:\/\/bdr-beauty.de\/es\/bdr-the-medical-beauty-concept\/humedad\/","title":{"rendered":"humedad"},"content":{"rendered":"<div class=\"wpb-content-wrapper\"><p>[vc_row row_height_percent=\u00bb0&#8243; override_padding=\u00bbyes\u00bb h_padding=\u00bb3&#8243; top_padding=\u00bb3&#8243; bottom_padding=\u00bb3&#8243; back_color=\u00bbcolor-lxmt\u00bb overlay_alpha=\u00bb50&#8243; gutter_size=\u00bb3&#8243; column_width_percent=\u00bb100&#8243; shift_y=\u00bb0&#8243; z_index=\u00bb0&#8243; row_name=\u00bbThe Medical Beauty Concept\u00bb][vc_column width=\u00bb1\/1&#8243;][vc_row_inner row_inner_height_percent=\u00bb0&#8243; overlay_alpha=\u00bb50&#8243; gutter_size=\u00bb4&#8243; shift_y=\u00bb0&#8243; z_index=\u00bb0&#8243; limit_content=\u00bb\u00bb][vc_column_inner column_width_percent=\u00bb100&#8243; gutter_size=\u00bb3&#8243; overlay_alpha=\u00bb50&#8243; shift_x=\u00bb0&#8243; shift_y=\u00bb0&#8243; shift_y_down=\u00bb0&#8243; z_index=\u00bb0&#8243; medium_width=\u00bb0&#8243; mobile_width=\u00bb0&#8243; width=\u00bb1\/1&#8243;][vc_custom_heading text_size=\u00bbfontsize-155944&#8243; text_weight=\u00bb300&#8243;]The Medical Beauty Concept[\/vc_custom_heading][vc_custom_heading text_size=\u00bbh4&#8243; text_weight=\u00bb300&#8243; text_height=\u00bbfontheight-357766&#8243; uncode_shortcode_id=\u00bb124023&#8243;]Formulados con \u00e1cido hialur\u00f3nico de mol\u00e9culas grandes y peque\u00f1as, los s\u00e9rums hidratantes garantizan una hidrataci\u00f3n esencial de la piel, tanto en la epidermis como en las capas m\u00e1s profundas. Re-charge es el chute de frescor para las pieles normales, deshidratadas o grasas. Como producto de la serie Pure Harmony, Re-charge PH tambi\u00e9n contiene Seboclear-MP\u2122, que tiene un efecto seborregulador. Re-charge N proporciona una hidrataci\u00f3n intensiva &#8211; para pieles secas, sensibles y maduras. Re-charge sun es el filtro fotoprotector de \u00faltima generaci\u00f3n.[\/vc_custom_heading][\/vc_column_inner][\/vc_row_inner][\/vc_column][\/vc_row][vc_row row_height_percent=\u00bb0&#8243; override_padding=\u00bbyes\u00bb h_padding=\u00bb2&#8243; top_padding=\u00bb0&#8243; bottom_padding=\u00bb0&#8243; overlay_alpha=\u00bb50&#8243; gutter_size=\u00bb3&#8243; column_width_percent=\u00bb100&#8243; shift_y=\u00bb0&#8243; z_index=\u00bb0&#8243; row_name=\u00bbRe-charge\u00bb][vc_column column_width_percent=\u00bb100&#8243; gutter_size=\u00bb3&#8243; override_padding=\u00bbyes\u00bb column_padding=\u00bb2&#8243; overlay_alpha=\u00bb50&#8243; shift_x=\u00bb0&#8243; shift_y=\u00bb0&#8243; shift_y_down=\u00bb0&#8243; z_index=\u00bb0&#8243; medium_width=\u00bb0&#8243; mobile_width=\u00bb0&#8243; width=\u00bb1\/1&#8243;][vc_row_inner row_inner_height_percent=\u00bb0&#8243; back_color=\u00bbcolor-lxmt\u00bb overlay_alpha=\u00bb50&#8243; equal_height=\u00bbyes\u00bb gutter_size=\u00bb0&#8243; shift_y=\u00bb0&#8243; z_index=\u00bb0&#8243; limit_content=\u00bb\u00bb][vc_column_inner column_width_percent=\u00bb100&#8243; position_vertical=\u00bbmiddle\u00bb align_horizontal=\u00bbalign_center\u00bb gutter_size=\u00bb3&#8243; overlay_alpha=\u00bb50&#8243; shift_x=\u00bb0&#8243; shift_y=\u00bb0&#8243; shift_y_down=\u00bb0&#8243; z_index=\u00bb0&#8243; medium_width=\u00bb0&#8243; mobile_width=\u00bb0&#8243; width=\u00bb1\/2&#8243;][vc_single_image media=\u00bb84399&#8243; media_lightbox=\u00bbyes\u00bb media_width_percent=\u00bb90&#8243; css_animation=\u00bbzoom-in\u00bb lbox_skin=\u00bbwhite\u00bb uncode_shortcode_id=\u00bb142344&#8243;][\/vc_column_inner][vc_column_inner column_width_percent=\u00bb100&#8243; position_vertical=\u00bbmiddle\u00bb gutter_size=\u00bb3&#8243; override_padding=\u00bbyes\u00bb column_padding=\u00bb3&#8243; back_color=\u00bbcolor-lxmt\u00bb overlay_alpha=\u00bb50&#8243; shift_x=\u00bb0&#8243; shift_y=\u00bb0&#8243; shift_y_down=\u00bb0&#8243; z_index=\u00bb0&#8243; medium_width=\u00bb0&#8243; mobile_width=\u00bb0&#8243; width=\u00bb1\/2&#8243;][vc_custom_heading text_size=\u00bbfontsize-155944&#8243; text_weight=\u00bb300&#8243; separator=\u00bbunder\u00bb separator_color=\u00bbyes\u00bb sub_reduced=\u00bbyes\u00bb subheading=\u00bbmoisturizer serum\u00bb]Re-charge[\/vc_custom_heading][vc_column_text uncode_shortcode_id=\u00bb372329&#8243;]Formulado con \u00e1cido hialur\u00f3nico de mol\u00e9culas grandes y peque\u00f1as, este fluido ligero garantiza una hidrataci\u00f3n cut\u00e1nea esencial tanto en la epidermis como en las capas m\u00e1s profundas de la piel.<br \/>\nSuero hidratante con un efecto inmediatamente visible, \u00a1pero tambi\u00e9n duradero!<\/p>\n<p><strong>Consejo:<\/strong> \u00a1especialmente adecuado como primer auxilio eficaz para la piel irritada por el sol!<\/p>\n<p><strong>Aplicaci\u00f3n<\/strong> Aplicar por la ma\u00f1ana y por la noche.<\/p>\n<p><strong>Caracter\u00edsticas del producto <\/strong>vegano, belleza limpia, envejecimiento saludable, sin aceites minerales, sin parabenos, sin siliconas, sin alcohol.[\/vc_column_text][vc_empty_space empty_h=\u00bb2&#8243;][vc_button button_color=\u00bbaccent\u00bb hover_fx=\u00bboutlined\u00bb border_width=\u00bb0&#8243; link=\u00bburl:https%3A%2F%2Fbdr-beauty.shop%2Ffeuchtigkeit%2F389%2Fre-charge-hyaluronsaeure%3Fc%3D59|target:_blank\u00bb button_color_type=\u00bbuncode-palette\u00bb uncode_shortcode_id=\u00bb136227&#8243;]comprar Re-charge[\/vc_button][\/vc_column_inner][\/vc_row_inner][\/vc_column][\/vc_row][vc_row row_height_percent=\u00bb0&#8243; override_padding=\u00bbyes\u00bb h_padding=\u00bb2&#8243; top_padding=\u00bb0&#8243; bottom_padding=\u00bb0&#8243; overlay_alpha=\u00bb50&#8243; gutter_size=\u00bb3&#8243; column_width_percent=\u00bb100&#8243; shift_y=\u00bb0&#8243; z_index=\u00bb0&#8243; row_name=\u00bbRe-charge PH\u00bb][vc_column column_width_percent=\u00bb100&#8243; gutter_size=\u00bb3&#8243; override_padding=\u00bbyes\u00bb column_padding=\u00bb2&#8243; overlay_alpha=\u00bb50&#8243; shift_x=\u00bb0&#8243; shift_y=\u00bb0&#8243; shift_y_down=\u00bb0&#8243; z_index=\u00bb0&#8243; medium_width=\u00bb0&#8243; mobile_width=\u00bb0&#8243; width=\u00bb1\/1&#8243;][vc_row_inner row_inner_height_percent=\u00bb0&#8243; back_color=\u00bbcolor-lxmt\u00bb overlay_alpha=\u00bb50&#8243; equal_height=\u00bbyes\u00bb gutter_size=\u00bb0&#8243; shift_y=\u00bb0&#8243; z_index=\u00bb0&#8243; limit_content=\u00bb\u00bb][vc_column_inner column_width_percent=\u00bb100&#8243; position_vertical=\u00bbmiddle\u00bb gutter_size=\u00bb3&#8243; override_padding=\u00bbyes\u00bb column_padding=\u00bb3&#8243; back_color=\u00bbcolor-lxmt\u00bb overlay_alpha=\u00bb50&#8243; shift_x=\u00bb0&#8243; shift_y=\u00bb0&#8243; shift_y_down=\u00bb0&#8243; z_index=\u00bb0&#8243; medium_width=\u00bb0&#8243; mobile_width=\u00bb0&#8243; width=\u00bb1\/2&#8243;][vc_custom_heading text_size=\u00bbfontsize-155944&#8243; text_weight=\u00bb300&#8243; separator=\u00bbunder\u00bb separator_color=\u00bbyes\u00bb sub_reduced=\u00bbyes\u00bb subheading=\u00bbpure harmony moisturizer serum\u00bb]Re-charge PH[\/vc_custom_heading][vc_column_text uncode_shortcode_id=\u00bb780193&#8243;]Gracias a la formulaci\u00f3n con \u00e1cido hialur\u00f3nico de mol\u00e9culas grandes y peque\u00f1as, el fluido ligero garantiza la hidrataci\u00f3n esencial de la piel tanto en la epidermis como en las capas cut\u00e1neas m\u00e1s profundas. Como producto de la serie Pure Harmony, Re-charge PH se complementa con Seboclear-MP\u2122, que tiene un efecto seborregulador.<\/p>\n<p><strong>Consejo:<\/strong> \u00a1especialmente indicado despu\u00e9s del afeitado si la piel tiende a inflamarse!<\/p>\n<p><strong>Aplicaci\u00f3n<\/strong> Aplicar por la ma\u00f1ana y por la noche.<\/p>\n<p><strong>Caracter\u00edsticas del producto <\/strong>vegano, belleza limpia, envejecimiento saludable, sin aceites minerales, sin parabenos, sin siliconas, sin alcohol.[\/vc_column_text][vc_empty_space empty_h=\u00bb2&#8243;][vc_button button_color=\u00bbaccent\u00bb hover_fx=\u00bboutlined\u00bb border_width=\u00bb0&#8243; link=\u00bburl:https%3A%2F%2Fbdr-beauty.shop%2Ffeuchtigkeit%2F184%2Fre-charge-ph-hyaluronserum-unreine-haut%3Fc%3D59|target:_blank\u00bb button_color_type=\u00bbuncode-palette\u00bb uncode_shortcode_id=\u00bb366884&#8243;]comprar Re-charge PH[\/vc_button][\/vc_column_inner][vc_column_inner column_width_percent=\u00bb100&#8243; position_vertical=\u00bbmiddle\u00bb align_horizontal=\u00bbalign_center\u00bb gutter_size=\u00bb3&#8243; overlay_alpha=\u00bb50&#8243; shift_x=\u00bb0&#8243; shift_y=\u00bb0&#8243; shift_y_down=\u00bb0&#8243; z_index=\u00bb0&#8243; medium_width=\u00bb0&#8243; mobile_width=\u00bb0&#8243; width=\u00bb1\/2&#8243;][vc_single_image media=\u00bb84403&#8243; media_lightbox=\u00bbyes\u00bb media_width_percent=\u00bb80&#8243; alignment=\u00bbcenter\u00bb css_animation=\u00bbzoom-in\u00bb lbox_skin=\u00bbwhite\u00bb uncode_shortcode_id=\u00bb185484&#8243;][\/vc_column_inner][\/vc_row_inner][\/vc_column][\/vc_row][vc_row row_height_percent=\u00bb0&#8243; override_padding=\u00bbyes\u00bb h_padding=\u00bb2&#8243; top_padding=\u00bb0&#8243; bottom_padding=\u00bb0&#8243; overlay_alpha=\u00bb50&#8243; gutter_size=\u00bb3&#8243; column_width_percent=\u00bb100&#8243; shift_y=\u00bb0&#8243; z_index=\u00bb0&#8243; row_name=\u00bbRe-charge N\u00bb uncode_shortcode_id=\u00bb189243&#8243;][vc_column column_width_percent=\u00bb100&#8243; gutter_size=\u00bb3&#8243; override_padding=\u00bbyes\u00bb column_padding=\u00bb2&#8243; overlay_alpha=\u00bb50&#8243; shift_x=\u00bb0&#8243; shift_y=\u00bb0&#8243; shift_y_down=\u00bb0&#8243; z_index=\u00bb0&#8243; medium_width=\u00bb0&#8243; mobile_width=\u00bb0&#8243; width=\u00bb1\/1&#8243;][vc_row_inner row_inner_height_percent=\u00bb0&#8243; back_color=\u00bbcolor-lxmt\u00bb overlay_alpha=\u00bb50&#8243; equal_height=\u00bbyes\u00bb gutter_size=\u00bb0&#8243; shift_y=\u00bb0&#8243; z_index=\u00bb0&#8243; limit_content=\u00bb\u00bb][vc_column_inner column_width_percent=\u00bb100&#8243; position_vertical=\u00bbmiddle\u00bb align_horizontal=\u00bbalign_center\u00bb gutter_size=\u00bb3&#8243; overlay_alpha=\u00bb50&#8243; shift_x=\u00bb0&#8243; shift_y=\u00bb0&#8243; shift_y_down=\u00bb0&#8243; z_index=\u00bb0&#8243; medium_width=\u00bb0&#8243; mobile_width=\u00bb0&#8243; width=\u00bb1\/2&#8243;][vc_single_image media=\u00bb84407&#8243; media_lightbox=\u00bbyes\u00bb media_width_percent=\u00bb90&#8243; css_animation=\u00bbzoom-in\u00bb lbox_skin=\u00bbwhite\u00bb uncode_shortcode_id=\u00bb131316&#8243;][\/vc_column_inner][vc_column_inner column_width_percent=\u00bb100&#8243; position_vertical=\u00bbmiddle\u00bb gutter_size=\u00bb3&#8243; override_padding=\u00bbyes\u00bb column_padding=\u00bb3&#8243; back_color=\u00bbcolor-lxmt\u00bb overlay_alpha=\u00bb50&#8243; shift_x=\u00bb0&#8243; shift_y=\u00bb0&#8243; shift_y_down=\u00bb0&#8243; z_index=\u00bb0&#8243; medium_width=\u00bb0&#8243; mobile_width=\u00bb0&#8243; width=\u00bb1\/2&#8243;][vc_custom_heading text_size=\u00bbfontsize-155944&#8243; text_weight=\u00bb300&#8243; separator=\u00bbunder\u00bb separator_color=\u00bbyes\u00bb sub_reduced=\u00bbyes\u00bb subheading=\u00bbregenerating moisturizer serum\u00bb uncode_shortcode_id=\u00bb692107&#8243;]Re-charge N[\/vc_custom_heading][vc_column_text uncode_shortcode_id=\u00bb109318&#8243;]El suero hialur\u00f3nico Re-charge N con efecto alisante adicional est\u00e1 especialmente recomendado para pieles maduras y secas. Hydractin\u00ae tiene un efecto de regeneraci\u00f3n y proliferaci\u00f3n celular. El extracto de papaya que contiene activa los procesos metab\u00f3licos y favorece as\u00ed la regeneraci\u00f3n de la piel. Phytodermina Lifting es un oligosac\u00e1rido capaz de mejorar visiblemente y de forma duradera el aspecto de la piel. Adem\u00e1s, el pantenol (Provitam B5) hidrata y tiene propiedades cicatrizantes. Re-charge N est\u00e1 especialmente recomendado para pieles secas y exigentes.<\/p>\n<p><strong>Consejo<\/strong> La delicada piel del cuello y el escote requiere una atenci\u00f3n especial a medida que la piel envejece. En su mayor parte desprotegida e infraprotegida como una madrastra, est\u00e1 a merced de los elementos tanto en verano como en invierno. Para una protecci\u00f3n y un cuidado \u00f3ptimos de esta zona tan sensible, combinamos Re-charge N con Contour Neck Serum. El precioso extracto blanco tensa y el agua de glaciar encapsulada en liposomas hidrata intensamente y reduce de forma demostrable la TEWL (P\u00e9rdida Transepid\u00e9rmica de Agua).<\/p>\n<p><strong>Aplicaci\u00f3n<\/strong> Aplicar por la ma\u00f1ana y por la noche.<\/p>\n<p><strong>Caracter\u00edsticas del producto <\/strong>vegano, belleza limpia, envejecimiento saludable, sin aceites minerales, sin parabenos, sin siliconas, sin alcohol.[\/vc_column_text][vc_empty_space empty_h=\u00bb2&#8243;][vc_button button_color=\u00bbaccent\u00bb hover_fx=\u00bboutlined\u00bb border_width=\u00bb0&#8243; link=\u00bburl:https%3A%2F%2Fbdr-beauty.shop%2Ffeuchtigkeit%2F390%2Fre-charge-n-hyaluronsaeure-reife-haut%3Fc%3D59|target:_blank\u00bb button_color_type=\u00bbuncode-palette\u00bb uncode_shortcode_id=\u00bb117133&#8243;]comprar Re-charge N[\/vc_button][\/vc_column_inner][\/vc_row_inner][\/vc_column][\/vc_row][vc_row row_height_percent=\u00bb0&#8243; override_padding=\u00bbyes\u00bb h_padding=\u00bb2&#8243; top_padding=\u00bb0&#8243; bottom_padding=\u00bb0&#8243; overlay_alpha=\u00bb50&#8243; gutter_size=\u00bb3&#8243; column_width_percent=\u00bb100&#8243; shift_y=\u00bb0&#8243; z_index=\u00bb0&#8243; row_name=\u00bbRe-charge sun\u00bb uncode_shortcode_id=\u00bb200369&#8243;][vc_column column_width_percent=\u00bb100&#8243; gutter_size=\u00bb3&#8243; override_padding=\u00bbyes\u00bb column_padding=\u00bb2&#8243; overlay_alpha=\u00bb50&#8243; shift_x=\u00bb0&#8243; shift_y=\u00bb0&#8243; shift_y_down=\u00bb0&#8243; z_index=\u00bb0&#8243; medium_width=\u00bb0&#8243; mobile_width=\u00bb0&#8243; width=\u00bb1\/1&#8243; uncode_shortcode_id=\u00bb156280&#8243;][vc_row_inner row_inner_height_percent=\u00bb0&#8243; back_color=\u00bbcolor-lxmt\u00bb overlay_alpha=\u00bb50&#8243; equal_height=\u00bbyes\u00bb gutter_size=\u00bb0&#8243; shift_y=\u00bb0&#8243; z_index=\u00bb0&#8243; limit_content=\u00bb\u00bb][vc_column_inner column_width_percent=\u00bb100&#8243; position_vertical=\u00bbmiddle\u00bb align_horizontal=\u00bbalign_center\u00bb gutter_size=\u00bb3&#8243; override_padding=\u00bbyes\u00bb column_padding=\u00bb3&#8243; overlay_alpha=\u00bb50&#8243; shift_x=\u00bb0&#8243; shift_y=\u00bb0&#8243; shift_y_down=\u00bb0&#8243; z_index=\u00bb0&#8243; medium_width=\u00bb0&#8243; mobile_width=\u00bb0&#8243; width=\u00bb1\/2&#8243; uncode_shortcode_id=\u00bb354339&#8243;][vc_custom_heading text_size=\u00bbfontsize-155944&#8243; text_weight=\u00bb300&#8243; separator=\u00bbunder\u00bb separator_color=\u00bbyes\u00bb sub_reduced=\u00bbyes\u00bb subheading=\u00bbUV protection moisturizer serum\u00bb uncode_shortcode_id=\u00bb105928&#8243;]Re-charge sun[\/vc_custom_heading][vc_column_text uncode_shortcode_id=\u00bb704409&#8243;]<\/p>\n<p style=\"text-align: left;\">El s\u00e9rum hialur\u00f3nico con protecci\u00f3n UV completamente nuevo convence por su triple efecto: \u00a1hidrataci\u00f3n duradera, protecci\u00f3n solar y complejo reparador del fotoenvejecimiento! Naturalmente sin parabenos, aceites minerales ni siliconas, libre de crueldad y vegano. El \u00e1cido hialur\u00f3nico de mol\u00e9culas grandes y peque\u00f1as y la beta\u00edna proporcionan a la piel la hidrataci\u00f3n esencial. Esto es importante para preparar y fortalecer la piel con antelaci\u00f3n. Al mismo tiempo, la piel est\u00e1 protegida contra los rayos UV-A y B durante varias horas con filtros de protecci\u00f3n solar ecol\u00f3gicamente seguros &#8211; SPF 30. El complejo probi\u00f3tico Repair Complex a\u00f1adido estimula la reparaci\u00f3n natural del ADN de la propia piel, refuerza las funciones protectoras propias de la piel, contrarresta el desarrollo de da\u00f1os no reparables en el ADN y previene el envejecimiento acelerado de la piel inducido por la luz. Adem\u00e1s, aumenta la hidrataci\u00f3n de la piel e incluso reduce las rojeces. Gracias a su formulaci\u00f3n sin aceites, el suero es extremadamente ligero, se absorbe inmediatamente, no blanquea en absoluto y no deja en la piel m\u00e1s que un frescor aterciopelado, sin el habitual \u00abefecto sudor\u00bb de los productos de protecci\u00f3n solar convencionales. El s\u00e9rum se combina con el tratamiento final habitual, por ejemplo Re-vital o Re-vital PH.<\/p>\n<p style=\"text-align: left;\"><strong>Aplicaci\u00f3n <\/strong>Aplicar por la ma\u00f1ana sobre el rostro, cuello y escote. En caso de exposici\u00f3n prolongada al sol, volver a aplicar despu\u00e9s de 3-4 horas.<\/p>\n<p style=\"text-align: left;\"><strong>Caracter\u00edsticas del producto <\/strong>vegano, belleza limpia, envejecimiento saludable, sin aceites minerales, sin parabenos, sin siliconas, sin alcohol.<\/p>\n<p>[\/vc_column_text][vc_empty_space empty_h=\u00bb2&#8243;][vc_button button_color=\u00bbaccent\u00bb hover_fx=\u00bboutlined\u00bb border_width=\u00bb0&#8243; link=\u00bburl:https%3A%2F%2Fbdr-beauty.shop%2Ffeuchtigkeit%2F460%2Fre-charge-sun%3Fc%3D59|target:_blank\u00bb button_color_type=\u00bbuncode-palette\u00bb uncode_shortcode_id=\u00bb827444&#8243;]comprar Re-charge sun[\/vc_button][\/vc_column_inner][vc_column_inner column_width_percent=\u00bb100&#8243; position_vertical=\u00bbmiddle\u00bb gutter_size=\u00bb3&#8243; back_color=\u00bbcolor-lxmt\u00bb overlay_alpha=\u00bb50&#8243; shift_x=\u00bb0&#8243; shift_y=\u00bb0&#8243; shift_y_down=\u00bb0&#8243; z_index=\u00bb0&#8243; medium_width=\u00bb0&#8243; mobile_width=\u00bb0&#8243; width=\u00bb1\/2&#8243; uncode_shortcode_id=\u00bb161700&#8243; back_color_type=\u00bbuncode-palette\u00bb][vc_single_image media=\u00bb87442&#8243; media_lightbox=\u00bbyes\u00bb media_width_percent=\u00bb100&#8243; alignment=\u00bbcenter\u00bb css_animation=\u00bbzoom-in\u00bb lbox_skin=\u00bbwhite\u00bb uncode_shortcode_id=\u00bb198625&#8243;][\/vc_column_inner][\/vc_row_inner][\/vc_column][\/vc_row]<\/p>\n<\/div>","protected":false},"excerpt":{"rendered":"<p>[vc_row row_height_percent=\u00bb0&#8243; override_padding=\u00bbyes\u00bb h_padding=\u00bb3&#8243; top_padding=\u00bb3&#8243; bottom_padding=\u00bb3&#8243; back_color=\u00bbcolor-lxmt\u00bb overlay_alpha=\u00bb50&#8243; gutter_size=\u00bb3&#8243; column_width_percent=\u00bb100&#8243; shift_y=\u00bb0&#8243; z_index=\u00bb0&#8243; row_name=\u00bbThe Medical Beauty Concept\u00bb][vc_column width=\u00bb1\/1&#8243;][vc_row_inner row_inner_height_percent=\u00bb0&#8243; overlay_alpha=\u00bb50&#8243; gutter_size=\u00bb4&#8243; [&hellip;]<\/p>\n","protected":false},"author":2,"featured_media":0,"parent":91879,"menu_order":3,"comment_status":"closed","ping_status":"closed","template":"","meta":{"footnotes":""},"class_list":["post-92205","page","type-page","status-publish","hentry"],"yoast_head":"<!-- This site is optimized with the Yoast SEO plugin v24.6 - https:\/\/yoast.com\/wordpress\/plugins\/seo\/ -->\n<title>humedad - bdr medical beauty<\/title>\n<meta name=\"robots\" content=\"index, follow, max-snippet:-1, max-image-preview:large, max-video-preview:-1\" \/>\n<link rel=\"canonical\" href=\"https:\/\/bdr-beauty.de\/es\/bdr-the-medical-beauty-concept\/humedad\/\" \/>\n<meta property=\"og:locale\" content=\"es_ES\" \/>\n<meta property=\"og:type\" content=\"article\" \/>\n<meta property=\"og:title\" content=\"humedad - bdr medical beauty\" \/>\n<meta property=\"og:description\" content=\"[vc_row row_height_percent=\u00bb0&#8243; override_padding=\u00bbyes\u00bb h_padding=\u00bb3&#8243; top_padding=\u00bb3&#8243; bottom_padding=\u00bb3&#8243; back_color=\u00bbcolor-lxmt\u00bb overlay_alpha=\u00bb50&#8243; gutter_size=\u00bb3&#8243; column_width_percent=\u00bb100&#8243; shift_y=\u00bb0&#8243; z_index=\u00bb0&#8243; row_name=\u00bbThe Medical Beauty Concept\u00bb][vc_column width=\u00bb1\/1&#8243;][vc_row_inner row_inner_height_percent=\u00bb0&#8243; overlay_alpha=\u00bb50&#8243; gutter_size=\u00bb4&#8243; [&hellip;]\" \/>\n<meta property=\"og:url\" content=\"https:\/\/bdr-beauty.de\/es\/bdr-the-medical-beauty-concept\/humedad\/\" \/>\n<meta property=\"og:site_name\" content=\"bdr medical beauty\" \/>\n<meta name=\"twitter:card\" content=\"summary_large_image\" \/>\n<meta name=\"twitter:label1\" content=\"Tiempo de lectura\" \/>\n\t<meta name=\"twitter:data1\" content=\"7 minutos\" \/>\n<script type=\"application\/ld+json\" class=\"yoast-schema-graph\">{\"@context\":\"https:\/\/schema.org\",\"@graph\":[{\"@type\":\"WebPage\",\"@id\":\"https:\/\/bdr-beauty.de\/es\/bdr-the-medical-beauty-concept\/humedad\/\",\"url\":\"https:\/\/bdr-beauty.de\/es\/bdr-the-medical-beauty-concept\/humedad\/\",\"name\":\"humedad - bdr medical beauty\",\"isPartOf\":{\"@id\":\"https:\/\/bdr-beauty.de\/es\/#website\"},\"datePublished\":\"2023-07-12T13:42:46+00:00\",\"breadcrumb\":{\"@id\":\"https:\/\/bdr-beauty.de\/es\/bdr-the-medical-beauty-concept\/humedad\/#breadcrumb\"},\"inLanguage\":\"es\",\"potentialAction\":[{\"@type\":\"ReadAction\",\"target\":[\"https:\/\/bdr-beauty.de\/es\/bdr-the-medical-beauty-concept\/humedad\/\"]}]},{\"@type\":\"BreadcrumbList\",\"@id\":\"https:\/\/bdr-beauty.de\/es\/bdr-the-medical-beauty-concept\/humedad\/#breadcrumb\",\"itemListElement\":[{\"@type\":\"ListItem\",\"position\":1,\"name\":\"Startseite\",\"item\":\"https:\/\/bdr-beauty.de\/es\/\"},{\"@type\":\"ListItem\",\"position\":2,\"name\":\"bdr\u00ae The Medical Beauty Concept\",\"item\":\"https:\/\/bdr-beauty.de\/es\/\"},{\"@type\":\"ListItem\",\"position\":3,\"name\":\"humedad\"}]},{\"@type\":\"WebSite\",\"@id\":\"https:\/\/bdr-beauty.de\/es\/#website\",\"url\":\"https:\/\/bdr-beauty.de\/es\/\",\"name\":\"bdr medical beauty\",\"description\":\"Luxury meets Skincare\",\"potentialAction\":[{\"@type\":\"SearchAction\",\"target\":{\"@type\":\"EntryPoint\",\"urlTemplate\":\"https:\/\/bdr-beauty.de\/es\/?s={search_term_string}\"},\"query-input\":{\"@type\":\"PropertyValueSpecification\",\"valueRequired\":true,\"valueName\":\"search_term_string\"}}],\"inLanguage\":\"es\"}]}<\/script>\n<!-- \/ Yoast SEO plugin. -->","yoast_head_json":{"title":"humedad - bdr medical beauty","robots":{"index":"index","follow":"follow","max-snippet":"max-snippet:-1","max-image-preview":"max-image-preview:large","max-video-preview":"max-video-preview:-1"},"canonical":"https:\/\/bdr-beauty.de\/es\/bdr-the-medical-beauty-concept\/humedad\/","og_locale":"es_ES","og_type":"article","og_title":"humedad - bdr medical beauty","og_description":"[vc_row row_height_percent=\u00bb0&#8243; override_padding=\u00bbyes\u00bb h_padding=\u00bb3&#8243; top_padding=\u00bb3&#8243; bottom_padding=\u00bb3&#8243; back_color=\u00bbcolor-lxmt\u00bb overlay_alpha=\u00bb50&#8243; gutter_size=\u00bb3&#8243; column_width_percent=\u00bb100&#8243; shift_y=\u00bb0&#8243; z_index=\u00bb0&#8243; row_name=\u00bbThe Medical Beauty Concept\u00bb][vc_column width=\u00bb1\/1&#8243;][vc_row_inner row_inner_height_percent=\u00bb0&#8243; overlay_alpha=\u00bb50&#8243; gutter_size=\u00bb4&#8243; [&hellip;]","og_url":"https:\/\/bdr-beauty.de\/es\/bdr-the-medical-beauty-concept\/humedad\/","og_site_name":"bdr medical beauty","twitter_card":"summary_large_image","twitter_misc":{"Tiempo de lectura":"7 minutos"},"schema":{"@context":"https:\/\/schema.org","@graph":[{"@type":"WebPage","@id":"https:\/\/bdr-beauty.de\/es\/bdr-the-medical-beauty-concept\/humedad\/","url":"https:\/\/bdr-beauty.de\/es\/bdr-the-medical-beauty-concept\/humedad\/","name":"humedad - bdr medical beauty","isPartOf":{"@id":"https:\/\/bdr-beauty.de\/es\/#website"},"datePublished":"2023-07-12T13:42:46+00:00","breadcrumb":{"@id":"https:\/\/bdr-beauty.de\/es\/bdr-the-medical-beauty-concept\/humedad\/#breadcrumb"},"inLanguage":"es","potentialAction":[{"@type":"ReadAction","target":["https:\/\/bdr-beauty.de\/es\/bdr-the-medical-beauty-concept\/humedad\/"]}]},{"@type":"BreadcrumbList","@id":"https:\/\/bdr-beauty.de\/es\/bdr-the-medical-beauty-concept\/humedad\/#breadcrumb","itemListElement":[{"@type":"ListItem","position":1,"name":"Startseite","item":"https:\/\/bdr-beauty.de\/es\/"},{"@type":"ListItem","position":2,"name":"bdr\u00ae The Medical Beauty Concept","item":"https:\/\/bdr-beauty.de\/es\/"},{"@type":"ListItem","position":3,"name":"humedad"}]},{"@type":"WebSite","@id":"https:\/\/bdr-beauty.de\/es\/#website","url":"https:\/\/bdr-beauty.de\/es\/","name":"bdr medical beauty","description":"Luxury meets Skincare","potentialAction":[{"@type":"SearchAction","target":{"@type":"EntryPoint","urlTemplate":"https:\/\/bdr-beauty.de\/es\/?s={search_term_string}"},"query-input":{"@type":"PropertyValueSpecification","valueRequired":true,"valueName":"search_term_string"}}],"inLanguage":"es"}]}},"_links":{"self":[{"href":"https:\/\/bdr-beauty.de\/es\/wp-json\/wp\/v2\/pages\/92205","targetHints":{"allow":["GET"]}}],"collection":[{"href":"https:\/\/bdr-beauty.de\/es\/wp-json\/wp\/v2\/pages"}],"about":[{"href":"https:\/\/bdr-beauty.de\/es\/wp-json\/wp\/v2\/types\/page"}],"author":[{"embeddable":true,"href":"https:\/\/bdr-beauty.de\/es\/wp-json\/wp\/v2\/users\/2"}],"replies":[{"embeddable":true,"href":"https:\/\/bdr-beauty.de\/es\/wp-json\/wp\/v2\/comments?post=92205"}],"version-history":[{"count":4,"href":"https:\/\/bdr-beauty.de\/es\/wp-json\/wp\/v2\/pages\/92205\/revisions"}],"predecessor-version":[{"id":92211,"href":"https:\/\/bdr-beauty.de\/es\/wp-json\/wp\/v2\/pages\/92205\/revisions\/92211"}],"up":[{"embeddable":true,"href":"https:\/\/bdr-beauty.de\/es\/wp-json\/wp\/v2\/pages\/91879"}],"wp:attachment":[{"href":"https:\/\/bdr-beauty.de\/es\/wp-json\/wp\/v2\/media?parent=92205"}],"curies":[{"name":"wp","href":"https:\/\/api.w.org\/{rel}","templated":true}]}}