{"id":92240,"date":"2023-07-12T16:07:41","date_gmt":"2023-07-12T14:07:41","guid":{"rendered":"https:\/\/bdr-beauty.de\/?page_id=92240"},"modified":"2023-07-12T16:10:43","modified_gmt":"2023-07-12T14:10:43","slug":"solucionador-de-problemas","status":"publish","type":"page","link":"https:\/\/bdr-beauty.de\/es\/bdr-the-medical-beauty-concept\/solucionador-de-problemas\/","title":{"rendered":"solucionador de problemas"},"content":{"rendered":"<div class=\"wpb-content-wrapper\"><p>[vc_row row_height_percent=\u00bb0&#8243; override_padding=\u00bbyes\u00bb h_padding=\u00bb3&#8243; top_padding=\u00bb3&#8243; bottom_padding=\u00bb3&#8243; back_color=\u00bbcolor-lxmt\u00bb overlay_alpha=\u00bb50&#8243; gutter_size=\u00bb3&#8243; column_width_percent=\u00bb100&#8243; shift_y=\u00bb0&#8243; z_index=\u00bb0&#8243; row_name=\u00bbThe Medical Beauty Concept\u00bb][vc_column width=\u00bb1\/1&#8243;][vc_row_inner row_inner_height_percent=\u00bb0&#8243; overlay_alpha=\u00bb50&#8243; gutter_size=\u00bb4&#8243; shift_y=\u00bb0&#8243; z_index=\u00bb0&#8243; limit_content=\u00bb\u00bb][vc_column_inner column_width_percent=\u00bb100&#8243; gutter_size=\u00bb3&#8243; overlay_alpha=\u00bb50&#8243; shift_x=\u00bb0&#8243; shift_y=\u00bb0&#8243; shift_y_down=\u00bb0&#8243; z_index=\u00bb0&#8243; medium_width=\u00bb0&#8243; mobile_width=\u00bb0&#8243; width=\u00bb1\/1&#8243;][vc_custom_heading text_size=\u00bbfontsize-155944&#8243; text_weight=\u00bb300&#8243;]The Medical Beauty Concept[\/vc_custom_heading][vc_custom_heading text_size=\u00bbh4&#8243; text_weight=\u00bb300&#8243; text_height=\u00bbfontheight-357766&#8243; uncode_shortcode_id=\u00bb222297&#8243;]El s\u00e9rum Re-lax 3 Problem Solver impresiona con un sistema de protecci\u00f3n regenerativo que reconoce todas las necesidades de la piel. La combinaci\u00f3n de principios activos biotecnol\u00f3gicos ralentiza el proceso de envejecimiento cut\u00e1neo y reduce los signos de la edad.<\/p>\n<p>&nbsp;<\/p>\n<p>Re-fine es un fluido ultraligero con una f\u00f3rmula de cuidado altamente dosificada para conseguir una textura de piel uniforme con poros afinados y un tono de piel firme.[\/vc_custom_heading][\/vc_column_inner][\/vc_row_inner][\/vc_column][\/vc_row][vc_row row_height_percent=\u00bb0&#8243; override_padding=\u00bbyes\u00bb h_padding=\u00bb2&#8243; top_padding=\u00bb0&#8243; bottom_padding=\u00bb0&#8243; overlay_alpha=\u00bb50&#8243; gutter_size=\u00bb3&#8243; column_width_percent=\u00bb100&#8243; shift_y=\u00bb0&#8243; z_index=\u00bb0&#8243; row_name=\u00bbRe-fine\u00bb][vc_column column_width_percent=\u00bb100&#8243; gutter_size=\u00bb3&#8243; override_padding=\u00bbyes\u00bb column_padding=\u00bb2&#8243; overlay_alpha=\u00bb50&#8243; shift_x=\u00bb0&#8243; shift_y=\u00bb0&#8243; shift_y_down=\u00bb0&#8243; z_index=\u00bb0&#8243; medium_width=\u00bb0&#8243; mobile_width=\u00bb0&#8243; width=\u00bb1\/1&#8243;][vc_row_inner row_inner_height_percent=\u00bb0&#8243; back_color=\u00bbcolor-lxmt\u00bb overlay_alpha=\u00bb50&#8243; equal_height=\u00bbyes\u00bb gutter_size=\u00bb0&#8243; shift_y=\u00bb0&#8243; z_index=\u00bb0&#8243; limit_content=\u00bb\u00bb][vc_column_inner column_width_percent=\u00bb100&#8243; position_vertical=\u00bbmiddle\u00bb align_horizontal=\u00bbalign_center\u00bb gutter_size=\u00bb3&#8243; overlay_alpha=\u00bb50&#8243; shift_x=\u00bb0&#8243; shift_y=\u00bb0&#8243; shift_y_down=\u00bb0&#8243; z_index=\u00bb0&#8243; medium_width=\u00bb0&#8243; mobile_width=\u00bb0&#8243; width=\u00bb1\/2&#8243;][vc_single_image media=\u00bb84413&#8243; media_lightbox=\u00bbyes\u00bb media_width_percent=\u00bb80&#8243; alignment=\u00bbcenter\u00bb css_animation=\u00bbzoom-in\u00bb lbox_skin=\u00bbwhite\u00bb uncode_shortcode_id=\u00bb954863&#8243;][\/vc_column_inner][vc_column_inner column_width_percent=\u00bb100&#8243; position_vertical=\u00bbmiddle\u00bb gutter_size=\u00bb3&#8243; override_padding=\u00bbyes\u00bb column_padding=\u00bb3&#8243; back_color=\u00bbcolor-lxmt\u00bb overlay_alpha=\u00bb50&#8243; shift_x=\u00bb0&#8243; shift_y=\u00bb0&#8243; shift_y_down=\u00bb0&#8243; z_index=\u00bb0&#8243; medium_width=\u00bb0&#8243; mobile_width=\u00bb0&#8243; width=\u00bb1\/2&#8243;][vc_custom_heading text_size=\u00bbfontsize-155944&#8243; text_weight=\u00bb300&#8243; separator=\u00bbunder\u00bb separator_color=\u00bbyes\u00bb sub_reduced=\u00bbyes\u00bb subheading=\u00bbstructuring serum\u00bb]Re-fine[\/vc_custom_heading][vc_column_text uncode_shortcode_id=\u00bb133995&#8243;]Fluido ultraligero con una f\u00f3rmula de cuidado altamente dosificada para una tez uniforme con poros afinados y un tono de piel firme.<br \/>\nBeneficios con el uso regular:<\/p>\n<ul>\n<li>efecto suavizante y antiinflamatorio<\/li>\n<li>Renovaci\u00f3n celular<\/li>\n<li>Refinamiento de poros<\/li>\n<li>Estimulaci\u00f3n de la renovaci\u00f3n celular<\/li>\n<li>Aumento de la s\u00edntesis de col\u00e1geno y elastina propios de la piel<\/li>\n<\/ul>\n<p>Adecuado para todo tipo de pieles, especialmente recomendado para pieles inflamadas y con poros grandes.<\/p>\n<p><strong>Aplicaci\u00f3n<\/strong> Aplicar por la ma\u00f1ana y por la noche.<\/p>\n<p><strong>Caracter\u00edsticas del producto<\/strong>\u00a0vegano, belleza limpia, envejecimiento saludable, sin micropl\u00e1sticos, sin aceites minerales, sin parabenos, sin siliconas, sin alcohol.[\/vc_column_text][vc_empty_space empty_h=\u00bb2&#8243;][vc_button button_color=\u00bbaccent\u00bb hover_fx=\u00bboutlined\u00bb border_width=\u00bb0&#8243; link=\u00bburl:https%3A%2F%2Fbdr-beauty.shop%2Fproblemloeser%2F179%2Fre-fine-porenverfeinerungsserum%3Fc%3D62|target:_blank\u00bb button_color_type=\u00bbuncode-palette\u00bb uncode_shortcode_id=\u00bb109365&#8243;]comprar Re-fine[\/vc_button][\/vc_column_inner][\/vc_row_inner][\/vc_column][\/vc_row][vc_row row_height_percent=\u00bb0&#8243; override_padding=\u00bbyes\u00bb h_padding=\u00bb2&#8243; top_padding=\u00bb0&#8243; bottom_padding=\u00bb0&#8243; overlay_alpha=\u00bb50&#8243; gutter_size=\u00bb3&#8243; column_width_percent=\u00bb100&#8243; shift_y=\u00bb0&#8243; z_index=\u00bb0&#8243; row_name=\u00bbRe-lax 3&#8243;][vc_column column_width_percent=\u00bb100&#8243; gutter_size=\u00bb3&#8243; override_padding=\u00bbyes\u00bb column_padding=\u00bb2&#8243; overlay_alpha=\u00bb50&#8243; shift_x=\u00bb0&#8243; shift_y=\u00bb0&#8243; shift_y_down=\u00bb0&#8243; z_index=\u00bb0&#8243; medium_width=\u00bb0&#8243; mobile_width=\u00bb0&#8243; width=\u00bb1\/1&#8243;][vc_row_inner row_inner_height_percent=\u00bb0&#8243; back_color=\u00bbcolor-lxmt\u00bb overlay_alpha=\u00bb50&#8243; equal_height=\u00bbyes\u00bb gutter_size=\u00bb0&#8243; shift_y=\u00bb0&#8243; z_index=\u00bb0&#8243; limit_content=\u00bb\u00bb][vc_column_inner column_width_percent=\u00bb100&#8243; position_vertical=\u00bbmiddle\u00bb gutter_size=\u00bb3&#8243; override_padding=\u00bbyes\u00bb column_padding=\u00bb3&#8243; back_color=\u00bbcolor-lxmt\u00bb overlay_alpha=\u00bb50&#8243; shift_x=\u00bb0&#8243; shift_y=\u00bb0&#8243; shift_y_down=\u00bb0&#8243; z_index=\u00bb0&#8243; medium_width=\u00bb0&#8243; mobile_width=\u00bb0&#8243; width=\u00bb1\/2&#8243;][vc_custom_heading text_size=\u00bbfontsize-155944&#8243; text_weight=\u00bb300&#8243; separator=\u00bbunder\u00bb separator_color=\u00bbyes\u00bb sub_reduced=\u00bbyes\u00bb subheading=\u00bbmultifunctional serum\u00bb]Re-lax 3[\/vc_custom_heading][vc_column_text uncode_shortcode_id=\u00bb211150&#8243;]El Serum Re-lax 3 Problem Solver impresiona con un sistema de protecci\u00f3n regenerativo que reconoce cada necesidad de la piel. La combinaci\u00f3n de ingredientes activos biotecnol\u00f3gicos ralentiza el proceso de envejecimiento de la piel y reduce los signos de la edad.<br \/>\nLos beneficios de su uso regular son:<\/p>\n<ul>\n<li>Reducci\u00f3n visible de las arrugas, especialmente las de expresi\u00f3n<\/li>\n<li>Ralentizar el proceso de envejecimiento cut\u00e1neo<\/li>\n<li>Protecci\u00f3n contra los radicales libres<\/li>\n<li>antial\u00e9rgico, calmante y antiinflamatorio<\/li>\n<\/ul>\n<p>Adecuado para todo tipo de pieles, \u00a1especialmente recomendado para la cuperosis y la ros\u00e1cea!<\/p>\n<p><strong>Aplicaci\u00f3n<\/strong> Aplicar por la ma\u00f1ana y por la noche.<\/p>\n<p><strong>Caracter\u00edsticas del producto<\/strong>\u00a0vegano, belleza limpia, envejecimiento saludable, sin micropl\u00e1sticos, sin aceites minerales, sin parabenos, sin siliconas, sin alcohol.[\/vc_column_text][vc_empty_space empty_h=\u00bb2&#8243;][vc_button button_color=\u00bbaccent\u00bb hover_fx=\u00bboutlined\u00bb border_width=\u00bb0&#8243; link=\u00bburl:https%3A%2F%2Fbdr-beauty.shop%2Fproblemloeser%2F176%2Fre-lax-3-glaettungs-reparaturserum%3Fc%3D62|target:_blank\u00bb button_color_type=\u00bbuncode-palette\u00bb uncode_shortcode_id=\u00bb153643&#8243;]comprar Re-lax 3[\/vc_button][\/vc_column_inner][vc_column_inner column_width_percent=\u00bb100&#8243; position_vertical=\u00bbmiddle\u00bb align_horizontal=\u00bbalign_center\u00bb gutter_size=\u00bb3&#8243; overlay_alpha=\u00bb50&#8243; shift_x=\u00bb0&#8243; shift_y=\u00bb0&#8243; shift_y_down=\u00bb0&#8243; z_index=\u00bb0&#8243; medium_width=\u00bb0&#8243; mobile_width=\u00bb0&#8243; width=\u00bb1\/2&#8243;][vc_single_image media=\u00bb84417&#8243; media_lightbox=\u00bbyes\u00bb media_width_percent=\u00bb80&#8243; alignment=\u00bbcenter\u00bb css_animation=\u00bbzoom-in\u00bb lbox_skin=\u00bbwhite\u00bb uncode_shortcode_id=\u00bb851388&#8243;][\/vc_column_inner][\/vc_row_inner][\/vc_column][\/vc_row][vc_row row_height_percent=\u00bb0&#8243; override_padding=\u00bbyes\u00bb h_padding=\u00bb2&#8243; top_padding=\u00bb0&#8243; bottom_padding=\u00bb0&#8243; overlay_alpha=\u00bb50&#8243; gutter_size=\u00bb3&#8243; column_width_percent=\u00bb100&#8243; shift_y=\u00bb0&#8243; z_index=\u00bb0&#8243; row_name=\u00bbContour neck\u00bb][vc_column column_width_percent=\u00bb100&#8243; gutter_size=\u00bb3&#8243; override_padding=\u00bbyes\u00bb column_padding=\u00bb2&#8243; overlay_alpha=\u00bb50&#8243; shift_x=\u00bb0&#8243; shift_y=\u00bb0&#8243; shift_y_down=\u00bb0&#8243; z_index=\u00bb0&#8243; medium_width=\u00bb0&#8243; mobile_width=\u00bb0&#8243; width=\u00bb1\/1&#8243;][vc_row_inner row_inner_height_percent=\u00bb0&#8243; back_color=\u00bbcolor-lxmt\u00bb overlay_alpha=\u00bb50&#8243; equal_height=\u00bbyes\u00bb gutter_size=\u00bb0&#8243; shift_y=\u00bb0&#8243; z_index=\u00bb0&#8243; limit_content=\u00bb\u00bb][vc_column_inner column_width_percent=\u00bb100&#8243; position_vertical=\u00bbmiddle\u00bb align_horizontal=\u00bbalign_center\u00bb gutter_size=\u00bb3&#8243; overlay_alpha=\u00bb50&#8243; shift_x=\u00bb0&#8243; shift_y=\u00bb0&#8243; shift_y_down=\u00bb0&#8243; z_index=\u00bb0&#8243; medium_width=\u00bb0&#8243; mobile_width=\u00bb0&#8243; width=\u00bb1\/2&#8243;][vc_single_image media=\u00bb83752&#8243; media_lightbox=\u00bbyes\u00bb media_width_percent=\u00bb100&#8243; alignment=\u00bbcenter\u00bb css_animation=\u00bbzoom-in\u00bb lbox_skin=\u00bbwhite\u00bb][\/vc_column_inner][vc_column_inner column_width_percent=\u00bb100&#8243; position_vertical=\u00bbmiddle\u00bb gutter_size=\u00bb3&#8243; override_padding=\u00bbyes\u00bb column_padding=\u00bb3&#8243; back_color=\u00bbcolor-lxmt\u00bb overlay_alpha=\u00bb50&#8243; shift_x=\u00bb0&#8243; shift_y=\u00bb0&#8243; shift_y_down=\u00bb0&#8243; z_index=\u00bb0&#8243; medium_width=\u00bb0&#8243; mobile_width=\u00bb0&#8243; width=\u00bb1\/2&#8243;][vc_custom_heading text_size=\u00bbfontsize-155944&#8243; text_weight=\u00bb300&#8243; separator=\u00bbunder\u00bb separator_color=\u00bbyes\u00bb sub_reduced=\u00bbyes\u00bb subheading=\u00bbneck defining serum\u00bb]Contour neck[\/vc_custom_heading][vc_column_text uncode_shortcode_id=\u00bb291477&#8243;]El agua de glaciar encapsulada en liposomas -rica en minerales y oligoelementos- y el extracto de edelweiss de probado efecto modelador aportan frescor y un delicado cuidado en profundidad. Protege contra el estr\u00e9s oxidativo y las influencias medioambientales, se absorbe r\u00e1pidamente sin apelmazar y no deja residuos en la ropa ni en el cabello.<\/p>\n<p><strong>Aplicaci\u00f3n<\/strong>\u00a0Aplicar sobre el cuello y el escote por la ma\u00f1ana y\/o por la noche.<\/p>\n<p><strong>Caracter\u00edsticas del producto<\/strong>\u00a0vegano, belleza limpia, envejecimiento saludable, sin micropl\u00e1sticos, sin aceites minerales, sin parabenos, sin siliconas.[\/vc_column_text][vc_empty_space empty_h=\u00bb2&#8243;][vc_button button_color=\u00bbaccent\u00bb hover_fx=\u00bboutlined\u00bb border_width=\u00bb0&#8243; link=\u00bburl:https%3A%2F%2Fbdr-beauty.shop%2Fbody%2F188%2Fcontour-spezialpflege-hals%3Fc%3D62|target:_blank\u00bb button_color_type=\u00bbuncode-palette\u00bb uncode_shortcode_id=\u00bb125489&#8243;]comprar Contour neck[\/vc_button][\/vc_column_inner][\/vc_row_inner][\/vc_column][\/vc_row][vc_row row_height_percent=\u00bb0&#8243; override_padding=\u00bbyes\u00bb h_padding=\u00bb2&#8243; top_padding=\u00bb0&#8243; bottom_padding=\u00bb0&#8243; overlay_alpha=\u00bb50&#8243; gutter_size=\u00bb3&#8243; column_width_percent=\u00bb100&#8243; shift_y=\u00bb0&#8243; z_index=\u00bb0&#8243; row_name=\u00bbBrilliant EP\u00bb uncode_shortcode_id=\u00bb171498&#8243;][vc_column column_width_percent=\u00bb100&#8243; gutter_size=\u00bb3&#8243; override_padding=\u00bbyes\u00bb column_padding=\u00bb2&#8243; overlay_alpha=\u00bb50&#8243; shift_x=\u00bb0&#8243; shift_y=\u00bb0&#8243; shift_y_down=\u00bb0&#8243; z_index=\u00bb0&#8243; medium_width=\u00bb0&#8243; mobile_width=\u00bb0&#8243; width=\u00bb1\/1&#8243;][vc_row_inner row_inner_height_percent=\u00bb0&#8243; back_color=\u00bbcolor-lxmt\u00bb overlay_alpha=\u00bb50&#8243; equal_height=\u00bbyes\u00bb gutter_size=\u00bb0&#8243; shift_y=\u00bb0&#8243; z_index=\u00bb0&#8243; limit_content=\u00bb\u00bb][vc_column_inner column_width_percent=\u00bb100&#8243; position_vertical=\u00bbmiddle\u00bb gutter_size=\u00bb3&#8243; override_padding=\u00bbyes\u00bb column_padding=\u00bb3&#8243; back_color=\u00bbcolor-lxmt\u00bb overlay_alpha=\u00bb50&#8243; shift_x=\u00bb0&#8243; shift_y=\u00bb0&#8243; shift_y_down=\u00bb0&#8243; z_index=\u00bb0&#8243; medium_width=\u00bb0&#8243; mobile_width=\u00bb0&#8243; width=\u00bb1\/2&#8243;][vc_custom_heading text_size=\u00bbfontsize-155944&#8243; text_weight=\u00bb300&#8243; separator=\u00bbunder\u00bb separator_color=\u00bbyes\u00bb sub_reduced=\u00bbyes\u00bb subheading=\u00bbbrightening serum\u00bb uncode_shortcode_id=\u00bb128961&#8243;]Brilliant EP[\/vc_custom_heading][vc_column_text uncode_shortcode_id=\u00bb494140&#8243;]<\/p>\n<p style=\"text-align: left;\">El s\u00e9rum iluminador de la piel con vitamina C estabilizada, p\u00e9ptido blanqueador, \u00e1cido azelaico y \u00e1cido tranex\u00e1mico combate tanto la hiperpigmentaci\u00f3n como las rojeces a varios niveles. Su eficaz f\u00f3rmula corrige el tono de la piel, hace desaparecer las manchas de la edad, refuerza la estructura cut\u00e1nea y devuelve la luminosidad a las pieles cetrinas y manchadas. El efecto de este s\u00e9rum delicadamente perfumado con flores de cerezo y t\u00e9 blanco se potencia a\u00fan m\u00e1s al combinarlo con la esencia iluminadora Re-action EP y el tratamiento de acabado Re-vital EP.<\/p>\n<p style=\"text-align: left;\">Los beneficios de su uso regular son:<\/p>\n<ul style=\"text-align: left;\">\n<li>Reducci\u00f3n de la hiperpigmentaci\u00f3n, por ejemplo, manchas de la edad o cloasma<\/li>\n<li>Inhibici\u00f3n de la pospigmentaci\u00f3n<\/li>\n<li>Reparaci\u00f3n de los da\u00f1os causados por los rayos UV (queratinizaci\u00f3n y fotoenvejecimiento)<\/li>\n<li>Estimulaci\u00f3n de la s\u00edntesis de col\u00e1geno propia de la piel &#8211; Mejora de la elasticidad cut\u00e1nea<\/li>\n<li>Reducci\u00f3n del enrojecimiento de la piel y fomento de la cicatrizaci\u00f3n<\/li>\n<\/ul>\n<p style=\"text-align: left;\"><strong>Caracter\u00edsticas del producto<\/strong>\u00a0vegano, belleza limpia, envejecimiento saludable, sin micropl\u00e1sticos, sin aceites minerales, sin parabenos, sin siliconas, sin alcohol.<\/p>\n<p>[\/vc_column_text][vc_empty_space empty_h=\u00bb2&#8243;][vc_button button_color=\u00bbaccent\u00bb hover_fx=\u00bboutlined\u00bb border_width=\u00bb0&#8243; link=\u00bburl:https%3A%2F%2Fbdr-beauty.shop%2Fproblemloeser%2F454%2Fbrilliant-ep-even-perfect%3Fc%3D62|target:_blank\u00bb button_color_type=\u00bbuncode-palette\u00bb uncode_shortcode_id=\u00bb204539&#8243;]comprar Brilliant EP[\/vc_button][\/vc_column_inner][vc_column_inner column_width_percent=\u00bb100&#8243; position_vertical=\u00bbmiddle\u00bb align_horizontal=\u00bbalign_center\u00bb gutter_size=\u00bb3&#8243; overlay_alpha=\u00bb50&#8243; shift_x=\u00bb0&#8243; shift_y=\u00bb0&#8243; shift_y_down=\u00bb0&#8243; z_index=\u00bb0&#8243; medium_width=\u00bb0&#8243; mobile_width=\u00bb0&#8243; width=\u00bb1\/2&#8243;][vc_single_image media=\u00bb85877&#8243; media_lightbox=\u00bbyes\u00bb media_width_percent=\u00bb80&#8243; alignment=\u00bbcenter\u00bb css_animation=\u00bbzoom-in\u00bb lbox_skin=\u00bbwhite\u00bb uncode_shortcode_id=\u00bb145326&#8243;][\/vc_column_inner][\/vc_row_inner][\/vc_column][\/vc_row]<\/p>\n<\/div>","protected":false},"excerpt":{"rendered":"<p>[vc_row row_height_percent=\u00bb0&#8243; override_padding=\u00bbyes\u00bb h_padding=\u00bb3&#8243; top_padding=\u00bb3&#8243; bottom_padding=\u00bb3&#8243; back_color=\u00bbcolor-lxmt\u00bb overlay_alpha=\u00bb50&#8243; gutter_size=\u00bb3&#8243; column_width_percent=\u00bb100&#8243; shift_y=\u00bb0&#8243; z_index=\u00bb0&#8243; row_name=\u00bbThe Medical Beauty Concept\u00bb][vc_column width=\u00bb1\/1&#8243;][vc_row_inner row_inner_height_percent=\u00bb0&#8243; overlay_alpha=\u00bb50&#8243; gutter_size=\u00bb4&#8243; [&hellip;]<\/p>\n","protected":false},"author":2,"featured_media":0,"parent":91879,"menu_order":4,"comment_status":"closed","ping_status":"closed","template":"","meta":{"footnotes":""},"class_list":["post-92240","page","type-page","status-publish","hentry"],"yoast_head":"<!-- This site is optimized with the Yoast SEO plugin v24.6 - https:\/\/yoast.com\/wordpress\/plugins\/seo\/ -->\n<title>solucionador de problemas - bdr medical beauty<\/title>\n<meta name=\"robots\" content=\"index, follow, max-snippet:-1, max-image-preview:large, max-video-preview:-1\" \/>\n<link rel=\"canonical\" href=\"https:\/\/bdr-beauty.de\/es\/bdr-the-medical-beauty-concept\/solucionador-de-problemas\/\" \/>\n<meta property=\"og:locale\" content=\"es_ES\" \/>\n<meta property=\"og:type\" content=\"article\" \/>\n<meta property=\"og:title\" content=\"solucionador de problemas - bdr medical beauty\" \/>\n<meta property=\"og:description\" content=\"[vc_row row_height_percent=\u00bb0&#8243; override_padding=\u00bbyes\u00bb h_padding=\u00bb3&#8243; top_padding=\u00bb3&#8243; bottom_padding=\u00bb3&#8243; back_color=\u00bbcolor-lxmt\u00bb overlay_alpha=\u00bb50&#8243; gutter_size=\u00bb3&#8243; column_width_percent=\u00bb100&#8243; shift_y=\u00bb0&#8243; z_index=\u00bb0&#8243; row_name=\u00bbThe Medical Beauty Concept\u00bb][vc_column width=\u00bb1\/1&#8243;][vc_row_inner row_inner_height_percent=\u00bb0&#8243; overlay_alpha=\u00bb50&#8243; gutter_size=\u00bb4&#8243; [&hellip;]\" \/>\n<meta property=\"og:url\" content=\"https:\/\/bdr-beauty.de\/es\/bdr-the-medical-beauty-concept\/solucionador-de-problemas\/\" \/>\n<meta property=\"og:site_name\" content=\"bdr medical beauty\" \/>\n<meta property=\"article:modified_time\" content=\"2023-07-12T14:10:43+00:00\" \/>\n<meta name=\"twitter:card\" content=\"summary_large_image\" \/>\n<meta name=\"twitter:label1\" content=\"Tiempo de lectura\" \/>\n\t<meta name=\"twitter:data1\" content=\"6 minutos\" \/>\n<script type=\"application\/ld+json\" class=\"yoast-schema-graph\">{\"@context\":\"https:\/\/schema.org\",\"@graph\":[{\"@type\":\"WebPage\",\"@id\":\"https:\/\/bdr-beauty.de\/es\/bdr-the-medical-beauty-concept\/solucionador-de-problemas\/\",\"url\":\"https:\/\/bdr-beauty.de\/es\/bdr-the-medical-beauty-concept\/solucionador-de-problemas\/\",\"name\":\"solucionador de problemas - bdr medical beauty\",\"isPartOf\":{\"@id\":\"https:\/\/bdr-beauty.de\/es\/#website\"},\"datePublished\":\"2023-07-12T14:07:41+00:00\",\"dateModified\":\"2023-07-12T14:10:43+00:00\",\"breadcrumb\":{\"@id\":\"https:\/\/bdr-beauty.de\/es\/bdr-the-medical-beauty-concept\/solucionador-de-problemas\/#breadcrumb\"},\"inLanguage\":\"es\",\"potentialAction\":[{\"@type\":\"ReadAction\",\"target\":[\"https:\/\/bdr-beauty.de\/es\/bdr-the-medical-beauty-concept\/solucionador-de-problemas\/\"]}]},{\"@type\":\"BreadcrumbList\",\"@id\":\"https:\/\/bdr-beauty.de\/es\/bdr-the-medical-beauty-concept\/solucionador-de-problemas\/#breadcrumb\",\"itemListElement\":[{\"@type\":\"ListItem\",\"position\":1,\"name\":\"Startseite\",\"item\":\"https:\/\/bdr-beauty.de\/es\/\"},{\"@type\":\"ListItem\",\"position\":2,\"name\":\"bdr\u00ae The Medical Beauty Concept\",\"item\":\"https:\/\/bdr-beauty.de\/es\/\"},{\"@type\":\"ListItem\",\"position\":3,\"name\":\"solucionador de problemas\"}]},{\"@type\":\"WebSite\",\"@id\":\"https:\/\/bdr-beauty.de\/es\/#website\",\"url\":\"https:\/\/bdr-beauty.de\/es\/\",\"name\":\"bdr medical beauty\",\"description\":\"Luxury meets Skincare\",\"potentialAction\":[{\"@type\":\"SearchAction\",\"target\":{\"@type\":\"EntryPoint\",\"urlTemplate\":\"https:\/\/bdr-beauty.de\/es\/?s={search_term_string}\"},\"query-input\":{\"@type\":\"PropertyValueSpecification\",\"valueRequired\":true,\"valueName\":\"search_term_string\"}}],\"inLanguage\":\"es\"}]}<\/script>\n<!-- \/ Yoast SEO plugin. -->","yoast_head_json":{"title":"solucionador de problemas - bdr medical beauty","robots":{"index":"index","follow":"follow","max-snippet":"max-snippet:-1","max-image-preview":"max-image-preview:large","max-video-preview":"max-video-preview:-1"},"canonical":"https:\/\/bdr-beauty.de\/es\/bdr-the-medical-beauty-concept\/solucionador-de-problemas\/","og_locale":"es_ES","og_type":"article","og_title":"solucionador de problemas - bdr medical beauty","og_description":"[vc_row row_height_percent=\u00bb0&#8243; override_padding=\u00bbyes\u00bb h_padding=\u00bb3&#8243; top_padding=\u00bb3&#8243; bottom_padding=\u00bb3&#8243; back_color=\u00bbcolor-lxmt\u00bb overlay_alpha=\u00bb50&#8243; gutter_size=\u00bb3&#8243; column_width_percent=\u00bb100&#8243; shift_y=\u00bb0&#8243; z_index=\u00bb0&#8243; row_name=\u00bbThe Medical Beauty Concept\u00bb][vc_column width=\u00bb1\/1&#8243;][vc_row_inner row_inner_height_percent=\u00bb0&#8243; overlay_alpha=\u00bb50&#8243; gutter_size=\u00bb4&#8243; [&hellip;]","og_url":"https:\/\/bdr-beauty.de\/es\/bdr-the-medical-beauty-concept\/solucionador-de-problemas\/","og_site_name":"bdr medical beauty","article_modified_time":"2023-07-12T14:10:43+00:00","twitter_card":"summary_large_image","twitter_misc":{"Tiempo de lectura":"6 minutos"},"schema":{"@context":"https:\/\/schema.org","@graph":[{"@type":"WebPage","@id":"https:\/\/bdr-beauty.de\/es\/bdr-the-medical-beauty-concept\/solucionador-de-problemas\/","url":"https:\/\/bdr-beauty.de\/es\/bdr-the-medical-beauty-concept\/solucionador-de-problemas\/","name":"solucionador de problemas - bdr medical beauty","isPartOf":{"@id":"https:\/\/bdr-beauty.de\/es\/#website"},"datePublished":"2023-07-12T14:07:41+00:00","dateModified":"2023-07-12T14:10:43+00:00","breadcrumb":{"@id":"https:\/\/bdr-beauty.de\/es\/bdr-the-medical-beauty-concept\/solucionador-de-problemas\/#breadcrumb"},"inLanguage":"es","potentialAction":[{"@type":"ReadAction","target":["https:\/\/bdr-beauty.de\/es\/bdr-the-medical-beauty-concept\/solucionador-de-problemas\/"]}]},{"@type":"BreadcrumbList","@id":"https:\/\/bdr-beauty.de\/es\/bdr-the-medical-beauty-concept\/solucionador-de-problemas\/#breadcrumb","itemListElement":[{"@type":"ListItem","position":1,"name":"Startseite","item":"https:\/\/bdr-beauty.de\/es\/"},{"@type":"ListItem","position":2,"name":"bdr\u00ae The Medical Beauty Concept","item":"https:\/\/bdr-beauty.de\/es\/"},{"@type":"ListItem","position":3,"name":"solucionador de problemas"}]},{"@type":"WebSite","@id":"https:\/\/bdr-beauty.de\/es\/#website","url":"https:\/\/bdr-beauty.de\/es\/","name":"bdr medical beauty","description":"Luxury meets Skincare","potentialAction":[{"@type":"SearchAction","target":{"@type":"EntryPoint","urlTemplate":"https:\/\/bdr-beauty.de\/es\/?s={search_term_string}"},"query-input":{"@type":"PropertyValueSpecification","valueRequired":true,"valueName":"search_term_string"}}],"inLanguage":"es"}]}},"_links":{"self":[{"href":"https:\/\/bdr-beauty.de\/es\/wp-json\/wp\/v2\/pages\/92240","targetHints":{"allow":["GET"]}}],"collection":[{"href":"https:\/\/bdr-beauty.de\/es\/wp-json\/wp\/v2\/pages"}],"about":[{"href":"https:\/\/bdr-beauty.de\/es\/wp-json\/wp\/v2\/types\/page"}],"author":[{"embeddable":true,"href":"https:\/\/bdr-beauty.de\/es\/wp-json\/wp\/v2\/users\/2"}],"replies":[{"embeddable":true,"href":"https:\/\/bdr-beauty.de\/es\/wp-json\/wp\/v2\/comments?post=92240"}],"version-history":[{"count":4,"href":"https:\/\/bdr-beauty.de\/es\/wp-json\/wp\/v2\/pages\/92240\/revisions"}],"predecessor-version":[{"id":92244,"href":"https:\/\/bdr-beauty.de\/es\/wp-json\/wp\/v2\/pages\/92240\/revisions\/92244"}],"up":[{"embeddable":true,"href":"https:\/\/bdr-beauty.de\/es\/wp-json\/wp\/v2\/pages\/91879"}],"wp:attachment":[{"href":"https:\/\/bdr-beauty.de\/es\/wp-json\/wp\/v2\/media?parent=92240"}],"curies":[{"name":"wp","href":"https:\/\/api.w.org\/{rel}","templated":true}]}}