{"id":92274,"date":"2023-07-12T17:12:52","date_gmt":"2023-07-12T15:12:52","guid":{"rendered":"https:\/\/bdr-beauty.de\/?page_id=92274"},"modified":"2023-07-12T17:12:52","modified_gmt":"2023-07-12T15:12:52","slug":"diamond-stick","status":"publish","type":"page","link":"https:\/\/bdr-beauty.de\/es\/bdr-the-medical-beauty-concept\/diamond-stick\/","title":{"rendered":"Diamond Stick"},"content":{"rendered":"<div class=\"wpb-content-wrapper\"><p>[vc_row row_height_percent=\u00bb0&#8243; override_padding=\u00bbyes\u00bb h_padding=\u00bb3&#8243; top_padding=\u00bb3&#8243; bottom_padding=\u00bb3&#8243; back_color=\u00bbcolor-lxmt\u00bb overlay_alpha=\u00bb50&#8243; gutter_size=\u00bb3&#8243; column_width_percent=\u00bb100&#8243; shift_y=\u00bb0&#8243; z_index=\u00bb0&#8243; row_name=\u00bbThe Medical Beauty Concept\u00bb][vc_column width=\u00bb1\/1&#8243;][vc_row_inner row_inner_height_percent=\u00bb0&#8243; overlay_alpha=\u00bb50&#8243; gutter_size=\u00bb4&#8243; shift_y=\u00bb0&#8243; z_index=\u00bb0&#8243;][vc_column_inner column_width_percent=\u00bb100&#8243; gutter_size=\u00bb3&#8243; overlay_alpha=\u00bb50&#8243; shift_x=\u00bb0&#8243; shift_y=\u00bb0&#8243; shift_y_down=\u00bb0&#8243; z_index=\u00bb0&#8243; medium_width=\u00bb0&#8243; mobile_width=\u00bb0&#8243; width=\u00bb1\/1&#8243;][vc_custom_heading text_size=\u00bbfontsize-155944&#8243; text_weight=\u00bb300&#8243;]The Medical Beauty Concept[\/vc_custom_heading][vc_custom_heading text_size=\u00bbh4&#8243; text_weight=\u00bb300&#8243; text_height=\u00bbfontheight-357766&#8243; uncode_shortcode_id=\u00bb178901&#8243;]El stick tiene un corte patentado con garant\u00eda de por vida y para una dermoabrasi\u00f3n suave y eficaz con un efecto inmediato. En combinaci\u00f3n con los productos de limpieza y cuidado bdr, se puede mejorar notablemente el estado de la piel. Consiga un \u00e9xito extraordinario en el tratamiento, por ejemplo, de irregularidades, poros dilatados, peque\u00f1as cicatrices, impurezas, hiperpigmentaci\u00f3n o sombras de ojos.<\/p>\n<p>&nbsp;<\/p>\n<p>El stick est\u00e1 pensado para un uso m\u00faltiple en casa &#8211; para una persona a la vez, por supuesto.[\/vc_custom_heading][\/vc_column_inner][\/vc_row_inner][\/vc_column][\/vc_row][vc_row row_height_percent=\u00bb0&#8243; override_padding=\u00bbyes\u00bb h_padding=\u00bb2&#8243; top_padding=\u00bb0&#8243; bottom_padding=\u00bb0&#8243; overlay_alpha=\u00bb50&#8243; gutter_size=\u00bb3&#8243; column_width_percent=\u00bb100&#8243; shift_y=\u00bb0&#8243; z_index=\u00bb0&#8243; row_name=\u00bbDiamond Stick\u00bb][vc_column column_width_percent=\u00bb100&#8243; gutter_size=\u00bb3&#8243; override_padding=\u00bbyes\u00bb column_padding=\u00bb2&#8243; overlay_alpha=\u00bb50&#8243; shift_x=\u00bb0&#8243; shift_y=\u00bb0&#8243; shift_y_down=\u00bb0&#8243; z_index=\u00bb0&#8243; medium_width=\u00bb0&#8243; mobile_width=\u00bb0&#8243; width=\u00bb1\/1&#8243;][vc_row_inner row_inner_height_percent=\u00bb0&#8243; back_color=\u00bbcolor-lxmt\u00bb overlay_alpha=\u00bb50&#8243; equal_height=\u00bbyes\u00bb gutter_size=\u00bb0&#8243; shift_y=\u00bb0&#8243; z_index=\u00bb0&#8243;][vc_column_inner column_width_percent=\u00bb100&#8243; position_vertical=\u00bbmiddle\u00bb align_horizontal=\u00bbalign_center\u00bb gutter_size=\u00bb3&#8243; overlay_alpha=\u00bb50&#8243; shift_x=\u00bb0&#8243; shift_y=\u00bb0&#8243; shift_y_down=\u00bb0&#8243; z_index=\u00bb0&#8243; medium_width=\u00bb0&#8243; mobile_width=\u00bb0&#8243; width=\u00bb1\/2&#8243;][vc_single_image media=\u00bb83746&#8243; media_lightbox=\u00bbyes\u00bb media_width_percent=\u00bb100&#8243; alignment=\u00bbcenter\u00bb css_animation=\u00bbzoom-in\u00bb lbox_skin=\u00bbwhite\u00bb][\/vc_column_inner][vc_column_inner column_width_percent=\u00bb100&#8243; position_vertical=\u00bbmiddle\u00bb gutter_size=\u00bb3&#8243; override_padding=\u00bbyes\u00bb column_padding=\u00bb3&#8243; back_color=\u00bbcolor-lxmt\u00bb overlay_alpha=\u00bb50&#8243; shift_x=\u00bb0&#8243; shift_y=\u00bb0&#8243; shift_y_down=\u00bb0&#8243; z_index=\u00bb0&#8243; medium_width=\u00bb0&#8243; mobile_width=\u00bb0&#8243; width=\u00bb1\/2&#8243;][vc_custom_heading text_size=\u00bbfontsize-155944&#8243; text_weight=\u00bb300&#8243; separator=\u00bbunder\u00bb separator_color=\u00bbyes\u00bb sub_reduced=\u00bbyes\u00bb subheading=\u00bbDermoabrasi\u00f3n en casa\u00bb uncode_shortcode_id=\u00bb903974&#8243;]Diamond Stick[\/vc_custom_heading][vc_column_text uncode_shortcode_id=\u00bb155769&#8243;]El DIAMOND STICK es el complemento perfecto para el ritual de cuidado bdr\u00ae\u00a0 en casa. El stick tiene un corte patentado con garant\u00eda de por vida y para una dermoabrasi\u00f3n suave y eficaz con un efecto instant\u00e1neo. El stick est\u00e1 dise\u00f1ado para su uso m\u00faltiple en casa &#8211; una persona a la vez, por supuesto. El Diamond Stick es adecuado para todo tipo de piel.<\/p>\n<p><strong>Uso recomendado<\/strong>\u00a01 vez por semana en rostro, cuello y escote.<\/p>\n<p><strong>Aplicaci\u00f3n <\/strong>Limpiar la piel con bdr\u00ae Re-move o Re-move PH &#8211; \u00a1no lavar! Deslizar el Diamond Stick sobre la piel h\u00fameda y sana con movimientos circulares. A continuaci\u00f3n, aclare con abundante agua y aplique los productos de cuidado bdr\u00ae.<br \/>\nEl bdr\u00ae Diamond Stick en combinaci\u00f3n con los productos de limpieza y cuidado bdr\u00ae puede mejorar significativamente el aspecto de su piel. \u00dasalo para:<\/p>\n<ul>\n<li>Desnivel<\/li>\n<li>Impurezas<\/li>\n<li>poros grandes<\/li>\n<li>Hiperpigmentaci\u00f3n<\/li>\n<li>peque\u00f1as cicatrices<\/li>\n<li>Sombra de ojos<\/li>\n<\/ul>\n<p>[\/vc_column_text][vc_empty_space empty_h=\u00bb2&#8243;][vc_button button_color=\u00bbaccent\u00bb hover_fx=\u00bboutlined\u00bb border_width=\u00bb0&#8243; link=\u00bburl:https%3A%2F%2Fbdr-beauty.shop%2Fdiamond-stick%2F183%2Fbdr-diamond-stick%3Fc%3D54|target:_blank\u00bb button_color_type=\u00bbuncode-palette\u00bb uncode_shortcode_id=\u00bb419050&#8243;]comprar Diamond Stick[\/vc_button][\/vc_column_inner][\/vc_row_inner][\/vc_column][\/vc_row]<\/p>\n<\/div>","protected":false},"excerpt":{"rendered":"<p>[vc_row row_height_percent=\u00bb0&#8243; override_padding=\u00bbyes\u00bb h_padding=\u00bb3&#8243; top_padding=\u00bb3&#8243; bottom_padding=\u00bb3&#8243; back_color=\u00bbcolor-lxmt\u00bb overlay_alpha=\u00bb50&#8243; gutter_size=\u00bb3&#8243; column_width_percent=\u00bb100&#8243; shift_y=\u00bb0&#8243; z_index=\u00bb0&#8243; row_name=\u00bbThe Medical Beauty Concept\u00bb][vc_column width=\u00bb1\/1&#8243;][vc_row_inner row_inner_height_percent=\u00bb0&#8243; overlay_alpha=\u00bb50&#8243; gutter_size=\u00bb4&#8243; [&hellip;]<\/p>\n","protected":false},"author":2,"featured_media":0,"parent":91879,"menu_order":7,"comment_status":"closed","ping_status":"closed","template":"","meta":{"footnotes":""},"class_list":["post-92274","page","type-page","status-publish","hentry"],"yoast_head":"<!-- This site is optimized with the Yoast SEO plugin v24.6 - https:\/\/yoast.com\/wordpress\/plugins\/seo\/ -->\n<title>Diamond Stick - bdr medical beauty<\/title>\n<meta name=\"robots\" content=\"index, follow, max-snippet:-1, max-image-preview:large, max-video-preview:-1\" \/>\n<link rel=\"canonical\" href=\"https:\/\/bdr-beauty.de\/es\/bdr-the-medical-beauty-concept\/diamond-stick\/\" \/>\n<meta property=\"og:locale\" content=\"es_ES\" \/>\n<meta property=\"og:type\" content=\"article\" \/>\n<meta property=\"og:title\" content=\"Diamond Stick - bdr medical beauty\" \/>\n<meta property=\"og:description\" content=\"[vc_row row_height_percent=\u00bb0&#8243; override_padding=\u00bbyes\u00bb h_padding=\u00bb3&#8243; top_padding=\u00bb3&#8243; bottom_padding=\u00bb3&#8243; back_color=\u00bbcolor-lxmt\u00bb overlay_alpha=\u00bb50&#8243; gutter_size=\u00bb3&#8243; column_width_percent=\u00bb100&#8243; shift_y=\u00bb0&#8243; z_index=\u00bb0&#8243; row_name=\u00bbThe Medical Beauty Concept\u00bb][vc_column width=\u00bb1\/1&#8243;][vc_row_inner row_inner_height_percent=\u00bb0&#8243; overlay_alpha=\u00bb50&#8243; gutter_size=\u00bb4&#8243; [&hellip;]\" \/>\n<meta property=\"og:url\" content=\"https:\/\/bdr-beauty.de\/es\/bdr-the-medical-beauty-concept\/diamond-stick\/\" \/>\n<meta property=\"og:site_name\" content=\"bdr medical beauty\" \/>\n<meta name=\"twitter:card\" content=\"summary_large_image\" \/>\n<meta name=\"twitter:label1\" content=\"Tiempo de lectura\" \/>\n\t<meta name=\"twitter:data1\" content=\"2 minutos\" \/>\n<script type=\"application\/ld+json\" class=\"yoast-schema-graph\">{\"@context\":\"https:\/\/schema.org\",\"@graph\":[{\"@type\":\"WebPage\",\"@id\":\"https:\/\/bdr-beauty.de\/es\/bdr-the-medical-beauty-concept\/diamond-stick\/\",\"url\":\"https:\/\/bdr-beauty.de\/es\/bdr-the-medical-beauty-concept\/diamond-stick\/\",\"name\":\"Diamond Stick - bdr medical beauty\",\"isPartOf\":{\"@id\":\"https:\/\/bdr-beauty.de\/es\/#website\"},\"datePublished\":\"2023-07-12T15:12:52+00:00\",\"breadcrumb\":{\"@id\":\"https:\/\/bdr-beauty.de\/es\/bdr-the-medical-beauty-concept\/diamond-stick\/#breadcrumb\"},\"inLanguage\":\"es\",\"potentialAction\":[{\"@type\":\"ReadAction\",\"target\":[\"https:\/\/bdr-beauty.de\/es\/bdr-the-medical-beauty-concept\/diamond-stick\/\"]}]},{\"@type\":\"BreadcrumbList\",\"@id\":\"https:\/\/bdr-beauty.de\/es\/bdr-the-medical-beauty-concept\/diamond-stick\/#breadcrumb\",\"itemListElement\":[{\"@type\":\"ListItem\",\"position\":1,\"name\":\"Startseite\",\"item\":\"https:\/\/bdr-beauty.de\/es\/\"},{\"@type\":\"ListItem\",\"position\":2,\"name\":\"bdr\u00ae The Medical Beauty Concept\",\"item\":\"https:\/\/bdr-beauty.de\/es\/\"},{\"@type\":\"ListItem\",\"position\":3,\"name\":\"Diamond Stick\"}]},{\"@type\":\"WebSite\",\"@id\":\"https:\/\/bdr-beauty.de\/es\/#website\",\"url\":\"https:\/\/bdr-beauty.de\/es\/\",\"name\":\"bdr medical beauty\",\"description\":\"Luxury meets Skincare\",\"potentialAction\":[{\"@type\":\"SearchAction\",\"target\":{\"@type\":\"EntryPoint\",\"urlTemplate\":\"https:\/\/bdr-beauty.de\/es\/?s={search_term_string}\"},\"query-input\":{\"@type\":\"PropertyValueSpecification\",\"valueRequired\":true,\"valueName\":\"search_term_string\"}}],\"inLanguage\":\"es\"}]}<\/script>\n<!-- \/ Yoast SEO plugin. -->","yoast_head_json":{"title":"Diamond Stick - bdr medical beauty","robots":{"index":"index","follow":"follow","max-snippet":"max-snippet:-1","max-image-preview":"max-image-preview:large","max-video-preview":"max-video-preview:-1"},"canonical":"https:\/\/bdr-beauty.de\/es\/bdr-the-medical-beauty-concept\/diamond-stick\/","og_locale":"es_ES","og_type":"article","og_title":"Diamond Stick - bdr medical beauty","og_description":"[vc_row row_height_percent=\u00bb0&#8243; override_padding=\u00bbyes\u00bb h_padding=\u00bb3&#8243; top_padding=\u00bb3&#8243; bottom_padding=\u00bb3&#8243; back_color=\u00bbcolor-lxmt\u00bb overlay_alpha=\u00bb50&#8243; gutter_size=\u00bb3&#8243; column_width_percent=\u00bb100&#8243; shift_y=\u00bb0&#8243; z_index=\u00bb0&#8243; row_name=\u00bbThe Medical Beauty Concept\u00bb][vc_column width=\u00bb1\/1&#8243;][vc_row_inner row_inner_height_percent=\u00bb0&#8243; overlay_alpha=\u00bb50&#8243; gutter_size=\u00bb4&#8243; [&hellip;]","og_url":"https:\/\/bdr-beauty.de\/es\/bdr-the-medical-beauty-concept\/diamond-stick\/","og_site_name":"bdr medical beauty","twitter_card":"summary_large_image","twitter_misc":{"Tiempo de lectura":"2 minutos"},"schema":{"@context":"https:\/\/schema.org","@graph":[{"@type":"WebPage","@id":"https:\/\/bdr-beauty.de\/es\/bdr-the-medical-beauty-concept\/diamond-stick\/","url":"https:\/\/bdr-beauty.de\/es\/bdr-the-medical-beauty-concept\/diamond-stick\/","name":"Diamond Stick - bdr medical beauty","isPartOf":{"@id":"https:\/\/bdr-beauty.de\/es\/#website"},"datePublished":"2023-07-12T15:12:52+00:00","breadcrumb":{"@id":"https:\/\/bdr-beauty.de\/es\/bdr-the-medical-beauty-concept\/diamond-stick\/#breadcrumb"},"inLanguage":"es","potentialAction":[{"@type":"ReadAction","target":["https:\/\/bdr-beauty.de\/es\/bdr-the-medical-beauty-concept\/diamond-stick\/"]}]},{"@type":"BreadcrumbList","@id":"https:\/\/bdr-beauty.de\/es\/bdr-the-medical-beauty-concept\/diamond-stick\/#breadcrumb","itemListElement":[{"@type":"ListItem","position":1,"name":"Startseite","item":"https:\/\/bdr-beauty.de\/es\/"},{"@type":"ListItem","position":2,"name":"bdr\u00ae The Medical Beauty Concept","item":"https:\/\/bdr-beauty.de\/es\/"},{"@type":"ListItem","position":3,"name":"Diamond Stick"}]},{"@type":"WebSite","@id":"https:\/\/bdr-beauty.de\/es\/#website","url":"https:\/\/bdr-beauty.de\/es\/","name":"bdr medical beauty","description":"Luxury meets Skincare","potentialAction":[{"@type":"SearchAction","target":{"@type":"EntryPoint","urlTemplate":"https:\/\/bdr-beauty.de\/es\/?s={search_term_string}"},"query-input":{"@type":"PropertyValueSpecification","valueRequired":true,"valueName":"search_term_string"}}],"inLanguage":"es"}]}},"_links":{"self":[{"href":"https:\/\/bdr-beauty.de\/es\/wp-json\/wp\/v2\/pages\/92274","targetHints":{"allow":["GET"]}}],"collection":[{"href":"https:\/\/bdr-beauty.de\/es\/wp-json\/wp\/v2\/pages"}],"about":[{"href":"https:\/\/bdr-beauty.de\/es\/wp-json\/wp\/v2\/types\/page"}],"author":[{"embeddable":true,"href":"https:\/\/bdr-beauty.de\/es\/wp-json\/wp\/v2\/users\/2"}],"replies":[{"embeddable":true,"href":"https:\/\/bdr-beauty.de\/es\/wp-json\/wp\/v2\/comments?post=92274"}],"version-history":[{"count":2,"href":"https:\/\/bdr-beauty.de\/es\/wp-json\/wp\/v2\/pages\/92274\/revisions"}],"predecessor-version":[{"id":92297,"href":"https:\/\/bdr-beauty.de\/es\/wp-json\/wp\/v2\/pages\/92274\/revisions\/92297"}],"up":[{"embeddable":true,"href":"https:\/\/bdr-beauty.de\/es\/wp-json\/wp\/v2\/pages\/91879"}],"wp:attachment":[{"href":"https:\/\/bdr-beauty.de\/es\/wp-json\/wp\/v2\/media?parent=92274"}],"curies":[{"name":"wp","href":"https:\/\/api.w.org\/{rel}","templated":true}]}}