{"id":90600,"date":"2023-06-06T15:15:22","date_gmt":"2023-06-06T13:15:22","guid":{"rendered":"https:\/\/bdr-beauty.de\/?page_id=90600"},"modified":"2023-06-06T15:15:22","modified_gmt":"2023-06-06T13:15:22","slug":"otisak","status":"publish","type":"page","link":"https:\/\/bdr-beauty.de\/hr\/bdr-the-medical-beauty-concept\/otisak\/","title":{"rendered":"Otisak"},"content":{"rendered":"<div class=\"wpb-content-wrapper\"><p>[vc_row][vc_column column_width_percent=&#8221;100&#8243; gutter_size=&#8221;5&#8243; overlay_alpha=&#8221;50&#8243; shift_x=&#8221;0&#8243; shift_y=&#8221;0&#8243; shift_y_down=&#8221;0&#8243; z_index=&#8221;0&#8243; medium_width=&#8221;0&#8243; mobile_width=&#8221;0&#8243; width=&#8221;1\/2&#8243;][vc_column_text uncode_shortcode_id=&#8221;177504&#8243;]<\/p>\n<h1><strong>Otisak<\/strong><\/h1>\n<p>Goldeneye Permanent System GmbH<br \/>\nsrednji prsten 31<br \/>\nD-76751 Jockgrim<\/p>\n<p>Telefon: +49 (0)7271 \/ 98 999-10<br \/>\nFax: +49 (0)7271 \/ 98 999-11<\/p>\n<p>E-po\u0161ta: info@goldeneye.de<br \/>\nWeb: www.goldeneye.de<\/p>\n<p>Ovla\u0161teni direktor: Ren\u00e9 La Fontaine<\/p>\n<p>Registarski sud u Landau<br \/>\nHRB 30835<\/p>\n<p>PDV ID: DE200335303[\/vc_column_text][\/vc_column][vc_column column_width_percent=&#8221;100&#8243; gutter_size=&#8221;5&#8243; overlay_alpha=&#8221;50&#8243; shift_x=&#8221;0&#8243; shift_y=&#8221;0&#8243; shift_y_down=&#8221;0&#8243; z_index=&#8221;0&#8243; medium_width=&#8221;0&#8243; mobile_width=&#8221;0&#8243; width=&#8221;1\/2&#8243;][vc_column_text uncode_shortcode_id=&#8221;168258&#8243;]<\/p>\n<h2>Odricanje od odgovornosti<\/h2>\n<p>Izvor: eRecht24.de \u2013 Internetsko pravo odvjetnika S\u00f6rena Sieberta<\/p>\n<p>Sadr\u017eaj na\u0161ih stranica kreiran je s velikom pa\u017enjom. Me\u0111utim, ne mo\u017eemo jam\u010diti da je sadr\u017eaj to\u010dan, potpun ili a\u017euran. Kao pru\u017eatelj usluga, mi smo odgovorni za vlastiti sadr\u017eaj na ovim stranicama prema Odjeljku 7, stavak 1 Njema\u010dkog zakona o telemedijima (TMG). Me\u0111utim, prema \u00a7\u00a7 8 do 10 TMG, mi kao pru\u017eatelji usluga nismo obvezni nadzirati prenesene ili pohranjene informacije tre\u0107ih strana ili istra\u017eivati \u200b\u200bokolnosti koje ukazuju na nezakonitu aktivnost. Obveze uklanjanja ili blokiranja kori\u0161tenja informacija prema op\u0107im zakonima ostaju nepromijenjene. Me\u0111utim, odgovornost u tom pogledu mogu\u0107a je samo od trenutka u kojem se zna za konkretnu povredu zakona. \u010cim postanemo svjesni bilo kakvog kr\u0161enja zakona, odmah \u0107emo ukloniti ovaj sadr\u017eaj.<\/p>\n<h2>Odgovornost za poveznice<\/h2>\n<p>Na\u0161a ponuda sadr\u017ei poveznice na vanjske web stranice tre\u0107ih strana na \u010diji sadr\u017eaj nemamo utjecaja. Stoga ne mo\u017eemo preuzeti nikakvu odgovornost za ovaj vanjski sadr\u017eaj. Odgovaraju\u0107i pru\u017eatelj ili operater stranica uvijek je odgovoran za sadr\u017eaj povezanih stranica. Povezane stranice su provjerene zbog mogu\u0107ih zakonskih povreda u vrijeme povezivanja. Ilegalan sadr\u017eaj nije bio prepoznatljiv u trenutku povezivanja. Me\u0111utim, stalna kontrola sadr\u017eaja povezanih stranica nije razumna bez konkretnih dokaza o kr\u0161enju. \u010cim postanemo svjesni kr\u0161enja zakona, odmah \u0107emo ukloniti takve poveznice.<\/p>\n<h2>Autorsko pravo<\/h2>\n<p>Sadr\u017eaj i radovi na ovim stranicama koje su izradili operateri stranice podlije\u017eu njema\u010dkom zakonu o autorskim pravima. Umno\u017eavanje, ure\u0111ivanje, distribucija i bilo koja vrsta iskori\u0161tavanja izvan granica autorskog prava zahtijeva pisani pristanak doti\u010dnog autora ili kreatora. Preuzimanja i kopije ove stranice dopu\u0161tene su samo za privatnu, nekomercijalnu upotrebu. U mjeri u kojoj sadr\u017eaj na ovoj stranici nije kreiran od strane operatera, po\u0161tuju se autorska prava tre\u0107ih strana. Posebno su sadr\u017eaji tre\u0107ih strana ozna\u010deni kao takvi. Ukoliko ipak saznate za kr\u0161enje autorskih prava, molimo da nas o tome obavijestite. \u010cim postanemo svjesni kr\u0161enja zakona, odmah \u0107emo ukloniti takav sadr\u017eaj.[\/vc_column_text][\/vc_column][\/vc_row]<\/p>\n<\/div>","protected":false},"excerpt":{"rendered":"<p>[vc_row][vc_column column_width_percent=&#8221;100&#8243; gutter_size=&#8221;5&#8243; overlay_alpha=&#8221;50&#8243; shift_x=&#8221;0&#8243; shift_y=&#8221;0&#8243; shift_y_down=&#8221;0&#8243; z_index=&#8221;0&#8243; medium_width=&#8221;0&#8243; mobile_width=&#8221;0&#8243; width=&#8221;1\/2&#8243;][vc_column_text uncode_shortcode_id=&#8221;177504&#8243;] Otisak Goldeneye Permanent System GmbH srednji prsten 31 [&hellip;]<\/p>\n","protected":false},"author":2,"featured_media":0,"parent":90590,"menu_order":0,"comment_status":"closed","ping_status":"open","template":"","meta":{"footnotes":""},"class_list":["post-90600","page","type-page","status-publish","hentry"],"yoast_head":"<!-- This site is optimized with the Yoast SEO plugin v24.6 - https:\/\/yoast.com\/wordpress\/plugins\/seo\/ -->\n<title>Otisak - bdr medical beauty<\/title>\n<meta name=\"robots\" content=\"index, follow, max-snippet:-1, max-image-preview:large, max-video-preview:-1\" \/>\n<link rel=\"canonical\" href=\"https:\/\/bdr-beauty.de\/hr\/bdr-the-medical-beauty-concept\/otisak\/\" \/>\n<meta property=\"og:locale\" content=\"hr_HR\" \/>\n<meta property=\"og:type\" content=\"article\" \/>\n<meta property=\"og:title\" content=\"Otisak - bdr medical beauty\" \/>\n<meta property=\"og:description\" content=\"[vc_row][vc_column column_width_percent=&#8221;100&#8243; gutter_size=&#8221;5&#8243; overlay_alpha=&#8221;50&#8243; shift_x=&#8221;0&#8243; shift_y=&#8221;0&#8243; shift_y_down=&#8221;0&#8243; z_index=&#8221;0&#8243; medium_width=&#8221;0&#8243; mobile_width=&#8221;0&#8243; width=&#8221;1\/2&#8243;][vc_column_text uncode_shortcode_id=&#8221;177504&#8243;] Otisak Goldeneye Permanent System GmbH srednji prsten 31 [&hellip;]\" \/>\n<meta property=\"og:url\" content=\"https:\/\/bdr-beauty.de\/hr\/bdr-the-medical-beauty-concept\/otisak\/\" \/>\n<meta property=\"og:site_name\" content=\"bdr medical beauty\" \/>\n<meta name=\"twitter:card\" content=\"summary_large_image\" \/>\n<meta name=\"twitter:label1\" content=\"Procijenjeno vrijeme \u010ditanja\" \/>\n\t<meta name=\"twitter:data1\" content=\"3 minute\" \/>\n<script type=\"application\/ld+json\" class=\"yoast-schema-graph\">{\"@context\":\"https:\/\/schema.org\",\"@graph\":[{\"@type\":\"WebPage\",\"@id\":\"https:\/\/bdr-beauty.de\/hr\/bdr-the-medical-beauty-concept\/otisak\/\",\"url\":\"https:\/\/bdr-beauty.de\/hr\/bdr-the-medical-beauty-concept\/otisak\/\",\"name\":\"Otisak - bdr medical beauty\",\"isPartOf\":{\"@id\":\"https:\/\/bdr-beauty.de\/hr\/#website\"},\"datePublished\":\"2023-06-06T13:15:22+00:00\",\"breadcrumb\":{\"@id\":\"https:\/\/bdr-beauty.de\/hr\/bdr-the-medical-beauty-concept\/otisak\/#breadcrumb\"},\"inLanguage\":\"hr\",\"potentialAction\":[{\"@type\":\"ReadAction\",\"target\":[\"https:\/\/bdr-beauty.de\/hr\/bdr-the-medical-beauty-concept\/otisak\/\"]}]},{\"@type\":\"BreadcrumbList\",\"@id\":\"https:\/\/bdr-beauty.de\/hr\/bdr-the-medical-beauty-concept\/otisak\/#breadcrumb\",\"itemListElement\":[{\"@type\":\"ListItem\",\"position\":1,\"name\":\"Startseite\",\"item\":\"https:\/\/bdr-beauty.de\/hr\/\"},{\"@type\":\"ListItem\",\"position\":2,\"name\":\"bdr\u00ae The Medical Beauty Concept\",\"item\":\"https:\/\/bdr-beauty.de\/hr\/\"},{\"@type\":\"ListItem\",\"position\":3,\"name\":\"Otisak\"}]},{\"@type\":\"WebSite\",\"@id\":\"https:\/\/bdr-beauty.de\/hr\/#website\",\"url\":\"https:\/\/bdr-beauty.de\/hr\/\",\"name\":\"bdr medical beauty\",\"description\":\"Luxury meets Skincare\",\"potentialAction\":[{\"@type\":\"SearchAction\",\"target\":{\"@type\":\"EntryPoint\",\"urlTemplate\":\"https:\/\/bdr-beauty.de\/hr\/?s={search_term_string}\"},\"query-input\":{\"@type\":\"PropertyValueSpecification\",\"valueRequired\":true,\"valueName\":\"search_term_string\"}}],\"inLanguage\":\"hr\"}]}<\/script>\n<!-- \/ Yoast SEO plugin. -->","yoast_head_json":{"title":"Otisak - bdr medical beauty","robots":{"index":"index","follow":"follow","max-snippet":"max-snippet:-1","max-image-preview":"max-image-preview:large","max-video-preview":"max-video-preview:-1"},"canonical":"https:\/\/bdr-beauty.de\/hr\/bdr-the-medical-beauty-concept\/otisak\/","og_locale":"hr_HR","og_type":"article","og_title":"Otisak - bdr medical beauty","og_description":"[vc_row][vc_column column_width_percent=&#8221;100&#8243; gutter_size=&#8221;5&#8243; overlay_alpha=&#8221;50&#8243; shift_x=&#8221;0&#8243; shift_y=&#8221;0&#8243; shift_y_down=&#8221;0&#8243; z_index=&#8221;0&#8243; medium_width=&#8221;0&#8243; mobile_width=&#8221;0&#8243; width=&#8221;1\/2&#8243;][vc_column_text uncode_shortcode_id=&#8221;177504&#8243;] Otisak Goldeneye Permanent System GmbH srednji prsten 31 [&hellip;]","og_url":"https:\/\/bdr-beauty.de\/hr\/bdr-the-medical-beauty-concept\/otisak\/","og_site_name":"bdr medical beauty","twitter_card":"summary_large_image","twitter_misc":{"Procijenjeno vrijeme \u010ditanja":"3 minute"},"schema":{"@context":"https:\/\/schema.org","@graph":[{"@type":"WebPage","@id":"https:\/\/bdr-beauty.de\/hr\/bdr-the-medical-beauty-concept\/otisak\/","url":"https:\/\/bdr-beauty.de\/hr\/bdr-the-medical-beauty-concept\/otisak\/","name":"Otisak - bdr medical beauty","isPartOf":{"@id":"https:\/\/bdr-beauty.de\/hr\/#website"},"datePublished":"2023-06-06T13:15:22+00:00","breadcrumb":{"@id":"https:\/\/bdr-beauty.de\/hr\/bdr-the-medical-beauty-concept\/otisak\/#breadcrumb"},"inLanguage":"hr","potentialAction":[{"@type":"ReadAction","target":["https:\/\/bdr-beauty.de\/hr\/bdr-the-medical-beauty-concept\/otisak\/"]}]},{"@type":"BreadcrumbList","@id":"https:\/\/bdr-beauty.de\/hr\/bdr-the-medical-beauty-concept\/otisak\/#breadcrumb","itemListElement":[{"@type":"ListItem","position":1,"name":"Startseite","item":"https:\/\/bdr-beauty.de\/hr\/"},{"@type":"ListItem","position":2,"name":"bdr\u00ae The Medical Beauty Concept","item":"https:\/\/bdr-beauty.de\/hr\/"},{"@type":"ListItem","position":3,"name":"Otisak"}]},{"@type":"WebSite","@id":"https:\/\/bdr-beauty.de\/hr\/#website","url":"https:\/\/bdr-beauty.de\/hr\/","name":"bdr medical beauty","description":"Luxury meets Skincare","potentialAction":[{"@type":"SearchAction","target":{"@type":"EntryPoint","urlTemplate":"https:\/\/bdr-beauty.de\/hr\/?s={search_term_string}"},"query-input":{"@type":"PropertyValueSpecification","valueRequired":true,"valueName":"search_term_string"}}],"inLanguage":"hr"}]}},"_links":{"self":[{"href":"https:\/\/bdr-beauty.de\/hr\/wp-json\/wp\/v2\/pages\/90600","targetHints":{"allow":["GET"]}}],"collection":[{"href":"https:\/\/bdr-beauty.de\/hr\/wp-json\/wp\/v2\/pages"}],"about":[{"href":"https:\/\/bdr-beauty.de\/hr\/wp-json\/wp\/v2\/types\/page"}],"author":[{"embeddable":true,"href":"https:\/\/bdr-beauty.de\/hr\/wp-json\/wp\/v2\/users\/2"}],"replies":[{"embeddable":true,"href":"https:\/\/bdr-beauty.de\/hr\/wp-json\/wp\/v2\/comments?post=90600"}],"version-history":[{"count":3,"href":"https:\/\/bdr-beauty.de\/hr\/wp-json\/wp\/v2\/pages\/90600\/revisions"}],"predecessor-version":[{"id":90995,"href":"https:\/\/bdr-beauty.de\/hr\/wp-json\/wp\/v2\/pages\/90600\/revisions\/90995"}],"up":[{"embeddable":true,"href":"https:\/\/bdr-beauty.de\/hr\/wp-json\/wp\/v2\/pages\/90590"}],"wp:attachment":[{"href":"https:\/\/bdr-beauty.de\/hr\/wp-json\/wp\/v2\/media?parent=90600"}],"curies":[{"name":"wp","href":"https:\/\/api.w.org\/{rel}","templated":true}]}}