{"id":90603,"date":"2023-06-06T15:21:44","date_gmt":"2023-06-06T13:21:44","guid":{"rendered":"https:\/\/bdr-beauty.de\/?page_id=90603"},"modified":"2023-06-06T15:39:03","modified_gmt":"2023-06-06T13:39:03","slug":"kontakt","status":"publish","type":"page","link":"https:\/\/bdr-beauty.de\/hr\/bdr-the-medical-beauty-concept\/kontakt\/","title":{"rendered":"Kontakt"},"content":{"rendered":"<div class=\"wpb-content-wrapper\"><p>[vc_row unlock_row_content=&#8221;yes&#8221; row_height_percent=&#8221;100&#8243; overlay_alpha=&#8221;50&#8243; gutter_size=&#8221;3&#8243; column_width_percent=&#8221;100&#8243; shift_y=&#8221;0&#8243; z_index=&#8221;0&#8243; medium_visibility=&#8221;yes&#8221; mobile_visibility=&#8221;yes&#8221; uncode_shortcode_id=&#8221;359081&#8243;][vc_column column_width_percent=&#8221;100&#8243; gutter_size=&#8221;0&#8243; overlay_alpha=&#8221;50&#8243; shift_x=&#8221;0&#8243; shift_y=&#8221;0&#8243; shift_y_down=&#8221;0&#8243; z_index=&#8221;0&#8243; medium_width=&#8221;0&#8243; mobile_width=&#8221;0&#8243; width=&#8221;1\/1&#8243; uncode_shortcode_id=&#8221;651076&#8243; link_to=&#8221;url:https%3A%2F%2Fwww.google.com%2Fmaps%2Fplace%2FGoldeneye%2BPermanent%2BSystem%2BGmbH%2F%4049.0820868%2C8.2610981%2C17z%2Fdata%3D!3m1!4b1!4m5!3m4!1s0x4797aab0fa834943%3A0xfc626d4d1282f9f5!8m2!3d49.0820833!4d8.2632922|title:bdr%20Beauty|target:_blank&#8221;][vc_row_inner row_inner_height_percent=&#8221;85&#8243; back_image=&#8221;85369&#8243; overlay_alpha=&#8221;50&#8243; gutter_size=&#8221;3&#8243; shift_y=&#8221;0&#8243; z_index=&#8221;0&#8243; uncode_shortcode_id=&#8221;105496&#8243;][vc_column_inner width=&#8221;1\/1&#8243;][\/vc_column_inner][\/vc_row_inner][vc_row_inner row_inner_height_percent=&#8221;0&#8243; back_color=&#8221;accent&#8221; overlay_alpha=&#8221;50&#8243; gutter_size=&#8221;3&#8243; shift_y=&#8221;0&#8243; z_index=&#8221;0&#8243; uncode_shortcode_id=&#8221;495153&#8243; back_color_type=&#8221;uncode-palette&#8221;][vc_column_inner column_width_percent=&#8221;100&#8243; position_vertical=&#8221;middle&#8221; align_horizontal=&#8221;align_center&#8221; gutter_size=&#8221;3&#8243; overlay_alpha=&#8221;50&#8243; shift_x=&#8221;0&#8243; shift_y=&#8221;0&#8243; shift_y_down=&#8221;0&#8243; z_index=&#8221;0&#8243; medium_width=&#8221;0&#8243; mobile_width=&#8221;0&#8243; width=&#8221;1\/1&#8243; uncode_shortcode_id=&#8221;385784&#8243; css=&#8221;.vc_custom_1667909949073{padding-top: 0.5em !important;padding-bottom: 0.5em !important;}&#8221;][vc_column_text uncode_shortcode_id=&#8221;178419&#8243;]<span style=\"color: #ffffff; font-weight: 500;\">Mittelwegring 31, 76751 Jockgrim<\/span>[\/vc_column_text][\/vc_column_inner][\/vc_row_inner][\/vc_column][\/vc_row][vc_row unlock_row_content=&#8221;yes&#8221; row_height_percent=&#8221;100&#8243; overlay_alpha=&#8221;50&#8243; gutter_size=&#8221;3&#8243; column_width_percent=&#8221;100&#8243; shift_y=&#8221;0&#8243; z_index=&#8221;0&#8243; desktop_visibility=&#8221;yes&#8221; medium_visibility=&#8221;yes&#8221; uncode_shortcode_id=&#8221;189386&#8243;][vc_column column_width_percent=&#8221;100&#8243; gutter_size=&#8221;0&#8243; overlay_alpha=&#8221;50&#8243; shift_x=&#8221;0&#8243; shift_y=&#8221;0&#8243; shift_y_down=&#8221;0&#8243; z_index=&#8221;0&#8243; medium_width=&#8221;0&#8243; mobile_width=&#8221;0&#8243; width=&#8221;1\/1&#8243; uncode_shortcode_id=&#8221;140038&#8243; link_to=&#8221;url:https%3A%2F%2Fwww.google.com%2Fmaps%2Fplace%2FGoldeneye%2BPermanent%2BSystem%2BGmbH%2F%4049.0820868%2C8.2610981%2C17z%2Fdata%3D!3m1!4b1!4m5!3m4!1s0x4797aab0fa834943%3A0xfc626d4d1282f9f5!8m2!3d49.0820833!4d8.2632922|title:bdr%20Beauty|target:_blank&#8221;][vc_row_inner][vc_column_inner width=&#8221;1\/1&#8243;][vc_single_image media=&#8221;85369&#8243; media_width_percent=&#8221;100&#8243; media_ratio=&#8221;one-one&#8221; uncode_shortcode_id=&#8221;295299&#8243;][\/vc_column_inner][\/vc_row_inner][vc_row_inner row_inner_height_percent=&#8221;0&#8243; back_color=&#8221;accent&#8221; overlay_alpha=&#8221;50&#8243; gutter_size=&#8221;3&#8243; shift_y=&#8221;0&#8243; z_index=&#8221;0&#8243; uncode_shortcode_id=&#8221;495153&#8243; back_color_type=&#8221;uncode-palette&#8221;][vc_column_inner column_width_percent=&#8221;100&#8243; position_vertical=&#8221;middle&#8221; align_horizontal=&#8221;align_center&#8221; gutter_size=&#8221;3&#8243; overlay_alpha=&#8221;50&#8243; shift_x=&#8221;0&#8243; shift_y=&#8221;0&#8243; shift_y_down=&#8221;0&#8243; z_index=&#8221;0&#8243; medium_width=&#8221;0&#8243; mobile_width=&#8221;0&#8243; width=&#8221;1\/1&#8243; uncode_shortcode_id=&#8221;385784&#8243; css=&#8221;.vc_custom_1667909949073{padding-top: 0.5em !important;padding-bottom: 0.5em !important;}&#8221;][vc_column_text uncode_shortcode_id=&#8221;178419&#8243;]<span style=\"color: #ffffff; font-weight: 500;\">Mittelwegring 31, 76751 Jockgrim<\/span>[\/vc_column_text][\/vc_column_inner][\/vc_row_inner][\/vc_column][\/vc_row][vc_row row_height_percent=&#8221;0&#8243; override_padding=&#8221;yes&#8221; h_padding=&#8221;3&#8243; top_padding=&#8221;2&#8243; bottom_padding=&#8221;3&#8243; overlay_alpha=&#8221;50&#8243; gutter_size=&#8221;3&#8243; column_width_percent=&#8221;100&#8243; shift_y=&#8221;0&#8243; z_index=&#8221;0&#8243; uncode_shortcode_id=&#8221;318202&#8243;][vc_column column_width_percent=&#8221;100&#8243; gutter_size=&#8221;3&#8243; overlay_alpha=&#8221;50&#8243; shift_x=&#8221;0&#8243; shift_y=&#8221;0&#8243; shift_y_down=&#8221;0&#8243; z_index=&#8221;0&#8243; medium_width=&#8221;0&#8243; mobile_width=&#8221;0&#8243; width=&#8221;1\/2&#8243;][vc_custom_heading text_weight=&#8221;300&#8243; uncode_shortcode_id=&#8221;195557&#8243;]Kontaktirajte nas![\/vc_custom_heading]\n<div class=\"wpcf7 no-js\" id=\"wpcf7-f90607-o1\" lang=\"de-DE\" dir=\"ltr\" data-wpcf7-id=\"90607\">\n<div class=\"screen-reader-response\"><p role=\"status\" aria-live=\"polite\" aria-atomic=\"true\"><\/p> <ul><\/ul><\/div>\n<form action=\"\/hr\/wp-json\/wp\/v2\/pages\/90603#wpcf7-f90607-o1\" method=\"post\" class=\"wpcf7-form init\" aria-label=\"Kontaktformular\" novalidate=\"novalidate\" data-status=\"init\">\n<div style=\"display: none;\">\n<input type=\"hidden\" name=\"_wpcf7\" value=\"90607\" \/>\n<input type=\"hidden\" name=\"_wpcf7_version\" value=\"6.0.6\" \/>\n<input type=\"hidden\" name=\"_wpcf7_locale\" value=\"de_DE\" \/>\n<input type=\"hidden\" name=\"_wpcf7_unit_tag\" value=\"wpcf7-f90607-o1\" \/>\n<input type=\"hidden\" name=\"_wpcf7_container_post\" value=\"0\" \/>\n<input type=\"hidden\" name=\"_wpcf7_posted_data_hash\" value=\"\" \/>\n<\/div>\n<div class=\"wpcf7-inline-wrapper\">\n\t<p class=\"wpcf7-inline-field\"><span class=\"wpcf7-form-control-wrap\" data-name=\"your-firstname\"><input size=\"40\" maxlength=\"400\" class=\"wpcf7-form-control wpcf7-text wpcf7-validates-as-required\" aria-required=\"true\" aria-invalid=\"false\" placeholder=\"Va\u0161e ime\" value=\"\" type=\"text\" name=\"your-firstname\" \/><\/span>\n\t<\/p>\n\t<p class=\"wpcf7-inline-field\"><span class=\"wpcf7-form-control-wrap\" data-name=\"your-lastname\"><input size=\"40\" maxlength=\"400\" class=\"wpcf7-form-control wpcf7-text wpcf7-validates-as-required\" aria-required=\"true\" aria-invalid=\"false\" placeholder=\"Tvoje prezime\" value=\"\" type=\"text\" name=\"your-lastname\" \/><\/span>\n\t<\/p>\n<\/div>\n<p><span id=\"wpcf7-69f0cb0b232bf-wrapper\" class=\"wpcf7-form-control-wrap first-name-wrap\" style=\"display:none !important; visibility:hidden !important;\"><label for=\"wpcf7-69f0cb0b232bf-field\" class=\"hp-message\">Bitte lasse dieses Feld leer.<\/label><input id=\"wpcf7-69f0cb0b232bf-field\"  class=\"wpcf7-form-control wpcf7-text\" type=\"text\" name=\"first-name\" value=\"\" size=\"40\" tabindex=\"-1\" autocomplete=\"new-password\" \/><\/span><br \/>\n<span id=\"wpcf7-69f0cb0b2332a-wrapper\" class=\"wpcf7-form-control-wrap last-name-wrap\" style=\"display:none !important; visibility:hidden !important;\"><label for=\"wpcf7-69f0cb0b2332a-field\" class=\"hp-message\">Bitte lasse dieses Feld leer.<\/label><input id=\"wpcf7-69f0cb0b2332a-field\"  class=\"wpcf7-form-control wpcf7-text\" type=\"text\" name=\"last-name\" value=\"\" size=\"40\" tabindex=\"-1\" autocomplete=\"new-password\" \/><\/span>\n<\/p>\n<div class=\"wpcf7-inline-wrapper\">\n\t<p class=\"wpcf7-inline-field\"><span class=\"wpcf7-form-control-wrap\" data-name=\"your-email\"><input size=\"40\" maxlength=\"400\" class=\"wpcf7-form-control wpcf7-email wpcf7-validates-as-required wpcf7-text wpcf7-validates-as-email\" aria-required=\"true\" aria-invalid=\"false\" placeholder=\"E-Mail\" value=\"\" type=\"email\" name=\"your-email\" \/><\/span>\n\t<\/p>\n\t<p class=\"wpcf7-inline-field\"><span class=\"wpcf7-form-control-wrap\" data-name=\"your-website\"><input size=\"40\" maxlength=\"400\" class=\"wpcf7-form-control wpcf7-text\" aria-invalid=\"false\" placeholder=\"web stranica\" value=\"\" type=\"text\" name=\"your-website\" \/><\/span>\n\t<\/p>\n<\/div>\n<p><span class=\"wpcf7-form-control-wrap\" data-name=\"menu-807\"><select class=\"wpcf7-form-control wpcf7-select wpcf7-validates-as-required\" aria-required=\"true\" aria-invalid=\"false\" name=\"menu-807\"><option value=\"zahtjev za kontakt\">zahtjev za kontakt<\/option><option value=\"zahtjev za proizvod\">zahtjev za proizvod<\/option><option value=\"tretmani\">tretmani<\/option><\/select><\/span>\n<\/p>\n<p><span class=\"wpcf7-form-control-wrap\" data-name=\"your-message\"><textarea cols=\"40\" rows=\"10\" maxlength=\"2000\" class=\"wpcf7-form-control wpcf7-textarea\" aria-invalid=\"false\" placeholder=\"tvoja poruka\" name=\"your-message\"><\/textarea><\/span>\n<\/p>\n<p><span class=\"wpcf7-form-control-wrap\" data-name=\"accept-this-1\"><span class=\"wpcf7-form-control wpcf7-acceptance\"><span class=\"wpcf7-list-item\"><label><input type=\"checkbox\" name=\"accept-this-1\" value=\"1\" aria-invalid=\"false\" \/><span class=\"wpcf7-list-item-label\">Za kori\u0161tenje kontakt obrasca potvrdite na\u0161 <a href=\"#\">Za\u0161tita podataka<\/a>.<\/span><\/label><\/span><\/span><\/span>\n<\/p>\n<p><input class=\"wpcf7-form-control wpcf7-submit has-spinner btn btn-accent btn-block\" type=\"submit\" value=\"Poslati\" \/>\n<\/p><div class=\"wpcf7-response-output\" aria-hidden=\"true\"><\/div>\n<\/form>\n<\/div>\n[\/vc_column][vc_column width=&#8221;1\/2&#8243;][vc_custom_heading text_weight=&#8221;300&#8243;]bdr\u00ae \u2014 The Medical Beauty Concept[\/vc_custom_heading][vc_column_text uncode_shortcode_id=&#8221;135529&#8243;]\u017delite li vi\u0161e informacija ili samo \u017eelite stupiti u kontakt s nama: Ljubazni bdr tim rado \u0107e vam pomo\u0107i i stupiti u kontakt s vama u najkra\u0107em mogu\u0107em roku. Zadovoljstvo nam je biti vam na usluzi.<\/p>\n<p><strong>bdr\u00ae \u2013 Medical Beauty by<br \/>\nGoldeneye Permanent System GmbH<\/strong><br \/>\nMittelwegring 31<br \/>\n76751 Jockgrim<\/p>\n<p>Telefon 07271 \/ 98999 10<br \/>\ninfo@goldeneye.de[\/vc_column_text][\/vc_column][\/vc_row]<\/p>\n<\/div>","protected":false},"excerpt":{"rendered":"<p>[vc_row unlock_row_content=&#8221;yes&#8221; row_height_percent=&#8221;100&#8243; overlay_alpha=&#8221;50&#8243; gutter_size=&#8221;3&#8243; column_width_percent=&#8221;100&#8243; shift_y=&#8221;0&#8243; z_index=&#8221;0&#8243; medium_visibility=&#8221;yes&#8221; mobile_visibility=&#8221;yes&#8221; uncode_shortcode_id=&#8221;359081&#8243;][vc_column column_width_percent=&#8221;100&#8243; gutter_size=&#8221;0&#8243; overlay_alpha=&#8221;50&#8243; shift_x=&#8221;0&#8243; shift_y=&#8221;0&#8243; shift_y_down=&#8221;0&#8243; z_index=&#8221;0&#8243; medium_width=&#8221;0&#8243; mobile_width=&#8221;0&#8243; [&hellip;]<\/p>\n","protected":false},"author":2,"featured_media":0,"parent":90590,"menu_order":0,"comment_status":"closed","ping_status":"closed","template":"","meta":{"footnotes":""},"class_list":["post-90603","page","type-page","status-publish","hentry"],"yoast_head":"<!-- This site is optimized with the Yoast SEO plugin v24.6 - https:\/\/yoast.com\/wordpress\/plugins\/seo\/ -->\n<title>Kontakt - bdr medical beauty<\/title>\n<meta name=\"robots\" content=\"index, follow, max-snippet:-1, max-image-preview:large, max-video-preview:-1\" \/>\n<link rel=\"canonical\" href=\"https:\/\/bdr-beauty.de\/hr\/bdr-the-medical-beauty-concept\/kontakt\/\" \/>\n<meta property=\"og:locale\" content=\"hr_HR\" \/>\n<meta property=\"og:type\" content=\"article\" \/>\n<meta property=\"og:title\" content=\"Kontakt - bdr medical beauty\" \/>\n<meta property=\"og:description\" content=\"[vc_row unlock_row_content=&#8221;yes&#8221; row_height_percent=&#8221;100&#8243; overlay_alpha=&#8221;50&#8243; gutter_size=&#8221;3&#8243; column_width_percent=&#8221;100&#8243; shift_y=&#8221;0&#8243; z_index=&#8221;0&#8243; medium_visibility=&#8221;yes&#8221; mobile_visibility=&#8221;yes&#8221; uncode_shortcode_id=&#8221;359081&#8243;][vc_column column_width_percent=&#8221;100&#8243; gutter_size=&#8221;0&#8243; overlay_alpha=&#8221;50&#8243; shift_x=&#8221;0&#8243; shift_y=&#8221;0&#8243; shift_y_down=&#8221;0&#8243; z_index=&#8221;0&#8243; medium_width=&#8221;0&#8243; mobile_width=&#8221;0&#8243; [&hellip;]\" \/>\n<meta property=\"og:url\" content=\"https:\/\/bdr-beauty.de\/hr\/bdr-the-medical-beauty-concept\/kontakt\/\" \/>\n<meta property=\"og:site_name\" content=\"bdr medical beauty\" \/>\n<meta property=\"article:modified_time\" content=\"2023-06-06T13:39:03+00:00\" \/>\n<meta name=\"twitter:card\" content=\"summary_large_image\" \/>\n<meta name=\"twitter:label1\" content=\"Procijenjeno vrijeme \u010ditanja\" \/>\n\t<meta name=\"twitter:data1\" content=\"2 minute\" \/>\n<script type=\"application\/ld+json\" class=\"yoast-schema-graph\">{\"@context\":\"https:\/\/schema.org\",\"@graph\":[{\"@type\":\"WebPage\",\"@id\":\"https:\/\/bdr-beauty.de\/hr\/bdr-the-medical-beauty-concept\/kontakt\/\",\"url\":\"https:\/\/bdr-beauty.de\/hr\/bdr-the-medical-beauty-concept\/kontakt\/\",\"name\":\"Kontakt - bdr medical beauty\",\"isPartOf\":{\"@id\":\"https:\/\/bdr-beauty.de\/hr\/#website\"},\"datePublished\":\"2023-06-06T13:21:44+00:00\",\"dateModified\":\"2023-06-06T13:39:03+00:00\",\"breadcrumb\":{\"@id\":\"https:\/\/bdr-beauty.de\/hr\/bdr-the-medical-beauty-concept\/kontakt\/#breadcrumb\"},\"inLanguage\":\"hr\",\"potentialAction\":[{\"@type\":\"ReadAction\",\"target\":[\"https:\/\/bdr-beauty.de\/hr\/bdr-the-medical-beauty-concept\/kontakt\/\"]}]},{\"@type\":\"BreadcrumbList\",\"@id\":\"https:\/\/bdr-beauty.de\/hr\/bdr-the-medical-beauty-concept\/kontakt\/#breadcrumb\",\"itemListElement\":[{\"@type\":\"ListItem\",\"position\":1,\"name\":\"Startseite\",\"item\":\"https:\/\/bdr-beauty.de\/hr\/\"},{\"@type\":\"ListItem\",\"position\":2,\"name\":\"bdr\u00ae The Medical Beauty Concept\",\"item\":\"https:\/\/bdr-beauty.de\/hr\/\"},{\"@type\":\"ListItem\",\"position\":3,\"name\":\"Kontakt\"}]},{\"@type\":\"WebSite\",\"@id\":\"https:\/\/bdr-beauty.de\/hr\/#website\",\"url\":\"https:\/\/bdr-beauty.de\/hr\/\",\"name\":\"bdr medical beauty\",\"description\":\"Luxury meets Skincare\",\"potentialAction\":[{\"@type\":\"SearchAction\",\"target\":{\"@type\":\"EntryPoint\",\"urlTemplate\":\"https:\/\/bdr-beauty.de\/hr\/?s={search_term_string}\"},\"query-input\":{\"@type\":\"PropertyValueSpecification\",\"valueRequired\":true,\"valueName\":\"search_term_string\"}}],\"inLanguage\":\"hr\"}]}<\/script>\n<!-- \/ Yoast SEO plugin. -->","yoast_head_json":{"title":"Kontakt - bdr medical beauty","robots":{"index":"index","follow":"follow","max-snippet":"max-snippet:-1","max-image-preview":"max-image-preview:large","max-video-preview":"max-video-preview:-1"},"canonical":"https:\/\/bdr-beauty.de\/hr\/bdr-the-medical-beauty-concept\/kontakt\/","og_locale":"hr_HR","og_type":"article","og_title":"Kontakt - bdr medical beauty","og_description":"[vc_row unlock_row_content=&#8221;yes&#8221; row_height_percent=&#8221;100&#8243; overlay_alpha=&#8221;50&#8243; gutter_size=&#8221;3&#8243; column_width_percent=&#8221;100&#8243; shift_y=&#8221;0&#8243; z_index=&#8221;0&#8243; medium_visibility=&#8221;yes&#8221; mobile_visibility=&#8221;yes&#8221; uncode_shortcode_id=&#8221;359081&#8243;][vc_column column_width_percent=&#8221;100&#8243; gutter_size=&#8221;0&#8243; overlay_alpha=&#8221;50&#8243; shift_x=&#8221;0&#8243; shift_y=&#8221;0&#8243; shift_y_down=&#8221;0&#8243; z_index=&#8221;0&#8243; medium_width=&#8221;0&#8243; mobile_width=&#8221;0&#8243; [&hellip;]","og_url":"https:\/\/bdr-beauty.de\/hr\/bdr-the-medical-beauty-concept\/kontakt\/","og_site_name":"bdr medical beauty","article_modified_time":"2023-06-06T13:39:03+00:00","twitter_card":"summary_large_image","twitter_misc":{"Procijenjeno vrijeme \u010ditanja":"2 minute"},"schema":{"@context":"https:\/\/schema.org","@graph":[{"@type":"WebPage","@id":"https:\/\/bdr-beauty.de\/hr\/bdr-the-medical-beauty-concept\/kontakt\/","url":"https:\/\/bdr-beauty.de\/hr\/bdr-the-medical-beauty-concept\/kontakt\/","name":"Kontakt - bdr medical beauty","isPartOf":{"@id":"https:\/\/bdr-beauty.de\/hr\/#website"},"datePublished":"2023-06-06T13:21:44+00:00","dateModified":"2023-06-06T13:39:03+00:00","breadcrumb":{"@id":"https:\/\/bdr-beauty.de\/hr\/bdr-the-medical-beauty-concept\/kontakt\/#breadcrumb"},"inLanguage":"hr","potentialAction":[{"@type":"ReadAction","target":["https:\/\/bdr-beauty.de\/hr\/bdr-the-medical-beauty-concept\/kontakt\/"]}]},{"@type":"BreadcrumbList","@id":"https:\/\/bdr-beauty.de\/hr\/bdr-the-medical-beauty-concept\/kontakt\/#breadcrumb","itemListElement":[{"@type":"ListItem","position":1,"name":"Startseite","item":"https:\/\/bdr-beauty.de\/hr\/"},{"@type":"ListItem","position":2,"name":"bdr\u00ae The Medical Beauty Concept","item":"https:\/\/bdr-beauty.de\/hr\/"},{"@type":"ListItem","position":3,"name":"Kontakt"}]},{"@type":"WebSite","@id":"https:\/\/bdr-beauty.de\/hr\/#website","url":"https:\/\/bdr-beauty.de\/hr\/","name":"bdr medical beauty","description":"Luxury meets Skincare","potentialAction":[{"@type":"SearchAction","target":{"@type":"EntryPoint","urlTemplate":"https:\/\/bdr-beauty.de\/hr\/?s={search_term_string}"},"query-input":{"@type":"PropertyValueSpecification","valueRequired":true,"valueName":"search_term_string"}}],"inLanguage":"hr"}]}},"_links":{"self":[{"href":"https:\/\/bdr-beauty.de\/hr\/wp-json\/wp\/v2\/pages\/90603","targetHints":{"allow":["GET"]}}],"collection":[{"href":"https:\/\/bdr-beauty.de\/hr\/wp-json\/wp\/v2\/pages"}],"about":[{"href":"https:\/\/bdr-beauty.de\/hr\/wp-json\/wp\/v2\/types\/page"}],"author":[{"embeddable":true,"href":"https:\/\/bdr-beauty.de\/hr\/wp-json\/wp\/v2\/users\/2"}],"replies":[{"embeddable":true,"href":"https:\/\/bdr-beauty.de\/hr\/wp-json\/wp\/v2\/comments?post=90603"}],"version-history":[{"count":4,"href":"https:\/\/bdr-beauty.de\/hr\/wp-json\/wp\/v2\/pages\/90603\/revisions"}],"predecessor-version":[{"id":90608,"href":"https:\/\/bdr-beauty.de\/hr\/wp-json\/wp\/v2\/pages\/90603\/revisions\/90608"}],"up":[{"embeddable":true,"href":"https:\/\/bdr-beauty.de\/hr\/wp-json\/wp\/v2\/pages\/90590"}],"wp:attachment":[{"href":"https:\/\/bdr-beauty.de\/hr\/wp-json\/wp\/v2\/media?parent=90603"}],"curies":[{"name":"wp","href":"https:\/\/api.w.org\/{rel}","templated":true}]}}