{"id":90612,"date":"2023-06-06T15:46:02","date_gmt":"2023-06-06T13:46:02","guid":{"rendered":"https:\/\/bdr-beauty.de\/?page_id=90612"},"modified":"2023-06-06T16:40:30","modified_gmt":"2023-06-06T14:40:30","slug":"tretmani","status":"publish","type":"page","link":"https:\/\/bdr-beauty.de\/hr\/bdr-the-medical-beauty-concept\/tretmani\/","title":{"rendered":"tretmani"},"content":{"rendered":"<div class=\"wpb-content-wrapper\"><p>[vc_row row_height_percent=&#8221;0&#8243; override_padding=&#8221;yes&#8221; h_padding=&#8221;2&#8243; top_padding=&#8221;3&#8243; bottom_padding=&#8221;3&#8243; back_color=&#8221;color-lxmt&#8221; overlay_alpha=&#8221;50&#8243; gutter_size=&#8221;3&#8243; column_width_percent=&#8221;100&#8243; shift_y=&#8221;0&#8243; z_index=&#8221;0&#8243; row_name=&#8221;Behandlungen&#8221;][vc_column column_width_percent=&#8221;100&#8243; position_horizontal=&#8221;left&#8221; position_vertical=&#8221;middle&#8221; gutter_size=&#8221;3&#8243; overlay_alpha=&#8221;50&#8243; shift_x=&#8221;0&#8243; shift_y=&#8221;0&#8243; shift_y_down=&#8221;0&#8243; z_index=&#8221;0&#8243; medium_width=&#8221;0&#8243; mobile_width=&#8221;0&#8243; width=&#8221;1\/1&#8243;][vc_row_inner row_inner_height_percent=&#8221;0&#8243; overlay_alpha=&#8221;50&#8243; gutter_size=&#8221;4&#8243; shift_y=&#8221;0&#8243; z_index=&#8221;0&#8243;][vc_column_inner column_width_percent=&#8221;100&#8243; position_horizontal=&#8221;left&#8221; position_vertical=&#8221;middle&#8221; gutter_size=&#8221;2&#8243; overlay_alpha=&#8221;50&#8243; shift_x=&#8221;0&#8243; shift_y=&#8221;0&#8243; shift_y_down=&#8221;0&#8243; z_index=&#8221;0&#8243; medium_width=&#8221;0&#8243; mobile_width=&#8221;0&#8243; width=&#8221;5\/6&#8243;][vc_custom_heading text_size=&#8221;fontsize-155944&#8243; text_weight=&#8221;300&#8243;]The Medical Beauty Concept[\/vc_custom_heading][vc_custom_heading text_size=&#8221;h4&#8243; text_weight=&#8221;300&#8243; text_height=&#8221;fontheight-357766&#8243; uncode_shortcode_id=&#8221;335069&#8243;]Do sada su druge metode i proizvodi bili neuspje\u0161ni jer se nisu mogli uvesti dovoljno duboko u one slojeve ko\u017ee gdje su doista potrebni kako bi omogu\u0107ili trajni i intenzivni uspjeh njege. bdr\u00ae je uspio prevladati ovu prepreku. Laboratoriji bdr\u00ae stvorili su potpuno novu seriju biotehnolo\u0161kih dermaceutika.<\/p>\n<p>&nbsp;<\/p>\n<p>Inovativna tehnologija emulzije kombinira najvrjednije prirodne sastojke s mikromolekularno optimiziranim esencijama. Tim stru\u010dnjaka razvio je kombinaciju moderne tehnologije paramedicinskih ure\u0111aja i seruma s dermaceutskim aktivnim sastojkom koji ostvaruju san: vra\u0107anje starenja ko\u017ee. Vratite vrijeme unatrag uz bdr\u00ae.<\/p>\n<p>Neka vas va\u0161 bdr\u00ae institut savjetuje.[\/vc_custom_heading][\/vc_column_inner][vc_column_inner width=&#8221;1\/6&#8243;][\/vc_column_inner][\/vc_row_inner][\/vc_column][\/vc_row][vc_row row_height_percent=&#8221;0&#8243; override_padding=&#8221;yes&#8221; h_padding=&#8221;2&#8243; top_padding=&#8221;3&#8243; bottom_padding=&#8221;3&#8243; overlay_alpha=&#8221;50&#8243; gutter_size=&#8221;3&#8243; column_width_percent=&#8221;100&#8243; shift_y=&#8221;0&#8243; z_index=&#8221;0&#8243; row_name=&#8221;Behandlungs\u00fcbersicht&#8221;][vc_column width=&#8221;1\/1&#8243;][vc_custom_heading text_size=&#8221;fontsize-155944&#8243; text_weight=&#8221;300&#8243; uncode_shortcode_id=&#8221;197792&#8243;]bdr Pregled lije\u010denja[\/vc_custom_heading][\/vc_column][\/vc_row][vc_row row_height_percent=&#8221;0&#8243; override_padding=&#8221;yes&#8221; h_padding=&#8221;2&#8243; top_padding=&#8221;3&#8243; bottom_padding=&#8221;3&#8243; overlay_alpha=&#8221;50&#8243; gutter_size=&#8221;3&#8243; column_width_percent=&#8221;100&#8243; shift_y=&#8221;0&#8243; z_index=&#8221;0&#8243;][vc_column width=&#8221;1\/1&#8243;][vc_row_inner row_inner_height_percent=&#8221;0&#8243; overlay_alpha=&#8221;100&#8243; gutter_size=&#8221;4&#8243; shift_y=&#8221;0&#8243; z_index=&#8221;0&#8243;][vc_column_inner width=&#8221;1\/3&#8243;][vc_icon icon_image=&#8221;83133&#8243; heading_semantic=&#8221;h2&#8243; text_font=&#8221;font-762333&#8243; text_size=&#8221;h1&#8243; text_weight=&#8221;300&#8243; text_lead=&#8221;yes&#8221; title=&#8221;Fresh &amp; Glow&#8221;][\/vc_icon][vc_custom_heading heading_semantic=&#8221;h4&#8243; text_size=&#8221;h4&#8243; text_height=&#8221;fontheight-357766&#8243; uncode_shortcode_id=&#8221;272623&#8243;]Idealan po\u010detni tretman za savr\u0161en rezultat ko\u017ee u najkra\u0107em mogu\u0107em roku.[\/vc_custom_heading][\/vc_column_inner][vc_column_inner width=&#8221;1\/3&#8243;][vc_icon icon_image=&#8221;83134&#8243; heading_semantic=&#8221;h2&#8243; text_font=&#8221;font-762333&#8243; text_size=&#8221;h1&#8243; text_weight=&#8221;300&#8243; text_lead=&#8221;yes&#8221; title=&#8221;Basic &amp; Sensetive&#8221;][\/vc_icon][vc_custom_heading heading_semantic=&#8221;h4&#8243; text_size=&#8221;h4&#8243; text_height=&#8221;fontheight-357766&#8243; uncode_shortcode_id=&#8221;945960&#8243;]Poseban tretman za vrlo osjetljivu, osjetljivu, pocrvenjelu, optere\u0107enu i alergijama sklonu ko\u017eu.[\/vc_custom_heading][\/vc_column_inner][vc_column_inner width=&#8221;1\/3&#8243;][vc_icon icon_image=&#8221;83135&#8243; heading_semantic=&#8221;h2&#8243; text_font=&#8221;font-762333&#8243; text_size=&#8221;h1&#8243; text_weight=&#8221;300&#8243; text_lead=&#8221;yes&#8221; title=&#8221;Clear &amp; Fresh&#8221;][\/vc_icon][vc_custom_heading heading_semantic=&#8221;h4&#8243; text_size=&#8221;h4&#8243; text_height=&#8221;fontheight-357766&#8243; uncode_shortcode_id=&#8221;712560&#8243;]Poseban tretman za problemati\u010dnu ko\u017eu koja je izrazito masna i sklona ne\u010disto\u0107ama.[\/vc_custom_heading][\/vc_column_inner][\/vc_row_inner][\/vc_column][\/vc_row][vc_row row_height_percent=&#8221;0&#8243; override_padding=&#8221;yes&#8221; h_padding=&#8221;2&#8243; top_padding=&#8221;2&#8243; bottom_padding=&#8221;3&#8243; overlay_alpha=&#8221;50&#8243; gutter_size=&#8221;3&#8243; column_width_percent=&#8221;100&#8243; shift_y=&#8221;0&#8243; z_index=&#8221;0&#8243;][vc_column width=&#8221;1\/1&#8243;][vc_row_inner row_inner_height_percent=&#8221;0&#8243; overlay_alpha=&#8221;100&#8243; gutter_size=&#8221;4&#8243; shift_y=&#8221;0&#8243; z_index=&#8221;0&#8243;][vc_column_inner width=&#8221;1\/3&#8243;][vc_icon icon_image=&#8221;83136&#8243; heading_semantic=&#8221;h2&#8243; text_font=&#8221;font-762333&#8243; text_size=&#8221;h1&#8243; text_weight=&#8221;300&#8243; text_lead=&#8221;yes&#8221; title=&#8221;Cell Repair&#8221;][\/vc_icon][vc_custom_heading heading_semantic=&#8221;h4&#8243; text_size=&#8221;h4&#8243; text_height=&#8221;fontheight-357766&#8243; uncode_shortcode_id=&#8221;173792&#8243;]Zbog kombinacije aktivnih sastojaka koji daju energiju ovaj je tretman idealan za izgradnju i za\u0161titu ko\u017ee. Blijeda, umorna i suncem o\u0161te\u0107ena ko\u017ea osjetno je i vidljivo pobolj\u0161ana i regenerirana.[\/vc_custom_heading][\/vc_column_inner][vc_column_inner width=&#8221;1\/3&#8243;][vc_icon icon_image=&#8221;83137&#8243; heading_semantic=&#8221;h2&#8243; text_font=&#8221;font-762333&#8243; text_size=&#8221;h1&#8243; text_weight=&#8221;300&#8243; text_lead=&#8221;yes&#8221; title=&#8221;Age Control&#8221;][\/vc_icon][vc_custom_heading heading_semantic=&#8221;h4&#8243; text_size=&#8221;h4&#8243; text_height=&#8221;fontheight-357766&#8243; uncode_shortcode_id=&#8221;698352&#8243;]Do\u017eivite tretman za zahtjevnu ko\u017eu koja tra\u017ei novu mladolikost i vra\u0107a je u top formu.[\/vc_custom_heading][\/vc_column_inner][vc_column_inner width=&#8221;1\/3&#8243;][vc_icon icon_image=&#8221;83138&#8243; heading_semantic=&#8221;h2&#8243; text_font=&#8221;font-762333&#8243; text_size=&#8221;h1&#8243; text_weight=&#8221;300&#8243; text_lead=&#8221;yes&#8221; title=&#8221;Focus Special&#8221;][\/vc_icon][vc_custom_heading heading_semantic=&#8221;h4&#8243; text_size=&#8221;h4&#8243; text_height=&#8221;fontheight-357766&#8243; uncode_shortcode_id=&#8221;202356&#8243;]Usredoto\u010dite se na pojedina\u010dna podru\u010dja ko\u017ee pod stresom kao \u0161to su o\u010di, usne, \u010delo i vrat. Pobolj\u0161an je i izgled o\u017eiljaka.[\/vc_custom_heading][\/vc_column_inner][\/vc_row_inner][\/vc_column][\/vc_row][vc_row row_height_percent=&#8221;15&#8243; override_padding=&#8221;yes&#8221; h_padding=&#8221;2&#8243; top_padding=&#8221;3&#8243; bottom_padding=&#8221;3&#8243; back_image=&#8221;83311&#8243; overlay_alpha=&#8221;50&#8243; gutter_size=&#8221;3&#8243; column_width_percent=&#8221;100&#8243; shift_y=&#8221;0&#8243; z_index=&#8221;0&#8243;][vc_column width=&#8221;1\/1&#8243;][vc_row_inner][vc_column_inner width=&#8221;1\/2&#8243;][\/vc_column_inner][vc_column_inner column_width_percent=&#8221;100&#8243; align_horizontal=&#8221;align_center&#8221; gutter_size=&#8221;3&#8243; overlay_alpha=&#8221;50&#8243; shift_x=&#8221;0&#8243; shift_y=&#8221;0&#8243; shift_y_down=&#8221;0&#8243; z_index=&#8221;0&#8243; medium_width=&#8221;0&#8243; mobile_width=&#8221;0&#8243; width=&#8221;1\/2&#8243;][vc_custom_heading text_size=&#8221;fontsize-155944&#8243; text_weight=&#8221;300&#8243; uncode_shortcode_id=&#8221;159446&#8243;]bdr\u00ae koncept lije\u010denja[\/vc_custom_heading][vc_custom_heading heading_semantic=&#8221;h4&#8243; text_size=&#8221;h4&#8243; text_height=&#8221;fontheight-357766&#8243; uncode_shortcode_id=&#8221;753898&#8243;]Dermaceutika je puno vi\u0161e od kozmetike.<br \/>\nSvi bdr\u00ae tretmani tretiraju razli\u010dite potrebe ko\u017ee.[\/vc_custom_heading][\/vc_column_inner][\/vc_row_inner][\/vc_column][\/vc_row][vc_row row_height_percent=&#8221;0&#8243; override_padding=&#8221;yes&#8221; h_padding=&#8221;2&#8243; top_padding=&#8221;3&#8243; bottom_padding=&#8221;3&#8243; overlay_alpha=&#8221;50&#8243; gutter_size=&#8221;3&#8243; column_width_percent=&#8221;100&#8243; shift_y=&#8221;0&#8243; z_index=&#8221;0&#8243; row_name=&#8221;bdr Institute&#8221;][vc_column width=&#8221;1\/4&#8243;][\/vc_column][vc_column column_width_percent=&#8221;100&#8243; align_horizontal=&#8221;align_center&#8221; gutter_size=&#8221;3&#8243; overlay_alpha=&#8221;50&#8243; shift_x=&#8221;0&#8243; shift_y=&#8221;0&#8243; shift_y_down=&#8221;0&#8243; z_index=&#8221;0&#8243; medium_width=&#8221;0&#8243; mobile_width=&#8221;0&#8243; width=&#8221;1\/2&#8243;][vc_icon icon_image=&#8221;83143&#8243; heading_semantic=&#8221;h2&#8243; text_size=&#8221;h1&#8243; text_weight=&#8221;300&#8243; text_lead=&#8221;yes&#8221; title=&#8221;Ovdje prona\u0111ite svoj bdr\u00ae institut u svojoj blizini&#8221; uncode_shortcode_id=&#8221;156827&#8243;]Va\u0161 savjetnik za dermaceutsku regeneraciju rado \u0107e vas savjetovati.[\/vc_icon][vc_button button_color=&#8221;accent&#8221; radius=&#8221;btn-round&#8221; wide=&#8221;yes&#8221; hover_fx=&#8221;outlined&#8221; outline=&#8221;yes&#8221; border_width=&#8221;0&#8243; link=&#8221;url:%2Fstorefinder%2F|title:Storefinder&#8221; button_color_type=&#8221;uncode-palette&#8221; uncode_shortcode_id=&#8221;605955&#8243;]prona\u0107i institut[\/vc_button][\/vc_column][vc_column width=&#8221;1\/4&#8243;][\/vc_column][\/vc_row]<\/p>\n<\/div>","protected":false},"excerpt":{"rendered":"<p>[vc_row row_height_percent=&#8221;0&#8243; override_padding=&#8221;yes&#8221; h_padding=&#8221;2&#8243; top_padding=&#8221;3&#8243; bottom_padding=&#8221;3&#8243; back_color=&#8221;color-lxmt&#8221; overlay_alpha=&#8221;50&#8243; gutter_size=&#8221;3&#8243; column_width_percent=&#8221;100&#8243; shift_y=&#8221;0&#8243; z_index=&#8221;0&#8243; row_name=&#8221;Behandlungen&#8221;][vc_column column_width_percent=&#8221;100&#8243; position_horizontal=&#8221;left&#8221; position_vertical=&#8221;middle&#8221; gutter_size=&#8221;3&#8243; overlay_alpha=&#8221;50&#8243; shift_x=&#8221;0&#8243; shift_y=&#8221;0&#8243; [&hellip;]<\/p>\n","protected":false},"author":2,"featured_media":0,"parent":90590,"menu_order":1,"comment_status":"closed","ping_status":"closed","template":"","meta":{"footnotes":""},"class_list":["post-90612","page","type-page","status-publish","hentry"],"yoast_head":"<!-- This site is optimized with the Yoast SEO plugin v24.6 - https:\/\/yoast.com\/wordpress\/plugins\/seo\/ -->\n<title>tretmani - bdr medical beauty<\/title>\n<meta name=\"robots\" content=\"index, follow, max-snippet:-1, max-image-preview:large, max-video-preview:-1\" \/>\n<link rel=\"canonical\" href=\"https:\/\/bdr-beauty.de\/hr\/bdr-the-medical-beauty-concept\/tretmani\/\" \/>\n<meta property=\"og:locale\" content=\"hr_HR\" \/>\n<meta property=\"og:type\" content=\"article\" \/>\n<meta property=\"og:title\" content=\"tretmani - bdr medical beauty\" \/>\n<meta property=\"og:description\" content=\"[vc_row row_height_percent=&#8221;0&#8243; override_padding=&#8221;yes&#8221; h_padding=&#8221;2&#8243; top_padding=&#8221;3&#8243; bottom_padding=&#8221;3&#8243; back_color=&#8221;color-lxmt&#8221; overlay_alpha=&#8221;50&#8243; gutter_size=&#8221;3&#8243; column_width_percent=&#8221;100&#8243; shift_y=&#8221;0&#8243; z_index=&#8221;0&#8243; row_name=&#8221;Behandlungen&#8221;][vc_column column_width_percent=&#8221;100&#8243; position_horizontal=&#8221;left&#8221; position_vertical=&#8221;middle&#8221; gutter_size=&#8221;3&#8243; overlay_alpha=&#8221;50&#8243; shift_x=&#8221;0&#8243; shift_y=&#8221;0&#8243; [&hellip;]\" \/>\n<meta property=\"og:url\" content=\"https:\/\/bdr-beauty.de\/hr\/bdr-the-medical-beauty-concept\/tretmani\/\" \/>\n<meta property=\"og:site_name\" content=\"bdr medical beauty\" \/>\n<meta property=\"article:modified_time\" content=\"2023-06-06T14:40:30+00:00\" \/>\n<meta name=\"twitter:card\" content=\"summary_large_image\" \/>\n<meta name=\"twitter:label1\" content=\"Procijenjeno vrijeme \u010ditanja\" \/>\n\t<meta name=\"twitter:data1\" content=\"3 minute\" \/>\n<script type=\"application\/ld+json\" class=\"yoast-schema-graph\">{\"@context\":\"https:\/\/schema.org\",\"@graph\":[{\"@type\":\"WebPage\",\"@id\":\"https:\/\/bdr-beauty.de\/hr\/bdr-the-medical-beauty-concept\/tretmani\/\",\"url\":\"https:\/\/bdr-beauty.de\/hr\/bdr-the-medical-beauty-concept\/tretmani\/\",\"name\":\"tretmani - bdr medical beauty\",\"isPartOf\":{\"@id\":\"https:\/\/bdr-beauty.de\/hr\/#website\"},\"datePublished\":\"2023-06-06T13:46:02+00:00\",\"dateModified\":\"2023-06-06T14:40:30+00:00\",\"breadcrumb\":{\"@id\":\"https:\/\/bdr-beauty.de\/hr\/bdr-the-medical-beauty-concept\/tretmani\/#breadcrumb\"},\"inLanguage\":\"hr\",\"potentialAction\":[{\"@type\":\"ReadAction\",\"target\":[\"https:\/\/bdr-beauty.de\/hr\/bdr-the-medical-beauty-concept\/tretmani\/\"]}]},{\"@type\":\"BreadcrumbList\",\"@id\":\"https:\/\/bdr-beauty.de\/hr\/bdr-the-medical-beauty-concept\/tretmani\/#breadcrumb\",\"itemListElement\":[{\"@type\":\"ListItem\",\"position\":1,\"name\":\"Startseite\",\"item\":\"https:\/\/bdr-beauty.de\/hr\/\"},{\"@type\":\"ListItem\",\"position\":2,\"name\":\"bdr\u00ae The Medical Beauty Concept\",\"item\":\"https:\/\/bdr-beauty.de\/hr\/\"},{\"@type\":\"ListItem\",\"position\":3,\"name\":\"tretmani\"}]},{\"@type\":\"WebSite\",\"@id\":\"https:\/\/bdr-beauty.de\/hr\/#website\",\"url\":\"https:\/\/bdr-beauty.de\/hr\/\",\"name\":\"bdr medical beauty\",\"description\":\"Luxury meets Skincare\",\"potentialAction\":[{\"@type\":\"SearchAction\",\"target\":{\"@type\":\"EntryPoint\",\"urlTemplate\":\"https:\/\/bdr-beauty.de\/hr\/?s={search_term_string}\"},\"query-input\":{\"@type\":\"PropertyValueSpecification\",\"valueRequired\":true,\"valueName\":\"search_term_string\"}}],\"inLanguage\":\"hr\"}]}<\/script>\n<!-- \/ Yoast SEO plugin. -->","yoast_head_json":{"title":"tretmani - bdr medical beauty","robots":{"index":"index","follow":"follow","max-snippet":"max-snippet:-1","max-image-preview":"max-image-preview:large","max-video-preview":"max-video-preview:-1"},"canonical":"https:\/\/bdr-beauty.de\/hr\/bdr-the-medical-beauty-concept\/tretmani\/","og_locale":"hr_HR","og_type":"article","og_title":"tretmani - bdr medical beauty","og_description":"[vc_row row_height_percent=&#8221;0&#8243; override_padding=&#8221;yes&#8221; h_padding=&#8221;2&#8243; top_padding=&#8221;3&#8243; bottom_padding=&#8221;3&#8243; back_color=&#8221;color-lxmt&#8221; overlay_alpha=&#8221;50&#8243; gutter_size=&#8221;3&#8243; column_width_percent=&#8221;100&#8243; shift_y=&#8221;0&#8243; z_index=&#8221;0&#8243; row_name=&#8221;Behandlungen&#8221;][vc_column column_width_percent=&#8221;100&#8243; position_horizontal=&#8221;left&#8221; position_vertical=&#8221;middle&#8221; gutter_size=&#8221;3&#8243; overlay_alpha=&#8221;50&#8243; shift_x=&#8221;0&#8243; shift_y=&#8221;0&#8243; [&hellip;]","og_url":"https:\/\/bdr-beauty.de\/hr\/bdr-the-medical-beauty-concept\/tretmani\/","og_site_name":"bdr medical beauty","article_modified_time":"2023-06-06T14:40:30+00:00","twitter_card":"summary_large_image","twitter_misc":{"Procijenjeno vrijeme \u010ditanja":"3 minute"},"schema":{"@context":"https:\/\/schema.org","@graph":[{"@type":"WebPage","@id":"https:\/\/bdr-beauty.de\/hr\/bdr-the-medical-beauty-concept\/tretmani\/","url":"https:\/\/bdr-beauty.de\/hr\/bdr-the-medical-beauty-concept\/tretmani\/","name":"tretmani - bdr medical beauty","isPartOf":{"@id":"https:\/\/bdr-beauty.de\/hr\/#website"},"datePublished":"2023-06-06T13:46:02+00:00","dateModified":"2023-06-06T14:40:30+00:00","breadcrumb":{"@id":"https:\/\/bdr-beauty.de\/hr\/bdr-the-medical-beauty-concept\/tretmani\/#breadcrumb"},"inLanguage":"hr","potentialAction":[{"@type":"ReadAction","target":["https:\/\/bdr-beauty.de\/hr\/bdr-the-medical-beauty-concept\/tretmani\/"]}]},{"@type":"BreadcrumbList","@id":"https:\/\/bdr-beauty.de\/hr\/bdr-the-medical-beauty-concept\/tretmani\/#breadcrumb","itemListElement":[{"@type":"ListItem","position":1,"name":"Startseite","item":"https:\/\/bdr-beauty.de\/hr\/"},{"@type":"ListItem","position":2,"name":"bdr\u00ae The Medical Beauty Concept","item":"https:\/\/bdr-beauty.de\/hr\/"},{"@type":"ListItem","position":3,"name":"tretmani"}]},{"@type":"WebSite","@id":"https:\/\/bdr-beauty.de\/hr\/#website","url":"https:\/\/bdr-beauty.de\/hr\/","name":"bdr medical beauty","description":"Luxury meets Skincare","potentialAction":[{"@type":"SearchAction","target":{"@type":"EntryPoint","urlTemplate":"https:\/\/bdr-beauty.de\/hr\/?s={search_term_string}"},"query-input":{"@type":"PropertyValueSpecification","valueRequired":true,"valueName":"search_term_string"}}],"inLanguage":"hr"}]}},"_links":{"self":[{"href":"https:\/\/bdr-beauty.de\/hr\/wp-json\/wp\/v2\/pages\/90612","targetHints":{"allow":["GET"]}}],"collection":[{"href":"https:\/\/bdr-beauty.de\/hr\/wp-json\/wp\/v2\/pages"}],"about":[{"href":"https:\/\/bdr-beauty.de\/hr\/wp-json\/wp\/v2\/types\/page"}],"author":[{"embeddable":true,"href":"https:\/\/bdr-beauty.de\/hr\/wp-json\/wp\/v2\/users\/2"}],"replies":[{"embeddable":true,"href":"https:\/\/bdr-beauty.de\/hr\/wp-json\/wp\/v2\/comments?post=90612"}],"version-history":[{"count":5,"href":"https:\/\/bdr-beauty.de\/hr\/wp-json\/wp\/v2\/pages\/90612\/revisions"}],"predecessor-version":[{"id":90617,"href":"https:\/\/bdr-beauty.de\/hr\/wp-json\/wp\/v2\/pages\/90612\/revisions\/90617"}],"up":[{"embeddable":true,"href":"https:\/\/bdr-beauty.de\/hr\/wp-json\/wp\/v2\/pages\/90590"}],"wp:attachment":[{"href":"https:\/\/bdr-beauty.de\/hr\/wp-json\/wp\/v2\/media?parent=90612"}],"curies":[{"name":"wp","href":"https:\/\/api.w.org\/{rel}","templated":true}]}}