{"id":90911,"date":"2023-06-15T20:23:48","date_gmt":"2023-06-15T18:23:48","guid":{"rendered":"https:\/\/bdr-beauty.de\/?page_id=90911"},"modified":"2023-06-15T23:03:22","modified_gmt":"2023-06-15T21:03:22","slug":"ciscenje-koze","status":"publish","type":"page","link":"https:\/\/bdr-beauty.de\/hr\/bdr-the-medical-beauty-concept\/ciscenje-koze\/","title":{"rendered":"\u010di\u0161\u0107enje ko\u017ee"},"content":{"rendered":"<div class=\"wpb-content-wrapper\"><p>[vc_row row_height_percent=&#8221;0&#8243; override_padding=&#8221;yes&#8221; h_padding=&#8221;3&#8243; top_padding=&#8221;3&#8243; bottom_padding=&#8221;3&#8243; back_color=&#8221;color-lxmt&#8221; overlay_alpha=&#8221;50&#8243; gutter_size=&#8221;3&#8243; column_width_percent=&#8221;100&#8243; shift_y=&#8221;0&#8243; z_index=&#8221;0&#8243; row_name=&#8221;The Medical Beauty Concept&#8221;][vc_column width=&#8221;1\/1&#8243;][vc_row_inner row_inner_height_percent=&#8221;0&#8243; overlay_alpha=&#8221;50&#8243; gutter_size=&#8221;4&#8243; shift_y=&#8221;0&#8243; z_index=&#8221;0&#8243;][vc_column_inner column_width_percent=&#8221;100&#8243; gutter_size=&#8221;3&#8243; overlay_alpha=&#8221;50&#8243; shift_x=&#8221;0&#8243; shift_y=&#8221;0&#8243; shift_y_down=&#8221;0&#8243; z_index=&#8221;0&#8243; medium_width=&#8221;0&#8243; mobile_width=&#8221;0&#8243; width=&#8221;1\/1&#8243;][vc_custom_heading text_size=&#8221;fontsize-155944&#8243; text_weight=&#8221;300&#8243;]The Medical Beauty Concept[\/vc_custom_heading][vc_custom_heading text_size=&#8221;h4&#8243; text_weight=&#8221;300&#8243; text_height=&#8221;fontheight-357766&#8243; uncode_shortcode_id=&#8221;315572&#8243;]Nje\u017eno i temeljito \u010di\u0161\u0107enje s Re-move ili Re-move PH prvi je i najva\u017eniji korak u pripremi ko\u017ee. Osnova svakog tretmana ljepote je \u010di\u0161\u0107enje. Ujutro i nave\u010der nanijeti na ko\u017eu i isprati mlakom vodom. Ponovno premjestiti za normalnu i suhu ko\u017eu. Re-move PH za masnu, upaljenu, crvenilu i ne\u010distu ko\u017eu.[\/vc_custom_heading][\/vc_column_inner][\/vc_row_inner][\/vc_column][\/vc_row][vc_row row_height_percent=&#8221;0&#8243; override_padding=&#8221;yes&#8221; h_padding=&#8221;2&#8243; top_padding=&#8221;0&#8243; bottom_padding=&#8221;0&#8243; overlay_alpha=&#8221;50&#8243; gutter_size=&#8221;3&#8243; column_width_percent=&#8221;100&#8243; shift_y=&#8221;0&#8243; z_index=&#8221;0&#8243; row_name=&#8221;Re-move&#8221;][vc_column column_width_percent=&#8221;100&#8243; gutter_size=&#8221;3&#8243; override_padding=&#8221;yes&#8221; column_padding=&#8221;2&#8243; overlay_alpha=&#8221;50&#8243; shift_x=&#8221;0&#8243; shift_y=&#8221;0&#8243; shift_y_down=&#8221;0&#8243; z_index=&#8221;0&#8243; medium_width=&#8221;0&#8243; mobile_width=&#8221;0&#8243; width=&#8221;1\/1&#8243;][vc_row_inner row_inner_height_percent=&#8221;0&#8243; back_color=&#8221;color-lxmt&#8221; overlay_alpha=&#8221;50&#8243; equal_height=&#8221;yes&#8221; gutter_size=&#8221;0&#8243; shift_y=&#8221;0&#8243; z_index=&#8221;0&#8243;][vc_column_inner column_width_percent=&#8221;100&#8243; position_vertical=&#8221;middle&#8221; align_horizontal=&#8221;align_center&#8221; gutter_size=&#8221;3&#8243; overlay_alpha=&#8221;50&#8243; shift_x=&#8221;0&#8243; shift_y=&#8221;0&#8243; shift_y_down=&#8221;0&#8243; z_index=&#8221;0&#8243; medium_width=&#8221;0&#8243; mobile_width=&#8221;0&#8243; width=&#8221;1\/2&#8243;][vc_single_image media=&#8221;84371&#8243; media_lightbox=&#8221;yes&#8221; media_width_percent=&#8221;80&#8243; alignment=&#8221;center&#8221; css_animation=&#8221;zoom-in&#8221; lbox_skin=&#8221;white&#8221; uncode_shortcode_id=&#8221;210440&#8243;][\/vc_column_inner][vc_column_inner column_width_percent=&#8221;100&#8243; position_vertical=&#8221;middle&#8221; gutter_size=&#8221;3&#8243; override_padding=&#8221;yes&#8221; column_padding=&#8221;3&#8243; back_color=&#8221;color-lxmt&#8221; overlay_alpha=&#8221;50&#8243; shift_x=&#8221;0&#8243; shift_y=&#8221;0&#8243; shift_y_down=&#8221;0&#8243; z_index=&#8221;0&#8243; medium_width=&#8221;0&#8243; mobile_width=&#8221;0&#8243; width=&#8221;1\/2&#8243;][vc_custom_heading text_size=&#8221;fontsize-155944&#8243; text_weight=&#8221;300&#8243; separator=&#8221;under&#8221; separator_color=&#8221;yes&#8221; sub_reduced=&#8221;yes&#8221; subheading=&#8221;cleanser&#8221;]Re-move[\/vc_custom_heading][vc_column_text uncode_shortcode_id=&#8221;832844&#8243;]Kremasto mlijeko za \u010di\u0161\u0107enje na bazi aloe \u010duva za\u0161titni kiseli sloj ko\u017ee, djeluje umiruju\u0107e i regeneriraju\u0107e. Optimalno se podnosi i prikladno za sve tipove ko\u017ee &#8211; posebno se preporu\u010duje za zrelu i\/ili suhu ko\u017eu i mje\u0161ovitu ko\u017eu. Nanesite ujutro i nave\u010der i uklonite vodom.<\/p>\n<p><strong>Savjet:<\/strong> prikladan i kao sredstvo za uklanjanje \u0161minke!<\/p>\n<p><strong>Zna\u010dajke proizvoda<\/strong> veganski, \u010dista ljepota, zdravo starenje, bez mineralnih ulja, bez parabena, bez silikona, bez alkohola[\/vc_column_text][vc_empty_space empty_h=&#8221;2&#8243;][vc_button button_color=&#8221;accent&#8221; radius=&#8221;btn-square&#8221; hover_fx=&#8221;outlined&#8221; border_width=&#8221;0&#8243; link=&#8221;url:https%3A%2F%2Fbdr-beauty.shop%2Freinigung%2F167%2Fre-move-reinigungsmilch%3Fc%3D63|target:_blank&#8221; button_color_type=&#8221;uncode-palette&#8221; uncode_shortcode_id=&#8221;127827&#8243;]Kupi Re-move[\/vc_button][\/vc_column_inner][\/vc_row_inner][\/vc_column][\/vc_row][vc_row row_height_percent=&#8221;0&#8243; override_padding=&#8221;yes&#8221; h_padding=&#8221;2&#8243; top_padding=&#8221;0&#8243; bottom_padding=&#8221;0&#8243; overlay_alpha=&#8221;50&#8243; gutter_size=&#8221;3&#8243; column_width_percent=&#8221;100&#8243; shift_y=&#8221;0&#8243; z_index=&#8221;0&#8243; row_name=&#8221;Re-move PH&#8221;][vc_column column_width_percent=&#8221;100&#8243; gutter_size=&#8221;3&#8243; override_padding=&#8221;yes&#8221; column_padding=&#8221;2&#8243; overlay_alpha=&#8221;50&#8243; shift_x=&#8221;0&#8243; shift_y=&#8221;0&#8243; shift_y_down=&#8221;0&#8243; z_index=&#8221;0&#8243; medium_width=&#8221;0&#8243; mobile_width=&#8221;0&#8243; width=&#8221;1\/1&#8243;][vc_row_inner row_inner_height_percent=&#8221;0&#8243; back_color=&#8221;color-lxmt&#8221; overlay_alpha=&#8221;50&#8243; equal_height=&#8221;yes&#8221; gutter_size=&#8221;0&#8243; shift_y=&#8221;0&#8243; z_index=&#8221;0&#8243;][vc_column_inner column_width_percent=&#8221;100&#8243; position_vertical=&#8221;middle&#8221; gutter_size=&#8221;3&#8243; override_padding=&#8221;yes&#8221; column_padding=&#8221;3&#8243; back_color=&#8221;color-lxmt&#8221; overlay_alpha=&#8221;50&#8243; shift_x=&#8221;0&#8243; shift_y=&#8221;0&#8243; shift_y_down=&#8221;0&#8243; z_index=&#8221;0&#8243; medium_width=&#8221;0&#8243; mobile_width=&#8221;0&#8243; width=&#8221;1\/2&#8243;][vc_custom_heading text_size=&#8221;fontsize-155944&#8243; text_weight=&#8221;300&#8243; separator=&#8221;under&#8221; separator_color=&#8221;yes&#8221; sub_reduced=&#8221;yes&#8221; subheading=&#8221;pure harmony cleanser&#8221;]Re-move PH[\/vc_custom_heading][vc_column_text uncode_shortcode_id=&#8221;203666&#8243;]Lagano mlijeko za \u010di\u0161\u0107enje s mikroniziranim srebrom i Seboclear\u00ae DB ima u\u010dinak normalizacije sebuma, matiranja i balansiranja. Posebno pogodan za upaljenu, ne\u010distu ko\u017eu kao i osjetljivu ko\u017eu pod stresom. Nanesite ujutro i nave\u010der na lice, vrat i dekolte i uklonite vodom.<\/p>\n<p><strong>Savjet:<\/strong> nemojte odmah ispirati i pustite da djeluje poput maske 5-10 minuta. Umiruje i normalizira ko\u017eu optere\u0107enu stresom te aktivno djeluje protiv akutnih ne\u010disto\u0107a i upala.<\/p>\n<p><strong>Zna\u010dajke proizvoda<\/strong> veganski, \u010dista ljepota, zdravo starenje, bez mineralnih ulja, bez parabena, bez silikona, bez alkohola[\/vc_column_text][vc_empty_space empty_h=&#8221;2&#8243;][vc_button button_color=&#8221;accent&#8221; radius=&#8221;btn-square&#8221; hover_fx=&#8221;outlined&#8221; border_width=&#8221;0&#8243; link=&#8221;url:https%3A%2F%2Fbdr-beauty.shop%2Freinigung%2F178%2Fre-move-ph-reinigungsmilch-unreine-haut%3Fc%3D63|target:_blank&#8221; button_color_type=&#8221;uncode-palette&#8221; uncode_shortcode_id=&#8221;376376&#8243;]Kupi Re-move PH[\/vc_button][\/vc_column_inner][vc_column_inner column_width_percent=&#8221;100&#8243; position_vertical=&#8221;middle&#8221; align_horizontal=&#8221;align_center&#8221; gutter_size=&#8221;3&#8243; overlay_alpha=&#8221;50&#8243; shift_x=&#8221;0&#8243; shift_y=&#8221;0&#8243; shift_y_down=&#8221;0&#8243; z_index=&#8221;0&#8243; medium_width=&#8221;0&#8243; mobile_width=&#8221;0&#8243; width=&#8221;1\/2&#8243;][vc_single_image media=&#8221;84366&#8243; media_lightbox=&#8221;yes&#8221; media_width_percent=&#8221;80&#8243; alignment=&#8221;center&#8221; css_animation=&#8221;zoom-in&#8221; lbox_skin=&#8221;white&#8221; uncode_shortcode_id=&#8221;111350&#8243;][\/vc_column_inner][\/vc_row_inner][\/vc_column][\/vc_row]<\/p>\n<\/div>","protected":false},"excerpt":{"rendered":"<p>[vc_row row_height_percent=&#8221;0&#8243; override_padding=&#8221;yes&#8221; h_padding=&#8221;3&#8243; top_padding=&#8221;3&#8243; bottom_padding=&#8221;3&#8243; back_color=&#8221;color-lxmt&#8221; overlay_alpha=&#8221;50&#8243; gutter_size=&#8221;3&#8243; column_width_percent=&#8221;100&#8243; shift_y=&#8221;0&#8243; z_index=&#8221;0&#8243; row_name=&#8221;The Medical Beauty Concept&#8221;][vc_column width=&#8221;1\/1&#8243;][vc_row_inner row_inner_height_percent=&#8221;0&#8243; overlay_alpha=&#8221;50&#8243; gutter_size=&#8221;4&#8243; [&hellip;]<\/p>\n","protected":false},"author":2,"featured_media":0,"parent":90590,"menu_order":1,"comment_status":"closed","ping_status":"closed","template":"","meta":{"footnotes":""},"class_list":["post-90911","page","type-page","status-publish","hentry"],"yoast_head":"<!-- This site is optimized with the Yoast SEO plugin v24.6 - https:\/\/yoast.com\/wordpress\/plugins\/seo\/ -->\n<title>\u010di\u0161\u0107enje ko\u017ee - bdr medical beauty<\/title>\n<meta name=\"description\" content=\"\u010ci\u0161\u0107enje je najva\u017eniji korak u va\u0161oj svakodnevnoj rutini njege. Temeljito o\u010di\u0161\u0107ena ko\u017ea je posebno osjetljiva.\" \/>\n<meta name=\"robots\" content=\"index, follow, max-snippet:-1, max-image-preview:large, max-video-preview:-1\" \/>\n<link rel=\"canonical\" href=\"https:\/\/bdr-beauty.de\/hr\/bdr-the-medical-beauty-concept\/ciscenje-koze\/\" \/>\n<meta property=\"og:locale\" content=\"hr_HR\" \/>\n<meta property=\"og:type\" content=\"article\" \/>\n<meta property=\"og:title\" content=\"\u010di\u0161\u0107enje ko\u017ee - bdr medical beauty\" \/>\n<meta property=\"og:description\" content=\"\u010ci\u0161\u0107enje je najva\u017eniji korak u va\u0161oj svakodnevnoj rutini njege. Temeljito o\u010di\u0161\u0107ena ko\u017ea je posebno osjetljiva.\" \/>\n<meta property=\"og:url\" content=\"https:\/\/bdr-beauty.de\/hr\/bdr-the-medical-beauty-concept\/ciscenje-koze\/\" \/>\n<meta property=\"og:site_name\" content=\"bdr medical beauty\" \/>\n<meta property=\"article:modified_time\" content=\"2023-06-15T21:03:22+00:00\" \/>\n<meta name=\"twitter:card\" content=\"summary_large_image\" \/>\n<meta name=\"twitter:label1\" content=\"Procijenjeno vrijeme \u010ditanja\" \/>\n\t<meta name=\"twitter:data1\" content=\"3 minute\" \/>\n<script type=\"application\/ld+json\" class=\"yoast-schema-graph\">{\"@context\":\"https:\/\/schema.org\",\"@graph\":[{\"@type\":\"WebPage\",\"@id\":\"https:\/\/bdr-beauty.de\/hr\/bdr-the-medical-beauty-concept\/ciscenje-koze\/\",\"url\":\"https:\/\/bdr-beauty.de\/hr\/bdr-the-medical-beauty-concept\/ciscenje-koze\/\",\"name\":\"\u010di\u0161\u0107enje ko\u017ee - bdr medical beauty\",\"isPartOf\":{\"@id\":\"https:\/\/bdr-beauty.de\/hr\/#website\"},\"datePublished\":\"2023-06-15T18:23:48+00:00\",\"dateModified\":\"2023-06-15T21:03:22+00:00\",\"description\":\"\u010ci\u0161\u0107enje je najva\u017eniji korak u va\u0161oj svakodnevnoj rutini njege. Temeljito o\u010di\u0161\u0107ena ko\u017ea je posebno osjetljiva.\",\"breadcrumb\":{\"@id\":\"https:\/\/bdr-beauty.de\/hr\/bdr-the-medical-beauty-concept\/ciscenje-koze\/#breadcrumb\"},\"inLanguage\":\"hr\",\"potentialAction\":[{\"@type\":\"ReadAction\",\"target\":[\"https:\/\/bdr-beauty.de\/hr\/bdr-the-medical-beauty-concept\/ciscenje-koze\/\"]}]},{\"@type\":\"BreadcrumbList\",\"@id\":\"https:\/\/bdr-beauty.de\/hr\/bdr-the-medical-beauty-concept\/ciscenje-koze\/#breadcrumb\",\"itemListElement\":[{\"@type\":\"ListItem\",\"position\":1,\"name\":\"Startseite\",\"item\":\"https:\/\/bdr-beauty.de\/hr\/\"},{\"@type\":\"ListItem\",\"position\":2,\"name\":\"bdr\u00ae The Medical Beauty Concept\",\"item\":\"https:\/\/bdr-beauty.de\/hr\/\"},{\"@type\":\"ListItem\",\"position\":3,\"name\":\"\u010di\u0161\u0107enje ko\u017ee\"}]},{\"@type\":\"WebSite\",\"@id\":\"https:\/\/bdr-beauty.de\/hr\/#website\",\"url\":\"https:\/\/bdr-beauty.de\/hr\/\",\"name\":\"bdr medical beauty\",\"description\":\"Luxury meets Skincare\",\"potentialAction\":[{\"@type\":\"SearchAction\",\"target\":{\"@type\":\"EntryPoint\",\"urlTemplate\":\"https:\/\/bdr-beauty.de\/hr\/?s={search_term_string}\"},\"query-input\":{\"@type\":\"PropertyValueSpecification\",\"valueRequired\":true,\"valueName\":\"search_term_string\"}}],\"inLanguage\":\"hr\"}]}<\/script>\n<!-- \/ Yoast SEO plugin. -->","yoast_head_json":{"title":"\u010di\u0161\u0107enje ko\u017ee - bdr medical beauty","description":"\u010ci\u0161\u0107enje je najva\u017eniji korak u va\u0161oj svakodnevnoj rutini njege. Temeljito o\u010di\u0161\u0107ena ko\u017ea je posebno osjetljiva.","robots":{"index":"index","follow":"follow","max-snippet":"max-snippet:-1","max-image-preview":"max-image-preview:large","max-video-preview":"max-video-preview:-1"},"canonical":"https:\/\/bdr-beauty.de\/hr\/bdr-the-medical-beauty-concept\/ciscenje-koze\/","og_locale":"hr_HR","og_type":"article","og_title":"\u010di\u0161\u0107enje ko\u017ee - bdr medical beauty","og_description":"\u010ci\u0161\u0107enje je najva\u017eniji korak u va\u0161oj svakodnevnoj rutini njege. Temeljito o\u010di\u0161\u0107ena ko\u017ea je posebno osjetljiva.","og_url":"https:\/\/bdr-beauty.de\/hr\/bdr-the-medical-beauty-concept\/ciscenje-koze\/","og_site_name":"bdr medical beauty","article_modified_time":"2023-06-15T21:03:22+00:00","twitter_card":"summary_large_image","twitter_misc":{"Procijenjeno vrijeme \u010ditanja":"3 minute"},"schema":{"@context":"https:\/\/schema.org","@graph":[{"@type":"WebPage","@id":"https:\/\/bdr-beauty.de\/hr\/bdr-the-medical-beauty-concept\/ciscenje-koze\/","url":"https:\/\/bdr-beauty.de\/hr\/bdr-the-medical-beauty-concept\/ciscenje-koze\/","name":"\u010di\u0161\u0107enje ko\u017ee - bdr medical beauty","isPartOf":{"@id":"https:\/\/bdr-beauty.de\/hr\/#website"},"datePublished":"2023-06-15T18:23:48+00:00","dateModified":"2023-06-15T21:03:22+00:00","description":"\u010ci\u0161\u0107enje je najva\u017eniji korak u va\u0161oj svakodnevnoj rutini njege. Temeljito o\u010di\u0161\u0107ena ko\u017ea je posebno osjetljiva.","breadcrumb":{"@id":"https:\/\/bdr-beauty.de\/hr\/bdr-the-medical-beauty-concept\/ciscenje-koze\/#breadcrumb"},"inLanguage":"hr","potentialAction":[{"@type":"ReadAction","target":["https:\/\/bdr-beauty.de\/hr\/bdr-the-medical-beauty-concept\/ciscenje-koze\/"]}]},{"@type":"BreadcrumbList","@id":"https:\/\/bdr-beauty.de\/hr\/bdr-the-medical-beauty-concept\/ciscenje-koze\/#breadcrumb","itemListElement":[{"@type":"ListItem","position":1,"name":"Startseite","item":"https:\/\/bdr-beauty.de\/hr\/"},{"@type":"ListItem","position":2,"name":"bdr\u00ae The Medical Beauty Concept","item":"https:\/\/bdr-beauty.de\/hr\/"},{"@type":"ListItem","position":3,"name":"\u010di\u0161\u0107enje ko\u017ee"}]},{"@type":"WebSite","@id":"https:\/\/bdr-beauty.de\/hr\/#website","url":"https:\/\/bdr-beauty.de\/hr\/","name":"bdr medical beauty","description":"Luxury meets Skincare","potentialAction":[{"@type":"SearchAction","target":{"@type":"EntryPoint","urlTemplate":"https:\/\/bdr-beauty.de\/hr\/?s={search_term_string}"},"query-input":{"@type":"PropertyValueSpecification","valueRequired":true,"valueName":"search_term_string"}}],"inLanguage":"hr"}]}},"_links":{"self":[{"href":"https:\/\/bdr-beauty.de\/hr\/wp-json\/wp\/v2\/pages\/90911","targetHints":{"allow":["GET"]}}],"collection":[{"href":"https:\/\/bdr-beauty.de\/hr\/wp-json\/wp\/v2\/pages"}],"about":[{"href":"https:\/\/bdr-beauty.de\/hr\/wp-json\/wp\/v2\/types\/page"}],"author":[{"embeddable":true,"href":"https:\/\/bdr-beauty.de\/hr\/wp-json\/wp\/v2\/users\/2"}],"replies":[{"embeddable":true,"href":"https:\/\/bdr-beauty.de\/hr\/wp-json\/wp\/v2\/comments?post=90911"}],"version-history":[{"count":3,"href":"https:\/\/bdr-beauty.de\/hr\/wp-json\/wp\/v2\/pages\/90911\/revisions"}],"predecessor-version":[{"id":90976,"href":"https:\/\/bdr-beauty.de\/hr\/wp-json\/wp\/v2\/pages\/90911\/revisions\/90976"}],"up":[{"embeddable":true,"href":"https:\/\/bdr-beauty.de\/hr\/wp-json\/wp\/v2\/pages\/90590"}],"wp:attachment":[{"href":"https:\/\/bdr-beauty.de\/hr\/wp-json\/wp\/v2\/media?parent=90911"}],"curies":[{"name":"wp","href":"https:\/\/api.w.org\/{rel}","templated":true}]}}