{"id":90949,"date":"2023-06-15T21:52:35","date_gmt":"2023-06-15T19:52:35","guid":{"rendered":"https:\/\/bdr-beauty.de\/?page_id=90949"},"modified":"2023-06-15T21:52:35","modified_gmt":"2023-06-15T19:52:35","slug":"vlaznost","status":"publish","type":"page","link":"https:\/\/bdr-beauty.de\/hr\/bdr-the-medical-beauty-concept\/vlaznost\/","title":{"rendered":"vla\u017enost"},"content":{"rendered":"<div class=\"wpb-content-wrapper\"><p>[vc_row row_height_percent=&#8221;0&#8243; override_padding=&#8221;yes&#8221; h_padding=&#8221;3&#8243; top_padding=&#8221;3&#8243; bottom_padding=&#8221;3&#8243; back_color=&#8221;color-lxmt&#8221; overlay_alpha=&#8221;50&#8243; gutter_size=&#8221;3&#8243; column_width_percent=&#8221;100&#8243; shift_y=&#8221;0&#8243; z_index=&#8221;0&#8243; row_name=&#8221;The Medical Beauty Concept&#8221;][vc_column width=&#8221;1\/1&#8243;][vc_row_inner row_inner_height_percent=&#8221;0&#8243; overlay_alpha=&#8221;50&#8243; gutter_size=&#8221;4&#8243; shift_y=&#8221;0&#8243; z_index=&#8221;0&#8243; limit_content=&#8221;&#8221;][vc_column_inner column_width_percent=&#8221;100&#8243; gutter_size=&#8221;3&#8243; overlay_alpha=&#8221;50&#8243; shift_x=&#8221;0&#8243; shift_y=&#8221;0&#8243; shift_y_down=&#8221;0&#8243; z_index=&#8221;0&#8243; medium_width=&#8221;0&#8243; mobile_width=&#8221;0&#8243; width=&#8221;1\/1&#8243;][vc_custom_heading text_size=&#8221;fontsize-155944&#8243; text_weight=&#8221;300&#8243;]The Medical Beauty Concept[\/vc_custom_heading][vc_custom_heading text_size=&#8221;h4&#8243; text_weight=&#8221;300&#8243; text_height=&#8221;fontheight-357766&#8243; uncode_shortcode_id=&#8221;139117&#8243;]Zbog formulacije s velikom i malom molekularnom hijaluronskom kiselinom, hidratantni serumi jam\u010de esencijalnu hidrataciju ko\u017ee kako na epidermisu tako i u dubljim slojevima ko\u017ee. Re-charge daje svje\u017einu za normalnu, dehidriranu ili masnu ko\u017eu. Re-charge PH kao proizvod serije Pure Harmony tako\u0111er sadr\u017ei Seboclear-MP\u2122, koji ima u\u010dinak regulacije sebuma. Re-charge N pru\u017ea intenzivnu vla\u017enost &#8211; za suhu, osjetljivu i zrelu ko\u017eu. Re-charge sun je filtar za za\u0161titu od sunca najnovije generacije.[\/vc_custom_heading][\/vc_column_inner][\/vc_row_inner][\/vc_column][\/vc_row][vc_row row_height_percent=&#8221;0&#8243; override_padding=&#8221;yes&#8221; h_padding=&#8221;2&#8243; top_padding=&#8221;0&#8243; bottom_padding=&#8221;0&#8243; overlay_alpha=&#8221;50&#8243; gutter_size=&#8221;3&#8243; column_width_percent=&#8221;100&#8243; shift_y=&#8221;0&#8243; z_index=&#8221;0&#8243; row_name=&#8221;Re-charge&#8221; uncode_shortcode_id=&#8221;473818&#8243; shape_dividers=&#8221;&#8221;][vc_column column_width_percent=&#8221;100&#8243; gutter_size=&#8221;3&#8243; override_padding=&#8221;yes&#8221; column_padding=&#8221;2&#8243; overlay_alpha=&#8221;50&#8243; shift_x=&#8221;0&#8243; shift_y=&#8221;0&#8243; shift_y_down=&#8221;0&#8243; z_index=&#8221;0&#8243; medium_width=&#8221;0&#8243; mobile_width=&#8221;0&#8243; width=&#8221;1\/1&#8243;][vc_row_inner row_inner_height_percent=&#8221;0&#8243; back_color=&#8221;color-lxmt&#8221; overlay_alpha=&#8221;50&#8243; equal_height=&#8221;yes&#8221; gutter_size=&#8221;0&#8243; shift_y=&#8221;0&#8243; z_index=&#8221;0&#8243; limit_content=&#8221;&#8221;][vc_column_inner column_width_percent=&#8221;100&#8243; position_vertical=&#8221;middle&#8221; align_horizontal=&#8221;align_center&#8221; gutter_size=&#8221;3&#8243; overlay_alpha=&#8221;50&#8243; shift_x=&#8221;0&#8243; shift_y=&#8221;0&#8243; shift_y_down=&#8221;0&#8243; z_index=&#8221;0&#8243; medium_width=&#8221;0&#8243; mobile_width=&#8221;0&#8243; width=&#8221;1\/2&#8243;][vc_single_image media=&#8221;84399&#8243; media_lightbox=&#8221;yes&#8221; media_width_percent=&#8221;90&#8243; css_animation=&#8221;zoom-in&#8221; lbox_skin=&#8221;white&#8221; uncode_shortcode_id=&#8221;142344&#8243;][\/vc_column_inner][vc_column_inner column_width_percent=&#8221;100&#8243; position_vertical=&#8221;middle&#8221; gutter_size=&#8221;3&#8243; override_padding=&#8221;yes&#8221; column_padding=&#8221;3&#8243; back_color=&#8221;color-lxmt&#8221; overlay_alpha=&#8221;50&#8243; shift_x=&#8221;0&#8243; shift_y=&#8221;0&#8243; shift_y_down=&#8221;0&#8243; z_index=&#8221;0&#8243; medium_width=&#8221;0&#8243; mobile_width=&#8221;0&#8243; width=&#8221;1\/2&#8243;][vc_custom_heading text_size=&#8221;fontsize-155944&#8243; text_weight=&#8221;300&#8243; separator=&#8221;under&#8221; separator_color=&#8221;yes&#8221; sub_reduced=&#8221;yes&#8221; subheading=&#8221;moisturizer serum&#8221;]Re-charge[\/vc_custom_heading][vc_column_text uncode_shortcode_id=&#8221;134431&#8243;]Zbog formulacije s velikom i malom molekularnom hijaluronskom kiselinom, lagani fluid jam\u010di esencijalnu hidrataciju ko\u017ee kako na epidermisu tako iu dubljim slojevima ko\u017ee.<br \/>\nHidratantni serum s odmah vidljivim ali i dugotrajnim u\u010dinkom!<\/p>\n<p><strong>Savjet:<\/strong> posebno prikladan kao u\u010dinkovita prva pomo\u0107 za ko\u017eu nadra\u017eenu suncem!<\/p>\n<p><strong>Primjena<\/strong> Nanesite ujutro i nave\u010der.<\/p>\n<p><strong>Zna\u010dajke proizvoda<\/strong> veganski, \u010dista ljepota, zdravo starenje, bez mineralnih ulja, bez parabena, bez silikona, bez alkohola[\/vc_column_text][vc_empty_space empty_h=&#8221;2&#8243;][vc_button button_color=&#8221;accent&#8221; hover_fx=&#8221;outlined&#8221; border_width=&#8221;0&#8243; link=&#8221;url:https%3A%2F%2Fbdr-beauty.shop%2Ffeuchtigkeit%2F389%2Fre-charge-hyaluronsaeure%3Fc%3D59|target:_blank&#8221; button_color_type=&#8221;uncode-palette&#8221; uncode_shortcode_id=&#8221;995287&#8243;]Kupi Re-charge[\/vc_button][\/vc_column_inner][\/vc_row_inner][\/vc_column][\/vc_row][vc_row row_height_percent=&#8221;0&#8243; override_padding=&#8221;yes&#8221; h_padding=&#8221;2&#8243; top_padding=&#8221;0&#8243; bottom_padding=&#8221;0&#8243; overlay_alpha=&#8221;50&#8243; gutter_size=&#8221;3&#8243; column_width_percent=&#8221;100&#8243; shift_y=&#8221;0&#8243; z_index=&#8221;0&#8243; row_name=&#8221;Re-charge PH&#8221;][vc_column column_width_percent=&#8221;100&#8243; gutter_size=&#8221;3&#8243; override_padding=&#8221;yes&#8221; column_padding=&#8221;2&#8243; overlay_alpha=&#8221;50&#8243; shift_x=&#8221;0&#8243; shift_y=&#8221;0&#8243; shift_y_down=&#8221;0&#8243; z_index=&#8221;0&#8243; medium_width=&#8221;0&#8243; mobile_width=&#8221;0&#8243; width=&#8221;1\/1&#8243;][vc_row_inner row_inner_height_percent=&#8221;0&#8243; back_color=&#8221;color-lxmt&#8221; overlay_alpha=&#8221;50&#8243; equal_height=&#8221;yes&#8221; gutter_size=&#8221;0&#8243; shift_y=&#8221;0&#8243; z_index=&#8221;0&#8243; limit_content=&#8221;&#8221;][vc_column_inner column_width_percent=&#8221;100&#8243; position_vertical=&#8221;middle&#8221; gutter_size=&#8221;3&#8243; override_padding=&#8221;yes&#8221; column_padding=&#8221;3&#8243; back_color=&#8221;color-lxmt&#8221; overlay_alpha=&#8221;50&#8243; shift_x=&#8221;0&#8243; shift_y=&#8221;0&#8243; shift_y_down=&#8221;0&#8243; z_index=&#8221;0&#8243; medium_width=&#8221;0&#8243; mobile_width=&#8221;0&#8243; width=&#8221;1\/2&#8243;][vc_custom_heading text_size=&#8221;fontsize-155944&#8243; text_weight=&#8221;300&#8243; separator=&#8221;under&#8221; separator_color=&#8221;yes&#8221; sub_reduced=&#8221;yes&#8221; subheading=&#8221;pure harmony moisturizer serum&#8221;]Re-charge PH[\/vc_custom_heading][vc_column_text uncode_shortcode_id=&#8221;136493&#8243;]Zbog formulacije s velikom i malom molekularnom hijaluronskom kiselinom, lagani fluid jam\u010di esencijalnu hidrataciju ko\u017ee kako na epidermisu tako iu dubljim slojevima ko\u017ee. Kao proizvod iz serije Pure Harmony, Re-charge PH je nadopunjen Seboclear-MP\u2122, koji ima u\u010dinak regulacije sebuma.<\/p>\n<p><strong>Savjet:<\/strong> posebno prikladno nakon brijanja ako je ko\u017ea sklona upali!<\/p>\n<p><strong>Primjena<\/strong> Nanesite ujutro i nave\u010der.<\/p>\n<p><strong>Zna\u010dajke proizvoda<\/strong> veganski, \u010dista ljepota, zdravo starenje, bez mineralnih ulja, bez parabena, bez silikona, bez alkohola[\/vc_column_text][vc_empty_space empty_h=&#8221;2&#8243;][vc_button button_color=&#8221;accent&#8221; hover_fx=&#8221;outlined&#8221; border_width=&#8221;0&#8243; link=&#8221;url:https%3A%2F%2Fbdr-beauty.shop%2Ffeuchtigkeit%2F184%2Fre-charge-ph-hyaluronserum-unreine-haut%3Fc%3D59|target:_blank&#8221; button_color_type=&#8221;uncode-palette&#8221; uncode_shortcode_id=&#8221;133274&#8243;]Kupi Re-charge PH[\/vc_button][\/vc_column_inner][vc_column_inner column_width_percent=&#8221;100&#8243; position_vertical=&#8221;middle&#8221; align_horizontal=&#8221;align_center&#8221; gutter_size=&#8221;3&#8243; overlay_alpha=&#8221;50&#8243; shift_x=&#8221;0&#8243; shift_y=&#8221;0&#8243; shift_y_down=&#8221;0&#8243; z_index=&#8221;0&#8243; medium_width=&#8221;0&#8243; mobile_width=&#8221;0&#8243; width=&#8221;1\/2&#8243;][vc_single_image media=&#8221;84403&#8243; media_lightbox=&#8221;yes&#8221; media_width_percent=&#8221;80&#8243; alignment=&#8221;center&#8221; css_animation=&#8221;zoom-in&#8221; lbox_skin=&#8221;white&#8221; uncode_shortcode_id=&#8221;185484&#8243;][\/vc_column_inner][\/vc_row_inner][\/vc_column][\/vc_row][vc_row row_height_percent=&#8221;0&#8243; override_padding=&#8221;yes&#8221; h_padding=&#8221;2&#8243; top_padding=&#8221;0&#8243; bottom_padding=&#8221;0&#8243; overlay_alpha=&#8221;50&#8243; gutter_size=&#8221;3&#8243; column_width_percent=&#8221;100&#8243; shift_y=&#8221;0&#8243; z_index=&#8221;0&#8243; row_name=&#8221;Re-charge N&#8221; uncode_shortcode_id=&#8221;189243&#8243;][vc_column column_width_percent=&#8221;100&#8243; gutter_size=&#8221;3&#8243; override_padding=&#8221;yes&#8221; column_padding=&#8221;2&#8243; overlay_alpha=&#8221;50&#8243; shift_x=&#8221;0&#8243; shift_y=&#8221;0&#8243; shift_y_down=&#8221;0&#8243; z_index=&#8221;0&#8243; medium_width=&#8221;0&#8243; mobile_width=&#8221;0&#8243; width=&#8221;1\/1&#8243;][vc_row_inner row_inner_height_percent=&#8221;0&#8243; back_color=&#8221;color-lxmt&#8221; overlay_alpha=&#8221;50&#8243; equal_height=&#8221;yes&#8221; gutter_size=&#8221;0&#8243; shift_y=&#8221;0&#8243; z_index=&#8221;0&#8243; limit_content=&#8221;&#8221;][vc_column_inner column_width_percent=&#8221;100&#8243; position_vertical=&#8221;middle&#8221; align_horizontal=&#8221;align_center&#8221; gutter_size=&#8221;3&#8243; overlay_alpha=&#8221;50&#8243; shift_x=&#8221;0&#8243; shift_y=&#8221;0&#8243; shift_y_down=&#8221;0&#8243; z_index=&#8221;0&#8243; medium_width=&#8221;0&#8243; mobile_width=&#8221;0&#8243; width=&#8221;1\/2&#8243;][vc_single_image media=&#8221;84407&#8243; media_lightbox=&#8221;yes&#8221; media_width_percent=&#8221;90&#8243; css_animation=&#8221;zoom-in&#8221; lbox_skin=&#8221;white&#8221; uncode_shortcode_id=&#8221;131316&#8243;][\/vc_column_inner][vc_column_inner column_width_percent=&#8221;100&#8243; position_vertical=&#8221;middle&#8221; gutter_size=&#8221;3&#8243; override_padding=&#8221;yes&#8221; column_padding=&#8221;3&#8243; back_color=&#8221;color-lxmt&#8221; overlay_alpha=&#8221;50&#8243; shift_x=&#8221;0&#8243; shift_y=&#8221;0&#8243; shift_y_down=&#8221;0&#8243; z_index=&#8221;0&#8243; medium_width=&#8221;0&#8243; mobile_width=&#8221;0&#8243; width=&#8221;1\/2&#8243;][vc_custom_heading text_size=&#8221;fontsize-155944&#8243; text_weight=&#8221;300&#8243; separator=&#8221;under&#8221; separator_color=&#8221;yes&#8221; sub_reduced=&#8221;yes&#8221; subheading=&#8221;regenerating moisturizer serum&#8221; uncode_shortcode_id=&#8221;692107&#8243;]Re-charge N[\/vc_custom_heading][vc_column_text uncode_shortcode_id=&#8221;106395&#8243;]Re-charge N hijaluronski serum s dodatnim zagla\u0111uju\u0107im u\u010dinkom posebno se preporu\u010duje za zrelu, suhu ko\u017eu. Hydractin\u00ae ima u\u010dinak regeneracije i obnavljanja stanica. Ekstrakt papaje koji sadr\u017ei aktivira metaboli\u010dke procese i tako poti\u010de regeneraciju ko\u017ee. Phytodermina Lifting je oligosaharid koji mo\u017ee vidljivo i trajno pobolj\u0161ati ten. Pantenol (Provitam B5) tako\u0111er hidratizira i tako\u0111er ima svojstva koja poti\u010du zacjeljivanje rana. Re-charge N se posebno preporu\u010duje za suhu, zahtjevnu ko\u017eu.<\/p>\n<p><strong>Savjet<\/strong> Osjetljiva ko\u017ea na vratu i dekolteu zahtijeva posebnu pa\u017enju kako ko\u017ea stari. Uglavnom neza\u0161ti\u0107ena i zapu\u0161tena, ljeti i zimi prepu\u0161tena je vremenskim nepogodama. Za optimalnu za\u0161titu i njegu ovog osjetljivog podru\u010dja, Re-charge N kombiniramo sa Contour Neck Serumom. Ekstrakt runolista koji sadr\u017ei zate\u017ee, a liposomski inkapsulirana ledenja\u010dka voda intenzivno vla\u017ei i dokazano smanjuje TEWL (transepidermalni gubitak vode).<\/p>\n<p><strong>Primjena<\/strong> Nanesite ujutro i nave\u010der.<\/p>\n<p><strong>Zna\u010dajke proizvoda<\/strong> veganski, \u010dista ljepota, zdravo starenje, bez mineralnih ulja, bez parabena, bez silikona, bez alkohola[\/vc_column_text][vc_empty_space empty_h=&#8221;2&#8243;][vc_button button_color=&#8221;accent&#8221; hover_fx=&#8221;outlined&#8221; border_width=&#8221;0&#8243; link=&#8221;url:https%3A%2F%2Fbdr-beauty.shop%2Ffeuchtigkeit%2F390%2Fre-charge-n-hyaluronsaeure-reife-haut%3Fc%3D59|target:_blank&#8221; button_color_type=&#8221;uncode-palette&#8221; uncode_shortcode_id=&#8221;205910&#8243;]Kupi Re-charge N[\/vc_button][\/vc_column_inner][\/vc_row_inner][\/vc_column][\/vc_row][vc_row row_height_percent=&#8221;0&#8243; override_padding=&#8221;yes&#8221; h_padding=&#8221;2&#8243; top_padding=&#8221;0&#8243; bottom_padding=&#8221;0&#8243; overlay_alpha=&#8221;50&#8243; gutter_size=&#8221;3&#8243; column_width_percent=&#8221;100&#8243; shift_y=&#8221;0&#8243; z_index=&#8221;0&#8243; row_name=&#8221;Re-charge sun&#8221; uncode_shortcode_id=&#8221;200369&#8243;][vc_column column_width_percent=&#8221;100&#8243; gutter_size=&#8221;3&#8243; override_padding=&#8221;yes&#8221; column_padding=&#8221;2&#8243; overlay_alpha=&#8221;50&#8243; shift_x=&#8221;0&#8243; shift_y=&#8221;0&#8243; shift_y_down=&#8221;0&#8243; z_index=&#8221;0&#8243; medium_width=&#8221;0&#8243; mobile_width=&#8221;0&#8243; width=&#8221;1\/1&#8243; uncode_shortcode_id=&#8221;156280&#8243;][vc_row_inner row_inner_height_percent=&#8221;0&#8243; back_color=&#8221;color-lxmt&#8221; overlay_alpha=&#8221;50&#8243; equal_height=&#8221;yes&#8221; gutter_size=&#8221;0&#8243; shift_y=&#8221;0&#8243; z_index=&#8221;0&#8243; limit_content=&#8221;&#8221;][vc_column_inner column_width_percent=&#8221;100&#8243; position_vertical=&#8221;middle&#8221; align_horizontal=&#8221;align_center&#8221; gutter_size=&#8221;3&#8243; override_padding=&#8221;yes&#8221; column_padding=&#8221;3&#8243; overlay_alpha=&#8221;50&#8243; shift_x=&#8221;0&#8243; shift_y=&#8221;0&#8243; shift_y_down=&#8221;0&#8243; z_index=&#8221;0&#8243; medium_width=&#8221;0&#8243; mobile_width=&#8221;0&#8243; width=&#8221;1\/2&#8243; uncode_shortcode_id=&#8221;354339&#8243;][vc_custom_heading text_size=&#8221;fontsize-155944&#8243; text_weight=&#8221;300&#8243; separator=&#8221;under&#8221; separator_color=&#8221;yes&#8221; sub_reduced=&#8221;yes&#8221; subheading=&#8221;UV protection moisturizer serum&#8221; uncode_shortcode_id=&#8221;105928&#8243;]Re-charge sun[\/vc_custom_heading][vc_column_text uncode_shortcode_id=&#8221;205709&#8243;]<\/p>\n<p style=\"text-align: left;\">Potpuno nova vrsta hijaluronskog seruma za za\u0161titu od UV zra\u010denja uvjerava svojim trostrukim u\u010dinkom: dugotrajnom hidratacijom, za\u0161titom od sunca i obnavljaju\u0107im kompleksom od fotostarenja! Prirodno bez parabena, mineralnih ulja ili silikona, bez okrutnosti i veganski. Velika i mala molekularna hijaluronska kiselina i betain daju ko\u017ei potrebnu vla\u017enost. Ovo je va\u017eno kako bi se ko\u017ea unaprijed pripremila i oja\u010dala. Istovremeno, ko\u017ea je nekoliko sati za\u0161ti\u0107ena ekolo\u0161ki ne\u0161kodljivim filtrima za za\u0161titu od sunca protiv UV-A i B zraka &#8211; SPF 30. Dodani probioti\u010dki obnavljaju\u0107i kompleks poti\u010de prirodni popravak DNK ko\u017ee, ja\u010da vlastite za\u0161titne funkcije ko\u017ee i suprotstavlja se razvoj nepopravljivih o\u0161te\u0107enja DNK suzbija i sprje\u010dava ubrzano starenje ko\u017ee izazvano svjetlom. Istodobno se pove\u0107ava vla\u017enost ko\u017ee i \u010dak se smanjuje crvenilo. Zbog formulacije bez masno\u0107e, serum je izuzetno lagan, odmah se upija, nimalo ne izbjeljuje i ostavlja samo hladnu, bar\u0161unastu svje\u017einu na ko\u017ei bez uobi\u010dajenog &#8220;efekta znojenja&#8221; konvencionalnih proizvoda za sun\u010danje. Serum se kombinira s uobi\u010dajenom zavr\u0161nom njegom, npr. Re-vital ili Re-vital PH.<\/p>\n<p style=\"text-align: left;\"><strong>Nano\u0161enje <\/strong>Ujutro nanesite na lice, vrat i dekolte. Ponovno nanesite nakon 3-4 sata duljeg izlaganja suncu.<\/p>\n<p style=\"text-align: left;\"><strong>Zna\u010dajke proizvoda <\/strong>vegan, \u010dista ljepota, zdravo starenje, bez mineralnih ulja, bez parabena, bez silikona, bez alkohola<\/p>\n<p>[\/vc_column_text][vc_empty_space empty_h=&#8221;2&#8243;][vc_button button_color=&#8221;accent&#8221; hover_fx=&#8221;outlined&#8221; border_width=&#8221;0&#8243; link=&#8221;url:https%3A%2F%2Fbdr-beauty.shop%2Ffeuchtigkeit%2F460%2Fre-charge-sun%3Fc%3D59|target:_blank&#8221; button_color_type=&#8221;uncode-palette&#8221; uncode_shortcode_id=&#8221;199018&#8243;]Kupi Re-charge sun[\/vc_button][\/vc_column_inner][vc_column_inner column_width_percent=&#8221;100&#8243; position_vertical=&#8221;middle&#8221; gutter_size=&#8221;3&#8243; back_color=&#8221;color-lxmt&#8221; overlay_alpha=&#8221;50&#8243; shift_x=&#8221;0&#8243; shift_y=&#8221;0&#8243; shift_y_down=&#8221;0&#8243; z_index=&#8221;0&#8243; medium_width=&#8221;0&#8243; mobile_width=&#8221;0&#8243; width=&#8221;1\/2&#8243; uncode_shortcode_id=&#8221;161700&#8243; back_color_type=&#8221;uncode-palette&#8221;][vc_single_image media=&#8221;87442&#8243; media_lightbox=&#8221;yes&#8221; media_width_percent=&#8221;100&#8243; alignment=&#8221;center&#8221; css_animation=&#8221;zoom-in&#8221; lbox_skin=&#8221;white&#8221; uncode_shortcode_id=&#8221;198625&#8243;][\/vc_column_inner][\/vc_row_inner][\/vc_column][\/vc_row]<\/p>\n<\/div>","protected":false},"excerpt":{"rendered":"<p>[vc_row row_height_percent=&#8221;0&#8243; override_padding=&#8221;yes&#8221; h_padding=&#8221;3&#8243; top_padding=&#8221;3&#8243; bottom_padding=&#8221;3&#8243; back_color=&#8221;color-lxmt&#8221; overlay_alpha=&#8221;50&#8243; gutter_size=&#8221;3&#8243; column_width_percent=&#8221;100&#8243; shift_y=&#8221;0&#8243; z_index=&#8221;0&#8243; row_name=&#8221;The Medical Beauty Concept&#8221;][vc_column width=&#8221;1\/1&#8243;][vc_row_inner row_inner_height_percent=&#8221;0&#8243; overlay_alpha=&#8221;50&#8243; gutter_size=&#8221;4&#8243; [&hellip;]<\/p>\n","protected":false},"author":2,"featured_media":0,"parent":90590,"menu_order":3,"comment_status":"closed","ping_status":"closed","template":"","meta":{"footnotes":""},"class_list":["post-90949","page","type-page","status-publish","hentry"],"yoast_head":"<!-- This site is optimized with the Yoast SEO plugin v24.6 - https:\/\/yoast.com\/wordpress\/plugins\/seo\/ -->\n<title>vla\u017enost - bdr medical beauty<\/title>\n<meta name=\"robots\" content=\"index, follow, max-snippet:-1, max-image-preview:large, max-video-preview:-1\" \/>\n<link rel=\"canonical\" href=\"https:\/\/bdr-beauty.de\/hr\/bdr-the-medical-beauty-concept\/vlaznost\/\" \/>\n<meta property=\"og:locale\" content=\"hr_HR\" \/>\n<meta property=\"og:type\" content=\"article\" \/>\n<meta property=\"og:title\" content=\"vla\u017enost - bdr medical beauty\" \/>\n<meta property=\"og:description\" content=\"[vc_row row_height_percent=&#8221;0&#8243; override_padding=&#8221;yes&#8221; h_padding=&#8221;3&#8243; top_padding=&#8221;3&#8243; bottom_padding=&#8221;3&#8243; back_color=&#8221;color-lxmt&#8221; overlay_alpha=&#8221;50&#8243; gutter_size=&#8221;3&#8243; column_width_percent=&#8221;100&#8243; shift_y=&#8221;0&#8243; z_index=&#8221;0&#8243; row_name=&#8221;The Medical Beauty Concept&#8221;][vc_column width=&#8221;1\/1&#8243;][vc_row_inner row_inner_height_percent=&#8221;0&#8243; overlay_alpha=&#8221;50&#8243; gutter_size=&#8221;4&#8243; [&hellip;]\" \/>\n<meta property=\"og:url\" content=\"https:\/\/bdr-beauty.de\/hr\/bdr-the-medical-beauty-concept\/vlaznost\/\" \/>\n<meta property=\"og:site_name\" content=\"bdr medical beauty\" \/>\n<meta name=\"twitter:card\" content=\"summary_large_image\" \/>\n<meta name=\"twitter:label1\" content=\"Procijenjeno vrijeme \u010ditanja\" \/>\n\t<meta name=\"twitter:data1\" content=\"6 minuta\" \/>\n<script type=\"application\/ld+json\" class=\"yoast-schema-graph\">{\"@context\":\"https:\/\/schema.org\",\"@graph\":[{\"@type\":\"WebPage\",\"@id\":\"https:\/\/bdr-beauty.de\/hr\/bdr-the-medical-beauty-concept\/vlaznost\/\",\"url\":\"https:\/\/bdr-beauty.de\/hr\/bdr-the-medical-beauty-concept\/vlaznost\/\",\"name\":\"vla\u017enost - bdr medical beauty\",\"isPartOf\":{\"@id\":\"https:\/\/bdr-beauty.de\/hr\/#website\"},\"datePublished\":\"2023-06-15T19:52:35+00:00\",\"breadcrumb\":{\"@id\":\"https:\/\/bdr-beauty.de\/hr\/bdr-the-medical-beauty-concept\/vlaznost\/#breadcrumb\"},\"inLanguage\":\"hr\",\"potentialAction\":[{\"@type\":\"ReadAction\",\"target\":[\"https:\/\/bdr-beauty.de\/hr\/bdr-the-medical-beauty-concept\/vlaznost\/\"]}]},{\"@type\":\"BreadcrumbList\",\"@id\":\"https:\/\/bdr-beauty.de\/hr\/bdr-the-medical-beauty-concept\/vlaznost\/#breadcrumb\",\"itemListElement\":[{\"@type\":\"ListItem\",\"position\":1,\"name\":\"Startseite\",\"item\":\"https:\/\/bdr-beauty.de\/hr\/\"},{\"@type\":\"ListItem\",\"position\":2,\"name\":\"bdr\u00ae The Medical Beauty Concept\",\"item\":\"https:\/\/bdr-beauty.de\/hr\/\"},{\"@type\":\"ListItem\",\"position\":3,\"name\":\"vla\u017enost\"}]},{\"@type\":\"WebSite\",\"@id\":\"https:\/\/bdr-beauty.de\/hr\/#website\",\"url\":\"https:\/\/bdr-beauty.de\/hr\/\",\"name\":\"bdr medical beauty\",\"description\":\"Luxury meets Skincare\",\"potentialAction\":[{\"@type\":\"SearchAction\",\"target\":{\"@type\":\"EntryPoint\",\"urlTemplate\":\"https:\/\/bdr-beauty.de\/hr\/?s={search_term_string}\"},\"query-input\":{\"@type\":\"PropertyValueSpecification\",\"valueRequired\":true,\"valueName\":\"search_term_string\"}}],\"inLanguage\":\"hr\"}]}<\/script>\n<!-- \/ Yoast SEO plugin. -->","yoast_head_json":{"title":"vla\u017enost - bdr medical beauty","robots":{"index":"index","follow":"follow","max-snippet":"max-snippet:-1","max-image-preview":"max-image-preview:large","max-video-preview":"max-video-preview:-1"},"canonical":"https:\/\/bdr-beauty.de\/hr\/bdr-the-medical-beauty-concept\/vlaznost\/","og_locale":"hr_HR","og_type":"article","og_title":"vla\u017enost - bdr medical beauty","og_description":"[vc_row row_height_percent=&#8221;0&#8243; override_padding=&#8221;yes&#8221; h_padding=&#8221;3&#8243; top_padding=&#8221;3&#8243; bottom_padding=&#8221;3&#8243; back_color=&#8221;color-lxmt&#8221; overlay_alpha=&#8221;50&#8243; gutter_size=&#8221;3&#8243; column_width_percent=&#8221;100&#8243; shift_y=&#8221;0&#8243; z_index=&#8221;0&#8243; row_name=&#8221;The Medical Beauty Concept&#8221;][vc_column width=&#8221;1\/1&#8243;][vc_row_inner row_inner_height_percent=&#8221;0&#8243; overlay_alpha=&#8221;50&#8243; gutter_size=&#8221;4&#8243; [&hellip;]","og_url":"https:\/\/bdr-beauty.de\/hr\/bdr-the-medical-beauty-concept\/vlaznost\/","og_site_name":"bdr medical beauty","twitter_card":"summary_large_image","twitter_misc":{"Procijenjeno vrijeme \u010ditanja":"6 minuta"},"schema":{"@context":"https:\/\/schema.org","@graph":[{"@type":"WebPage","@id":"https:\/\/bdr-beauty.de\/hr\/bdr-the-medical-beauty-concept\/vlaznost\/","url":"https:\/\/bdr-beauty.de\/hr\/bdr-the-medical-beauty-concept\/vlaznost\/","name":"vla\u017enost - bdr medical beauty","isPartOf":{"@id":"https:\/\/bdr-beauty.de\/hr\/#website"},"datePublished":"2023-06-15T19:52:35+00:00","breadcrumb":{"@id":"https:\/\/bdr-beauty.de\/hr\/bdr-the-medical-beauty-concept\/vlaznost\/#breadcrumb"},"inLanguage":"hr","potentialAction":[{"@type":"ReadAction","target":["https:\/\/bdr-beauty.de\/hr\/bdr-the-medical-beauty-concept\/vlaznost\/"]}]},{"@type":"BreadcrumbList","@id":"https:\/\/bdr-beauty.de\/hr\/bdr-the-medical-beauty-concept\/vlaznost\/#breadcrumb","itemListElement":[{"@type":"ListItem","position":1,"name":"Startseite","item":"https:\/\/bdr-beauty.de\/hr\/"},{"@type":"ListItem","position":2,"name":"bdr\u00ae The Medical Beauty Concept","item":"https:\/\/bdr-beauty.de\/hr\/"},{"@type":"ListItem","position":3,"name":"vla\u017enost"}]},{"@type":"WebSite","@id":"https:\/\/bdr-beauty.de\/hr\/#website","url":"https:\/\/bdr-beauty.de\/hr\/","name":"bdr medical beauty","description":"Luxury meets Skincare","potentialAction":[{"@type":"SearchAction","target":{"@type":"EntryPoint","urlTemplate":"https:\/\/bdr-beauty.de\/hr\/?s={search_term_string}"},"query-input":{"@type":"PropertyValueSpecification","valueRequired":true,"valueName":"search_term_string"}}],"inLanguage":"hr"}]}},"_links":{"self":[{"href":"https:\/\/bdr-beauty.de\/hr\/wp-json\/wp\/v2\/pages\/90949","targetHints":{"allow":["GET"]}}],"collection":[{"href":"https:\/\/bdr-beauty.de\/hr\/wp-json\/wp\/v2\/pages"}],"about":[{"href":"https:\/\/bdr-beauty.de\/hr\/wp-json\/wp\/v2\/types\/page"}],"author":[{"embeddable":true,"href":"https:\/\/bdr-beauty.de\/hr\/wp-json\/wp\/v2\/users\/2"}],"replies":[{"embeddable":true,"href":"https:\/\/bdr-beauty.de\/hr\/wp-json\/wp\/v2\/comments?post=90949"}],"version-history":[{"count":2,"href":"https:\/\/bdr-beauty.de\/hr\/wp-json\/wp\/v2\/pages\/90949\/revisions"}],"predecessor-version":[{"id":90951,"href":"https:\/\/bdr-beauty.de\/hr\/wp-json\/wp\/v2\/pages\/90949\/revisions\/90951"}],"up":[{"embeddable":true,"href":"https:\/\/bdr-beauty.de\/hr\/wp-json\/wp\/v2\/pages\/90590"}],"wp:attachment":[{"href":"https:\/\/bdr-beauty.de\/hr\/wp-json\/wp\/v2\/media?parent=90949"}],"curies":[{"name":"wp","href":"https:\/\/api.w.org\/{rel}","templated":true}]}}