{"id":126283,"date":"2025-07-25T09:44:08","date_gmt":"2025-07-25T07:44:08","guid":{"rendered":"https:\/\/bdr-beauty.de\/?page_id=126283"},"modified":"2025-07-25T09:45:34","modified_gmt":"2025-07-25T07:45:34","slug":"masti-de-fata","status":"publish","type":"page","link":"https:\/\/bdr-beauty.de\/ro\/bdr-medical-beauty-concept\/masti-de-fata\/","title":{"rendered":"Gesichtsmasken RO"},"content":{"rendered":"<div class=\"wpb-content-wrapper\"><p>[vc_row row_height_percent=&#8221;0&#8243; override_padding=&#8221;yes&#8221; h_padding=&#8221;3&#8243; top_padding=&#8221;3&#8243; bottom_padding=&#8221;3&#8243; back_color=&#8221;color-lxmt&#8221; overlay_alpha=&#8221;50&#8243; gutter_size=&#8221;3&#8243; column_width_percent=&#8221;100&#8243; shift_y=&#8221;0&#8243; z_index=&#8221;0&#8243; row_name=&#8221;The Medical Beauty Concept&#8221;][vc_column width=&#8221;1\/1&#8243;][vc_row_inner row_inner_height_percent=&#8221;0&#8243; overlay_alpha=&#8221;50&#8243; gutter_size=&#8221;4&#8243; shift_y=&#8221;0&#8243; z_index=&#8221;0&#8243; limit_content=&#8221;&#8221;][vc_column_inner column_width_percent=&#8221;100&#8243; gutter_size=&#8221;3&#8243; overlay_alpha=&#8221;50&#8243; shift_x=&#8221;0&#8243; shift_y=&#8221;0&#8243; shift_y_down=&#8221;0&#8243; z_index=&#8221;0&#8243; medium_width=&#8221;0&#8243; mobile_width=&#8221;0&#8243; width=&#8221;1\/1&#8243;][vc_custom_heading text_size=&#8221;fontsize-155944&#8243; text_weight=&#8221;300&#8243; uncode_shortcode_id=&#8221;910858&#8243;]M\u0103\u0219tile faciale bdr\u00ae<br \/>\nfoarte eficiente &#8211; vizibile rapid &#8211; de lung\u0103 durat\u0103[\/vc_custom_heading][vc_custom_heading text_size=&#8221;h4&#8243; text_weight=&#8221;300&#8243; text_height=&#8221;fontheight-357766&#8243; uncode_shortcode_id=&#8221;278695&#8243;]M\u0103\u0219tile hibride cu ingrediente active bdr\u00ae sunt combina\u021bia inteligent\u0103n de material suport selectat cu brio \u0219i cele mai noi ingrediente active de \u00eenalt\u0103 tehnologie.[\/vc_custom_heading][\/vc_column_inner][\/vc_row_inner][vc_single_image media=&#8221;123240&#8243; media_width_percent=&#8221;100&#8243; uncode_shortcode_id=&#8221;161227&#8243;][\/vc_column][\/vc_row][vc_row row_height_percent=&#8221;0&#8243; override_padding=&#8221;yes&#8221; h_padding=&#8221;2&#8243; top_padding=&#8221;0&#8243; bottom_padding=&#8221;0&#8243; overlay_alpha=&#8221;50&#8243; gutter_size=&#8221;3&#8243; column_width_percent=&#8221;100&#8243; shift_y=&#8221;0&#8243; z_index=&#8221;0&#8243; row_name=&#8221;Re-fresh Gel Mask Face&#8221;][vc_column column_width_percent=&#8221;100&#8243; gutter_size=&#8221;3&#8243; override_padding=&#8221;yes&#8221; column_padding=&#8221;2&#8243; overlay_alpha=&#8221;50&#8243; shift_x=&#8221;0&#8243; shift_y=&#8221;0&#8243; shift_y_down=&#8221;0&#8243; z_index=&#8221;0&#8243; medium_width=&#8221;0&#8243; mobile_width=&#8221;0&#8243; width=&#8221;1\/1&#8243;][vc_row_inner row_inner_height_percent=&#8221;0&#8243; back_color=&#8221;color-lxmt&#8221; overlay_alpha=&#8221;50&#8243; equal_height=&#8221;yes&#8221; gutter_size=&#8221;0&#8243; shift_y=&#8221;0&#8243; z_index=&#8221;0&#8243; limit_content=&#8221;&#8221;][vc_column_inner column_width_percent=&#8221;100&#8243; position_vertical=&#8221;middle&#8221; align_horizontal=&#8221;align_center&#8221; gutter_size=&#8221;3&#8243; overlay_alpha=&#8221;50&#8243; shift_x=&#8221;0&#8243; shift_y=&#8221;0&#8243; shift_y_down=&#8221;0&#8243; z_index=&#8221;0&#8243; medium_width=&#8221;0&#8243; mobile_width=&#8221;0&#8243; width=&#8221;1\/2&#8243;][vc_single_image media=&#8221;98906&#8243; media_lightbox=&#8221;yes&#8221; media_width_percent=&#8221;100&#8243; alignment=&#8221;center&#8221; css_animation=&#8221;zoom-in&#8221; lbox_skin=&#8221;white&#8221; uncode_shortcode_id=&#8221;213356&#8243;][\/vc_column_inner][vc_column_inner column_width_percent=&#8221;100&#8243; position_vertical=&#8221;middle&#8221; gutter_size=&#8221;3&#8243; override_padding=&#8221;yes&#8221; column_padding=&#8221;3&#8243; back_color=&#8221;color-lxmt&#8221; overlay_alpha=&#8221;50&#8243; shift_x=&#8221;0&#8243; shift_y=&#8221;0&#8243; shift_y_down=&#8221;0&#8243; z_index=&#8221;0&#8243; medium_width=&#8221;0&#8243; mobile_width=&#8221;0&#8243; width=&#8221;1\/2&#8243;][vc_custom_heading text_size=&#8221;fontsize-155944&#8243; text_weight=&#8221;300&#8243; separator_color=&#8221;yes&#8221; separator=&#8221;under&#8221; sub_reduced=&#8221;yes&#8221; subheading=&#8221;Masc\u0103 gel fa\u021b\u0103&#8221; uncode_shortcode_id=&#8221;123184&#8243;]Re-fresh[\/vc_custom_heading][vc_column_text uncode_shortcode_id=&#8221;144132&#8243;]Concentrat hidratant relaxant \u00eencorporat \u00eentr-o textur\u0103 gel r\u0103coritoare.<\/p>\n<ul>\n<li>Hidratare optim\u0103.<\/li>\n<li>R\u0103corire optim\u0103, r\u0103coritoare \u0219i calmant\u0103.<\/li>\n<\/ul>\n<p>Pentru toate tipurile de piele care trebuie s\u0103 par\u0103 mai supl\u0103, mai proasp\u0103t\u0103 \u0219i mai echilibrat\u0103.<\/p>\n<p><strong>Sfat<\/strong>\u00a0aplica\u021bi r\u0103cit vara pentru un efect criogenic suplimentar \u0219i un plus de prospe\u021bime.<\/p>\n<p><strong>Aplica\u021bi<\/strong> de 1-2 ori pe s\u0103pt\u0103m\u00e2n\u0103 pe pielea cur\u0103\u021bat\u0103. Se \u00eendep\u0103rteaz\u0103 dup\u0103 10-15 minute \u0219i se maseaz\u0103 lichidul r\u0103mas.[\/vc_column_text][\/vc_column_inner][\/vc_row_inner][vc_row_inner row_inner_height_percent=&#8221;0&#8243; back_color=&#8221;color-lxmt&#8221; overlay_alpha=&#8221;50&#8243; equal_height=&#8221;yes&#8221; gutter_size=&#8221;0&#8243; shift_y=&#8221;0&#8243; z_index=&#8221;0&#8243; limit_content=&#8221;&#8221;][vc_column_inner column_width_percent=&#8221;100&#8243; position_vertical=&#8221;middle&#8221; gutter_size=&#8221;3&#8243; override_padding=&#8221;yes&#8221; column_padding=&#8221;3&#8243; back_color=&#8221;color-lxmt&#8221; overlay_alpha=&#8221;50&#8243; shift_x=&#8221;0&#8243; shift_y=&#8221;0&#8243; shift_y_down=&#8221;0&#8243; z_index=&#8221;0&#8243; medium_width=&#8221;0&#8243; mobile_width=&#8221;0&#8243; width=&#8221;1\/2&#8243;][vc_custom_heading text_size=&#8221;fontsize-155944&#8243; text_weight=&#8221;300&#8243; separator_color=&#8221;yes&#8221; separator=&#8221;under&#8221; sub_reduced=&#8221;yes&#8221; subheading=&#8221;Masc\u0103 gel g\u00e2t \/ ochi&#8221; uncode_shortcode_id=&#8221;464167&#8243;]Re-fresh[\/vc_custom_heading][vc_column_text uncode_shortcode_id=&#8221;550416&#8243;]Concentrat hidratant relaxant \u00eencorporat \u00eentr-o\u00a0textur\u0103 gel r\u0103coritoare.<\/p>\n<ul>\n<li>Hidratare optim\u0103.<\/li>\n<li>R\u0103corire optim\u0103, r\u0103coritoare \u0219i calmant\u0103.<\/li>\n<\/ul>\n<p>Pentru toate tipurile de piele care trebuie s\u0103 par\u0103 mai supl\u0103, mai proasp\u0103t\u0103 \u0219i mai echilibrat\u0103.<\/p>\n<p><strong>Sfat<\/strong>\u00a0aplica\u021bi r\u0103cit vara pentru un efect criogenic suplimentar \u0219i un plus de prospe\u021bime.<\/p>\n<p><strong>Aplica\u021bi<\/strong> de 1-2 ori pe s\u0103pt\u0103m\u00e2n\u0103 pe pielea cur\u0103\u021bat\u0103. Se \u00eendep\u0103rteaz\u0103 dup\u0103 10-15 minute \u0219i se maseaz\u0103 lichidul r\u0103mas.[\/vc_column_text][\/vc_column_inner][vc_column_inner column_width_percent=&#8221;100&#8243; position_vertical=&#8221;middle&#8221; align_horizontal=&#8221;align_center&#8221; gutter_size=&#8221;3&#8243; overlay_alpha=&#8221;50&#8243; shift_x=&#8221;0&#8243; shift_y=&#8221;0&#8243; shift_y_down=&#8221;0&#8243; z_index=&#8221;0&#8243; medium_width=&#8221;0&#8243; mobile_width=&#8221;0&#8243; width=&#8221;1\/2&#8243;][vc_single_image media=&#8221;103364&#8243; media_lightbox=&#8221;yes&#8221; media_width_percent=&#8221;100&#8243; alignment=&#8221;center&#8221; css_animation=&#8221;zoom-in&#8221; lbox_skin=&#8221;white&#8221; uncode_shortcode_id=&#8221;279736&#8243;][\/vc_column_inner][\/vc_row_inner][\/vc_column][\/vc_row][vc_row row_height_percent=&#8221;0&#8243; override_padding=&#8221;yes&#8221; h_padding=&#8221;2&#8243; top_padding=&#8221;0&#8243; bottom_padding=&#8221;0&#8243; overlay_alpha=&#8221;50&#8243; gutter_size=&#8221;3&#8243; column_width_percent=&#8221;100&#8243; shift_y=&#8221;0&#8243; z_index=&#8221;0&#8243; row_name=&#8221;Stretch Lift Mask&#8221;][vc_column column_width_percent=&#8221;100&#8243; gutter_size=&#8221;3&#8243; override_padding=&#8221;yes&#8221; column_padding=&#8221;2&#8243; overlay_alpha=&#8221;50&#8243; shift_x=&#8221;0&#8243; shift_y=&#8221;0&#8243; shift_y_down=&#8221;0&#8243; z_index=&#8221;0&#8243; medium_width=&#8221;0&#8243; mobile_width=&#8221;0&#8243; width=&#8221;1\/1&#8243;][vc_row_inner row_inner_height_percent=&#8221;0&#8243; back_color=&#8221;color-lxmt&#8221; overlay_alpha=&#8221;50&#8243; equal_height=&#8221;yes&#8221; gutter_size=&#8221;0&#8243; shift_y=&#8221;0&#8243; z_index=&#8221;0&#8243; limit_content=&#8221;&#8221;][vc_column_inner column_width_percent=&#8221;100&#8243; position_vertical=&#8221;middle&#8221; align_horizontal=&#8221;align_center&#8221; gutter_size=&#8221;3&#8243; overlay_alpha=&#8221;50&#8243; shift_x=&#8221;0&#8243; shift_y=&#8221;0&#8243; shift_y_down=&#8221;0&#8243; z_index=&#8221;0&#8243; medium_width=&#8221;0&#8243; mobile_width=&#8221;0&#8243; width=&#8221;1\/2&#8243;][vc_single_image media=&#8221;98918&#8243; media_lightbox=&#8221;yes&#8221; media_width_percent=&#8221;100&#8243; alignment=&#8221;center&#8221; css_animation=&#8221;zoom-in&#8221; lbox_skin=&#8221;white&#8221; uncode_shortcode_id=&#8221;696684&#8243;][\/vc_column_inner][vc_column_inner column_width_percent=&#8221;100&#8243; position_vertical=&#8221;middle&#8221; gutter_size=&#8221;3&#8243; override_padding=&#8221;yes&#8221; column_padding=&#8221;3&#8243; back_color=&#8221;color-lxmt&#8221; overlay_alpha=&#8221;50&#8243; shift_x=&#8221;0&#8243; shift_y=&#8221;0&#8243; shift_y_down=&#8221;0&#8243; z_index=&#8221;0&#8243; medium_width=&#8221;0&#8243; mobile_width=&#8221;0&#8243; width=&#8221;1\/2&#8243;][vc_custom_heading text_size=&#8221;fontsize-155944&#8243; text_weight=&#8221;300&#8243; separator_color=&#8221;yes&#8221; separator=&#8221;under&#8221; sub_reduced=&#8221;yes&#8221;]Stretch Lift Mask[\/vc_custom_heading][vc_column_text uncode_shortcode_id=&#8221;167101&#8243;]Concentrate de ingrediente active calmante \u0219i stabilizatoare vascular\u0103 \u00eencorporate \u00eentr-o masc\u0103 de lifting din fleece cu o curea pentru g\u00e2t \u0219i urechi.<\/p>\n<ul>\n<li>Perfec\u021bioneaz\u0103 pielea neuniform\u0103<\/li>\n<li>Perfec\u021bioneaz\u0103 ro\u0219ea\u021ba \u0219i cuperoza\/ pielea predispus\u0103 la rozacee<\/li>\n<li>Perfec\u021bioneaz\u0103 volumul de reten\u021bie a hidrat\u0103rii \u0219i fermitatea pielii<\/li>\n<\/ul>\n<p>Pentru toate tenurile care sufer\u0103 de ro\u0219ea\u021b\u0103 \u0219i\/sau care doresc s\u0103 fie \u00eent\u0103rite.<\/p>\n<p>Ingrediente active:<\/p>\n<ul>\n<li>Calendula: Cicatrizant \u0219i calmant pentru r\u0103ni<\/li>\n<li>Castan de India: Promoveaz\u0103 circula\u021bia \u0219i drenarea<\/li>\n<li>Acid hialuronic: Hidratant \u0219i netezitor<\/li>\n<li>Lemn dulce: Anti-inflamator \u0219i calmant pentru piele<\/li>\n<\/ul>\n<p><strong>Sfat <\/strong>combinat cu bdr\u00ae\u00a0 Contour Neck Serum, ob\u021bine\u021bi o b\u0103rbie \u0219i o zon\u0103 a obrajilor impresionant de ferme&#8230; cu un factor de dependen\u021b\u0103!<\/p>\n<p><strong>Aplicare<\/strong>\u00a0\u00centinde\u021bi masca pe toat\u0103 suprafa\u021ba: Aplica\u021bi masca u\u0219or \u0219i str\u00e2ns pe fa\u021b\u0103 \u0219i fixa\u021bi-o \u00een spatele urechilor cu clemele. Sec\u021biunea de b\u0103rbie a m\u0103\u0219tii se trage str\u00e2ns \u00een sus \u0219i buclele acesteia se aga\u021b\u0103, de asemenea, \u00een spatele urechilor.[\/vc_column_text][\/vc_column_inner][\/vc_row_inner][\/vc_column][\/vc_row][vc_row row_height_percent=&#8221;0&#8243; override_padding=&#8221;yes&#8221; h_padding=&#8221;2&#8243; top_padding=&#8221;0&#8243; bottom_padding=&#8221;0&#8243; overlay_alpha=&#8221;50&#8243; gutter_size=&#8221;3&#8243; column_width_percent=&#8221;100&#8243; shift_y=&#8221;0&#8243; z_index=&#8221;0&#8243; row_name=&#8221;Laser Effect Mask&#8221;][vc_column column_width_percent=&#8221;100&#8243; gutter_size=&#8221;3&#8243; override_padding=&#8221;yes&#8221; column_padding=&#8221;2&#8243; overlay_alpha=&#8221;50&#8243; shift_x=&#8221;0&#8243; shift_y=&#8221;0&#8243; shift_y_down=&#8221;0&#8243; z_index=&#8221;0&#8243; medium_width=&#8221;0&#8243; mobile_width=&#8221;0&#8243; width=&#8221;1\/1&#8243;][vc_row_inner row_inner_height_percent=&#8221;0&#8243; back_color=&#8221;color-lxmt&#8221; overlay_alpha=&#8221;50&#8243; equal_height=&#8221;yes&#8221; gutter_size=&#8221;0&#8243; shift_y=&#8221;0&#8243; z_index=&#8221;0&#8243; limit_content=&#8221;&#8221;][vc_column_inner column_width_percent=&#8221;100&#8243; position_vertical=&#8221;middle&#8221; gutter_size=&#8221;3&#8243; override_padding=&#8221;yes&#8221; column_padding=&#8221;3&#8243; back_color=&#8221;color-lxmt&#8221; overlay_alpha=&#8221;50&#8243; shift_x=&#8221;0&#8243; shift_y=&#8221;0&#8243; shift_y_down=&#8221;0&#8243; z_index=&#8221;0&#8243; medium_width=&#8221;0&#8243; mobile_width=&#8221;0&#8243; width=&#8221;1\/2&#8243;][vc_custom_heading text_size=&#8221;fontsize-155944&#8243; text_weight=&#8221;300&#8243; separator_color=&#8221;yes&#8221; separator=&#8221;under&#8221; sub_reduced=&#8221;yes&#8221;]Laser Effect Mask[\/vc_custom_heading][vc_column_text uncode_shortcode_id=&#8221;101089&#8243;]Masca din bioceluloz\u0103 (&#8222;Second Skin&#8221;) cu un complex unic de ingrediente active combin\u0103 componente de \u00eent\u0103rire cu ingrediente hidratante pentru a crea un adev\u0103rat cocktail de putere pentru pielea dvs. cu un efect WOW imediat vizibil:<\/p>\n<ul>\n<li>netezirea vizibil\u0103 a ridurilor<\/li>\n<li>regenerare<\/li>\n<li>Stimularea produc\u021biei proprii de colagen a pielii<\/li>\n<li>Str\u0103lucire \u0219i prospe\u021bime noi<\/li>\n<\/ul>\n<p><strong>Sfat<\/strong> masca eveniment prin excelen\u021b\u0103 &#8211; pielea ta pare ca \u0219i cum ar fi fost blurat\u0103 cu un filtru foto!<\/p>\n<p><strong>Aplica\u021bi<\/strong> de 1-2 ori pe s\u0103pt\u0103m\u00e2n\u0103 pe pielea cur\u0103\u021bat\u0103. Se \u00eendep\u0103rteaz\u0103 dup\u0103 10-15 minute \u0219i se maseaz\u0103 orice reziduu de lichid.[\/vc_column_text][\/vc_column_inner][vc_column_inner column_width_percent=&#8221;100&#8243; position_vertical=&#8221;middle&#8221; align_horizontal=&#8221;align_center&#8221; gutter_size=&#8221;3&#8243; overlay_alpha=&#8221;50&#8243; shift_x=&#8221;0&#8243; shift_y=&#8221;0&#8243; shift_y_down=&#8221;0&#8243; z_index=&#8221;0&#8243; medium_width=&#8221;0&#8243; mobile_width=&#8221;0&#8243; width=&#8221;1\/2&#8243;][vc_single_image media=&#8221;98997&#8243; media_lightbox=&#8221;yes&#8221; media_width_percent=&#8221;100&#8243; alignment=&#8221;center&#8221; css_animation=&#8221;zoom-in&#8221; lbox_skin=&#8221;white&#8221; uncode_shortcode_id=&#8221;187125&#8243;][\/vc_column_inner][\/vc_row_inner][\/vc_column][\/vc_row][vc_row row_height_percent=&#8221;0&#8243; override_padding=&#8221;yes&#8221; h_padding=&#8221;2&#8243; top_padding=&#8221;0&#8243; bottom_padding=&#8221;0&#8243; overlay_alpha=&#8221;50&#8243; gutter_size=&#8221;3&#8243; column_width_percent=&#8221;100&#8243; shift_y=&#8221;0&#8243; z_index=&#8221;0&#8243; row_name=&#8221;Laser Effect Mask&#8221;][vc_column column_width_percent=&#8221;100&#8243; gutter_size=&#8221;3&#8243; override_padding=&#8221;yes&#8221; column_padding=&#8221;3&#8243; overlay_alpha=&#8221;50&#8243; shift_x=&#8221;0&#8243; shift_y=&#8221;0&#8243; shift_y_down=&#8221;0&#8243; z_index=&#8221;0&#8243; medium_width=&#8221;0&#8243; mobile_width=&#8221;0&#8243; width=&#8221;1\/1&#8243; uncode_shortcode_id=&#8221;157145&#8243;][vc_row_inner row_inner_height_percent=&#8221;0&#8243; back_color=&#8221;color-lxmt&#8221; overlay_alpha=&#8221;50&#8243; equal_height=&#8221;yes&#8221; gutter_size=&#8221;0&#8243; shift_y=&#8221;0&#8243; z_index=&#8221;0&#8243; limit_content=&#8221;&#8221;][vc_column_inner column_width_percent=&#8221;100&#8243; position_vertical=&#8221;middle&#8221; align_horizontal=&#8221;align_center&#8221; gutter_size=&#8221;3&#8243; overlay_alpha=&#8221;50&#8243; shift_x=&#8221;0&#8243; shift_y=&#8221;0&#8243; shift_y_down=&#8221;0&#8243; z_index=&#8221;0&#8243; medium_width=&#8221;0&#8243; mobile_width=&#8221;0&#8243; width=&#8221;1\/2&#8243;][vc_single_image media=&#8221;98997&#8243; media_lightbox=&#8221;yes&#8221; media_width_percent=&#8221;100&#8243; alignment=&#8221;center&#8221; css_animation=&#8221;zoom-in&#8221; lbox_skin=&#8221;white&#8221; uncode_shortcode_id=&#8221;187125&#8243;][\/vc_column_inner][vc_column_inner column_width_percent=&#8221;100&#8243; position_vertical=&#8221;middle&#8221; gutter_size=&#8221;3&#8243; override_padding=&#8221;yes&#8221; column_padding=&#8221;3&#8243; back_color=&#8221;color-lxmt&#8221; overlay_alpha=&#8221;50&#8243; shift_x=&#8221;0&#8243; shift_y=&#8221;0&#8243; shift_y_down=&#8221;0&#8243; z_index=&#8221;0&#8243; medium_width=&#8221;0&#8243; mobile_width=&#8221;0&#8243; width=&#8221;1\/2&#8243;][vc_custom_heading text_size=&#8221;fontsize-155944&#8243; text_weight=&#8221;300&#8243; separator_color=&#8221;yes&#8221; separator=&#8221;under&#8221; sub_reduced=&#8221;yes&#8221; uncode_shortcode_id=&#8221;792948&#8243;]Bio Cell Mask[\/vc_custom_heading][vc_column_text uncode_shortcode_id=&#8221;292993&#8243;]<\/p>\n<div class=\"flex max-w-full flex-col flex-grow\">\n<div class=\"min-h-8 text-message flex w-full flex-col items-end gap-2 whitespace-normal break-words [.text-message+&amp;]:mt-5\" dir=\"auto\" data-message-author-role=\"assistant\" data-message-id=\"6a5ec3fd-410f-4f61-8379-a5fa36b99af3\" data-message-model-slug=\"gpt-4o-mini\">\n<div class=\"flex w-full flex-col gap-1 empty:hidden first:pt-[3px]\">\n<div class=\"markdown prose w-full break-words dark:prose-invert light\">\n<p>Masca din proteine de m\u0103tase, impregnat\u0103 cu ingrediente fitoactive care \u00eembun\u0103t\u0103\u021besc matricea, asigur\u0103 o reducere optim\u0103 a ad\u00e2ncimii \u0219i volumului ridurilor. Aceasta rafineaz\u0103 vizibil porii \u0219i \u00eembun\u0103t\u0103\u021be\u0219te aspectul pielii pe termen lung. Aceast\u0103 masc\u0103 este ideal\u0103 pentru orice piele care trebuie s\u0103 par\u0103 mai fin\u0103 \u0219i mai neted\u0103 \u0219i ofer\u0103 pielii un aspect uniform \u0219i radiant.<\/p>\n<ul>\n<li>Complex de peptide: Hr\u0103ne\u0219te \u0219i stimuleaz\u0103 produc\u021bia de colagen<\/li>\n<li>Extract de miere \u0219i castravete: Hidratant<\/li>\n<li>Mu\u0219e\u021bel roman: antiinflamator \u0219i antiseptic<\/li>\n<li>Lemn dulce: Antiinflamator \u0219i calmeaz\u0103 pielea<\/li>\n<li>Vitamina C: Regenerant\u0103 \u0219i cicatrizant\u0103<\/li>\n<\/ul>\n<p><strong>Sfat<\/strong> Pentru o doz\u0103 suplimentar\u0103 de ingredient activ, con\u021binutul r\u0103mas din ambalaj poate fi masat pe piele ca un ser.<\/p>\n<p><strong>Aplicare<\/strong> O dat\u0103 pe s\u0103pt\u0103m\u00e2n\u0103 sau la ocazii speciale, netezi\u021bi masca de m\u0103tase pe piele \u0219i l\u0103sa\u021bi s\u0103 ac\u021bioneze timp de p\u00e2n\u0103 la 30 de minute.<\/p>\n<p>&nbsp;<\/p>\n<\/div>\n<\/div>\n<\/div>\n<\/div>\n<p>[\/vc_column_text][\/vc_column_inner][\/vc_row_inner][\/vc_column][\/vc_row]<\/p>\n<\/div>","protected":false},"excerpt":{"rendered":"<p>[vc_row row_height_percent=&#8221;0&#8243; override_padding=&#8221;yes&#8221; h_padding=&#8221;3&#8243; top_padding=&#8221;3&#8243; bottom_padding=&#8221;3&#8243; back_color=&#8221;color-lxmt&#8221; overlay_alpha=&#8221;50&#8243; gutter_size=&#8221;3&#8243; column_width_percent=&#8221;100&#8243; shift_y=&#8221;0&#8243; z_index=&#8221;0&#8243; row_name=&#8221;The Medical Beauty Concept&#8221;][vc_column width=&#8221;1\/1&#8243;][vc_row_inner row_inner_height_percent=&#8221;0&#8243; overlay_alpha=&#8221;50&#8243; gutter_size=&#8221;4&#8243; [&hellip;]<\/p>\n","protected":false},"author":3,"featured_media":0,"parent":126027,"menu_order":6,"comment_status":"closed","ping_status":"closed","template":"","meta":{"footnotes":""},"class_list":["post-126283","page","type-page","status-publish","hentry"],"yoast_head":"<!-- This site is optimized with the Yoast SEO plugin v24.6 - https:\/\/yoast.com\/wordpress\/plugins\/seo\/ -->\n<title>M\u0102\u0218TI DE FA\u021a\u0102<\/title>\n<meta name=\"description\" content=\"M\u0103\u0219tile de fa\u021b\u0103 hibride bdr\u00ae \u00eembin\u0103 materiale atent selectate \u0219i cei mai noi agen\u021bi activi high-tech.\" \/>\n<meta name=\"robots\" content=\"index, follow, max-snippet:-1, max-image-preview:large, max-video-preview:-1\" \/>\n<link rel=\"canonical\" href=\"https:\/\/bdr-beauty.de\/ro\/bdr-medical-beauty-concept\/masti-de-fata\/\" \/>\n<meta property=\"og:locale\" content=\"ro_RO\" \/>\n<meta property=\"og:type\" content=\"article\" \/>\n<meta property=\"og:title\" content=\"M\u0102\u0218TI DE FA\u021a\u0102\" \/>\n<meta property=\"og:description\" content=\"M\u0103\u0219tile de fa\u021b\u0103 hibride bdr\u00ae \u00eembin\u0103 materiale atent selectate \u0219i cei mai noi agen\u021bi activi high-tech.\" \/>\n<meta property=\"og:url\" content=\"https:\/\/bdr-beauty.de\/ro\/bdr-medical-beauty-concept\/masti-de-fata\/\" \/>\n<meta property=\"og:site_name\" content=\"bdr medical beauty\" \/>\n<meta property=\"article:modified_time\" content=\"2025-07-25T07:45:34+00:00\" \/>\n<meta name=\"twitter:card\" content=\"summary_large_image\" \/>\n<meta name=\"twitter:label1\" content=\"Timp estimat pentru citire\" \/>\n\t<meta name=\"twitter:data1\" content=\"6 minute\" \/>\n<script type=\"application\/ld+json\" class=\"yoast-schema-graph\">{\"@context\":\"https:\/\/schema.org\",\"@graph\":[{\"@type\":\"WebPage\",\"@id\":\"https:\/\/bdr-beauty.de\/ro\/bdr-medical-beauty-concept\/masti-de-fata\/\",\"url\":\"https:\/\/bdr-beauty.de\/ro\/bdr-medical-beauty-concept\/masti-de-fata\/\",\"name\":\"M\u0102\u0218TI DE FA\u021a\u0102\",\"isPartOf\":{\"@id\":\"https:\/\/bdr-beauty.de\/ro\/#website\"},\"datePublished\":\"2025-07-25T07:44:08+00:00\",\"dateModified\":\"2025-07-25T07:45:34+00:00\",\"description\":\"M\u0103\u0219tile de fa\u021b\u0103 hibride bdr\u00ae \u00eembin\u0103 materiale atent selectate \u0219i cei mai noi agen\u021bi activi high-tech.\",\"breadcrumb\":{\"@id\":\"https:\/\/bdr-beauty.de\/ro\/bdr-medical-beauty-concept\/masti-de-fata\/#breadcrumb\"},\"inLanguage\":\"ro-RO\",\"potentialAction\":[{\"@type\":\"ReadAction\",\"target\":[\"https:\/\/bdr-beauty.de\/ro\/bdr-medical-beauty-concept\/masti-de-fata\/\"]}]},{\"@type\":\"BreadcrumbList\",\"@id\":\"https:\/\/bdr-beauty.de\/ro\/bdr-medical-beauty-concept\/masti-de-fata\/#breadcrumb\",\"itemListElement\":[{\"@type\":\"ListItem\",\"position\":1,\"name\":\"Startseite\",\"item\":\"https:\/\/bdr-beauty.de\/ro\/\"},{\"@type\":\"ListItem\",\"position\":2,\"name\":\"bdr\u00ae The Medical Beauty Concept Startseite RO\",\"item\":\"https:\/\/bdr-beauty.de\/ro\/\"},{\"@type\":\"ListItem\",\"position\":3,\"name\":\"Gesichtsmasken RO\"}]},{\"@type\":\"WebSite\",\"@id\":\"https:\/\/bdr-beauty.de\/ro\/#website\",\"url\":\"https:\/\/bdr-beauty.de\/ro\/\",\"name\":\"bdr medical beauty\",\"description\":\"Luxury meets Skincare\",\"potentialAction\":[{\"@type\":\"SearchAction\",\"target\":{\"@type\":\"EntryPoint\",\"urlTemplate\":\"https:\/\/bdr-beauty.de\/ro\/?s={search_term_string}\"},\"query-input\":{\"@type\":\"PropertyValueSpecification\",\"valueRequired\":true,\"valueName\":\"search_term_string\"}}],\"inLanguage\":\"ro-RO\"}]}<\/script>\n<!-- \/ Yoast SEO plugin. -->","yoast_head_json":{"title":"M\u0102\u0218TI DE FA\u021a\u0102","description":"M\u0103\u0219tile de fa\u021b\u0103 hibride bdr\u00ae \u00eembin\u0103 materiale atent selectate \u0219i cei mai noi agen\u021bi activi high-tech.","robots":{"index":"index","follow":"follow","max-snippet":"max-snippet:-1","max-image-preview":"max-image-preview:large","max-video-preview":"max-video-preview:-1"},"canonical":"https:\/\/bdr-beauty.de\/ro\/bdr-medical-beauty-concept\/masti-de-fata\/","og_locale":"ro_RO","og_type":"article","og_title":"M\u0102\u0218TI DE FA\u021a\u0102","og_description":"M\u0103\u0219tile de fa\u021b\u0103 hibride bdr\u00ae \u00eembin\u0103 materiale atent selectate \u0219i cei mai noi agen\u021bi activi high-tech.","og_url":"https:\/\/bdr-beauty.de\/ro\/bdr-medical-beauty-concept\/masti-de-fata\/","og_site_name":"bdr medical beauty","article_modified_time":"2025-07-25T07:45:34+00:00","twitter_card":"summary_large_image","twitter_misc":{"Timp estimat pentru citire":"6 minute"},"schema":{"@context":"https:\/\/schema.org","@graph":[{"@type":"WebPage","@id":"https:\/\/bdr-beauty.de\/ro\/bdr-medical-beauty-concept\/masti-de-fata\/","url":"https:\/\/bdr-beauty.de\/ro\/bdr-medical-beauty-concept\/masti-de-fata\/","name":"M\u0102\u0218TI DE FA\u021a\u0102","isPartOf":{"@id":"https:\/\/bdr-beauty.de\/ro\/#website"},"datePublished":"2025-07-25T07:44:08+00:00","dateModified":"2025-07-25T07:45:34+00:00","description":"M\u0103\u0219tile de fa\u021b\u0103 hibride bdr\u00ae \u00eembin\u0103 materiale atent selectate \u0219i cei mai noi agen\u021bi activi high-tech.","breadcrumb":{"@id":"https:\/\/bdr-beauty.de\/ro\/bdr-medical-beauty-concept\/masti-de-fata\/#breadcrumb"},"inLanguage":"ro-RO","potentialAction":[{"@type":"ReadAction","target":["https:\/\/bdr-beauty.de\/ro\/bdr-medical-beauty-concept\/masti-de-fata\/"]}]},{"@type":"BreadcrumbList","@id":"https:\/\/bdr-beauty.de\/ro\/bdr-medical-beauty-concept\/masti-de-fata\/#breadcrumb","itemListElement":[{"@type":"ListItem","position":1,"name":"Startseite","item":"https:\/\/bdr-beauty.de\/ro\/"},{"@type":"ListItem","position":2,"name":"bdr\u00ae The Medical Beauty Concept Startseite RO","item":"https:\/\/bdr-beauty.de\/ro\/"},{"@type":"ListItem","position":3,"name":"Gesichtsmasken RO"}]},{"@type":"WebSite","@id":"https:\/\/bdr-beauty.de\/ro\/#website","url":"https:\/\/bdr-beauty.de\/ro\/","name":"bdr medical beauty","description":"Luxury meets Skincare","potentialAction":[{"@type":"SearchAction","target":{"@type":"EntryPoint","urlTemplate":"https:\/\/bdr-beauty.de\/ro\/?s={search_term_string}"},"query-input":{"@type":"PropertyValueSpecification","valueRequired":true,"valueName":"search_term_string"}}],"inLanguage":"ro-RO"}]}},"_links":{"self":[{"href":"https:\/\/bdr-beauty.de\/ro\/wp-json\/wp\/v2\/pages\/126283","targetHints":{"allow":["GET"]}}],"collection":[{"href":"https:\/\/bdr-beauty.de\/ro\/wp-json\/wp\/v2\/pages"}],"about":[{"href":"https:\/\/bdr-beauty.de\/ro\/wp-json\/wp\/v2\/types\/page"}],"author":[{"embeddable":true,"href":"https:\/\/bdr-beauty.de\/ro\/wp-json\/wp\/v2\/users\/3"}],"replies":[{"embeddable":true,"href":"https:\/\/bdr-beauty.de\/ro\/wp-json\/wp\/v2\/comments?post=126283"}],"version-history":[{"count":2,"href":"https:\/\/bdr-beauty.de\/ro\/wp-json\/wp\/v2\/pages\/126283\/revisions"}],"predecessor-version":[{"id":126312,"href":"https:\/\/bdr-beauty.de\/ro\/wp-json\/wp\/v2\/pages\/126283\/revisions\/126312"}],"up":[{"embeddable":true,"href":"https:\/\/bdr-beauty.de\/ro\/wp-json\/wp\/v2\/pages\/126027"}],"wp:attachment":[{"href":"https:\/\/bdr-beauty.de\/ro\/wp-json\/wp\/v2\/media?parent=126283"}],"curies":[{"name":"wp","href":"https:\/\/api.w.org\/{rel}","templated":true}]}}