{"id":126317,"date":"2025-07-25T09:55:45","date_gmt":"2025-07-25T07:55:45","guid":{"rendered":"https:\/\/bdr-beauty.de\/?page_id=126317"},"modified":"2025-07-25T09:56:11","modified_gmt":"2025-07-25T07:56:11","slug":"curatarea-pielii","status":"publish","type":"page","link":"https:\/\/bdr-beauty.de\/ro\/bdr-medical-beauty-concept\/curatarea-pielii\/","title":{"rendered":"Produkte Hautreinigung RO"},"content":{"rendered":"<div class=\"wpb-content-wrapper\"><p>[vc_row row_height_percent=&#8221;0&#8243; override_padding=&#8221;yes&#8221; h_padding=&#8221;3&#8243; top_padding=&#8221;3&#8243; bottom_padding=&#8221;3&#8243; back_color=&#8221;color-lxmt&#8221; overlay_alpha=&#8221;50&#8243; gutter_size=&#8221;3&#8243; column_width_percent=&#8221;100&#8243; shift_y=&#8221;0&#8243; z_index=&#8221;0&#8243; row_name=&#8221;The Medical Beauty Concept&#8221;][vc_column width=&#8221;1\/1&#8243;][vc_row_inner row_inner_height_percent=&#8221;0&#8243; overlay_alpha=&#8221;50&#8243; gutter_size=&#8221;4&#8243; shift_y=&#8221;0&#8243; z_index=&#8221;0&#8243; limit_content=&#8221;&#8221;][vc_column_inner column_width_percent=&#8221;100&#8243; gutter_size=&#8221;3&#8243; overlay_alpha=&#8221;50&#8243; shift_x=&#8221;0&#8243; shift_y=&#8221;0&#8243; shift_y_down=&#8221;0&#8243; z_index=&#8221;0&#8243; medium_width=&#8221;0&#8243; mobile_width=&#8221;0&#8243; width=&#8221;1\/1&#8243;][vc_custom_heading text_size=&#8221;fontsize-155944&#8243; text_weight=&#8221;300&#8243;]The Medical Beauty Concept[\/vc_custom_heading][vc_custom_heading text_size=&#8221;h4&#8243; text_weight=&#8221;300&#8243; text_height=&#8221;fontheight-357766&#8243; uncode_shortcode_id=&#8221;129884&#8243;]Cur\u0103\u021barea delicat\u0103 \u0219i complet\u0103 cu Re-move sau Re-move PH este primul \u0219i cel mai important pas \u00een preg\u0103tirea pielii. Cur\u0103\u021barea este baza oric\u0103rui tratament de \u00eenfrumuse\u021bare. Aplica\u021bi pe piele diminea\u021ba \u0219i seara \u0219i cl\u0103ti\u021bi cu ap\u0103 c\u0103ldu\u021b\u0103. Re-move pentru pielea normal\u0103 \u0219i uscat\u0103. Re-move PH pentru pielea gras\u0103, inflamat\u0103, \u00eenro\u0219it\u0103 \u0219i cu imperfec\u021biuni.[\/vc_custom_heading][\/vc_column_inner][\/vc_row_inner][\/vc_column][\/vc_row][vc_row row_height_percent=&#8221;0&#8243; override_padding=&#8221;yes&#8221; h_padding=&#8221;2&#8243; top_padding=&#8221;0&#8243; bottom_padding=&#8221;0&#8243; overlay_alpha=&#8221;50&#8243; gutter_size=&#8221;3&#8243; column_width_percent=&#8221;100&#8243; shift_y=&#8221;0&#8243; z_index=&#8221;0&#8243; row_name=&#8221;Re-move&#8221;][vc_column column_width_percent=&#8221;100&#8243; gutter_size=&#8221;3&#8243; override_padding=&#8221;yes&#8221; column_padding=&#8221;2&#8243; overlay_alpha=&#8221;50&#8243; shift_x=&#8221;0&#8243; shift_y=&#8221;0&#8243; shift_y_down=&#8221;0&#8243; z_index=&#8221;0&#8243; medium_width=&#8221;0&#8243; mobile_width=&#8221;0&#8243; width=&#8221;1\/1&#8243;][vc_row_inner row_inner_height_percent=&#8221;0&#8243; back_color=&#8221;color-lxmt&#8221; overlay_alpha=&#8221;50&#8243; equal_height=&#8221;yes&#8221; gutter_size=&#8221;0&#8243; shift_y=&#8221;0&#8243; z_index=&#8221;0&#8243; limit_content=&#8221;&#8221;][vc_column_inner column_width_percent=&#8221;100&#8243; position_vertical=&#8221;middle&#8221; align_horizontal=&#8221;align_center&#8221; gutter_size=&#8221;3&#8243; overlay_alpha=&#8221;50&#8243; shift_x=&#8221;0&#8243; shift_y=&#8221;0&#8243; shift_y_down=&#8221;0&#8243; z_index=&#8221;0&#8243; medium_width=&#8221;0&#8243; mobile_width=&#8221;0&#8243; width=&#8221;1\/2&#8243;][vc_single_image media=&#8221;84371&#8243; media_lightbox=&#8221;yes&#8221; media_width_percent=&#8221;80&#8243; alignment=&#8221;center&#8221; css_animation=&#8221;zoom-in&#8221; lbox_skin=&#8221;white&#8221; uncode_shortcode_id=&#8221;210440&#8243;][\/vc_column_inner][vc_column_inner column_width_percent=&#8221;100&#8243; position_vertical=&#8221;middle&#8221; gutter_size=&#8221;3&#8243; override_padding=&#8221;yes&#8221; column_padding=&#8221;3&#8243; back_color=&#8221;color-lxmt&#8221; overlay_alpha=&#8221;50&#8243; shift_x=&#8221;0&#8243; shift_y=&#8221;0&#8243; shift_y_down=&#8221;0&#8243; z_index=&#8221;0&#8243; medium_width=&#8221;0&#8243; mobile_width=&#8221;0&#8243; width=&#8221;1\/2&#8243;][vc_custom_heading text_size=&#8221;fontsize-155944&#8243; text_weight=&#8221;300&#8243; separator_color=&#8221;yes&#8221; separator=&#8221;under&#8221; sub_reduced=&#8221;yes&#8221; subheading=&#8221;de cur\u0103\u021bare&#8221; uncode_shortcode_id=&#8221;178312&#8243;]Re-move[\/vc_custom_heading][vc_column_text uncode_shortcode_id=&#8221;247876&#8243;]Laptele de cur\u0103\u021bare cremos, pe baz\u0103 de aloe, p\u0103streaz\u0103 mantaua acid\u0103 protectoare a pielii \u0219i are un efect calmant \u0219i regenerant. Este tolerat optim \u0219i potrivit pentru toate tipurile de piele &#8211; recomandat \u00een special pentru pielea matur\u0103 \u0219i\/sau uscat\u0103 \u0219i pentru pielea mixt\u0103.<\/p>\n<p><strong>Aplica\u021bi<\/strong> diminea\u021ba \u0219i seara \u0219i \u00eendep\u0103rta\u021bi cu ap\u0103.<\/p>\n<p><strong>Sfat <\/strong>potrivit \u0219i ca demachiant!<\/p>\n<p><strong>Caracteristicile produsului<\/strong> vegan, frumuse\u021be curat\u0103, \u00eemb\u0103tr\u00e2nire s\u0103n\u0103toas\u0103, f\u0103r\u0103 uleiuri minerale, f\u0103r\u0103 parabeni, f\u0103r\u0103 silicon, f\u0103r\u0103 alcool[\/vc_column_text][\/vc_column_inner][\/vc_row_inner][\/vc_column][\/vc_row][vc_row row_height_percent=&#8221;0&#8243; override_padding=&#8221;yes&#8221; h_padding=&#8221;2&#8243; top_padding=&#8221;0&#8243; bottom_padding=&#8221;0&#8243; overlay_alpha=&#8221;50&#8243; gutter_size=&#8221;3&#8243; column_width_percent=&#8221;100&#8243; shift_y=&#8221;0&#8243; z_index=&#8221;0&#8243; row_name=&#8221;Re-move PH&#8221;][vc_column column_width_percent=&#8221;100&#8243; gutter_size=&#8221;3&#8243; override_padding=&#8221;yes&#8221; column_padding=&#8221;2&#8243; overlay_alpha=&#8221;50&#8243; shift_x=&#8221;0&#8243; shift_y=&#8221;0&#8243; shift_y_down=&#8221;0&#8243; z_index=&#8221;0&#8243; medium_width=&#8221;0&#8243; mobile_width=&#8221;0&#8243; width=&#8221;1\/1&#8243;][vc_row_inner row_inner_height_percent=&#8221;0&#8243; back_color=&#8221;color-lxmt&#8221; overlay_alpha=&#8221;50&#8243; equal_height=&#8221;yes&#8221; gutter_size=&#8221;0&#8243; shift_y=&#8221;0&#8243; z_index=&#8221;0&#8243; limit_content=&#8221;&#8221;][vc_column_inner column_width_percent=&#8221;100&#8243; position_vertical=&#8221;middle&#8221; gutter_size=&#8221;3&#8243; override_padding=&#8221;yes&#8221; column_padding=&#8221;3&#8243; back_color=&#8221;color-lxmt&#8221; overlay_alpha=&#8221;50&#8243; shift_x=&#8221;0&#8243; shift_y=&#8221;0&#8243; shift_y_down=&#8221;0&#8243; z_index=&#8221;0&#8243; medium_width=&#8221;0&#8243; mobile_width=&#8221;0&#8243; width=&#8221;1\/2&#8243;][vc_custom_heading text_size=&#8221;fontsize-155944&#8243; text_weight=&#8221;300&#8243; separator_color=&#8221;yes&#8221; separator=&#8221;under&#8221; sub_reduced=&#8221;yes&#8221; subheading=&#8221;lapte de cur\u0103\u021bare Pure Harmony&#8221; uncode_shortcode_id=&#8221;724974&#8243;]Re-move PH[\/vc_custom_heading][vc_column_text uncode_shortcode_id=&#8221;380305&#8243;]Laptele de cur\u0103\u021bare u\u0219or cu argint micronizat \u0219i Seboclear\u00ae DB are un efect sebum-normalizant, matifiant \u0219i echilibrant. Potrivit \u00een special pentru pielea inflamat\u0103, cu imperfec\u021biuni \u0219i pentru pielea sensibil\u0103, stresat\u0103.<\/p>\n<p><strong>Aplica\u021bi<\/strong> diminea\u021ba \u0219i seara pe fa\u021b\u0103, g\u00e2t \u0219i decolteu \u0219i \u00eendep\u0103rta\u021bi cu ap\u0103.<\/p>\n<p><strong>Sfat<\/strong> nu cl\u0103ti\u021bi imediat \u0219i l\u0103sa\u021bi s\u0103 ac\u021bioneze ca o masc\u0103 timp de 5-10 minute. Calmeaz\u0103 \u0219i normalizeaz\u0103 pielea stresat\u0103 \u0219i ac\u021bioneaz\u0103 activ \u00eempotriva impurit\u0103\u021bilor \u0219i inflama\u021biilor acute.<\/p>\n<p><strong>Caracteristicile produsului<\/strong> vegan, frumuse\u021be curat\u0103, \u00eemb\u0103tr\u00e2nire s\u0103n\u0103toas\u0103, f\u0103r\u0103 uleiuri minerale, f\u0103r\u0103 parabeni, f\u0103r\u0103 silicon, f\u0103r\u0103 alcool[\/vc_column_text][\/vc_column_inner][vc_column_inner column_width_percent=&#8221;100&#8243; position_vertical=&#8221;middle&#8221; align_horizontal=&#8221;align_center&#8221; gutter_size=&#8221;3&#8243; overlay_alpha=&#8221;50&#8243; shift_x=&#8221;0&#8243; shift_y=&#8221;0&#8243; shift_y_down=&#8221;0&#8243; z_index=&#8221;0&#8243; medium_width=&#8221;0&#8243; mobile_width=&#8221;0&#8243; width=&#8221;1\/2&#8243;][vc_single_image media=&#8221;84366&#8243; media_lightbox=&#8221;yes&#8221; media_width_percent=&#8221;80&#8243; alignment=&#8221;center&#8221; css_animation=&#8221;zoom-in&#8221; lbox_skin=&#8221;white&#8221; uncode_shortcode_id=&#8221;111350&#8243;][\/vc_column_inner][\/vc_row_inner][\/vc_column][\/vc_row][vc_row row_height_percent=&#8221;0&#8243; override_padding=&#8221;yes&#8221; h_padding=&#8221;2&#8243; top_padding=&#8221;0&#8243; bottom_padding=&#8221;0&#8243; overlay_alpha=&#8221;50&#8243; gutter_size=&#8221;3&#8243; column_width_percent=&#8221;100&#8243; shift_y=&#8221;0&#8243; z_index=&#8221;0&#8243; content_parallax=&#8221;0&#8243; row_name=&#8221;Deep Cleanse&#8221; uncode_shortcode_id=&#8221;355994&#8243;][vc_column column_width_percent=&#8221;100&#8243; gutter_size=&#8221;1&#8243; override_padding=&#8221;yes&#8221; column_padding=&#8221;2&#8243; overlay_alpha=&#8221;50&#8243; shift_x=&#8221;0&#8243; shift_y=&#8221;0&#8243; shift_y_down=&#8221;0&#8243; z_index=&#8221;0&#8243; medium_width=&#8221;0&#8243; mobile_width=&#8221;0&#8243; width=&#8221;1\/1&#8243; uncode_shortcode_id=&#8221;200033&#8243;][vc_row_inner row_inner_height_percent=&#8221;0&#8243; back_color=&#8221;color-lxmt&#8221; overlay_alpha=&#8221;50&#8243; equal_height=&#8221;yes&#8221; gutter_size=&#8221;0&#8243; shift_y=&#8221;0&#8243; z_index=&#8221;0&#8243; limit_content=&#8221;&#8221;][vc_column_inner column_width_percent=&#8221;100&#8243; position_vertical=&#8221;middle&#8221; align_horizontal=&#8221;align_center&#8221; gutter_size=&#8221;3&#8243; overlay_alpha=&#8221;50&#8243; shift_x=&#8221;0&#8243; shift_y=&#8221;0&#8243; shift_y_down=&#8221;0&#8243; z_index=&#8221;0&#8243; medium_width=&#8221;0&#8243; mobile_width=&#8221;0&#8243; width=&#8221;1\/2&#8243;][vc_single_image media=&#8221;91413&#8243; media_lightbox=&#8221;yes&#8221; media_width_percent=&#8221;80&#8243; alignment=&#8221;center&#8221; css_animation=&#8221;zoom-in&#8221; lbox_skin=&#8221;white&#8221; uncode_shortcode_id=&#8221;973708&#8243;][\/vc_column_inner][vc_column_inner column_width_percent=&#8221;100&#8243; position_vertical=&#8221;middle&#8221; gutter_size=&#8221;3&#8243; override_padding=&#8221;yes&#8221; column_padding=&#8221;3&#8243; back_color=&#8221;color-lxmt&#8221; overlay_alpha=&#8221;50&#8243; shift_x=&#8221;0&#8243; shift_y=&#8221;0&#8243; shift_y_down=&#8221;0&#8243; z_index=&#8221;0&#8243; medium_width=&#8221;0&#8243; mobile_width=&#8221;0&#8243; width=&#8221;1\/2&#8243;][vc_custom_heading text_size=&#8221;fontsize-155944&#8243; text_weight=&#8221;300&#8243; separator_color=&#8221;yes&#8221; separator=&#8221;under&#8221; sub_reduced=&#8221;yes&#8221; subheading=&#8221;spum\u0103 hidratant\u0103 pentru cur\u0103\u021barea pielii&#8221; uncode_shortcode_id=&#8221;132502&#8243;]Deep Cleanse[\/vc_custom_heading][vc_column_text uncode_shortcode_id=&#8221;183564&#8243;]\u00cencepe-\u021bi ritualul de \u00eengrijire a pielii cu spuma de cur\u0103\u021bare hidratant\u0103 Deep Cleanse. F\u0103r\u0103 agen\u021bi tensioactivi usc\u0103tori \u0219i iritan\u021bi, spuma este potrivit\u0103 pentru cur\u0103\u021barea zilnic\u0103 pentru toate tipurile de piele \u0219i chiar \u00eendep\u0103rteaz\u0103 delicat machiajul. Produsul hidratant pe baz\u0103 de aminoacizi (aproape identic cu NMF-ul propriu pielii) hidrateaz\u0103 pielea \u00een timpul cur\u0103\u021b\u0103rii \u0219i, \u00een acela\u0219i timp, str\u00e2nge pielea.<\/p>\n<p><strong>Sfat<\/strong> Spuma de cur\u0103\u021bare Deep Cleanse este perfect\u0103 \u0219i ca spum\u0103 de b\u0103rbierit!<\/p>\n<p><strong>Aplicare<\/strong> Diminea\u021ba \u0219i seara, cu m\u00e2inile umede, se spumeaz\u0103 pe scurt o cantitate de produs de m\u0103rimea unui bob de maz\u0103re. Aplica\u021bi apoi pe fa\u021b\u0103, g\u00e2t \u0219i decolteu. Cl\u0103ti\u021bi cu mult\u0103 ap\u0103 \u0219i continua\u021bi cu regimul de \u00eengrijire a pielii.<\/p>\n<p><strong>Caracteristicile produsului<\/strong> vegan, frumuse\u021be curat\u0103, \u00eemb\u0103tr\u00e2nire s\u0103n\u0103toas\u0103, f\u0103r\u0103 uleiuri minerale, f\u0103r\u0103 parabeni, f\u0103r\u0103 silicon, f\u0103r\u0103 alcool[\/vc_column_text][\/vc_column_inner][\/vc_row_inner][\/vc_column][\/vc_row]<\/p>\n<\/div>","protected":false},"excerpt":{"rendered":"<p>[vc_row row_height_percent=&#8221;0&#8243; override_padding=&#8221;yes&#8221; h_padding=&#8221;3&#8243; top_padding=&#8221;3&#8243; bottom_padding=&#8221;3&#8243; back_color=&#8221;color-lxmt&#8221; overlay_alpha=&#8221;50&#8243; gutter_size=&#8221;3&#8243; column_width_percent=&#8221;100&#8243; shift_y=&#8221;0&#8243; z_index=&#8221;0&#8243; row_name=&#8221;The Medical Beauty Concept&#8221;][vc_column width=&#8221;1\/1&#8243;][vc_row_inner row_inner_height_percent=&#8221;0&#8243; overlay_alpha=&#8221;50&#8243; gutter_size=&#8221;4&#8243; [&hellip;]<\/p>\n","protected":false},"author":3,"featured_media":0,"parent":126027,"menu_order":1,"comment_status":"closed","ping_status":"closed","template":"","meta":{"footnotes":""},"class_list":["post-126317","page","type-page","status-publish","hentry"],"yoast_head":"<!-- This site is optimized with the Yoast SEO plugin v24.6 - https:\/\/yoast.com\/wordpress\/plugins\/seo\/ -->\n<title>Cur\u0103\u021barea Pielii<\/title>\n<meta name=\"description\" content=\"Cur\u0103\u021barea este cel mai important pas \u00een rutina zilnic\u0103 de \u00eengrijire. Pielea cur\u0103\u021bat\u0103 temeinic este deosebit de receptiv\u0103.\" \/>\n<meta name=\"robots\" content=\"index, follow, max-snippet:-1, max-image-preview:large, max-video-preview:-1\" \/>\n<link rel=\"canonical\" href=\"https:\/\/bdr-beauty.de\/ro\/bdr-medical-beauty-concept\/curatarea-pielii\/\" \/>\n<meta property=\"og:locale\" content=\"ro_RO\" \/>\n<meta property=\"og:type\" content=\"article\" \/>\n<meta property=\"og:title\" content=\"Cur\u0103\u021barea Pielii\" \/>\n<meta property=\"og:description\" content=\"Cur\u0103\u021barea este cel mai important pas \u00een rutina zilnic\u0103 de \u00eengrijire. Pielea cur\u0103\u021bat\u0103 temeinic este deosebit de receptiv\u0103.\" \/>\n<meta property=\"og:url\" content=\"https:\/\/bdr-beauty.de\/ro\/bdr-medical-beauty-concept\/curatarea-pielii\/\" \/>\n<meta property=\"og:site_name\" content=\"bdr medical beauty\" \/>\n<meta property=\"article:modified_time\" content=\"2025-07-25T07:56:11+00:00\" \/>\n<meta name=\"twitter:card\" content=\"summary_large_image\" \/>\n<meta name=\"twitter:label1\" content=\"Timp estimat pentru citire\" \/>\n\t<meta name=\"twitter:data1\" content=\"4 minute\" \/>\n<script type=\"application\/ld+json\" class=\"yoast-schema-graph\">{\"@context\":\"https:\/\/schema.org\",\"@graph\":[{\"@type\":\"WebPage\",\"@id\":\"https:\/\/bdr-beauty.de\/ro\/bdr-medical-beauty-concept\/curatarea-pielii\/\",\"url\":\"https:\/\/bdr-beauty.de\/ro\/bdr-medical-beauty-concept\/curatarea-pielii\/\",\"name\":\"Cur\u0103\u021barea Pielii\",\"isPartOf\":{\"@id\":\"https:\/\/bdr-beauty.de\/ro\/#website\"},\"datePublished\":\"2025-07-25T07:55:45+00:00\",\"dateModified\":\"2025-07-25T07:56:11+00:00\",\"description\":\"Cur\u0103\u021barea este cel mai important pas \u00een rutina zilnic\u0103 de \u00eengrijire. Pielea cur\u0103\u021bat\u0103 temeinic este deosebit de receptiv\u0103.\",\"breadcrumb\":{\"@id\":\"https:\/\/bdr-beauty.de\/ro\/bdr-medical-beauty-concept\/curatarea-pielii\/#breadcrumb\"},\"inLanguage\":\"ro-RO\",\"potentialAction\":[{\"@type\":\"ReadAction\",\"target\":[\"https:\/\/bdr-beauty.de\/ro\/bdr-medical-beauty-concept\/curatarea-pielii\/\"]}]},{\"@type\":\"BreadcrumbList\",\"@id\":\"https:\/\/bdr-beauty.de\/ro\/bdr-medical-beauty-concept\/curatarea-pielii\/#breadcrumb\",\"itemListElement\":[{\"@type\":\"ListItem\",\"position\":1,\"name\":\"Startseite\",\"item\":\"https:\/\/bdr-beauty.de\/ro\/\"},{\"@type\":\"ListItem\",\"position\":2,\"name\":\"bdr\u00ae The Medical Beauty Concept Startseite RO\",\"item\":\"https:\/\/bdr-beauty.de\/ro\/\"},{\"@type\":\"ListItem\",\"position\":3,\"name\":\"Produkte Hautreinigung RO\"}]},{\"@type\":\"WebSite\",\"@id\":\"https:\/\/bdr-beauty.de\/ro\/#website\",\"url\":\"https:\/\/bdr-beauty.de\/ro\/\",\"name\":\"bdr medical beauty\",\"description\":\"Luxury meets Skincare\",\"potentialAction\":[{\"@type\":\"SearchAction\",\"target\":{\"@type\":\"EntryPoint\",\"urlTemplate\":\"https:\/\/bdr-beauty.de\/ro\/?s={search_term_string}\"},\"query-input\":{\"@type\":\"PropertyValueSpecification\",\"valueRequired\":true,\"valueName\":\"search_term_string\"}}],\"inLanguage\":\"ro-RO\"}]}<\/script>\n<!-- \/ Yoast SEO plugin. -->","yoast_head_json":{"title":"Cur\u0103\u021barea Pielii","description":"Cur\u0103\u021barea este cel mai important pas \u00een rutina zilnic\u0103 de \u00eengrijire. Pielea cur\u0103\u021bat\u0103 temeinic este deosebit de receptiv\u0103.","robots":{"index":"index","follow":"follow","max-snippet":"max-snippet:-1","max-image-preview":"max-image-preview:large","max-video-preview":"max-video-preview:-1"},"canonical":"https:\/\/bdr-beauty.de\/ro\/bdr-medical-beauty-concept\/curatarea-pielii\/","og_locale":"ro_RO","og_type":"article","og_title":"Cur\u0103\u021barea Pielii","og_description":"Cur\u0103\u021barea este cel mai important pas \u00een rutina zilnic\u0103 de \u00eengrijire. Pielea cur\u0103\u021bat\u0103 temeinic este deosebit de receptiv\u0103.","og_url":"https:\/\/bdr-beauty.de\/ro\/bdr-medical-beauty-concept\/curatarea-pielii\/","og_site_name":"bdr medical beauty","article_modified_time":"2025-07-25T07:56:11+00:00","twitter_card":"summary_large_image","twitter_misc":{"Timp estimat pentru citire":"4 minute"},"schema":{"@context":"https:\/\/schema.org","@graph":[{"@type":"WebPage","@id":"https:\/\/bdr-beauty.de\/ro\/bdr-medical-beauty-concept\/curatarea-pielii\/","url":"https:\/\/bdr-beauty.de\/ro\/bdr-medical-beauty-concept\/curatarea-pielii\/","name":"Cur\u0103\u021barea Pielii","isPartOf":{"@id":"https:\/\/bdr-beauty.de\/ro\/#website"},"datePublished":"2025-07-25T07:55:45+00:00","dateModified":"2025-07-25T07:56:11+00:00","description":"Cur\u0103\u021barea este cel mai important pas \u00een rutina zilnic\u0103 de \u00eengrijire. Pielea cur\u0103\u021bat\u0103 temeinic este deosebit de receptiv\u0103.","breadcrumb":{"@id":"https:\/\/bdr-beauty.de\/ro\/bdr-medical-beauty-concept\/curatarea-pielii\/#breadcrumb"},"inLanguage":"ro-RO","potentialAction":[{"@type":"ReadAction","target":["https:\/\/bdr-beauty.de\/ro\/bdr-medical-beauty-concept\/curatarea-pielii\/"]}]},{"@type":"BreadcrumbList","@id":"https:\/\/bdr-beauty.de\/ro\/bdr-medical-beauty-concept\/curatarea-pielii\/#breadcrumb","itemListElement":[{"@type":"ListItem","position":1,"name":"Startseite","item":"https:\/\/bdr-beauty.de\/ro\/"},{"@type":"ListItem","position":2,"name":"bdr\u00ae The Medical Beauty Concept Startseite RO","item":"https:\/\/bdr-beauty.de\/ro\/"},{"@type":"ListItem","position":3,"name":"Produkte Hautreinigung RO"}]},{"@type":"WebSite","@id":"https:\/\/bdr-beauty.de\/ro\/#website","url":"https:\/\/bdr-beauty.de\/ro\/","name":"bdr medical beauty","description":"Luxury meets Skincare","potentialAction":[{"@type":"SearchAction","target":{"@type":"EntryPoint","urlTemplate":"https:\/\/bdr-beauty.de\/ro\/?s={search_term_string}"},"query-input":{"@type":"PropertyValueSpecification","valueRequired":true,"valueName":"search_term_string"}}],"inLanguage":"ro-RO"}]}},"_links":{"self":[{"href":"https:\/\/bdr-beauty.de\/ro\/wp-json\/wp\/v2\/pages\/126317","targetHints":{"allow":["GET"]}}],"collection":[{"href":"https:\/\/bdr-beauty.de\/ro\/wp-json\/wp\/v2\/pages"}],"about":[{"href":"https:\/\/bdr-beauty.de\/ro\/wp-json\/wp\/v2\/types\/page"}],"author":[{"embeddable":true,"href":"https:\/\/bdr-beauty.de\/ro\/wp-json\/wp\/v2\/users\/3"}],"replies":[{"embeddable":true,"href":"https:\/\/bdr-beauty.de\/ro\/wp-json\/wp\/v2\/comments?post=126317"}],"version-history":[{"count":1,"href":"https:\/\/bdr-beauty.de\/ro\/wp-json\/wp\/v2\/pages\/126317\/revisions"}],"predecessor-version":[{"id":126327,"href":"https:\/\/bdr-beauty.de\/ro\/wp-json\/wp\/v2\/pages\/126317\/revisions\/126327"}],"up":[{"embeddable":true,"href":"https:\/\/bdr-beauty.de\/ro\/wp-json\/wp\/v2\/pages\/126027"}],"wp:attachment":[{"href":"https:\/\/bdr-beauty.de\/ro\/wp-json\/wp\/v2\/media?parent=126317"}],"curies":[{"name":"wp","href":"https:\/\/api.w.org\/{rel}","templated":true}]}}