{"id":126562,"date":"2025-08-07T12:46:44","date_gmt":"2025-08-07T10:46:44","guid":{"rendered":"https:\/\/bdr-beauty.de\/?page_id=126562"},"modified":"2025-08-07T12:51:26","modified_gmt":"2025-08-07T10:51:26","slug":"produse-hidratante","status":"publish","type":"page","link":"https:\/\/bdr-beauty.de\/ro\/bdr-medical-beauty-concept\/produse-hidratante\/","title":{"rendered":"Produkte Feuchtigkeit RO"},"content":{"rendered":"<div class=\"wpb-content-wrapper\"><p>[vc_row row_height_percent=&#8221;0&#8243; override_padding=&#8221;yes&#8221; h_padding=&#8221;3&#8243; top_padding=&#8221;3&#8243; bottom_padding=&#8221;3&#8243; back_color=&#8221;color-lxmt&#8221; overlay_alpha=&#8221;50&#8243; gutter_size=&#8221;3&#8243; column_width_percent=&#8221;100&#8243; shift_y=&#8221;0&#8243; z_index=&#8221;0&#8243; row_name=&#8221;The Medical Beauty Concept&#8221;][vc_column width=&#8221;1\/1&#8243;][vc_row_inner row_inner_height_percent=&#8221;0&#8243; overlay_alpha=&#8221;50&#8243; gutter_size=&#8221;4&#8243; shift_y=&#8221;0&#8243; z_index=&#8221;0&#8243; limit_content=&#8221;&#8221;][vc_column_inner column_width_percent=&#8221;100&#8243; gutter_size=&#8221;3&#8243; overlay_alpha=&#8221;50&#8243; shift_x=&#8221;0&#8243; shift_y=&#8221;0&#8243; shift_y_down=&#8221;0&#8243; z_index=&#8221;0&#8243; medium_width=&#8221;0&#8243; mobile_width=&#8221;0&#8243; width=&#8221;1\/1&#8243;][vc_custom_heading text_size=&#8221;fontsize-155944&#8243; text_weight=&#8221;300&#8243;]The Medical Beauty Concept[\/vc_custom_heading][vc_custom_heading text_size=&#8221;h4&#8243; text_weight=&#8221;300&#8243; text_height=&#8221;fontheight-357766&#8243; uncode_shortcode_id=&#8221;186500&#8243;]Datorit\u0103 formul\u0103rii cu acid hialuronic cu molecule mari \u0219i mici, serurile hidratante garanteaz\u0103 hidratarea esen\u021bial\u0103 a pielii at\u00e2t pe epiderm\u0103, c\u00e2t \u0219i \u00een straturile profunde ale pielii. Re-charge este lovitura de prospe\u021bime pentru pielea normal\u0103, deshidratat\u0103 sau gras\u0103. Ca produs din gama Pure Harmony, Re-charge PH con\u021bine \u0219i Seboclear-MP\u2122, care are un efect de reglare a sebumului. Re-charge N ofer\u0103 hidratare intens\u0103 &#8211; pentru pielea uscat\u0103, sensibil\u0103 \u0219i matur\u0103. Re-charge sun este filtrul de protec\u021bie \u00eempotriva luminii de ultim\u0103 genera\u021bie.[\/vc_custom_heading][\/vc_column_inner][\/vc_row_inner][\/vc_column][\/vc_row][vc_row row_height_percent=&#8221;0&#8243; override_padding=&#8221;yes&#8221; h_padding=&#8221;2&#8243; top_padding=&#8221;0&#8243; bottom_padding=&#8221;0&#8243; overlay_alpha=&#8221;50&#8243; gutter_size=&#8221;3&#8243; column_width_percent=&#8221;100&#8243; shift_y=&#8221;0&#8243; z_index=&#8221;0&#8243; row_name=&#8221;Re-charge&#8221;][vc_column column_width_percent=&#8221;100&#8243; gutter_size=&#8221;3&#8243; override_padding=&#8221;yes&#8221; column_padding=&#8221;2&#8243; overlay_alpha=&#8221;50&#8243; shift_x=&#8221;0&#8243; shift_y=&#8221;0&#8243; shift_y_down=&#8221;0&#8243; z_index=&#8221;0&#8243; medium_width=&#8221;0&#8243; mobile_width=&#8221;0&#8243; width=&#8221;1\/1&#8243;][vc_row_inner row_inner_height_percent=&#8221;0&#8243; back_color=&#8221;color-lxmt&#8221; overlay_alpha=&#8221;50&#8243; equal_height=&#8221;yes&#8221; gutter_size=&#8221;0&#8243; shift_y=&#8221;0&#8243; z_index=&#8221;0&#8243; limit_content=&#8221;&#8221;][vc_column_inner column_width_percent=&#8221;100&#8243; position_vertical=&#8221;middle&#8221; align_horizontal=&#8221;align_center&#8221; gutter_size=&#8221;3&#8243; overlay_alpha=&#8221;50&#8243; shift_x=&#8221;0&#8243; shift_y=&#8221;0&#8243; shift_y_down=&#8221;0&#8243; z_index=&#8221;0&#8243; medium_width=&#8221;0&#8243; mobile_width=&#8221;0&#8243; width=&#8221;1\/2&#8243;][vc_single_image media=&#8221;84399&#8243; media_lightbox=&#8221;yes&#8221; media_width_percent=&#8221;90&#8243; css_animation=&#8221;zoom-in&#8221; lbox_skin=&#8221;white&#8221; uncode_shortcode_id=&#8221;142344&#8243;][\/vc_column_inner][vc_column_inner column_width_percent=&#8221;100&#8243; position_vertical=&#8221;middle&#8221; gutter_size=&#8221;3&#8243; override_padding=&#8221;yes&#8221; column_padding=&#8221;3&#8243; back_color=&#8221;color-lxmt&#8221; overlay_alpha=&#8221;50&#8243; shift_x=&#8221;0&#8243; shift_y=&#8221;0&#8243; shift_y_down=&#8221;0&#8243; z_index=&#8221;0&#8243; medium_width=&#8221;0&#8243; mobile_width=&#8221;0&#8243; width=&#8221;1\/2&#8243;][vc_custom_heading text_size=&#8221;fontsize-155944&#8243; text_weight=&#8221;300&#8243; separator_color=&#8221;yes&#8221; separator=&#8221;under&#8221; sub_reduced=&#8221;yes&#8221; subheading=&#8221;ser hidratant&#8221; uncode_shortcode_id=&#8221;159302&#8243;]Re-charge[\/vc_custom_heading][vc_column_text uncode_shortcode_id=&#8221;170131&#8243;]Formulat cu acid hialuronic cu molecule mari \u0219i mici, acest fluid u\u0219or garanteaz\u0103 hidratarea esen\u021bial\u0103 a pielii at\u00e2t pe epiderm\u0103, c\u00e2t \u0219i \u00een straturile profunde ale pielii.<\/p>\n<p>Ser hidratant cu un efect imediat vizibil \u0219i de lung\u0103 durat\u0103!<\/p>\n<p><strong>Sfat<\/strong>\u00a0deosebit de potrivit ca prim ajutor eficient pentru pielea iritat\u0103 de soare!<\/p>\n<p><strong>Aplicare<\/strong> Se aplic\u0103 diminea\u021ba \u0219i seara.<\/p>\n<p><strong>Caracteristicile produsului<\/strong> vegan, clean beauty, \u00eemb\u0103tr\u00e2nire s\u0103n\u0103toas\u0103, f\u0103r\u0103 uleiuri minerale, f\u0103r\u0103 parabeni, f\u0103r\u0103 silicon, f\u0103r\u0103 alcool[\/vc_column_text][\/vc_column_inner][\/vc_row_inner][\/vc_column][\/vc_row][vc_row row_height_percent=&#8221;0&#8243; override_padding=&#8221;yes&#8221; h_padding=&#8221;2&#8243; top_padding=&#8221;0&#8243; bottom_padding=&#8221;0&#8243; overlay_alpha=&#8221;50&#8243; gutter_size=&#8221;3&#8243; column_width_percent=&#8221;100&#8243; shift_y=&#8221;0&#8243; z_index=&#8221;0&#8243; row_name=&#8221;Re-charge PH&#8221;][vc_column column_width_percent=&#8221;100&#8243; gutter_size=&#8221;3&#8243; override_padding=&#8221;yes&#8221; column_padding=&#8221;2&#8243; overlay_alpha=&#8221;50&#8243; shift_x=&#8221;0&#8243; shift_y=&#8221;0&#8243; shift_y_down=&#8221;0&#8243; z_index=&#8221;0&#8243; medium_width=&#8221;0&#8243; mobile_width=&#8221;0&#8243; width=&#8221;1\/1&#8243;][vc_row_inner row_inner_height_percent=&#8221;0&#8243; back_color=&#8221;color-lxmt&#8221; overlay_alpha=&#8221;50&#8243; equal_height=&#8221;yes&#8221; gutter_size=&#8221;0&#8243; shift_y=&#8221;0&#8243; z_index=&#8221;0&#8243; limit_content=&#8221;&#8221;][vc_column_inner column_width_percent=&#8221;100&#8243; position_vertical=&#8221;middle&#8221; gutter_size=&#8221;3&#8243; override_padding=&#8221;yes&#8221; column_padding=&#8221;3&#8243; back_color=&#8221;color-lxmt&#8221; overlay_alpha=&#8221;50&#8243; shift_x=&#8221;0&#8243; shift_y=&#8221;0&#8243; shift_y_down=&#8221;0&#8243; z_index=&#8221;0&#8243; medium_width=&#8221;0&#8243; mobile_width=&#8221;0&#8243; width=&#8221;1\/2&#8243;][vc_custom_heading text_size=&#8221;fontsize-155944&#8243; text_weight=&#8221;300&#8243; separator_color=&#8221;yes&#8221; separator=&#8221;under&#8221; sub_reduced=&#8221;yes&#8221; subheading=&#8221;ser hidratant cu armonie pur\u0103&#8221; uncode_shortcode_id=&#8221;155721&#8243;]Re-charge PH[\/vc_custom_heading][vc_column_text uncode_shortcode_id=&#8221;373825&#8243;]Formulat cu acid hialuronic cu molecule mari \u0219i mici, acest fluid u\u0219or garanteaz\u0103 hidratarea esen\u021bial\u0103 a pielii at\u00e2t pe epiderm\u0103, c\u00e2t \u0219i \u00een straturile profunde ale pielii. Re-charge PH, un produs din gama Pure Harmony, este completat de Seboclear-MP\u2122, care are un efect de reglare a sebumului.<\/p>\n<p><strong>Sfat<\/strong>\u00a0deosebit de potrivit dup\u0103 b\u0103rbierit, dac\u0103 pielea este predispus\u0103 la inflama\u021bii!<\/p>\n<p><strong>Aplicare<\/strong> Aplica\u021bi diminea\u021ba \u0219i seara.<\/p>\n<p><strong>Caracteristicile produsului<\/strong> vegan, frumuse\u021be curat\u0103, \u00eemb\u0103tr\u00e2nire s\u0103n\u0103toas\u0103, f\u0103r\u0103 uleiuri minerale, f\u0103r\u0103 parabeni, f\u0103r\u0103 silicon, f\u0103r\u0103 alcool[\/vc_column_text][\/vc_column_inner][vc_column_inner column_width_percent=&#8221;100&#8243; position_vertical=&#8221;middle&#8221; align_horizontal=&#8221;align_center&#8221; gutter_size=&#8221;3&#8243; overlay_alpha=&#8221;50&#8243; shift_x=&#8221;0&#8243; shift_y=&#8221;0&#8243; shift_y_down=&#8221;0&#8243; z_index=&#8221;0&#8243; medium_width=&#8221;0&#8243; mobile_width=&#8221;0&#8243; width=&#8221;1\/2&#8243;][vc_single_image media=&#8221;84403&#8243; media_lightbox=&#8221;yes&#8221; media_width_percent=&#8221;80&#8243; alignment=&#8221;center&#8221; css_animation=&#8221;zoom-in&#8221; lbox_skin=&#8221;white&#8221; uncode_shortcode_id=&#8221;185484&#8243;][\/vc_column_inner][\/vc_row_inner][\/vc_column][\/vc_row][vc_row row_height_percent=&#8221;0&#8243; override_padding=&#8221;yes&#8221; h_padding=&#8221;2&#8243; top_padding=&#8221;0&#8243; bottom_padding=&#8221;0&#8243; overlay_alpha=&#8221;50&#8243; gutter_size=&#8221;3&#8243; column_width_percent=&#8221;100&#8243; shift_y=&#8221;0&#8243; z_index=&#8221;0&#8243; row_name=&#8221;Re-charge N&#8221; uncode_shortcode_id=&#8221;189243&#8243;][vc_column column_width_percent=&#8221;100&#8243; gutter_size=&#8221;3&#8243; override_padding=&#8221;yes&#8221; column_padding=&#8221;2&#8243; overlay_alpha=&#8221;50&#8243; shift_x=&#8221;0&#8243; shift_y=&#8221;0&#8243; shift_y_down=&#8221;0&#8243; z_index=&#8221;0&#8243; medium_width=&#8221;0&#8243; mobile_width=&#8221;0&#8243; width=&#8221;1\/1&#8243;][vc_row_inner row_inner_height_percent=&#8221;0&#8243; back_color=&#8221;color-lxmt&#8221; overlay_alpha=&#8221;50&#8243; equal_height=&#8221;yes&#8221; gutter_size=&#8221;0&#8243; shift_y=&#8221;0&#8243; z_index=&#8221;0&#8243; limit_content=&#8221;&#8221;][vc_column_inner column_width_percent=&#8221;100&#8243; position_vertical=&#8221;middle&#8221; align_horizontal=&#8221;align_center&#8221; gutter_size=&#8221;3&#8243; overlay_alpha=&#8221;50&#8243; shift_x=&#8221;0&#8243; shift_y=&#8221;0&#8243; shift_y_down=&#8221;0&#8243; z_index=&#8221;0&#8243; medium_width=&#8221;0&#8243; mobile_width=&#8221;0&#8243; width=&#8221;1\/2&#8243;][vc_single_image media=&#8221;84407&#8243; media_lightbox=&#8221;yes&#8221; media_width_percent=&#8221;90&#8243; css_animation=&#8221;zoom-in&#8221; lbox_skin=&#8221;white&#8221; uncode_shortcode_id=&#8221;131316&#8243;][\/vc_column_inner][vc_column_inner column_width_percent=&#8221;100&#8243; position_vertical=&#8221;middle&#8221; gutter_size=&#8221;3&#8243; override_padding=&#8221;yes&#8221; column_padding=&#8221;3&#8243; back_color=&#8221;color-lxmt&#8221; overlay_alpha=&#8221;50&#8243; shift_x=&#8221;0&#8243; shift_y=&#8221;0&#8243; shift_y_down=&#8221;0&#8243; z_index=&#8221;0&#8243; medium_width=&#8221;0&#8243; mobile_width=&#8221;0&#8243; width=&#8221;1\/2&#8243;][vc_custom_heading text_size=&#8221;fontsize-155944&#8243; text_weight=&#8221;300&#8243; separator_color=&#8221;yes&#8221; separator=&#8221;under&#8221; sub_reduced=&#8221;yes&#8221; subheading=&#8221;ser hidratant regenerant&#8221; uncode_shortcode_id=&#8221;153402&#8243;]Re-charge N[\/vc_custom_heading][vc_column_text uncode_shortcode_id=&#8221;126385&#8243;]Serul hialuronic Re-charge N cu efect suplimentar de netezire este recomandat \u00een special pentru pielea matur\u0103 \u0219i uscat\u0103. Hydractin\u00ae are un efect de regenerare \u0219i proliferare celular\u0103. Extractul de papaya pe care \u00eel con\u021bine activeaz\u0103 procesele metabolice \u0219i promoveaz\u0103 astfel regenerarea pielii. Phytodermina Lifting este o oligozaharid\u0103 care poate \u00eembun\u0103t\u0103\u021bi vizibil \u0219i durabil aspectul pielii. Pantenolul (Provitamina B5) hidrateaz\u0103 suplimentar \u0219i are, de asemenea, propriet\u0103\u021bi de vindecare a r\u0103nilor. Re-charge N este recomandat \u00een special pentru pielea uscat\u0103 \u0219i preten\u021bioas\u0103.<\/p>\n<p><strong>Sfat<\/strong> Pielea delicat\u0103 de pe g\u00e2t \u0219i decolteu, \u00een special, necesit\u0103 o aten\u021bie deosebit\u0103 pe m\u0103sur\u0103 ce pielea \u00eemb\u0103tr\u00e2ne\u0219te. De obicei neprotejat\u0103 \u0219i neglijat\u0103, aceasta este expus\u0103 f\u0103r\u0103 ap\u0103rare la intemperii at\u00e2t vara, c\u00e2t \u0219i iarna. Pentru protec\u021bia \u0219i \u00eengrijirea optim\u0103 a acestei zone sensibile, combin\u0103m Re-charge N cu Serul Contour Neck. Extractul de edelweiss pe care \u00eel con\u021bine confer\u0103 fermitate, iar apa de ghe\u021bar \u00eencapsulat\u0103 liposomal hidrateaz\u0103 intens \u0219i s-a dovedit c\u0103 reduce TEWL (Pierderea Transepidermic\u0103 de Ap\u0103).<\/p>\n<p><strong>Aplicare<\/strong> Se aplic\u0103 diminea\u021ba \u0219i seara.<\/p>\n<p><strong>Caracteristicile produsului<\/strong> vegan, frumuse\u021be curat\u0103, \u00eemb\u0103tr\u00e2nire s\u0103n\u0103toas\u0103, f\u0103r\u0103 uleiuri minerale, f\u0103r\u0103 parabeni, f\u0103r\u0103 silicon, f\u0103r\u0103 alcool[\/vc_column_text][\/vc_column_inner][\/vc_row_inner][\/vc_column][\/vc_row][vc_row row_height_percent=&#8221;0&#8243; override_padding=&#8221;yes&#8221; h_padding=&#8221;2&#8243; top_padding=&#8221;0&#8243; bottom_padding=&#8221;0&#8243; overlay_alpha=&#8221;50&#8243; gutter_size=&#8221;3&#8243; column_width_percent=&#8221;100&#8243; shift_y=&#8221;0&#8243; z_index=&#8221;0&#8243; row_name=&#8221;Re-charge sun&#8221; uncode_shortcode_id=&#8221;200369&#8243;][vc_column column_width_percent=&#8221;100&#8243; gutter_size=&#8221;3&#8243; override_padding=&#8221;yes&#8221; column_padding=&#8221;2&#8243; overlay_alpha=&#8221;50&#8243; shift_x=&#8221;0&#8243; shift_y=&#8221;0&#8243; shift_y_down=&#8221;0&#8243; z_index=&#8221;0&#8243; medium_width=&#8221;0&#8243; mobile_width=&#8221;0&#8243; width=&#8221;1\/1&#8243; uncode_shortcode_id=&#8221;156280&#8243;][vc_row_inner row_inner_height_percent=&#8221;0&#8243; back_color=&#8221;color-lxmt&#8221; overlay_alpha=&#8221;50&#8243; equal_height=&#8221;yes&#8221; gutter_size=&#8221;0&#8243; shift_y=&#8221;0&#8243; z_index=&#8221;0&#8243; limit_content=&#8221;&#8221;][vc_column_inner column_width_percent=&#8221;100&#8243; position_vertical=&#8221;middle&#8221; gutter_size=&#8221;3&#8243; override_padding=&#8221;yes&#8221; column_padding=&#8221;3&#8243; overlay_alpha=&#8221;50&#8243; shift_x=&#8221;0&#8243; shift_y=&#8221;0&#8243; shift_y_down=&#8221;0&#8243; z_index=&#8221;0&#8243; medium_width=&#8221;0&#8243; mobile_width=&#8221;0&#8243; width=&#8221;1\/2&#8243; uncode_shortcode_id=&#8221;933877&#8243;][vc_custom_heading text_size=&#8221;fontsize-155944&#8243; text_weight=&#8221;300&#8243; separator_color=&#8221;yes&#8221; separator=&#8221;under&#8221; sub_reduced=&#8221;yes&#8221; subheading=&#8221;Ser hidratant cu protec\u021bie UV&#8221; uncode_shortcode_id=&#8221;669301&#8243;]Re-charge sun[\/vc_custom_heading][vc_column_text uncode_shortcode_id=&#8221;395602&#8243;]Serul hialuronic cu protec\u021bie UV complet nou impresioneaz\u0103 prin triplul s\u0103u efect: hidratare de durat\u0103, protec\u021bie solar\u0103 \u0219i complex de reparare a foto\u00eemb\u0103tr\u00e2nirii! \u00cen mod natural, f\u0103r\u0103 parabeni, uleiuri minerale sau siliconi, f\u0103r\u0103 cruzime \u0219i vegan. Acidul hialuronic cu molecule mari \u0219i mici \u0219i betaine asigur\u0103 pielii hidratarea esen\u021bial\u0103. Acest lucru este important pentru a preg\u0103ti \u0219i \u00eent\u0103ri pielea \u00een avans. \u00cen acela\u0219i timp, pielea este protejat\u0103 \u00eempotriva razelor UV-A \u0219i B timp de mai multe ore cu filtre de protec\u021bie solar\u0103 sigure din punct de vedere ecologic &#8211; SPF 30. Complexul probiotic Repair ad\u0103ugat stimuleaz\u0103 repararea natural\u0103 a ADN-ului pielii, \u00eent\u0103re\u0219te func\u021biile de protec\u021bie proprii ale pielii, contracareaz\u0103 dezvoltarea daunelor ireparabile ale ADN-ului \u0219i previne \u00eemb\u0103tr\u00e2nirea accelerat\u0103 a pielii indus\u0103 de lumin\u0103. De asemenea, cre\u0219te hidratarea pielii \u0219i chiar reduce ro\u0219ea\u021ba. Datorit\u0103 formulei sale f\u0103r\u0103 ulei, serul este extrem de u\u0219or, se absoarbe imediat, nu albe\u0219te deloc \u0219i nu las\u0103 pe piele dec\u00e2t o prospe\u021bime rece \u0219i catifelat\u0103, f\u0103r\u0103 &#8222;efectul de transpira\u021bie&#8221; obi\u0219nuit al produselor conven\u021bionale de \u00eengrijire solar\u0103. Serul se combin\u0103 cu crema hidratant\u0103 de finisare obi\u0219nuit\u0103, de exemplu Re-vital sau Re-vital PH.<\/p>\n<p><strong>Aplicare<\/strong> Se aplic\u0103 diminea\u021ba pe fa\u021b\u0103, g\u00e2t \u0219i decolteu. Reaplica\u021bi dup\u0103 3-4 ore \u00een caz de expunere prelungit\u0103 la soare.<\/p>\n<p style=\"text-align: left;\"><strong>Caracteristicile produsului<\/strong> vegan, frumuse\u021be curat\u0103, \u00eemb\u0103tr\u00e2nire s\u0103n\u0103toas\u0103, f\u0103r\u0103 uleiuri minerale, f\u0103r\u0103 parabeni, f\u0103r\u0103 silicon, f\u0103r\u0103 alcool<\/p>\n<p>[\/vc_column_text][\/vc_column_inner][vc_column_inner column_width_percent=&#8221;100&#8243; position_vertical=&#8221;middle&#8221; gutter_size=&#8221;3&#8243; back_color=&#8221;color-lxmt&#8221; overlay_alpha=&#8221;50&#8243; shift_x=&#8221;0&#8243; shift_y=&#8221;0&#8243; shift_y_down=&#8221;0&#8243; z_index=&#8221;0&#8243; medium_width=&#8221;0&#8243; mobile_width=&#8221;0&#8243; width=&#8221;1\/2&#8243; uncode_shortcode_id=&#8221;161700&#8243; back_color_type=&#8221;uncode-palette&#8221;][vc_single_image media=&#8221;87442&#8243; media_lightbox=&#8221;yes&#8221; media_width_percent=&#8221;100&#8243; alignment=&#8221;center&#8221; css_animation=&#8221;zoom-in&#8221; lbox_skin=&#8221;white&#8221; uncode_shortcode_id=&#8221;198625&#8243;][\/vc_column_inner][\/vc_row_inner][\/vc_column][\/vc_row]<\/p>\n<\/div>","protected":false},"excerpt":{"rendered":"<p>[vc_row row_height_percent=&#8221;0&#8243; override_padding=&#8221;yes&#8221; h_padding=&#8221;3&#8243; top_padding=&#8221;3&#8243; bottom_padding=&#8221;3&#8243; back_color=&#8221;color-lxmt&#8221; overlay_alpha=&#8221;50&#8243; gutter_size=&#8221;3&#8243; column_width_percent=&#8221;100&#8243; shift_y=&#8221;0&#8243; z_index=&#8221;0&#8243; row_name=&#8221;The Medical Beauty Concept&#8221;][vc_column width=&#8221;1\/1&#8243;][vc_row_inner row_inner_height_percent=&#8221;0&#8243; overlay_alpha=&#8221;50&#8243; gutter_size=&#8221;4&#8243; [&hellip;]<\/p>\n","protected":false},"author":3,"featured_media":0,"parent":126027,"menu_order":3,"comment_status":"closed","ping_status":"closed","template":"","meta":{"footnotes":""},"class_list":["post-126562","page","type-page","status-publish","hentry"],"yoast_head":"<!-- This site is optimized with the Yoast SEO plugin v24.6 - https:\/\/yoast.com\/wordpress\/plugins\/seo\/ -->\n<title>Produse hidratante<\/title>\n<meta name=\"description\" content=\"Hidrateaz\u0103-\u021bi pielea cu produse eficiente pentru un ten radiant \u0219i s\u0103n\u0103tos. \u00cengrije\u0219te, hidrateaz\u0103 \u0219i protejeaz\u0103 pielea ta cu bdr.\" \/>\n<meta name=\"robots\" content=\"index, follow, max-snippet:-1, max-image-preview:large, max-video-preview:-1\" \/>\n<link rel=\"canonical\" href=\"https:\/\/bdr-beauty.de\/ro\/bdr-medical-beauty-concept\/produse-hidratante\/\" \/>\n<meta property=\"og:locale\" content=\"ro_RO\" \/>\n<meta property=\"og:type\" content=\"article\" \/>\n<meta property=\"og:title\" content=\"Produse hidratante\" \/>\n<meta property=\"og:description\" content=\"Hidrateaz\u0103-\u021bi pielea cu produse eficiente pentru un ten radiant \u0219i s\u0103n\u0103tos. \u00cengrije\u0219te, hidrateaz\u0103 \u0219i protejeaz\u0103 pielea ta cu bdr.\" \/>\n<meta property=\"og:url\" content=\"https:\/\/bdr-beauty.de\/ro\/bdr-medical-beauty-concept\/produse-hidratante\/\" \/>\n<meta property=\"og:site_name\" content=\"bdr medical beauty\" \/>\n<meta property=\"article:modified_time\" content=\"2025-08-07T10:51:26+00:00\" \/>\n<meta name=\"twitter:card\" content=\"summary_large_image\" \/>\n<meta name=\"twitter:label1\" content=\"Timp estimat pentru citire\" \/>\n\t<meta name=\"twitter:data1\" content=\"6 minute\" \/>\n<script type=\"application\/ld+json\" class=\"yoast-schema-graph\">{\"@context\":\"https:\/\/schema.org\",\"@graph\":[{\"@type\":\"WebPage\",\"@id\":\"https:\/\/bdr-beauty.de\/ro\/bdr-medical-beauty-concept\/produse-hidratante\/\",\"url\":\"https:\/\/bdr-beauty.de\/ro\/bdr-medical-beauty-concept\/produse-hidratante\/\",\"name\":\"Produse hidratante\",\"isPartOf\":{\"@id\":\"https:\/\/bdr-beauty.de\/ro\/#website\"},\"datePublished\":\"2025-08-07T10:46:44+00:00\",\"dateModified\":\"2025-08-07T10:51:26+00:00\",\"description\":\"Hidrateaz\u0103-\u021bi pielea cu produse eficiente pentru un ten radiant \u0219i s\u0103n\u0103tos. \u00cengrije\u0219te, hidrateaz\u0103 \u0219i protejeaz\u0103 pielea ta cu bdr.\",\"breadcrumb\":{\"@id\":\"https:\/\/bdr-beauty.de\/ro\/bdr-medical-beauty-concept\/produse-hidratante\/#breadcrumb\"},\"inLanguage\":\"ro-RO\",\"potentialAction\":[{\"@type\":\"ReadAction\",\"target\":[\"https:\/\/bdr-beauty.de\/ro\/bdr-medical-beauty-concept\/produse-hidratante\/\"]}]},{\"@type\":\"BreadcrumbList\",\"@id\":\"https:\/\/bdr-beauty.de\/ro\/bdr-medical-beauty-concept\/produse-hidratante\/#breadcrumb\",\"itemListElement\":[{\"@type\":\"ListItem\",\"position\":1,\"name\":\"Startseite\",\"item\":\"https:\/\/bdr-beauty.de\/ro\/\"},{\"@type\":\"ListItem\",\"position\":2,\"name\":\"bdr\u00ae The Medical Beauty Concept Startseite RO\",\"item\":\"https:\/\/bdr-beauty.de\/ro\/\"},{\"@type\":\"ListItem\",\"position\":3,\"name\":\"Produkte Feuchtigkeit RO\"}]},{\"@type\":\"WebSite\",\"@id\":\"https:\/\/bdr-beauty.de\/ro\/#website\",\"url\":\"https:\/\/bdr-beauty.de\/ro\/\",\"name\":\"bdr medical beauty\",\"description\":\"Luxury meets Skincare\",\"potentialAction\":[{\"@type\":\"SearchAction\",\"target\":{\"@type\":\"EntryPoint\",\"urlTemplate\":\"https:\/\/bdr-beauty.de\/ro\/?s={search_term_string}\"},\"query-input\":{\"@type\":\"PropertyValueSpecification\",\"valueRequired\":true,\"valueName\":\"search_term_string\"}}],\"inLanguage\":\"ro-RO\"}]}<\/script>\n<!-- \/ Yoast SEO plugin. -->","yoast_head_json":{"title":"Produse hidratante","description":"Hidrateaz\u0103-\u021bi pielea cu produse eficiente pentru un ten radiant \u0219i s\u0103n\u0103tos. \u00cengrije\u0219te, hidrateaz\u0103 \u0219i protejeaz\u0103 pielea ta cu bdr.","robots":{"index":"index","follow":"follow","max-snippet":"max-snippet:-1","max-image-preview":"max-image-preview:large","max-video-preview":"max-video-preview:-1"},"canonical":"https:\/\/bdr-beauty.de\/ro\/bdr-medical-beauty-concept\/produse-hidratante\/","og_locale":"ro_RO","og_type":"article","og_title":"Produse hidratante","og_description":"Hidrateaz\u0103-\u021bi pielea cu produse eficiente pentru un ten radiant \u0219i s\u0103n\u0103tos. \u00cengrije\u0219te, hidrateaz\u0103 \u0219i protejeaz\u0103 pielea ta cu bdr.","og_url":"https:\/\/bdr-beauty.de\/ro\/bdr-medical-beauty-concept\/produse-hidratante\/","og_site_name":"bdr medical beauty","article_modified_time":"2025-08-07T10:51:26+00:00","twitter_card":"summary_large_image","twitter_misc":{"Timp estimat pentru citire":"6 minute"},"schema":{"@context":"https:\/\/schema.org","@graph":[{"@type":"WebPage","@id":"https:\/\/bdr-beauty.de\/ro\/bdr-medical-beauty-concept\/produse-hidratante\/","url":"https:\/\/bdr-beauty.de\/ro\/bdr-medical-beauty-concept\/produse-hidratante\/","name":"Produse hidratante","isPartOf":{"@id":"https:\/\/bdr-beauty.de\/ro\/#website"},"datePublished":"2025-08-07T10:46:44+00:00","dateModified":"2025-08-07T10:51:26+00:00","description":"Hidrateaz\u0103-\u021bi pielea cu produse eficiente pentru un ten radiant \u0219i s\u0103n\u0103tos. \u00cengrije\u0219te, hidrateaz\u0103 \u0219i protejeaz\u0103 pielea ta cu bdr.","breadcrumb":{"@id":"https:\/\/bdr-beauty.de\/ro\/bdr-medical-beauty-concept\/produse-hidratante\/#breadcrumb"},"inLanguage":"ro-RO","potentialAction":[{"@type":"ReadAction","target":["https:\/\/bdr-beauty.de\/ro\/bdr-medical-beauty-concept\/produse-hidratante\/"]}]},{"@type":"BreadcrumbList","@id":"https:\/\/bdr-beauty.de\/ro\/bdr-medical-beauty-concept\/produse-hidratante\/#breadcrumb","itemListElement":[{"@type":"ListItem","position":1,"name":"Startseite","item":"https:\/\/bdr-beauty.de\/ro\/"},{"@type":"ListItem","position":2,"name":"bdr\u00ae The Medical Beauty Concept Startseite RO","item":"https:\/\/bdr-beauty.de\/ro\/"},{"@type":"ListItem","position":3,"name":"Produkte Feuchtigkeit RO"}]},{"@type":"WebSite","@id":"https:\/\/bdr-beauty.de\/ro\/#website","url":"https:\/\/bdr-beauty.de\/ro\/","name":"bdr medical beauty","description":"Luxury meets Skincare","potentialAction":[{"@type":"SearchAction","target":{"@type":"EntryPoint","urlTemplate":"https:\/\/bdr-beauty.de\/ro\/?s={search_term_string}"},"query-input":{"@type":"PropertyValueSpecification","valueRequired":true,"valueName":"search_term_string"}}],"inLanguage":"ro-RO"}]}},"_links":{"self":[{"href":"https:\/\/bdr-beauty.de\/ro\/wp-json\/wp\/v2\/pages\/126562","targetHints":{"allow":["GET"]}}],"collection":[{"href":"https:\/\/bdr-beauty.de\/ro\/wp-json\/wp\/v2\/pages"}],"about":[{"href":"https:\/\/bdr-beauty.de\/ro\/wp-json\/wp\/v2\/types\/page"}],"author":[{"embeddable":true,"href":"https:\/\/bdr-beauty.de\/ro\/wp-json\/wp\/v2\/users\/3"}],"replies":[{"embeddable":true,"href":"https:\/\/bdr-beauty.de\/ro\/wp-json\/wp\/v2\/comments?post=126562"}],"version-history":[{"count":3,"href":"https:\/\/bdr-beauty.de\/ro\/wp-json\/wp\/v2\/pages\/126562\/revisions"}],"predecessor-version":[{"id":126578,"href":"https:\/\/bdr-beauty.de\/ro\/wp-json\/wp\/v2\/pages\/126562\/revisions\/126578"}],"up":[{"embeddable":true,"href":"https:\/\/bdr-beauty.de\/ro\/wp-json\/wp\/v2\/pages\/126027"}],"wp:attachment":[{"href":"https:\/\/bdr-beauty.de\/ro\/wp-json\/wp\/v2\/media?parent=126562"}],"curies":[{"name":"wp","href":"https:\/\/api.w.org\/{rel}","templated":true}]}}