{"id":126800,"date":"2025-08-21T09:43:56","date_gmt":"2025-08-21T07:43:56","guid":{"rendered":"https:\/\/bdr-beauty.de\/?page_id=126800"},"modified":"2025-08-21T09:57:19","modified_gmt":"2025-08-21T07:57:19","slug":"produse-fiole","status":"publish","type":"page","link":"https:\/\/bdr-beauty.de\/ro\/bdr-medical-beauty-concept\/produse-fiole\/","title":{"rendered":"Ampullen RO"},"content":{"rendered":"<div class=\"wpb-content-wrapper\"><p>[vc_row row_height_percent=&#8221;0&#8243; override_padding=&#8221;yes&#8221; h_padding=&#8221;2&#8243; top_padding=&#8221;3&#8243; bottom_padding=&#8221;3&#8243; overlay_alpha=&#8221;50&#8243; gutter_size=&#8221;3&#8243; column_width_percent=&#8221;100&#8243; shift_y=&#8221;0&#8243; z_index=&#8221;0&#8243; content_parallax=&#8221;0&#8243; row_name=&#8221;The Medical Beauty Concept&#8221; uncode_shortcode_id=&#8221;978923&#8243;][vc_column column_width_percent=&#8221;100&#8243; position_vertical=&#8221;middle&#8221; align_horizontal=&#8221;align_center&#8221; gutter_size=&#8221;3&#8243; overlay_alpha=&#8221;50&#8243; shift_x=&#8221;0&#8243; shift_y=&#8221;0&#8243; shift_y_down=&#8221;0&#8243; z_index=&#8221;0&#8243; medium_width=&#8221;0&#8243; mobile_width=&#8221;0&#8243; width=&#8221;1\/1&#8243; uncode_shortcode_id=&#8221;118361&#8243;][vc_row_inner row_inner_height_percent=&#8221;0&#8243; overlay_alpha=&#8221;50&#8243; gutter_size=&#8221;4&#8243; shift_y=&#8221;0&#8243; z_index=&#8221;0&#8243; limit_content=&#8221;&#8221;][vc_column_inner column_width_percent=&#8221;100&#8243; position_vertical=&#8221;middle&#8221; align_horizontal=&#8221;align_center&#8221; gutter_size=&#8221;2&#8243; overlay_alpha=&#8221;50&#8243; shift_x=&#8221;0&#8243; shift_y=&#8221;0&#8243; shift_y_down=&#8221;0&#8243; z_index=&#8221;0&#8243; medium_width=&#8221;0&#8243; mobile_width=&#8221;0&#8243; width=&#8221;5\/6&#8243; uncode_shortcode_id=&#8221;739517&#8243;][vc_custom_heading text_size=&#8221;fontsize-155944&#8243; text_weight=&#8221;300&#8243; uncode_shortcode_id=&#8221;167335&#8243;]bdr\u00ae\u00a0 Concentrat dermaceutic \u00een fiole[\/vc_custom_heading][vc_custom_heading text_size=&#8221;h4&#8243; text_weight=&#8221;300&#8243; text_height=&#8221;fontheight-357766&#8243; uncode_shortcode_id=&#8221;155590&#8243;]Densitatea mare de ingrediente active \u0219i efectul imediat fac din tratamentele cu fiole bdr\u00ae\u00a0 un produs indispensabil de \u00eengrijire la domiciliu \u0219i o component\u0103 promi\u021b\u0103toare \u00een practica tratamentelor dermatologice \u0219i cosmetice.[\/vc_custom_heading][\/vc_column_inner][\/vc_row_inner][\/vc_column][\/vc_row][vc_row row_height_percent=&#8221;0&#8243; override_padding=&#8221;yes&#8221; h_padding=&#8221;2&#8243; top_padding=&#8221;2&#8243; bottom_padding=&#8221;2&#8243; overlay_alpha=&#8221;50&#8243; gutter_size=&#8221;4&#8243; column_width_percent=&#8221;100&#8243; shift_y=&#8221;0&#8243; z_index=&#8221;0&#8243; content_parallax=&#8221;0&#8243; uncode_shortcode_id=&#8221;171409&#8243;][vc_column column_width_percent=&#8221;100&#8243; gutter_size=&#8221;1&#8243; override_padding=&#8221;yes&#8221; column_padding=&#8221;1&#8243; overlay_alpha=&#8221;50&#8243; shift_x=&#8221;0&#8243; shift_y=&#8221;0&#8243; shift_y_down=&#8221;0&#8243; z_index=&#8221;0&#8243; medium_width=&#8221;4&#8243; mobile_width=&#8221;0&#8243; width=&#8221;1\/2&#8243; el_class=&#8221;inverted-device-order&#8221; uncode_shortcode_id=&#8221;173021&#8243;][vc_single_image media=&#8221;106259&#8243; media_width_percent=&#8221;80&#8243; media_ratio=&#8221;one-one&#8221; alignment=&#8221;center&#8221; shape=&#8221;img-circle&#8221; uncode_shortcode_id=&#8221;144694&#8243;][\/vc_column][vc_column column_width_percent=&#8221;100&#8243; position_horizontal=&#8221;left&#8221; position_vertical=&#8221;middle&#8221; gutter_size=&#8221;2&#8243; overlay_alpha=&#8221;50&#8243; shift_x=&#8221;0&#8243; shift_y=&#8221;0&#8243; shift_y_down=&#8221;0&#8243; z_index=&#8221;0&#8243; medium_width=&#8221;4&#8243; mobile_width=&#8221;0&#8243; width=&#8221;1\/2&#8243; uncode_shortcode_id=&#8221;166563&#8243;][vc_custom_heading heading_semantic=&#8221;h1&#8243; text_size=&#8221;h1&#8243; uncode_shortcode_id=&#8221;239478&#8243; subheading=&#8221;Stimulator al ap\u0103r\u0103rii pielii&#8221;]bdr\u00ae SOS Boswellia[\/vc_custom_heading][vc_column_text uncode_shortcode_id=&#8221;207661&#8243;]Primul ajutor pentru pielea suprastimulat\u0103, iritat\u0103 \u0219i sensibil\u0103<\/p>\n<p>SOS Boswellia calmeaz\u0103 imediat irita\u021biile, reduce efectele factorilor de stres \u0219i calmeaz\u0103 irita\u021biile. \u00cen acela\u0219i timp, \u00eent\u0103re\u0219te bariera cutanat\u0103, f\u0103c\u00e2nd pielea mai rezistent\u0103 la influen\u021bele externe. \u00cengrijire zilnic\u0103 ideal\u0103 pentru persoanele cu piele sensibil\u0103, rozacee \u0219i neurodermatit\u0103 sau care tind s\u0103 sufere de irita\u021bii ale pielii din cauza intoleran\u021belor \u0219i reac\u021biilor exagerate.<\/p>\n<ul>\n<li>Calmare maxim\u0103<br \/>\nFormula ajut\u0103 pielea s\u0103 se relaxeze \u0219i contracareaz\u0103 irita\u021biile.<\/li>\n<li>Rezisten\u021b\u0103 maxim\u0103<br \/>\n&#8230; \u00eempotriva factorilor de stres externi.<\/li>\n<li>Armonizare maxim\u0103<br \/>\nEchilibreaz\u0103 starea de nervozitate \u0219i stres a pielii<\/li>\n<li>\u00cent\u0103rire maxim\u0103 a barierei cutanate<\/li>\n<\/ul>\n<p>[\/vc_column_text][\/vc_column][\/vc_row][vc_row][vc_column width=&#8221;1\/1&#8243;][vc_separator sep_color=&#8221;color-xsdn&#8221; uncode_shortcode_id=&#8221;140738&#8243; sep_color_type=&#8221;uncode-palette&#8221; el_width=&#8221;100&#8243; el_height=&#8221;50%&#8221;][\/vc_column][\/vc_row][vc_row row_height_percent=&#8221;0&#8243; override_padding=&#8221;yes&#8221; h_padding=&#8221;2&#8243; top_padding=&#8221;2&#8243; bottom_padding=&#8221;2&#8243; overlay_alpha=&#8221;50&#8243; gutter_size=&#8221;4&#8243; column_width_percent=&#8221;100&#8243; shift_y=&#8221;0&#8243; z_index=&#8221;0&#8243; content_parallax=&#8221;0&#8243; el_class=&#8221;inverted-device-order&#8221; uncode_shortcode_id=&#8221;150186&#8243;][vc_column column_width_percent=&#8221;100&#8243; position_horizontal=&#8221;left&#8221; position_vertical=&#8221;middle&#8221; gutter_size=&#8221;2&#8243; overlay_alpha=&#8221;50&#8243; shift_x=&#8221;0&#8243; shift_y=&#8221;0&#8243; shift_y_down=&#8221;0&#8243; z_index=&#8221;0&#8243; medium_width=&#8221;4&#8243; mobile_width=&#8221;0&#8243; width=&#8221;1\/2&#8243; uncode_shortcode_id=&#8221;889084&#8243;][vc_custom_heading heading_semantic=&#8221;h1&#8243; text_size=&#8221;h1&#8243; uncode_shortcode_id=&#8221;123936&#8243; subheading=&#8221;+ Factori de cre\u0219tere&#8221;]bdr\u00ae Stem Cell BOOSTER[\/vc_custom_heading][vc_column_text uncode_shortcode_id=&#8221;325947&#8243;]\u00cengrijire transformatoare pentru re\u00eennoirea pielii<\/p>\n<ul>\n<li>Regenerare maxim\u0103: Factorii de cre\u0219tere sus\u021bin vindecarea r\u0103nilor \u0219i regenerarea, pe baza unei copii biomimetice a placentei umane.<\/li>\n<li>Ajutor intensiv pentru pielea deteriorat\u0103: Combate pielea atrofic\u0103, ridurile \u0219i pierderea elasticit\u0103\u021bii.<\/li>\n<li>\u00cembun\u0103t\u0103\u021bire m\u0103surabil\u0103: Cre\u0219terea densit\u0103\u021bii \u0219i fermit\u0103\u021bii \u021besuturilor, regenerarea re\u00eennoirii pielii.<\/li>\n<li>Promovarea proceselor proprii ale pielii: Pielea devine mai ferm\u0103, mai supl\u0103 \u0219i mai elastic\u0103, p\u0103streaz\u0103 tensiunea natural\u0103 pentru mai mult timp.<\/li>\n<li>Vitalizare maxim\u0103: Tehnologia modern\u0103 a celulelor stem \u00eembun\u0103t\u0103\u021be\u0219te vitalitatea celulelor stem proprii organismului, optimizeaz\u0103 calitatea \u0219i func\u021biile pielii.<\/li>\n<li>Combate ridurile \u0219i pierderea elasticit\u0103\u021bii: Sprijin eficient \u00eempotriva form\u0103rii ridurilor \u0219i a pierderii elasticit\u0103\u021bii.<\/li>\n<li>Consolidarea matricei fibroase: Stimuleaz\u0103 produc\u021bia de fibre, colagen \u0219i proteoglicani.<\/li>\n<li>Protec\u021bia pielii: Protec\u021bie \u00eempotriva radicalilor liberi provoca\u021bi de reac\u021biile cutanate \u0219i de factorii de mediu (de ex. UVB).<\/li>\n<\/ul>\n<p>[\/vc_column_text][\/vc_column][vc_column column_width_percent=&#8221;100&#8243; gutter_size=&#8221;0&#8243; overlay_alpha=&#8221;50&#8243; shift_x=&#8221;0&#8243; shift_y=&#8221;0&#8243; shift_y_down=&#8221;0&#8243; z_index=&#8221;0&#8243; medium_width=&#8221;4&#8243; mobile_width=&#8221;0&#8243; width=&#8221;1\/2&#8243; el_class=&#8221;inverted-device-order&#8221; uncode_shortcode_id=&#8221;212826&#8243;][vc_single_image media=&#8221;99640&#8243; media_width_percent=&#8221;80&#8243; media_ratio=&#8221;one-one&#8221; alignment=&#8221;center&#8221; shape=&#8221;img-circle&#8221; uncode_shortcode_id=&#8221;574643&#8243;][\/vc_column][\/vc_row][vc_row][vc_column width=&#8221;1\/1&#8243;][vc_separator sep_color=&#8221;color-xsdn&#8221; uncode_shortcode_id=&#8221;140738&#8243; sep_color_type=&#8221;uncode-palette&#8221; el_width=&#8221;100&#8243; el_height=&#8221;50%&#8221;][\/vc_column][\/vc_row][vc_row row_height_percent=&#8221;0&#8243; override_padding=&#8221;yes&#8221; h_padding=&#8221;2&#8243; top_padding=&#8221;2&#8243; bottom_padding=&#8221;2&#8243; overlay_alpha=&#8221;50&#8243; gutter_size=&#8221;4&#8243; column_width_percent=&#8221;100&#8243; shift_y=&#8221;0&#8243; z_index=&#8221;0&#8243; content_parallax=&#8221;0&#8243; uncode_shortcode_id=&#8221;821593&#8243;][vc_column column_width_percent=&#8221;100&#8243; gutter_size=&#8221;1&#8243; override_padding=&#8221;yes&#8221; column_padding=&#8221;1&#8243; overlay_alpha=&#8221;50&#8243; shift_x=&#8221;0&#8243; shift_y=&#8221;0&#8243; shift_y_down=&#8221;0&#8243; z_index=&#8221;0&#8243; medium_width=&#8221;4&#8243; mobile_width=&#8221;0&#8243; width=&#8221;1\/2&#8243; el_class=&#8221;inverted-device-order&#8221; uncode_shortcode_id=&#8221;173021&#8243;][vc_single_image media=&#8221;99669&#8243; media_width_percent=&#8221;80&#8243; media_ratio=&#8221;one-one&#8221; alignment=&#8221;center&#8221; shape=&#8221;img-circle&#8221; uncode_shortcode_id=&#8221;111411&#8243;][\/vc_column][vc_column column_width_percent=&#8221;100&#8243; position_horizontal=&#8221;left&#8221; position_vertical=&#8221;middle&#8221; gutter_size=&#8221;2&#8243; overlay_alpha=&#8221;50&#8243; shift_x=&#8221;0&#8243; shift_y=&#8221;0&#8243; shift_y_down=&#8221;0&#8243; z_index=&#8221;0&#8243; medium_width=&#8221;4&#8243; mobile_width=&#8221;0&#8243; width=&#8221;1\/2&#8243; uncode_shortcode_id=&#8221;166563&#8243;][vc_custom_heading heading_semantic=&#8221;h1&#8243; text_size=&#8221;h1&#8243; uncode_shortcode_id=&#8221;159979&#8243; subheading=&#8221;Concentrat hidratant maxim&#8221;]bdr\u00ae Hyaluron Ultra[\/vc_custom_heading][vc_column_text uncode_shortcode_id=&#8221;940829&#8243;]Hidratant transformator<\/p>\n<p>&#8230; \u00eempotriva senza\u021biei de \u00eentindere, a liniilor fine, a pierderii volumului, a descuam\u0103rilor uscate \u0219i a m\u00e2nc\u0103rimilor &#8230; cauzate de lipsa de hidratare.<\/p>\n<ul>\n<li>Concentra\u021bie maxim\u0103<\/li>\n<li>Hidratare maxim\u0103<\/li>\n<li>Capacitate maxim\u0103 de stocare<\/li>\n<li>Efect de depozit maxim<\/li>\n<li>Str\u0103lucire maxim\u0103<\/li>\n<\/ul>\n<p>Perfect ca tratament hidratant s\u0103pt\u0103m\u00e2nal intensiv sau ca o potolire ocazional\u0103 a setei pentru toate tipurile de piele.[\/vc_column_text][\/vc_column][\/vc_row][vc_row][vc_column width=&#8221;1\/1&#8243;][vc_separator sep_color=&#8221;color-xsdn&#8221; uncode_shortcode_id=&#8221;140738&#8243; sep_color_type=&#8221;uncode-palette&#8221; el_width=&#8221;100&#8243; el_height=&#8221;50%&#8221;][\/vc_column][\/vc_row][vc_row row_height_percent=&#8221;0&#8243; override_padding=&#8221;yes&#8221; h_padding=&#8221;2&#8243; top_padding=&#8221;2&#8243; bottom_padding=&#8221;2&#8243; overlay_alpha=&#8221;50&#8243; gutter_size=&#8221;4&#8243; column_width_percent=&#8221;100&#8243; shift_y=&#8221;0&#8243; z_index=&#8221;0&#8243; content_parallax=&#8221;0&#8243; el_class=&#8221;inverted-device-order&#8221; uncode_shortcode_id=&#8221;968556&#8243;][vc_column column_width_percent=&#8221;100&#8243; position_horizontal=&#8221;left&#8221; position_vertical=&#8221;middle&#8221; gutter_size=&#8221;2&#8243; overlay_alpha=&#8221;50&#8243; shift_x=&#8221;0&#8243; shift_y=&#8221;0&#8243; shift_y_down=&#8221;0&#8243; z_index=&#8221;0&#8243; medium_width=&#8221;4&#8243; mobile_width=&#8221;0&#8243; width=&#8221;1\/2&#8243; uncode_shortcode_id=&#8221;889084&#8243;][vc_custom_heading heading_semantic=&#8221;h1&#8243; text_size=&#8221;h1&#8243; uncode_shortcode_id=&#8221;165499&#8243; subheading=&#8221;Alinare capilar\u0103&#8221;]bdr\u00ae Rosa Calm[\/vc_custom_heading][vc_column_text uncode_shortcode_id=&#8221;693208&#8243;]RosaCalm &#8211; Capillary Relief ofer\u0103 o solu\u021bie specific\u0103 prin calmarea irita\u021biei nervilor pielii, inhibarea inflama\u021biei \u0219i \u00eent\u0103rirea capilarelor. Acest lucru face pielea mai rezistent\u0103 pe termen lung \u0219i reduce vizibil ro\u0219ea\u021ba.<\/p>\n<ul>\n<li>Calmant \u0219i hidratant: Un extract vegetal dintr-o plant\u0103 regeneratoare protejeaz\u0103 pielea de deshidratare \u0219i regenereaz\u0103 pielea uscat\u0103 \u0219i iritat\u0103. Studiile arat\u0103 o \u00eembun\u0103t\u0103\u021bire cu 25% a hidrat\u0103rii pielii.<\/li>\n<li>Reducerea ro\u0219ea\u021b\u0103: Un ingredient activ natural reduce ro\u0219ea\u021ba legat\u0103 de inflama\u021bie \u0219i calmeaz\u0103 pielea iritat\u0103.<\/li>\n<li>\u00cent\u0103rirea capilarelor: Un amestec de plante medicinale sus\u021bine regenerarea capilarelor \u0219i \u00eent\u0103re\u0219te bariera cutanat\u0103.<\/li>\n<li>Antiinflamator: Un ingredient activ utilizat \u00een mod tradi\u021bional inhib\u0103 eliberarea de histamin\u0103 \u0219i reduce umflarea. Studiile au ar\u0103tat o reducere semnificativ\u0103 cu 50% a inflama\u021biei.<\/li>\n<\/ul>\n<p>[\/vc_column_text][\/vc_column][vc_column column_width_percent=&#8221;100&#8243; gutter_size=&#8221;0&#8243; overlay_alpha=&#8221;50&#8243; shift_x=&#8221;0&#8243; shift_y=&#8221;0&#8243; shift_y_down=&#8221;0&#8243; z_index=&#8221;0&#8243; medium_width=&#8221;4&#8243; mobile_width=&#8221;0&#8243; width=&#8221;1\/2&#8243; el_class=&#8221;inverted-device-order&#8221; uncode_shortcode_id=&#8221;212826&#8243;][\/vc_column][\/vc_row]<\/p>\n<\/div>","protected":false},"excerpt":{"rendered":"<p>[vc_row row_height_percent=&#8221;0&#8243; override_padding=&#8221;yes&#8221; h_padding=&#8221;2&#8243; top_padding=&#8221;3&#8243; bottom_padding=&#8221;3&#8243; overlay_alpha=&#8221;50&#8243; gutter_size=&#8221;3&#8243; column_width_percent=&#8221;100&#8243; shift_y=&#8221;0&#8243; z_index=&#8221;0&#8243; content_parallax=&#8221;0&#8243; row_name=&#8221;The Medical Beauty Concept&#8221; uncode_shortcode_id=&#8221;978923&#8243;][vc_column column_width_percent=&#8221;100&#8243; position_vertical=&#8221;middle&#8221; align_horizontal=&#8221;align_center&#8221; [&hellip;]<\/p>\n","protected":false},"author":3,"featured_media":0,"parent":126027,"menu_order":1,"comment_status":"closed","ping_status":"closed","template":"","meta":{"footnotes":""},"class_list":["post-126800","page","type-page","status-publish","hentry"],"yoast_head":"<!-- This site is optimized with the Yoast SEO plugin v24.6 - https:\/\/yoast.com\/wordpress\/plugins\/seo\/ -->\n<title>bdr\u00ae Medical Beauty \u00b7 Fiole<\/title>\n<meta name=\"description\" content=\"Devino specialist\u0103 \u00een \u00eengrijirea pielii \u0219i dezvolt\u0103-\u021bi poten\u021bialul \u00een domeniul frumuse\u021bii cu fiolele de la bdr medical beauty.\" \/>\n<meta name=\"robots\" content=\"index, follow, max-snippet:-1, max-image-preview:large, max-video-preview:-1\" \/>\n<link rel=\"canonical\" href=\"https:\/\/bdr-beauty.de\/ro\/bdr-medical-beauty-concept\/produse-fiole\/\" \/>\n<meta property=\"og:locale\" content=\"ro_RO\" \/>\n<meta property=\"og:type\" content=\"article\" \/>\n<meta property=\"og:title\" content=\"bdr\u00ae Medical Beauty \u00b7 Fiole\" \/>\n<meta property=\"og:description\" content=\"Devino specialist\u0103 \u00een \u00eengrijirea pielii \u0219i dezvolt\u0103-\u021bi poten\u021bialul \u00een domeniul frumuse\u021bii cu fiolele de la bdr medical beauty.\" \/>\n<meta property=\"og:url\" content=\"https:\/\/bdr-beauty.de\/ro\/bdr-medical-beauty-concept\/produse-fiole\/\" \/>\n<meta property=\"og:site_name\" content=\"bdr medical beauty\" \/>\n<meta property=\"article:modified_time\" content=\"2025-08-21T07:57:19+00:00\" \/>\n<meta name=\"twitter:card\" content=\"summary_large_image\" \/>\n<meta name=\"twitter:label1\" content=\"Timp estimat pentru citire\" \/>\n\t<meta name=\"twitter:data1\" content=\"4 minute\" \/>\n<script type=\"application\/ld+json\" class=\"yoast-schema-graph\">{\"@context\":\"https:\/\/schema.org\",\"@graph\":[{\"@type\":\"WebPage\",\"@id\":\"https:\/\/bdr-beauty.de\/ro\/bdr-medical-beauty-concept\/produse-fiole\/\",\"url\":\"https:\/\/bdr-beauty.de\/ro\/bdr-medical-beauty-concept\/produse-fiole\/\",\"name\":\"bdr\u00ae Medical Beauty \u00b7 Fiole\",\"isPartOf\":{\"@id\":\"https:\/\/bdr-beauty.de\/ro\/#website\"},\"datePublished\":\"2025-08-21T07:43:56+00:00\",\"dateModified\":\"2025-08-21T07:57:19+00:00\",\"description\":\"Devino specialist\u0103 \u00een \u00eengrijirea pielii \u0219i dezvolt\u0103-\u021bi poten\u021bialul \u00een domeniul frumuse\u021bii cu fiolele de la bdr medical beauty.\",\"breadcrumb\":{\"@id\":\"https:\/\/bdr-beauty.de\/ro\/bdr-medical-beauty-concept\/produse-fiole\/#breadcrumb\"},\"inLanguage\":\"ro-RO\",\"potentialAction\":[{\"@type\":\"ReadAction\",\"target\":[\"https:\/\/bdr-beauty.de\/ro\/bdr-medical-beauty-concept\/produse-fiole\/\"]}]},{\"@type\":\"BreadcrumbList\",\"@id\":\"https:\/\/bdr-beauty.de\/ro\/bdr-medical-beauty-concept\/produse-fiole\/#breadcrumb\",\"itemListElement\":[{\"@type\":\"ListItem\",\"position\":1,\"name\":\"Startseite\",\"item\":\"https:\/\/bdr-beauty.de\/ro\/\"},{\"@type\":\"ListItem\",\"position\":2,\"name\":\"bdr\u00ae The Medical Beauty Concept Startseite RO\",\"item\":\"https:\/\/bdr-beauty.de\/ro\/\"},{\"@type\":\"ListItem\",\"position\":3,\"name\":\"Ampullen RO\"}]},{\"@type\":\"WebSite\",\"@id\":\"https:\/\/bdr-beauty.de\/ro\/#website\",\"url\":\"https:\/\/bdr-beauty.de\/ro\/\",\"name\":\"bdr medical beauty\",\"description\":\"Luxury meets Skincare\",\"potentialAction\":[{\"@type\":\"SearchAction\",\"target\":{\"@type\":\"EntryPoint\",\"urlTemplate\":\"https:\/\/bdr-beauty.de\/ro\/?s={search_term_string}\"},\"query-input\":{\"@type\":\"PropertyValueSpecification\",\"valueRequired\":true,\"valueName\":\"search_term_string\"}}],\"inLanguage\":\"ro-RO\"}]}<\/script>\n<!-- \/ Yoast SEO plugin. -->","yoast_head_json":{"title":"bdr\u00ae Medical Beauty \u00b7 Fiole","description":"Devino specialist\u0103 \u00een \u00eengrijirea pielii \u0219i dezvolt\u0103-\u021bi poten\u021bialul \u00een domeniul frumuse\u021bii cu fiolele de la bdr medical beauty.","robots":{"index":"index","follow":"follow","max-snippet":"max-snippet:-1","max-image-preview":"max-image-preview:large","max-video-preview":"max-video-preview:-1"},"canonical":"https:\/\/bdr-beauty.de\/ro\/bdr-medical-beauty-concept\/produse-fiole\/","og_locale":"ro_RO","og_type":"article","og_title":"bdr\u00ae Medical Beauty \u00b7 Fiole","og_description":"Devino specialist\u0103 \u00een \u00eengrijirea pielii \u0219i dezvolt\u0103-\u021bi poten\u021bialul \u00een domeniul frumuse\u021bii cu fiolele de la bdr medical beauty.","og_url":"https:\/\/bdr-beauty.de\/ro\/bdr-medical-beauty-concept\/produse-fiole\/","og_site_name":"bdr medical beauty","article_modified_time":"2025-08-21T07:57:19+00:00","twitter_card":"summary_large_image","twitter_misc":{"Timp estimat pentru citire":"4 minute"},"schema":{"@context":"https:\/\/schema.org","@graph":[{"@type":"WebPage","@id":"https:\/\/bdr-beauty.de\/ro\/bdr-medical-beauty-concept\/produse-fiole\/","url":"https:\/\/bdr-beauty.de\/ro\/bdr-medical-beauty-concept\/produse-fiole\/","name":"bdr\u00ae Medical Beauty \u00b7 Fiole","isPartOf":{"@id":"https:\/\/bdr-beauty.de\/ro\/#website"},"datePublished":"2025-08-21T07:43:56+00:00","dateModified":"2025-08-21T07:57:19+00:00","description":"Devino specialist\u0103 \u00een \u00eengrijirea pielii \u0219i dezvolt\u0103-\u021bi poten\u021bialul \u00een domeniul frumuse\u021bii cu fiolele de la bdr medical beauty.","breadcrumb":{"@id":"https:\/\/bdr-beauty.de\/ro\/bdr-medical-beauty-concept\/produse-fiole\/#breadcrumb"},"inLanguage":"ro-RO","potentialAction":[{"@type":"ReadAction","target":["https:\/\/bdr-beauty.de\/ro\/bdr-medical-beauty-concept\/produse-fiole\/"]}]},{"@type":"BreadcrumbList","@id":"https:\/\/bdr-beauty.de\/ro\/bdr-medical-beauty-concept\/produse-fiole\/#breadcrumb","itemListElement":[{"@type":"ListItem","position":1,"name":"Startseite","item":"https:\/\/bdr-beauty.de\/ro\/"},{"@type":"ListItem","position":2,"name":"bdr\u00ae The Medical Beauty Concept Startseite RO","item":"https:\/\/bdr-beauty.de\/ro\/"},{"@type":"ListItem","position":3,"name":"Ampullen RO"}]},{"@type":"WebSite","@id":"https:\/\/bdr-beauty.de\/ro\/#website","url":"https:\/\/bdr-beauty.de\/ro\/","name":"bdr medical beauty","description":"Luxury meets Skincare","potentialAction":[{"@type":"SearchAction","target":{"@type":"EntryPoint","urlTemplate":"https:\/\/bdr-beauty.de\/ro\/?s={search_term_string}"},"query-input":{"@type":"PropertyValueSpecification","valueRequired":true,"valueName":"search_term_string"}}],"inLanguage":"ro-RO"}]}},"_links":{"self":[{"href":"https:\/\/bdr-beauty.de\/ro\/wp-json\/wp\/v2\/pages\/126800","targetHints":{"allow":["GET"]}}],"collection":[{"href":"https:\/\/bdr-beauty.de\/ro\/wp-json\/wp\/v2\/pages"}],"about":[{"href":"https:\/\/bdr-beauty.de\/ro\/wp-json\/wp\/v2\/types\/page"}],"author":[{"embeddable":true,"href":"https:\/\/bdr-beauty.de\/ro\/wp-json\/wp\/v2\/users\/3"}],"replies":[{"embeddable":true,"href":"https:\/\/bdr-beauty.de\/ro\/wp-json\/wp\/v2\/comments?post=126800"}],"version-history":[{"count":1,"href":"https:\/\/bdr-beauty.de\/ro\/wp-json\/wp\/v2\/pages\/126800\/revisions"}],"predecessor-version":[{"id":126811,"href":"https:\/\/bdr-beauty.de\/ro\/wp-json\/wp\/v2\/pages\/126800\/revisions\/126811"}],"up":[{"embeddable":true,"href":"https:\/\/bdr-beauty.de\/ro\/wp-json\/wp\/v2\/pages\/126027"}],"wp:attachment":[{"href":"https:\/\/bdr-beauty.de\/ro\/wp-json\/wp\/v2\/media?parent=126800"}],"curies":[{"name":"wp","href":"https:\/\/api.w.org\/{rel}","templated":true}]}}