{"id":127024,"date":"2025-08-29T11:36:53","date_gmt":"2025-08-29T09:36:53","guid":{"rendered":"https:\/\/bdr-beauty.de\/?page_id=127024"},"modified":"2025-08-29T11:40:23","modified_gmt":"2025-08-29T09:40:23","slug":"rezolvarea-problemelor","status":"publish","type":"page","link":"https:\/\/bdr-beauty.de\/ro\/bdr-medical-beauty-concept\/rezolvarea-problemelor\/","title":{"rendered":"Probleml\u00f6ser RO"},"content":{"rendered":"<div class=\"wpb-content-wrapper\"><p>[vc_row row_height_percent=&#8221;0&#8243; override_padding=&#8221;yes&#8221; h_padding=&#8221;2&#8243; top_padding=&#8221;0&#8243; bottom_padding=&#8221;0&#8243; overlay_alpha=&#8221;50&#8243; gutter_size=&#8221;3&#8243; column_width_percent=&#8221;100&#8243; shift_y=&#8221;0&#8243; z_index=&#8221;0&#8243; row_name=&#8221;Re-fine&#8221;][vc_column column_width_percent=&#8221;100&#8243; gutter_size=&#8221;3&#8243; override_padding=&#8221;yes&#8221; column_padding=&#8221;2&#8243; overlay_alpha=&#8221;50&#8243; shift_x=&#8221;0&#8243; shift_y=&#8221;0&#8243; shift_y_down=&#8221;0&#8243; z_index=&#8221;0&#8243; medium_width=&#8221;0&#8243; mobile_width=&#8221;0&#8243; width=&#8221;1\/1&#8243;][vc_row_inner row_inner_height_percent=&#8221;0&#8243; back_color=&#8221;color-lxmt&#8221; overlay_alpha=&#8221;50&#8243; equal_height=&#8221;yes&#8221; gutter_size=&#8221;0&#8243; shift_y=&#8221;0&#8243; z_index=&#8221;0&#8243; limit_content=&#8221;&#8221;][vc_column_inner column_width_percent=&#8221;100&#8243; position_vertical=&#8221;middle&#8221; align_horizontal=&#8221;align_center&#8221; gutter_size=&#8221;3&#8243; overlay_alpha=&#8221;50&#8243; shift_x=&#8221;0&#8243; shift_y=&#8221;0&#8243; shift_y_down=&#8221;0&#8243; z_index=&#8221;0&#8243; medium_width=&#8221;0&#8243; mobile_width=&#8221;0&#8243; width=&#8221;1\/2&#8243;][vc_single_image media=&#8221;84413&#8243; media_lightbox=&#8221;yes&#8221; media_width_percent=&#8221;80&#8243; alignment=&#8221;center&#8221; css_animation=&#8221;zoom-in&#8221; lbox_skin=&#8221;white&#8221; uncode_shortcode_id=&#8221;954863&#8243;][\/vc_column_inner][vc_column_inner column_width_percent=&#8221;100&#8243; position_vertical=&#8221;middle&#8221; gutter_size=&#8221;3&#8243; override_padding=&#8221;yes&#8221; column_padding=&#8221;3&#8243; back_color=&#8221;color-lxmt&#8221; overlay_alpha=&#8221;50&#8243; shift_x=&#8221;0&#8243; shift_y=&#8221;0&#8243; shift_y_down=&#8221;0&#8243; z_index=&#8221;0&#8243; medium_width=&#8221;0&#8243; mobile_width=&#8221;0&#8243; width=&#8221;1\/2&#8243;][vc_custom_heading text_size=&#8221;fontsize-155944&#8243; text_weight=&#8221;300&#8243; separator_color=&#8221;yes&#8221; separator=&#8221;under&#8221; sub_reduced=&#8221;yes&#8221; subheading=&#8221;ser structurant&#8221; uncode_shortcode_id=&#8221;936593&#8243;]Re-fine[\/vc_custom_heading][vc_column_text uncode_shortcode_id=&#8221;760350&#8243;]Fluid ultrau\u0219or cu o formul\u0103 de \u00eengrijire cu doz\u0103 mare pentru un ten uniform, cu pori rafina\u021bi \u0219i un ten ferm.<\/p>\n<p>Beneficii cu utilizare regulat\u0103:<\/p>\n<ul>\n<li>Efect netezitor \u0219i antiinflamator<\/li>\n<li>re\u00eennoirea celular\u0103<\/li>\n<li>rafinarea porilor<\/li>\n<li>Stimularea re\u00eennoirii celulare<\/li>\n<li>Cre\u0219te sinteza de colagen \u0219i elastin\u0103 proprie pielii<\/li>\n<\/ul>\n<p>Potrivit pentru toate tipurile de piele, recomandat \u00een special pentru pielea inflamat\u0103, cu pori mari.<\/p>\n<p><strong>Aplicare<\/strong> Se aplic\u0103 diminea\u021ba \u0219i seara.<\/p>\n<p><strong>Caracteristicile produsului<\/strong> vegan, frumuse\u021be curat\u0103, \u00eemb\u0103tr\u00e2nire s\u0103n\u0103toas\u0103, f\u0103r\u0103 microplastice, f\u0103r\u0103 uleiuri minerale, f\u0103r\u0103 parabeni, f\u0103r\u0103 silicon, f\u0103r\u0103 alcool[\/vc_column_text][\/vc_column_inner][\/vc_row_inner][\/vc_column][\/vc_row][vc_row row_height_percent=&#8221;0&#8243; override_padding=&#8221;yes&#8221; h_padding=&#8221;2&#8243; top_padding=&#8221;0&#8243; bottom_padding=&#8221;0&#8243; overlay_alpha=&#8221;50&#8243; gutter_size=&#8221;3&#8243; column_width_percent=&#8221;100&#8243; shift_y=&#8221;0&#8243; z_index=&#8221;0&#8243; row_name=&#8221;Re-lax 3&#8243;][vc_column column_width_percent=&#8221;100&#8243; gutter_size=&#8221;3&#8243; override_padding=&#8221;yes&#8221; column_padding=&#8221;2&#8243; overlay_alpha=&#8221;50&#8243; shift_x=&#8221;0&#8243; shift_y=&#8221;0&#8243; shift_y_down=&#8221;0&#8243; z_index=&#8221;0&#8243; medium_width=&#8221;0&#8243; mobile_width=&#8221;0&#8243; width=&#8221;1\/1&#8243;][vc_row_inner row_inner_height_percent=&#8221;0&#8243; back_color=&#8221;color-lxmt&#8221; overlay_alpha=&#8221;50&#8243; equal_height=&#8221;yes&#8221; gutter_size=&#8221;0&#8243; shift_y=&#8221;0&#8243; z_index=&#8221;0&#8243; limit_content=&#8221;&#8221;][vc_column_inner column_width_percent=&#8221;100&#8243; position_vertical=&#8221;middle&#8221; gutter_size=&#8221;3&#8243; override_padding=&#8221;yes&#8221; column_padding=&#8221;3&#8243; back_color=&#8221;color-lxmt&#8221; overlay_alpha=&#8221;50&#8243; shift_x=&#8221;0&#8243; shift_y=&#8221;0&#8243; shift_y_down=&#8221;0&#8243; z_index=&#8221;0&#8243; medium_width=&#8221;0&#8243; mobile_width=&#8221;0&#8243; width=&#8221;1\/2&#8243;][vc_custom_heading text_size=&#8221;fontsize-155944&#8243; text_weight=&#8221;300&#8243; separator_color=&#8221;yes&#8221; separator=&#8221;under&#8221; sub_reduced=&#8221;yes&#8221; subheading=&#8221;ser multifunc\u021bional&#8221; uncode_shortcode_id=&#8221;939956&#8243;]Re-lax 3[\/vc_custom_heading][vc_column_text uncode_shortcode_id=&#8221;164474&#8243;]Serul Re-lax 3 Problem Solver impresioneaz\u0103 printr-un sistem de protec\u021bie regenerativ\u0103 care recunoa\u0219te fiecare nevoie a pielii. Combina\u021bia de ingrediente active biotehnologice \u00eencetine\u0219te procesul de \u00eemb\u0103tr\u00e2nire a pielii \u0219i reduce semnele de \u00eemb\u0103tr\u00e2nire.<\/p>\n<p>Beneficiile utiliz\u0103rii regulate sunt:<\/p>\n<ul>\n<li>Reducerea vizibil\u0103 a ridurilor &#8211; \u00een special a liniilor de expresie<\/li>\n<li>\u00eencetine\u0219te procesul de \u00eemb\u0103tr\u00e2nire a pielii<\/li>\n<li>Protec\u021bie \u00eempotriva radicalilor liberi<\/li>\n<li>Efect antialergic, calmant \u0219i antiinflamator<\/li>\n<\/ul>\n<p>Potrivit pentru toate tipurile de piele, recomandat \u00een special pentru cuperoz\u0103 \u0219i rozacee!<\/p>\n<p><strong>Aplicare<\/strong> Se aplic\u0103 diminea\u021ba \u0219i seara.<\/p>\n<p><strong>Caracteristicile produsului<\/strong> vegan, frumuse\u021be curat\u0103, \u00eemb\u0103tr\u00e2nire s\u0103n\u0103toas\u0103, f\u0103r\u0103 microplastice, f\u0103r\u0103 uleiuri minerale, f\u0103r\u0103 parabeni, f\u0103r\u0103 silicon, f\u0103r\u0103 alcool[\/vc_column_text][\/vc_column_inner][vc_column_inner column_width_percent=&#8221;100&#8243; position_vertical=&#8221;middle&#8221; align_horizontal=&#8221;align_center&#8221; gutter_size=&#8221;3&#8243; overlay_alpha=&#8221;50&#8243; shift_x=&#8221;0&#8243; shift_y=&#8221;0&#8243; shift_y_down=&#8221;0&#8243; z_index=&#8221;0&#8243; medium_width=&#8221;0&#8243; mobile_width=&#8221;0&#8243; width=&#8221;1\/2&#8243;][vc_single_image media=&#8221;84417&#8243; media_lightbox=&#8221;yes&#8221; media_width_percent=&#8221;80&#8243; alignment=&#8221;center&#8221; css_animation=&#8221;zoom-in&#8221; lbox_skin=&#8221;white&#8221; uncode_shortcode_id=&#8221;851388&#8243;][\/vc_column_inner][\/vc_row_inner][\/vc_column][\/vc_row][vc_row row_height_percent=&#8221;0&#8243; override_padding=&#8221;yes&#8221; h_padding=&#8221;2&#8243; top_padding=&#8221;0&#8243; bottom_padding=&#8221;0&#8243; overlay_alpha=&#8221;50&#8243; gutter_size=&#8221;3&#8243; column_width_percent=&#8221;100&#8243; shift_y=&#8221;0&#8243; z_index=&#8221;0&#8243; row_name=&#8221;Contour neck&#8221;][vc_column column_width_percent=&#8221;100&#8243; gutter_size=&#8221;3&#8243; override_padding=&#8221;yes&#8221; column_padding=&#8221;2&#8243; overlay_alpha=&#8221;50&#8243; shift_x=&#8221;0&#8243; shift_y=&#8221;0&#8243; shift_y_down=&#8221;0&#8243; z_index=&#8221;0&#8243; medium_width=&#8221;0&#8243; mobile_width=&#8221;0&#8243; width=&#8221;1\/1&#8243;][vc_row_inner row_inner_height_percent=&#8221;0&#8243; back_color=&#8221;color-lxmt&#8221; overlay_alpha=&#8221;50&#8243; equal_height=&#8221;yes&#8221; gutter_size=&#8221;0&#8243; shift_y=&#8221;0&#8243; z_index=&#8221;0&#8243; limit_content=&#8221;&#8221;][vc_column_inner column_width_percent=&#8221;100&#8243; position_vertical=&#8221;middle&#8221; align_horizontal=&#8221;align_center&#8221; gutter_size=&#8221;3&#8243; overlay_alpha=&#8221;50&#8243; shift_x=&#8221;0&#8243; shift_y=&#8221;0&#8243; shift_y_down=&#8221;0&#8243; z_index=&#8221;0&#8243; medium_width=&#8221;0&#8243; mobile_width=&#8221;0&#8243; width=&#8221;1\/2&#8243;][vc_single_image media=&#8221;83752&#8243; media_lightbox=&#8221;yes&#8221; media_width_percent=&#8221;100&#8243; alignment=&#8221;center&#8221; css_animation=&#8221;zoom-in&#8221; lbox_skin=&#8221;white&#8221;][\/vc_column_inner][vc_column_inner column_width_percent=&#8221;100&#8243; position_vertical=&#8221;middle&#8221; gutter_size=&#8221;3&#8243; override_padding=&#8221;yes&#8221; column_padding=&#8221;3&#8243; back_color=&#8221;color-lxmt&#8221; overlay_alpha=&#8221;50&#8243; shift_x=&#8221;0&#8243; shift_y=&#8221;0&#8243; shift_y_down=&#8221;0&#8243; z_index=&#8221;0&#8243; medium_width=&#8221;0&#8243; mobile_width=&#8221;0&#8243; width=&#8221;1\/2&#8243;][vc_custom_heading text_size=&#8221;fontsize-155944&#8243; text_weight=&#8221;300&#8243; separator_color=&#8221;yes&#8221; separator=&#8221;under&#8221; sub_reduced=&#8221;yes&#8221; subheading=&#8221;ser care define\u0219te g\u00e2tul&#8221; uncode_shortcode_id=&#8221;132981&#8243;]Contour neck[\/vc_custom_heading][vc_column_text uncode_shortcode_id=&#8221;126209&#8243;]Apa de ghe\u021bar \u00eencapsulat\u0103 lipozomal &#8211; bogat\u0103 \u00een minerale \u0219i oligoelemente &#8211; \u0219i extractul de edelweiss cu efect modelator dovedit ofer\u0103 prospe\u021bime \u0219i \u00eengrijire delicat\u0103 \u00een profunzime. Protejeaz\u0103 \u00eempotriva stresului oxidativ \u0219i a influen\u021belor mediului, se absoarbe rapid f\u0103r\u0103 a \u00eenc\u0103rca pielea \u0219i nu las\u0103 reziduuri pe haine \u0219i p\u0103r.<\/p>\n<p><strong>Utilizare<\/strong> Se aplic\u0103 pe g\u00e2t \u0219i decolteu diminea\u021ba \u0219i\/sau seara.<\/p>\n<p><strong>Caracteristicile produsului<\/strong> vegan, frumuse\u021be curat\u0103, \u00eemb\u0103tr\u00e2nire s\u0103n\u0103toas\u0103, f\u0103r\u0103 microplastice, f\u0103r\u0103 uleiuri minerale, f\u0103r\u0103 parabeni, f\u0103r\u0103 silicon[\/vc_column_text][\/vc_column_inner][\/vc_row_inner][\/vc_column][\/vc_row][vc_row row_height_percent=&#8221;0&#8243; override_padding=&#8221;yes&#8221; h_padding=&#8221;2&#8243; top_padding=&#8221;0&#8243; bottom_padding=&#8221;0&#8243; overlay_alpha=&#8221;50&#8243; gutter_size=&#8221;3&#8243; column_width_percent=&#8221;100&#8243; shift_y=&#8221;0&#8243; z_index=&#8221;0&#8243; row_name=&#8221;Brilliant EP&#8221; uncode_shortcode_id=&#8221;171498&#8243;][vc_column column_width_percent=&#8221;100&#8243; gutter_size=&#8221;3&#8243; override_padding=&#8221;yes&#8221; column_padding=&#8221;2&#8243; overlay_alpha=&#8221;50&#8243; shift_x=&#8221;0&#8243; shift_y=&#8221;0&#8243; shift_y_down=&#8221;0&#8243; z_index=&#8221;0&#8243; medium_width=&#8221;0&#8243; mobile_width=&#8221;0&#8243; width=&#8221;1\/1&#8243;][vc_row_inner row_inner_height_percent=&#8221;0&#8243; back_color=&#8221;color-lxmt&#8221; overlay_alpha=&#8221;50&#8243; equal_height=&#8221;yes&#8221; gutter_size=&#8221;0&#8243; shift_y=&#8221;0&#8243; z_index=&#8221;0&#8243; limit_content=&#8221;&#8221;][vc_column_inner column_width_percent=&#8221;100&#8243; position_vertical=&#8221;middle&#8221; gutter_size=&#8221;3&#8243; override_padding=&#8221;yes&#8221; column_padding=&#8221;3&#8243; back_color=&#8221;color-lxmt&#8221; overlay_alpha=&#8221;50&#8243; shift_x=&#8221;0&#8243; shift_y=&#8221;0&#8243; shift_y_down=&#8221;0&#8243; z_index=&#8221;0&#8243; medium_width=&#8221;0&#8243; mobile_width=&#8221;0&#8243; width=&#8221;1\/2&#8243;][vc_custom_heading text_size=&#8221;fontsize-155944&#8243; text_weight=&#8221;300&#8243; separator_color=&#8221;yes&#8221; separator=&#8221;under&#8221; sub_reduced=&#8221;yes&#8221; subheading=&#8221;ser iluminator&#8221; uncode_shortcode_id=&#8221;660022&#8243;]Brilliant EP[\/vc_custom_heading][vc_column_text uncode_shortcode_id=&#8221;203070&#8243;]Serul de iluminare a pielii cu vitamina C stabilizat\u0103, peptid\u0103 de albire, acid azelaic \u0219i acid tranexamic combate at\u00e2t hiperpigmentarea, c\u00e2t \u0219i ro\u0219ea\u021ba pe diferite niveluri. Formula eficient\u0103 corecteaz\u0103 tonul pielii, face s\u0103 dispar\u0103 petele de v\u00e2rst\u0103, \u00eent\u0103re\u0219te structura pielii \u0219i face ca pielea tern\u0103 \u0219i p\u0103tat\u0103 s\u0103 str\u0103luceasc\u0103 din nou. Efectul serului, care are un parfum delicat de flori de cire\u0219 \u0219i ceai alb, este sporit \u0219i mai mult prin combinarea acestuia cu esen\u021ba iluminatoare Re-action EP \u0219i cu tratamentul de finisare Re-vital EP.<\/p>\n<p>Beneficiile utiliz\u0103rii regulate sunt:<\/p>\n<ul>\n<li>Reducerea hiperpigment\u0103rii, de exemplu petele de v\u00e2rst\u0103 sau chloasma<\/li>\n<li>Inhibarea post-pigment\u0103rii<\/li>\n<li>Repararea daunelor UV (keratinizare \u0219i foto\u00eemb\u0103tr\u00e2nire)<\/li>\n<li>Stimularea sintezei colagenului propriu pielii -&gt; \u00eembun\u0103t\u0103\u021birea elasticit\u0103\u021bii pielii<\/li>\n<li>Reducerea \u00eenro\u0219irii pielii \u0219i promovarea vindec\u0103rii<\/li>\n<\/ul>\n<p><strong>Caracteristicile produsului<\/strong> vegan, frumuse\u021be curat\u0103, \u00eemb\u0103tr\u00e2nire s\u0103n\u0103toas\u0103, f\u0103r\u0103 microplastice, f\u0103r\u0103 uleiuri minerale, f\u0103r\u0103 parabeni, f\u0103r\u0103 silicon, f\u0103r\u0103 alcool[\/vc_column_text][\/vc_column_inner][vc_column_inner column_width_percent=&#8221;100&#8243; position_vertical=&#8221;middle&#8221; align_horizontal=&#8221;align_center&#8221; gutter_size=&#8221;3&#8243; overlay_alpha=&#8221;50&#8243; shift_x=&#8221;0&#8243; shift_y=&#8221;0&#8243; shift_y_down=&#8221;0&#8243; z_index=&#8221;0&#8243; medium_width=&#8221;0&#8243; mobile_width=&#8221;0&#8243; width=&#8221;1\/2&#8243;][vc_single_image media=&#8221;85877&#8243; media_lightbox=&#8221;yes&#8221; media_width_percent=&#8221;80&#8243; alignment=&#8221;center&#8221; css_animation=&#8221;zoom-in&#8221; lbox_skin=&#8221;white&#8221; uncode_shortcode_id=&#8221;145326&#8243;][\/vc_column_inner][\/vc_row_inner][\/vc_column][\/vc_row]<\/p>\n<\/div>","protected":false},"excerpt":{"rendered":"<p>[vc_row row_height_percent=&#8221;0&#8243; override_padding=&#8221;yes&#8221; h_padding=&#8221;2&#8243; top_padding=&#8221;0&#8243; bottom_padding=&#8221;0&#8243; overlay_alpha=&#8221;50&#8243; gutter_size=&#8221;3&#8243; column_width_percent=&#8221;100&#8243; shift_y=&#8221;0&#8243; z_index=&#8221;0&#8243; row_name=&#8221;Re-fine&#8221;][vc_column column_width_percent=&#8221;100&#8243; gutter_size=&#8221;3&#8243; override_padding=&#8221;yes&#8221; column_padding=&#8221;2&#8243; overlay_alpha=&#8221;50&#8243; shift_x=&#8221;0&#8243; shift_y=&#8221;0&#8243; shift_y_down=&#8221;0&#8243; [&hellip;]<\/p>\n","protected":false},"author":3,"featured_media":0,"parent":126027,"menu_order":4,"comment_status":"closed","ping_status":"closed","template":"","meta":{"footnotes":""},"class_list":["post-127024","page","type-page","status-publish","hentry"],"yoast_head":"<!-- This site is optimized with the Yoast SEO plugin v24.6 - https:\/\/yoast.com\/wordpress\/plugins\/seo\/ -->\n<title>REZOLVAREA PROBLEMELOR<\/title>\n<meta name=\"robots\" content=\"index, follow, max-snippet:-1, max-image-preview:large, max-video-preview:-1\" \/>\n<link rel=\"canonical\" href=\"https:\/\/bdr-beauty.de\/ro\/bdr-medical-beauty-concept\/rezolvarea-problemelor\/\" \/>\n<meta property=\"og:locale\" content=\"ro_RO\" \/>\n<meta property=\"og:type\" content=\"article\" \/>\n<meta property=\"og:title\" content=\"REZOLVAREA PROBLEMELOR\" \/>\n<meta property=\"og:description\" content=\"[vc_row row_height_percent=&#8221;0&#8243; override_padding=&#8221;yes&#8221; h_padding=&#8221;2&#8243; top_padding=&#8221;0&#8243; bottom_padding=&#8221;0&#8243; overlay_alpha=&#8221;50&#8243; gutter_size=&#8221;3&#8243; column_width_percent=&#8221;100&#8243; shift_y=&#8221;0&#8243; z_index=&#8221;0&#8243; row_name=&#8221;Re-fine&#8221;][vc_column column_width_percent=&#8221;100&#8243; gutter_size=&#8221;3&#8243; override_padding=&#8221;yes&#8221; column_padding=&#8221;2&#8243; overlay_alpha=&#8221;50&#8243; shift_x=&#8221;0&#8243; shift_y=&#8221;0&#8243; shift_y_down=&#8221;0&#8243; [&hellip;]\" \/>\n<meta property=\"og:url\" content=\"https:\/\/bdr-beauty.de\/ro\/bdr-medical-beauty-concept\/rezolvarea-problemelor\/\" \/>\n<meta property=\"og:site_name\" content=\"bdr medical beauty\" \/>\n<meta property=\"article:modified_time\" content=\"2025-08-29T09:40:23+00:00\" \/>\n<meta name=\"twitter:card\" content=\"summary_large_image\" \/>\n<meta name=\"twitter:label1\" content=\"Timp estimat pentru citire\" \/>\n\t<meta name=\"twitter:data1\" content=\"4 minute\" \/>\n<script type=\"application\/ld+json\" class=\"yoast-schema-graph\">{\"@context\":\"https:\/\/schema.org\",\"@graph\":[{\"@type\":\"WebPage\",\"@id\":\"https:\/\/bdr-beauty.de\/ro\/bdr-medical-beauty-concept\/rezolvarea-problemelor\/\",\"url\":\"https:\/\/bdr-beauty.de\/ro\/bdr-medical-beauty-concept\/rezolvarea-problemelor\/\",\"name\":\"REZOLVAREA PROBLEMELOR\",\"isPartOf\":{\"@id\":\"https:\/\/bdr-beauty.de\/ro\/#website\"},\"datePublished\":\"2025-08-29T09:36:53+00:00\",\"dateModified\":\"2025-08-29T09:40:23+00:00\",\"breadcrumb\":{\"@id\":\"https:\/\/bdr-beauty.de\/ro\/bdr-medical-beauty-concept\/rezolvarea-problemelor\/#breadcrumb\"},\"inLanguage\":\"ro-RO\",\"potentialAction\":[{\"@type\":\"ReadAction\",\"target\":[\"https:\/\/bdr-beauty.de\/ro\/bdr-medical-beauty-concept\/rezolvarea-problemelor\/\"]}]},{\"@type\":\"BreadcrumbList\",\"@id\":\"https:\/\/bdr-beauty.de\/ro\/bdr-medical-beauty-concept\/rezolvarea-problemelor\/#breadcrumb\",\"itemListElement\":[{\"@type\":\"ListItem\",\"position\":1,\"name\":\"Startseite\",\"item\":\"https:\/\/bdr-beauty.de\/ro\/\"},{\"@type\":\"ListItem\",\"position\":2,\"name\":\"bdr\u00ae The Medical Beauty Concept Startseite RO\",\"item\":\"https:\/\/bdr-beauty.de\/ro\/\"},{\"@type\":\"ListItem\",\"position\":3,\"name\":\"Probleml\u00f6ser RO\"}]},{\"@type\":\"WebSite\",\"@id\":\"https:\/\/bdr-beauty.de\/ro\/#website\",\"url\":\"https:\/\/bdr-beauty.de\/ro\/\",\"name\":\"bdr medical beauty\",\"description\":\"Luxury meets Skincare\",\"potentialAction\":[{\"@type\":\"SearchAction\",\"target\":{\"@type\":\"EntryPoint\",\"urlTemplate\":\"https:\/\/bdr-beauty.de\/ro\/?s={search_term_string}\"},\"query-input\":{\"@type\":\"PropertyValueSpecification\",\"valueRequired\":true,\"valueName\":\"search_term_string\"}}],\"inLanguage\":\"ro-RO\"}]}<\/script>\n<!-- \/ Yoast SEO plugin. -->","yoast_head_json":{"title":"REZOLVAREA PROBLEMELOR","robots":{"index":"index","follow":"follow","max-snippet":"max-snippet:-1","max-image-preview":"max-image-preview:large","max-video-preview":"max-video-preview:-1"},"canonical":"https:\/\/bdr-beauty.de\/ro\/bdr-medical-beauty-concept\/rezolvarea-problemelor\/","og_locale":"ro_RO","og_type":"article","og_title":"REZOLVAREA PROBLEMELOR","og_description":"[vc_row row_height_percent=&#8221;0&#8243; override_padding=&#8221;yes&#8221; h_padding=&#8221;2&#8243; top_padding=&#8221;0&#8243; bottom_padding=&#8221;0&#8243; overlay_alpha=&#8221;50&#8243; gutter_size=&#8221;3&#8243; column_width_percent=&#8221;100&#8243; shift_y=&#8221;0&#8243; z_index=&#8221;0&#8243; row_name=&#8221;Re-fine&#8221;][vc_column column_width_percent=&#8221;100&#8243; gutter_size=&#8221;3&#8243; override_padding=&#8221;yes&#8221; column_padding=&#8221;2&#8243; overlay_alpha=&#8221;50&#8243; shift_x=&#8221;0&#8243; shift_y=&#8221;0&#8243; shift_y_down=&#8221;0&#8243; [&hellip;]","og_url":"https:\/\/bdr-beauty.de\/ro\/bdr-medical-beauty-concept\/rezolvarea-problemelor\/","og_site_name":"bdr medical beauty","article_modified_time":"2025-08-29T09:40:23+00:00","twitter_card":"summary_large_image","twitter_misc":{"Timp estimat pentru citire":"4 minute"},"schema":{"@context":"https:\/\/schema.org","@graph":[{"@type":"WebPage","@id":"https:\/\/bdr-beauty.de\/ro\/bdr-medical-beauty-concept\/rezolvarea-problemelor\/","url":"https:\/\/bdr-beauty.de\/ro\/bdr-medical-beauty-concept\/rezolvarea-problemelor\/","name":"REZOLVAREA PROBLEMELOR","isPartOf":{"@id":"https:\/\/bdr-beauty.de\/ro\/#website"},"datePublished":"2025-08-29T09:36:53+00:00","dateModified":"2025-08-29T09:40:23+00:00","breadcrumb":{"@id":"https:\/\/bdr-beauty.de\/ro\/bdr-medical-beauty-concept\/rezolvarea-problemelor\/#breadcrumb"},"inLanguage":"ro-RO","potentialAction":[{"@type":"ReadAction","target":["https:\/\/bdr-beauty.de\/ro\/bdr-medical-beauty-concept\/rezolvarea-problemelor\/"]}]},{"@type":"BreadcrumbList","@id":"https:\/\/bdr-beauty.de\/ro\/bdr-medical-beauty-concept\/rezolvarea-problemelor\/#breadcrumb","itemListElement":[{"@type":"ListItem","position":1,"name":"Startseite","item":"https:\/\/bdr-beauty.de\/ro\/"},{"@type":"ListItem","position":2,"name":"bdr\u00ae The Medical Beauty Concept Startseite RO","item":"https:\/\/bdr-beauty.de\/ro\/"},{"@type":"ListItem","position":3,"name":"Probleml\u00f6ser RO"}]},{"@type":"WebSite","@id":"https:\/\/bdr-beauty.de\/ro\/#website","url":"https:\/\/bdr-beauty.de\/ro\/","name":"bdr medical beauty","description":"Luxury meets Skincare","potentialAction":[{"@type":"SearchAction","target":{"@type":"EntryPoint","urlTemplate":"https:\/\/bdr-beauty.de\/ro\/?s={search_term_string}"},"query-input":{"@type":"PropertyValueSpecification","valueRequired":true,"valueName":"search_term_string"}}],"inLanguage":"ro-RO"}]}},"_links":{"self":[{"href":"https:\/\/bdr-beauty.de\/ro\/wp-json\/wp\/v2\/pages\/127024","targetHints":{"allow":["GET"]}}],"collection":[{"href":"https:\/\/bdr-beauty.de\/ro\/wp-json\/wp\/v2\/pages"}],"about":[{"href":"https:\/\/bdr-beauty.de\/ro\/wp-json\/wp\/v2\/types\/page"}],"author":[{"embeddable":true,"href":"https:\/\/bdr-beauty.de\/ro\/wp-json\/wp\/v2\/users\/3"}],"replies":[{"embeddable":true,"href":"https:\/\/bdr-beauty.de\/ro\/wp-json\/wp\/v2\/comments?post=127024"}],"version-history":[{"count":2,"href":"https:\/\/bdr-beauty.de\/ro\/wp-json\/wp\/v2\/pages\/127024\/revisions"}],"predecessor-version":[{"id":127036,"href":"https:\/\/bdr-beauty.de\/ro\/wp-json\/wp\/v2\/pages\/127024\/revisions\/127036"}],"up":[{"embeddable":true,"href":"https:\/\/bdr-beauty.de\/ro\/wp-json\/wp\/v2\/pages\/126027"}],"wp:attachment":[{"href":"https:\/\/bdr-beauty.de\/ro\/wp-json\/wp\/v2\/media?parent=127024"}],"curies":[{"name":"wp","href":"https:\/\/api.w.org\/{rel}","templated":true}]}}