{"id":127129,"date":"2025-09-01T12:12:23","date_gmt":"2025-09-01T10:12:23","guid":{"rendered":"https:\/\/bdr-beauty.de\/?page_id=127129"},"modified":"2025-09-01T12:13:29","modified_gmt":"2025-09-01T10:13:29","slug":"amprenta-legala","status":"publish","type":"page","link":"https:\/\/bdr-beauty.de\/ro\/bdr-medical-beauty-concept\/amprenta-legala\/","title":{"rendered":"Impressum RO"},"content":{"rendered":"<div class=\"wpb-content-wrapper\"><p>[vc_row][vc_column column_width_percent=&#8221;100&#8243; gutter_size=&#8221;5&#8243; overlay_alpha=&#8221;50&#8243; shift_x=&#8221;0&#8243; shift_y=&#8221;0&#8243; shift_y_down=&#8221;0&#8243; z_index=&#8221;0&#8243; medium_width=&#8221;0&#8243; mobile_width=&#8221;0&#8243; width=&#8221;1\/2&#8243;][vc_column_text uncode_shortcode_id=&#8221;124501&#8243;]<\/p>\n<h1><strong>Impressum<\/strong><\/h1>\n<p>Goldeneye Permanent System GmbH<\/p>\n<p>Mittelwegring 31<\/p>\n<p>D \u2013 76751 Jockgrim<\/p>\n<p>Tel: +49 (0)7271 \/ 98 999-10<\/p>\n<p>Fax: +49 (0)7271 \/ 98 999-11<\/p>\n<p>E-mail: info@goldeneye.de<\/p>\n<p>Web: www.goldeneye.de<\/p>\n<p>Director general \u00eemputernicit: Ren\u00e9 La Fontaine<\/p>\n<p>Tribunalul de \u00eenregistrare Landau<\/p>\n<p>HRB 30835<\/p>\n<p>Num\u0103r de identificare fiscal\u0103: DE200335303[\/vc_column_text][\/vc_column][vc_column column_width_percent=&#8221;100&#8243; gutter_size=&#8221;5&#8243; overlay_alpha=&#8221;50&#8243; shift_x=&#8221;0&#8243; shift_y=&#8221;0&#8243; shift_y_down=&#8221;0&#8243; z_index=&#8221;0&#8243; medium_width=&#8221;0&#8243; mobile_width=&#8221;0&#8243; width=&#8221;1\/2&#8243;][vc_column_text uncode_shortcode_id=&#8221;744989&#8243;]<\/p>\n<h2>Declara\u021bie de exonerare de r\u0103spundere<\/h2>\n<p>Sursa: eRecht24.de \u2013 Dreptul internetului de avocatul S\u00f6ren Siebert<\/p>\n<p>Con\u021binutul paginilor noastre a fost creat cu cea mai mare aten\u021bie. Cu toate acestea, nu putem garanta corectitudinea, exhaustivitatea \u0219i actualitatea con\u021binutului. \u00cen calitate de furnizor de servicii, suntem responsabili pentru con\u021binutul propriu al acestor pagini \u00een conformitate cu legile generale, conform \u00a7 7 alineatul 1 TMG. Conform \u00a7\u00a7 8-10 TMG, \u00een calitate de furnizor de servicii, nu suntem obliga\u021bi s\u0103 monitoriz\u0103m informa\u021biile transmise sau stocate de ter\u021bi sau s\u0103 investig\u0103m circumstan\u021bele care indic\u0103 o activitate ilegal\u0103. Obliga\u021biile de a elimina sau bloca utilizarea informa\u021biilor \u00een conformitate cu legile generale r\u0103m\u00e2n neafectate de aceasta. Cu toate acestea, r\u0103spunderea \u00een acest sens este posibil\u0103 numai din momentul \u00een care se ia cuno\u0219tin\u021b\u0103 de o \u00eenc\u0103lcare concret\u0103 a legii. \u00cen cazul \u00een care se constat\u0103 astfel de \u00eenc\u0103lc\u0103ri ale legii, vom elimina imediat aceste con\u021binuturi.<\/p>\n<h2>R\u0103spunderea pentru linkuri<\/h2>\n<p>Oferta noastr\u0103 con\u021bine linkuri c\u0103tre site-uri web externe ale ter\u021bilor, asupra con\u021binutului c\u0103rora nu avem nicio influen\u021b\u0103. Prin urmare, nu putem asuma nicio r\u0103spundere pentru aceste con\u021binuturi externe. Responsabilitatea pentru con\u021binutul paginilor legate revine \u00eentotdeauna furnizorului sau operatorului respectiv al paginilor. Paginile legate au fost verificate la momentul cre\u0103rii link-ului pentru a detecta eventuale \u00eenc\u0103lc\u0103ri ale legii. La momentul cre\u0103rii link-ului, nu s-au constatat con\u021binuturi ilegale. Cu toate acestea, nu se poate pretinde un control permanent al con\u021binutului paginilor legate f\u0103r\u0103 indicii concrete privind o \u00eenc\u0103lcare a legii. \u00cen cazul \u00een care vom lua cuno\u0219tin\u021b\u0103 de \u00eenc\u0103lc\u0103ri ale legii, vom elimina imediat astfel de linkuri.<\/p>\n<h2>Drepturi de autor<\/h2>\n<p>Con\u021binutul \u0219i lucr\u0103rile create de operatorii paginelor pe aceste pagini sunt supuse drepturilor de autor germane. Reproducerea, prelucrarea, distribuirea \u0219i orice tip de utilizare \u00een afara limitelor drepturilor de autor necesit\u0103 acordul scris al autorului sau creatorului respectiv. Desc\u0103rc\u0103rile \u0219i copiile acestei pagini sunt permise numai pentru uz privat, necomercial. \u00cen m\u0103sura \u00een care con\u021binutul acestei pagini nu a fost creat de operator, drepturile de autor ale ter\u021bilor sunt respectate. \u00cen special, con\u021binutul ter\u021bilor este marcat ca atare. Dac\u0103 totu\u0219i observa\u021bi o \u00eenc\u0103lcare a drepturilor de autor, v\u0103 rug\u0103m s\u0103 ne informa\u021bi \u00een acest sens. \u00cen cazul \u00een care lu\u0103m cuno\u0219tin\u021b\u0103 de \u00eenc\u0103lc\u0103ri ale drepturilor legale, vom elimina imediat astfel de con\u021binut.[\/vc_column_text][\/vc_column][\/vc_row]<\/p>\n<\/div>","protected":false},"excerpt":{"rendered":"<p>[vc_row][vc_column column_width_percent=&#8221;100&#8243; gutter_size=&#8221;5&#8243; overlay_alpha=&#8221;50&#8243; shift_x=&#8221;0&#8243; shift_y=&#8221;0&#8243; shift_y_down=&#8221;0&#8243; z_index=&#8221;0&#8243; medium_width=&#8221;0&#8243; mobile_width=&#8221;0&#8243; width=&#8221;1\/2&#8243;][vc_column_text uncode_shortcode_id=&#8221;124501&#8243;] Impressum Goldeneye Permanent System GmbH Mittelwegring 31 D [&hellip;]<\/p>\n","protected":false},"author":3,"featured_media":0,"parent":126027,"menu_order":0,"comment_status":"closed","ping_status":"open","template":"","meta":{"footnotes":""},"class_list":["post-127129","page","type-page","status-publish","hentry"],"yoast_head":"<!-- This site is optimized with the Yoast SEO plugin v24.6 - https:\/\/yoast.com\/wordpress\/plugins\/seo\/ -->\n<title>Amprenta legal\u0103<\/title>\n<meta name=\"robots\" content=\"index, follow, max-snippet:-1, max-image-preview:large, max-video-preview:-1\" \/>\n<link rel=\"canonical\" href=\"https:\/\/bdr-beauty.de\/ro\/bdr-medical-beauty-concept\/amprenta-legala\/\" \/>\n<meta property=\"og:locale\" content=\"ro_RO\" \/>\n<meta property=\"og:type\" content=\"article\" \/>\n<meta property=\"og:title\" content=\"Amprenta legal\u0103\" \/>\n<meta property=\"og:description\" content=\"[vc_row][vc_column column_width_percent=&#8221;100&#8243; gutter_size=&#8221;5&#8243; overlay_alpha=&#8221;50&#8243; shift_x=&#8221;0&#8243; shift_y=&#8221;0&#8243; shift_y_down=&#8221;0&#8243; z_index=&#8221;0&#8243; medium_width=&#8221;0&#8243; mobile_width=&#8221;0&#8243; width=&#8221;1\/2&#8243;][vc_column_text uncode_shortcode_id=&#8221;124501&#8243;] Impressum Goldeneye Permanent System GmbH Mittelwegring 31 D [&hellip;]\" \/>\n<meta property=\"og:url\" content=\"https:\/\/bdr-beauty.de\/ro\/bdr-medical-beauty-concept\/amprenta-legala\/\" \/>\n<meta property=\"og:site_name\" content=\"bdr medical beauty\" \/>\n<meta property=\"article:modified_time\" content=\"2025-09-01T10:13:29+00:00\" \/>\n<meta name=\"twitter:card\" content=\"summary_large_image\" \/>\n<meta name=\"twitter:label1\" content=\"Timp estimat pentru citire\" \/>\n\t<meta name=\"twitter:data1\" content=\"3 minute\" \/>\n<script type=\"application\/ld+json\" class=\"yoast-schema-graph\">{\"@context\":\"https:\/\/schema.org\",\"@graph\":[{\"@type\":\"WebPage\",\"@id\":\"https:\/\/bdr-beauty.de\/ro\/bdr-medical-beauty-concept\/amprenta-legala\/\",\"url\":\"https:\/\/bdr-beauty.de\/ro\/bdr-medical-beauty-concept\/amprenta-legala\/\",\"name\":\"Amprenta legal\u0103\",\"isPartOf\":{\"@id\":\"https:\/\/bdr-beauty.de\/ro\/#website\"},\"datePublished\":\"2025-09-01T10:12:23+00:00\",\"dateModified\":\"2025-09-01T10:13:29+00:00\",\"breadcrumb\":{\"@id\":\"https:\/\/bdr-beauty.de\/ro\/bdr-medical-beauty-concept\/amprenta-legala\/#breadcrumb\"},\"inLanguage\":\"ro-RO\",\"potentialAction\":[{\"@type\":\"ReadAction\",\"target\":[\"https:\/\/bdr-beauty.de\/ro\/bdr-medical-beauty-concept\/amprenta-legala\/\"]}]},{\"@type\":\"BreadcrumbList\",\"@id\":\"https:\/\/bdr-beauty.de\/ro\/bdr-medical-beauty-concept\/amprenta-legala\/#breadcrumb\",\"itemListElement\":[{\"@type\":\"ListItem\",\"position\":1,\"name\":\"Startseite\",\"item\":\"https:\/\/bdr-beauty.de\/ro\/\"},{\"@type\":\"ListItem\",\"position\":2,\"name\":\"bdr\u00ae The Medical Beauty Concept Startseite RO\",\"item\":\"https:\/\/bdr-beauty.de\/ro\/\"},{\"@type\":\"ListItem\",\"position\":3,\"name\":\"Impressum RO\"}]},{\"@type\":\"WebSite\",\"@id\":\"https:\/\/bdr-beauty.de\/ro\/#website\",\"url\":\"https:\/\/bdr-beauty.de\/ro\/\",\"name\":\"bdr medical beauty\",\"description\":\"Luxury meets Skincare\",\"potentialAction\":[{\"@type\":\"SearchAction\",\"target\":{\"@type\":\"EntryPoint\",\"urlTemplate\":\"https:\/\/bdr-beauty.de\/ro\/?s={search_term_string}\"},\"query-input\":{\"@type\":\"PropertyValueSpecification\",\"valueRequired\":true,\"valueName\":\"search_term_string\"}}],\"inLanguage\":\"ro-RO\"}]}<\/script>\n<!-- \/ Yoast SEO plugin. -->","yoast_head_json":{"title":"Amprenta legal\u0103","robots":{"index":"index","follow":"follow","max-snippet":"max-snippet:-1","max-image-preview":"max-image-preview:large","max-video-preview":"max-video-preview:-1"},"canonical":"https:\/\/bdr-beauty.de\/ro\/bdr-medical-beauty-concept\/amprenta-legala\/","og_locale":"ro_RO","og_type":"article","og_title":"Amprenta legal\u0103","og_description":"[vc_row][vc_column column_width_percent=&#8221;100&#8243; gutter_size=&#8221;5&#8243; overlay_alpha=&#8221;50&#8243; shift_x=&#8221;0&#8243; shift_y=&#8221;0&#8243; shift_y_down=&#8221;0&#8243; z_index=&#8221;0&#8243; medium_width=&#8221;0&#8243; mobile_width=&#8221;0&#8243; width=&#8221;1\/2&#8243;][vc_column_text uncode_shortcode_id=&#8221;124501&#8243;] Impressum Goldeneye Permanent System GmbH Mittelwegring 31 D [&hellip;]","og_url":"https:\/\/bdr-beauty.de\/ro\/bdr-medical-beauty-concept\/amprenta-legala\/","og_site_name":"bdr medical beauty","article_modified_time":"2025-09-01T10:13:29+00:00","twitter_card":"summary_large_image","twitter_misc":{"Timp estimat pentru citire":"3 minute"},"schema":{"@context":"https:\/\/schema.org","@graph":[{"@type":"WebPage","@id":"https:\/\/bdr-beauty.de\/ro\/bdr-medical-beauty-concept\/amprenta-legala\/","url":"https:\/\/bdr-beauty.de\/ro\/bdr-medical-beauty-concept\/amprenta-legala\/","name":"Amprenta legal\u0103","isPartOf":{"@id":"https:\/\/bdr-beauty.de\/ro\/#website"},"datePublished":"2025-09-01T10:12:23+00:00","dateModified":"2025-09-01T10:13:29+00:00","breadcrumb":{"@id":"https:\/\/bdr-beauty.de\/ro\/bdr-medical-beauty-concept\/amprenta-legala\/#breadcrumb"},"inLanguage":"ro-RO","potentialAction":[{"@type":"ReadAction","target":["https:\/\/bdr-beauty.de\/ro\/bdr-medical-beauty-concept\/amprenta-legala\/"]}]},{"@type":"BreadcrumbList","@id":"https:\/\/bdr-beauty.de\/ro\/bdr-medical-beauty-concept\/amprenta-legala\/#breadcrumb","itemListElement":[{"@type":"ListItem","position":1,"name":"Startseite","item":"https:\/\/bdr-beauty.de\/ro\/"},{"@type":"ListItem","position":2,"name":"bdr\u00ae The Medical Beauty Concept Startseite RO","item":"https:\/\/bdr-beauty.de\/ro\/"},{"@type":"ListItem","position":3,"name":"Impressum RO"}]},{"@type":"WebSite","@id":"https:\/\/bdr-beauty.de\/ro\/#website","url":"https:\/\/bdr-beauty.de\/ro\/","name":"bdr medical beauty","description":"Luxury meets Skincare","potentialAction":[{"@type":"SearchAction","target":{"@type":"EntryPoint","urlTemplate":"https:\/\/bdr-beauty.de\/ro\/?s={search_term_string}"},"query-input":{"@type":"PropertyValueSpecification","valueRequired":true,"valueName":"search_term_string"}}],"inLanguage":"ro-RO"}]}},"_links":{"self":[{"href":"https:\/\/bdr-beauty.de\/ro\/wp-json\/wp\/v2\/pages\/127129","targetHints":{"allow":["GET"]}}],"collection":[{"href":"https:\/\/bdr-beauty.de\/ro\/wp-json\/wp\/v2\/pages"}],"about":[{"href":"https:\/\/bdr-beauty.de\/ro\/wp-json\/wp\/v2\/types\/page"}],"author":[{"embeddable":true,"href":"https:\/\/bdr-beauty.de\/ro\/wp-json\/wp\/v2\/users\/3"}],"replies":[{"embeddable":true,"href":"https:\/\/bdr-beauty.de\/ro\/wp-json\/wp\/v2\/comments?post=127129"}],"version-history":[{"count":1,"href":"https:\/\/bdr-beauty.de\/ro\/wp-json\/wp\/v2\/pages\/127129\/revisions"}],"predecessor-version":[{"id":127133,"href":"https:\/\/bdr-beauty.de\/ro\/wp-json\/wp\/v2\/pages\/127129\/revisions\/127133"}],"up":[{"embeddable":true,"href":"https:\/\/bdr-beauty.de\/ro\/wp-json\/wp\/v2\/pages\/126027"}],"wp:attachment":[{"href":"https:\/\/bdr-beauty.de\/ro\/wp-json\/wp\/v2\/media?parent=127129"}],"curies":[{"name":"wp","href":"https:\/\/api.w.org\/{rel}","templated":true}]}}