{"id":127310,"date":"2025-09-04T10:04:57","date_gmt":"2025-09-04T08:04:57","guid":{"rendered":"https:\/\/bdr-beauty.de\/?page_id=127310"},"modified":"2025-09-04T10:07:52","modified_gmt":"2025-09-04T08:07:52","slug":"diamond-stick-ro","status":"publish","type":"page","link":"https:\/\/bdr-beauty.de\/ro\/bdr-medical-beauty-concept\/diamond-stick-ro\/","title":{"rendered":"Diamond Stick RO"},"content":{"rendered":"<div class=\"wpb-content-wrapper\"><p>[vc_row row_height_percent=&#8221;0&#8243; override_padding=&#8221;yes&#8221; h_padding=&#8221;3&#8243; top_padding=&#8221;3&#8243; bottom_padding=&#8221;3&#8243; back_color=&#8221;color-lxmt&#8221; overlay_alpha=&#8221;50&#8243; gutter_size=&#8221;3&#8243; column_width_percent=&#8221;100&#8243; shift_y=&#8221;0&#8243; z_index=&#8221;0&#8243; row_name=&#8221;The Medical Beauty Concept&#8221;][vc_column width=&#8221;1\/1&#8243;][vc_row_inner row_inner_height_percent=&#8221;0&#8243; overlay_alpha=&#8221;50&#8243; gutter_size=&#8221;4&#8243; shift_y=&#8221;0&#8243; z_index=&#8221;0&#8243; limit_content=&#8221;&#8221;][vc_column_inner column_width_percent=&#8221;100&#8243; gutter_size=&#8221;3&#8243; overlay_alpha=&#8221;50&#8243; shift_x=&#8221;0&#8243; shift_y=&#8221;0&#8243; shift_y_down=&#8221;0&#8243; z_index=&#8221;0&#8243; medium_width=&#8221;0&#8243; mobile_width=&#8221;0&#8243; width=&#8221;1\/1&#8243;][vc_custom_heading text_size=&#8221;fontsize-155944&#8243; text_weight=&#8221;300&#8243;]The Medical Beauty Concept[\/vc_custom_heading][vc_custom_heading text_size=&#8221;h4&#8243; text_weight=&#8221;300&#8243; text_height=&#8221;fontheight-357766&#8243; uncode_shortcode_id=&#8221;840253&#8243;]Stickul are o t\u0103ietur\u0103 patentat\u0103 cu garan\u021bie pe via\u021b\u0103 \u0219i pentru o dermabraziune bl\u00e2nd\u0103 \u0219i eficient\u0103, cu efect imediat. \u00cen combina\u021bie cu produsele de cur\u0103\u021bare \u0219i \u00eengrijire bdr , starea pielii poate fi \u00eembun\u0103t\u0103\u021bit\u0103 semnificativ. Ob\u021bine\u021bi rezultate remarcabile ale tratamentului, de ex. pentru denivel\u0103ri, pori mari, cicatrici mici, pete, hiperpigmentare sau cearc\u0103ne sub ochi.<\/p>\n<p>Stickul este destinat utiliz\u0103rii multiple la domiciliu &#8211; pentru o singur\u0103 persoan\u0103 la un moment dat, desigur.[\/vc_custom_heading][\/vc_column_inner][\/vc_row_inner][\/vc_column][\/vc_row][vc_row row_height_percent=&#8221;0&#8243; override_padding=&#8221;yes&#8221; h_padding=&#8221;2&#8243; top_padding=&#8221;0&#8243; bottom_padding=&#8221;0&#8243; overlay_alpha=&#8221;50&#8243; gutter_size=&#8221;3&#8243; column_width_percent=&#8221;100&#8243; shift_y=&#8221;0&#8243; z_index=&#8221;0&#8243; row_name=&#8221;Diamond Stick&#8221;][vc_column column_width_percent=&#8221;100&#8243; gutter_size=&#8221;3&#8243; override_padding=&#8221;yes&#8221; column_padding=&#8221;2&#8243; overlay_alpha=&#8221;50&#8243; shift_x=&#8221;0&#8243; shift_y=&#8221;0&#8243; shift_y_down=&#8221;0&#8243; z_index=&#8221;0&#8243; medium_width=&#8221;0&#8243; mobile_width=&#8221;0&#8243; width=&#8221;1\/1&#8243;][vc_row_inner row_inner_height_percent=&#8221;0&#8243; back_color=&#8221;color-lxmt&#8221; overlay_alpha=&#8221;50&#8243; equal_height=&#8221;yes&#8221; gutter_size=&#8221;0&#8243; shift_y=&#8221;0&#8243; z_index=&#8221;0&#8243; limit_content=&#8221;&#8221;][vc_column_inner column_width_percent=&#8221;100&#8243; position_vertical=&#8221;middle&#8221; align_horizontal=&#8221;align_center&#8221; gutter_size=&#8221;3&#8243; overlay_alpha=&#8221;50&#8243; shift_x=&#8221;0&#8243; shift_y=&#8221;0&#8243; shift_y_down=&#8221;0&#8243; z_index=&#8221;0&#8243; medium_width=&#8221;0&#8243; mobile_width=&#8221;0&#8243; width=&#8221;1\/2&#8243;][vc_single_image media=&#8221;83746&#8243; media_lightbox=&#8221;yes&#8221; media_width_percent=&#8221;100&#8243; alignment=&#8221;center&#8221; css_animation=&#8221;zoom-in&#8221; lbox_skin=&#8221;white&#8221;][\/vc_column_inner][vc_column_inner column_width_percent=&#8221;100&#8243; position_vertical=&#8221;middle&#8221; gutter_size=&#8221;3&#8243; override_padding=&#8221;yes&#8221; column_padding=&#8221;3&#8243; back_color=&#8221;color-lxmt&#8221; overlay_alpha=&#8221;50&#8243; shift_x=&#8221;0&#8243; shift_y=&#8221;0&#8243; shift_y_down=&#8221;0&#8243; z_index=&#8221;0&#8243; medium_width=&#8221;0&#8243; mobile_width=&#8221;0&#8243; width=&#8221;1\/2&#8243;][vc_custom_heading text_size=&#8221;fontsize-155944&#8243; text_weight=&#8221;300&#8243; separator_color=&#8221;yes&#8221; separator=&#8221;under&#8221; sub_reduced=&#8221;yes&#8221; subheading=&#8221;Dermabraziune la domiciliu&#8221; uncode_shortcode_id=&#8221;989494&#8243;]Diamond Stick[\/vc_custom_heading][vc_column_text uncode_shortcode_id=&#8221;455834&#8243;]DIAMOND STICK este completarea perfect\u0103 a ritualului de \u00eengrijire bdr\u00ae\u00a0 la domiciliu. Stickul are o t\u0103ietur\u0103 patentat\u0103 cu o garan\u021bie pe via\u021b\u0103 \u0219i pentru o dermabraziune bl\u00e2nd\u0103 \u0219i eficient\u0103, cu efect imediat. Stickul este destinat utiliz\u0103rii multiple la domiciliu &#8211; pentru o singur\u0103 persoan\u0103 la un moment dat, desigur. Stickul Diamond este potrivit pentru toate tipurile de piele.<\/p>\n<p><strong>Se recomand\u0103 utilizarea <\/strong>o dat\u0103 pe s\u0103pt\u0103m\u00e2n\u0103 pe fa\u021b\u0103, g\u00e2t \u0219i decolteu.<\/p>\n<p><strong>Aplicare <\/strong>Cur\u0103\u021ba\u021bi pielea cu bdr\u00ae Re-move sau Re-move PH &#8211; nu cl\u0103ti\u021bi! Glisa\u021bi Diamond Stick cu mi\u0219c\u0103ri circulare pe pielea umed\u0103 \u0219i s\u0103n\u0103toas\u0103. Apoi cl\u0103ti\u021bi bine \u0219i aplica\u021bi produsele de \u00eengrijire bdr\u00ae.<br \/>\nBdr\u00ae\u00a0 Diamondstick \u00een combina\u021bie cu produsele de cur\u0103\u021bare \u0219i \u00eengrijire bdr\u00ae poate \u00eembun\u0103t\u0103\u021bi semnificativ aspectul pielii dumneavoastr\u0103. Utiliza\u021bi-l pentru<\/p>\n<ul>\n<li>Boli<\/li>\n<li>impurit\u0103\u021bi<\/li>\n<li>pori dilata\u021bi<\/li>\n<li>hiperpigmentare<\/li>\n<li>cicatrici mici<\/li>\n<li>farduri de ochi<\/li>\n<\/ul>\n<p>[\/vc_column_text][\/vc_column_inner][\/vc_row_inner][\/vc_column][\/vc_row]<\/p>\n<\/div>","protected":false},"excerpt":{"rendered":"<p>[vc_row row_height_percent=&#8221;0&#8243; override_padding=&#8221;yes&#8221; h_padding=&#8221;3&#8243; top_padding=&#8221;3&#8243; bottom_padding=&#8221;3&#8243; back_color=&#8221;color-lxmt&#8221; overlay_alpha=&#8221;50&#8243; gutter_size=&#8221;3&#8243; column_width_percent=&#8221;100&#8243; shift_y=&#8221;0&#8243; z_index=&#8221;0&#8243; row_name=&#8221;The Medical Beauty Concept&#8221;][vc_column width=&#8221;1\/1&#8243;][vc_row_inner row_inner_height_percent=&#8221;0&#8243; overlay_alpha=&#8221;50&#8243; gutter_size=&#8221;4&#8243; [&hellip;]<\/p>\n","protected":false},"author":3,"featured_media":0,"parent":126027,"menu_order":7,"comment_status":"closed","ping_status":"closed","template":"","meta":{"footnotes":""},"class_list":["post-127310","page","type-page","status-publish","hentry"],"yoast_head":"<!-- This site is optimized with the Yoast SEO plugin v24.6 - https:\/\/yoast.com\/wordpress\/plugins\/seo\/ -->\n<title>bdr\u00ae Diamond Stick<\/title>\n<meta name=\"description\" content=\"Diamond Stick \u2013 dermabraziune delicat\u0103 pentru acas\u0103. \u00cembun\u0103t\u0103\u021be\u0219te vizibil structura pielii, porii, petele pigmentare \u0219i cicatricile.\" \/>\n<meta name=\"robots\" content=\"index, follow, max-snippet:-1, max-image-preview:large, max-video-preview:-1\" \/>\n<link rel=\"canonical\" href=\"https:\/\/bdr-beauty.de\/ro\/bdr-medical-beauty-concept\/diamond-stick-ro\/\" \/>\n<meta property=\"og:locale\" content=\"ro_RO\" \/>\n<meta property=\"og:type\" content=\"article\" \/>\n<meta property=\"og:title\" content=\"bdr\u00ae Diamond Stick\" \/>\n<meta property=\"og:description\" content=\"Diamond Stick \u2013 dermabraziune delicat\u0103 pentru acas\u0103. \u00cembun\u0103t\u0103\u021be\u0219te vizibil structura pielii, porii, petele pigmentare \u0219i cicatricile.\" \/>\n<meta property=\"og:url\" content=\"https:\/\/bdr-beauty.de\/ro\/bdr-medical-beauty-concept\/diamond-stick-ro\/\" \/>\n<meta property=\"og:site_name\" content=\"bdr medical beauty\" \/>\n<meta property=\"article:modified_time\" content=\"2025-09-04T08:07:52+00:00\" \/>\n<meta name=\"twitter:card\" content=\"summary_large_image\" \/>\n<meta name=\"twitter:label1\" content=\"Timp estimat pentru citire\" \/>\n\t<meta name=\"twitter:data1\" content=\"2 minute\" \/>\n<script type=\"application\/ld+json\" class=\"yoast-schema-graph\">{\"@context\":\"https:\/\/schema.org\",\"@graph\":[{\"@type\":\"WebPage\",\"@id\":\"https:\/\/bdr-beauty.de\/ro\/bdr-medical-beauty-concept\/diamond-stick-ro\/\",\"url\":\"https:\/\/bdr-beauty.de\/ro\/bdr-medical-beauty-concept\/diamond-stick-ro\/\",\"name\":\"bdr\u00ae Diamond Stick\",\"isPartOf\":{\"@id\":\"https:\/\/bdr-beauty.de\/ro\/#website\"},\"datePublished\":\"2025-09-04T08:04:57+00:00\",\"dateModified\":\"2025-09-04T08:07:52+00:00\",\"description\":\"Diamond Stick \u2013 dermabraziune delicat\u0103 pentru acas\u0103. \u00cembun\u0103t\u0103\u021be\u0219te vizibil structura pielii, porii, petele pigmentare \u0219i cicatricile.\",\"breadcrumb\":{\"@id\":\"https:\/\/bdr-beauty.de\/ro\/bdr-medical-beauty-concept\/diamond-stick-ro\/#breadcrumb\"},\"inLanguage\":\"ro-RO\",\"potentialAction\":[{\"@type\":\"ReadAction\",\"target\":[\"https:\/\/bdr-beauty.de\/ro\/bdr-medical-beauty-concept\/diamond-stick-ro\/\"]}]},{\"@type\":\"BreadcrumbList\",\"@id\":\"https:\/\/bdr-beauty.de\/ro\/bdr-medical-beauty-concept\/diamond-stick-ro\/#breadcrumb\",\"itemListElement\":[{\"@type\":\"ListItem\",\"position\":1,\"name\":\"Startseite\",\"item\":\"https:\/\/bdr-beauty.de\/ro\/\"},{\"@type\":\"ListItem\",\"position\":2,\"name\":\"bdr\u00ae The Medical Beauty Concept Startseite RO\",\"item\":\"https:\/\/bdr-beauty.de\/ro\/\"},{\"@type\":\"ListItem\",\"position\":3,\"name\":\"Diamond Stick RO\"}]},{\"@type\":\"WebSite\",\"@id\":\"https:\/\/bdr-beauty.de\/ro\/#website\",\"url\":\"https:\/\/bdr-beauty.de\/ro\/\",\"name\":\"bdr medical beauty\",\"description\":\"Luxury meets Skincare\",\"potentialAction\":[{\"@type\":\"SearchAction\",\"target\":{\"@type\":\"EntryPoint\",\"urlTemplate\":\"https:\/\/bdr-beauty.de\/ro\/?s={search_term_string}\"},\"query-input\":{\"@type\":\"PropertyValueSpecification\",\"valueRequired\":true,\"valueName\":\"search_term_string\"}}],\"inLanguage\":\"ro-RO\"}]}<\/script>\n<!-- \/ Yoast SEO plugin. -->","yoast_head_json":{"title":"bdr\u00ae Diamond Stick","description":"Diamond Stick \u2013 dermabraziune delicat\u0103 pentru acas\u0103. \u00cembun\u0103t\u0103\u021be\u0219te vizibil structura pielii, porii, petele pigmentare \u0219i cicatricile.","robots":{"index":"index","follow":"follow","max-snippet":"max-snippet:-1","max-image-preview":"max-image-preview:large","max-video-preview":"max-video-preview:-1"},"canonical":"https:\/\/bdr-beauty.de\/ro\/bdr-medical-beauty-concept\/diamond-stick-ro\/","og_locale":"ro_RO","og_type":"article","og_title":"bdr\u00ae Diamond Stick","og_description":"Diamond Stick \u2013 dermabraziune delicat\u0103 pentru acas\u0103. \u00cembun\u0103t\u0103\u021be\u0219te vizibil structura pielii, porii, petele pigmentare \u0219i cicatricile.","og_url":"https:\/\/bdr-beauty.de\/ro\/bdr-medical-beauty-concept\/diamond-stick-ro\/","og_site_name":"bdr medical beauty","article_modified_time":"2025-09-04T08:07:52+00:00","twitter_card":"summary_large_image","twitter_misc":{"Timp estimat pentru citire":"2 minute"},"schema":{"@context":"https:\/\/schema.org","@graph":[{"@type":"WebPage","@id":"https:\/\/bdr-beauty.de\/ro\/bdr-medical-beauty-concept\/diamond-stick-ro\/","url":"https:\/\/bdr-beauty.de\/ro\/bdr-medical-beauty-concept\/diamond-stick-ro\/","name":"bdr\u00ae Diamond Stick","isPartOf":{"@id":"https:\/\/bdr-beauty.de\/ro\/#website"},"datePublished":"2025-09-04T08:04:57+00:00","dateModified":"2025-09-04T08:07:52+00:00","description":"Diamond Stick \u2013 dermabraziune delicat\u0103 pentru acas\u0103. \u00cembun\u0103t\u0103\u021be\u0219te vizibil structura pielii, porii, petele pigmentare \u0219i cicatricile.","breadcrumb":{"@id":"https:\/\/bdr-beauty.de\/ro\/bdr-medical-beauty-concept\/diamond-stick-ro\/#breadcrumb"},"inLanguage":"ro-RO","potentialAction":[{"@type":"ReadAction","target":["https:\/\/bdr-beauty.de\/ro\/bdr-medical-beauty-concept\/diamond-stick-ro\/"]}]},{"@type":"BreadcrumbList","@id":"https:\/\/bdr-beauty.de\/ro\/bdr-medical-beauty-concept\/diamond-stick-ro\/#breadcrumb","itemListElement":[{"@type":"ListItem","position":1,"name":"Startseite","item":"https:\/\/bdr-beauty.de\/ro\/"},{"@type":"ListItem","position":2,"name":"bdr\u00ae The Medical Beauty Concept Startseite RO","item":"https:\/\/bdr-beauty.de\/ro\/"},{"@type":"ListItem","position":3,"name":"Diamond Stick RO"}]},{"@type":"WebSite","@id":"https:\/\/bdr-beauty.de\/ro\/#website","url":"https:\/\/bdr-beauty.de\/ro\/","name":"bdr medical beauty","description":"Luxury meets Skincare","potentialAction":[{"@type":"SearchAction","target":{"@type":"EntryPoint","urlTemplate":"https:\/\/bdr-beauty.de\/ro\/?s={search_term_string}"},"query-input":{"@type":"PropertyValueSpecification","valueRequired":true,"valueName":"search_term_string"}}],"inLanguage":"ro-RO"}]}},"_links":{"self":[{"href":"https:\/\/bdr-beauty.de\/ro\/wp-json\/wp\/v2\/pages\/127310","targetHints":{"allow":["GET"]}}],"collection":[{"href":"https:\/\/bdr-beauty.de\/ro\/wp-json\/wp\/v2\/pages"}],"about":[{"href":"https:\/\/bdr-beauty.de\/ro\/wp-json\/wp\/v2\/types\/page"}],"author":[{"embeddable":true,"href":"https:\/\/bdr-beauty.de\/ro\/wp-json\/wp\/v2\/users\/3"}],"replies":[{"embeddable":true,"href":"https:\/\/bdr-beauty.de\/ro\/wp-json\/wp\/v2\/comments?post=127310"}],"version-history":[{"count":2,"href":"https:\/\/bdr-beauty.de\/ro\/wp-json\/wp\/v2\/pages\/127310\/revisions"}],"predecessor-version":[{"id":127315,"href":"https:\/\/bdr-beauty.de\/ro\/wp-json\/wp\/v2\/pages\/127310\/revisions\/127315"}],"up":[{"embeddable":true,"href":"https:\/\/bdr-beauty.de\/ro\/wp-json\/wp\/v2\/pages\/126027"}],"wp:attachment":[{"href":"https:\/\/bdr-beauty.de\/ro\/wp-json\/wp\/v2\/media?parent=127310"}],"curies":[{"name":"wp","href":"https:\/\/api.w.org\/{rel}","templated":true}]}}