{"id":127323,"date":"2025-09-04T10:27:08","date_gmt":"2025-09-04T08:27:08","guid":{"rendered":"https:\/\/bdr-beauty.de\/?page_id=127323"},"modified":"2025-09-04T10:32:22","modified_gmt":"2025-09-04T08:32:22","slug":"tratamente","status":"publish","type":"page","link":"https:\/\/bdr-beauty.de\/ro\/bdr-medical-beauty-concept\/tratamente\/","title":{"rendered":"Behandlungen RO"},"content":{"rendered":"<div class=\"wpb-content-wrapper\"><p>[vc_row row_height_percent=&#8221;0&#8243; override_padding=&#8221;yes&#8221; h_padding=&#8221;2&#8243; top_padding=&#8221;3&#8243; bottom_padding=&#8221;3&#8243; back_color=&#8221;color-lxmt&#8221; overlay_alpha=&#8221;50&#8243; gutter_size=&#8221;3&#8243; column_width_percent=&#8221;100&#8243; shift_y=&#8221;0&#8243; z_index=&#8221;0&#8243; row_name=&#8221;Behandlungen&#8221;][vc_column column_width_percent=&#8221;100&#8243; position_horizontal=&#8221;left&#8221; position_vertical=&#8221;middle&#8221; gutter_size=&#8221;3&#8243; overlay_alpha=&#8221;50&#8243; shift_x=&#8221;0&#8243; shift_y=&#8221;0&#8243; shift_y_down=&#8221;0&#8243; z_index=&#8221;0&#8243; medium_width=&#8221;0&#8243; mobile_width=&#8221;0&#8243; width=&#8221;1\/1&#8243;][vc_row_inner row_inner_height_percent=&#8221;0&#8243; overlay_alpha=&#8221;50&#8243; gutter_size=&#8221;4&#8243; shift_y=&#8221;0&#8243; z_index=&#8221;0&#8243;][vc_column_inner column_width_percent=&#8221;100&#8243; position_horizontal=&#8221;left&#8221; position_vertical=&#8221;middle&#8221; gutter_size=&#8221;2&#8243; overlay_alpha=&#8221;50&#8243; shift_x=&#8221;0&#8243; shift_y=&#8221;0&#8243; shift_y_down=&#8221;0&#8243; z_index=&#8221;0&#8243; medium_width=&#8221;0&#8243; mobile_width=&#8221;0&#8243; width=&#8221;5\/6&#8243;][vc_custom_heading text_size=&#8221;fontsize-155944&#8243; text_weight=&#8221;300&#8243;]The Medical Beauty Concept[\/vc_custom_heading][vc_custom_heading text_size=&#8221;h4&#8243; text_weight=&#8221;300&#8243; text_height=&#8221;fontheight-357766&#8243; uncode_shortcode_id=&#8221;562683&#8243;]P\u00e2n\u0103 acum, alte metode \u0219i produse au e\u0219uat deoarece nu au putut fi aplicate suficient de ad\u00e2nc \u00een straturile pielii, acolo unde este cu adev\u0103rat nevoie de ele pentru a ob\u021bine rezultate durabile \u0219i intensive \u00een \u00eengrijirea pielii. bdr\u00ae a reu\u0219it s\u0103 dep\u0103\u0219easc\u0103 aceast\u0103 barier\u0103. Laboratoarele bdr\u00ae au creat o serie complet nou\u0103 de produse dermaceutice biotehnologice.<\/p>\n<p>Tehnologia inovatoare a emulsiilor combin\u0103 cele mai valoroase ingrediente active naturale cu esen\u021be optimizate micromolecular. O echip\u0103 de speciali\u0219ti a dezvoltat o combina\u021bie de tehnologie modern\u0103, paramedical\u0103 a dispozitivelor \u0219i seruri dermaceutice cu ingrediente active care au transformat un vis \u00een realitate: \u00cemb\u0103tr\u00e2nirea reversiv\u0103 a pielii. Da\u021bi ceasul \u00eenapoi cu bdr\u00ae.<\/p>\n<p>L\u0103sa\u021bi institutul dumneavoastr\u0103 bdr\u00ae s\u0103 v\u0103 consilieze.[\/vc_custom_heading][\/vc_column_inner][vc_column_inner width=&#8221;1\/6&#8243;][\/vc_column_inner][\/vc_row_inner][\/vc_column][\/vc_row][vc_row row_height_percent=&#8221;0&#8243; override_padding=&#8221;yes&#8221; h_padding=&#8221;2&#8243; top_padding=&#8221;3&#8243; bottom_padding=&#8221;3&#8243; overlay_alpha=&#8221;50&#8243; gutter_size=&#8221;3&#8243; column_width_percent=&#8221;100&#8243; shift_y=&#8221;0&#8243; z_index=&#8221;0&#8243; row_name=&#8221;Behandlungs\u00fcbersicht&#8221;][vc_column width=&#8221;1\/1&#8243;][vc_custom_heading text_size=&#8221;fontsize-155944&#8243; text_weight=&#8221;300&#8243; uncode_shortcode_id=&#8221;528637&#8243;]prezentare general\u0103 a tratamentelor bdr[\/vc_custom_heading][\/vc_column][\/vc_row][vc_row row_height_percent=&#8221;0&#8243; override_padding=&#8221;yes&#8221; h_padding=&#8221;2&#8243; top_padding=&#8221;3&#8243; bottom_padding=&#8221;3&#8243; overlay_alpha=&#8221;50&#8243; gutter_size=&#8221;3&#8243; column_width_percent=&#8221;100&#8243; shift_y=&#8221;0&#8243; z_index=&#8221;0&#8243;][vc_column width=&#8221;1\/1&#8243;][vc_row_inner row_inner_height_percent=&#8221;0&#8243; overlay_alpha=&#8221;100&#8243; gutter_size=&#8221;4&#8243; shift_y=&#8221;0&#8243; z_index=&#8221;0&#8243;][vc_column_inner width=&#8221;1\/3&#8243;][vc_icon icon_image=&#8221;83133&#8243; heading_semantic=&#8221;h2&#8243; text_font=&#8221;font-762333&#8243; text_size=&#8221;h1&#8243; text_weight=&#8221;300&#8243; text_lead=&#8221;yes&#8221; title=&#8221;Fresh &amp; Glow&#8221;][\/vc_icon][vc_custom_heading heading_semantic=&#8221;h4&#8243; text_size=&#8221;h4&#8243; text_height=&#8221;fontheight-357766&#8243; uncode_shortcode_id=&#8221;145552&#8243;]Tratamentul de \u00eenceput ideal pentru rezultate perfecte ale pielii \u00een cel mai scurt timp posibil.[\/vc_custom_heading][\/vc_column_inner][vc_column_inner width=&#8221;1\/3&#8243;][vc_icon icon_image=&#8221;83134&#8243; heading_semantic=&#8221;h2&#8243; text_size=&#8221;h1&#8243; text_weight=&#8221;300&#8243; text_lead=&#8221;yes&#8221; title=&#8221;Bazic &amp; sensibil&#8221; uncode_shortcode_id=&#8221;127263&#8243;][\/vc_icon][vc_custom_heading heading_semantic=&#8221;h4&#8243; text_size=&#8221;h4&#8243; text_height=&#8221;fontheight-357766&#8243; uncode_shortcode_id=&#8221;905956&#8243;]Tratament special pentru pielea foarte sensibil\u0103, \u00eenro\u0219it\u0103, stresat\u0103 \u0219i predispus\u0103 la alergii.[\/vc_custom_heading][\/vc_column_inner][vc_column_inner width=&#8221;1\/3&#8243;][vc_icon icon_image=&#8221;83135&#8243; heading_semantic=&#8221;h2&#8243; text_size=&#8221;h1&#8243; text_weight=&#8221;300&#8243; text_lead=&#8221;yes&#8221; title=&#8221;Clar &amp; proasp\u0103t&#8221; uncode_shortcode_id=&#8221;189258&#8243;][\/vc_icon][vc_custom_heading heading_semantic=&#8221;h4&#8243; text_size=&#8221;h4&#8243; text_height=&#8221;fontheight-357766&#8243; uncode_shortcode_id=&#8221;107663&#8243;]Tratament special pentru tenul gras \u0219i cu probleme, predispus la imperfec\u021biuni, \u00een special.[\/vc_custom_heading][\/vc_column_inner][\/vc_row_inner][\/vc_column][\/vc_row][vc_row row_height_percent=&#8221;0&#8243; override_padding=&#8221;yes&#8221; h_padding=&#8221;2&#8243; top_padding=&#8221;2&#8243; bottom_padding=&#8221;3&#8243; overlay_alpha=&#8221;50&#8243; gutter_size=&#8221;3&#8243; column_width_percent=&#8221;100&#8243; shift_y=&#8221;0&#8243; z_index=&#8221;0&#8243;][vc_column width=&#8221;1\/1&#8243;][vc_row_inner row_inner_height_percent=&#8221;0&#8243; overlay_alpha=&#8221;100&#8243; gutter_size=&#8221;4&#8243; shift_y=&#8221;0&#8243; z_index=&#8221;0&#8243;][vc_column_inner width=&#8221;1\/3&#8243;][vc_icon icon_image=&#8221;83136&#8243; heading_semantic=&#8221;h2&#8243; text_size=&#8221;h1&#8243; text_weight=&#8221;300&#8243; text_lead=&#8221;yes&#8221; title=&#8221;Reparare celular\u0103&#8221; uncode_shortcode_id=&#8221;206947&#8243;][\/vc_icon][vc_custom_heading heading_semantic=&#8221;h4&#8243; text_size=&#8221;h4&#8243; text_height=&#8221;fontheight-357766&#8243; uncode_shortcode_id=&#8221;169967&#8243;]Datorit\u0103 combina\u021biei de ingrediente active energizante, acest tratament este ideal pentru refacerea \u0219i protejarea pielii. Pielea tern\u0103, obosit\u0103 \u0219i afectat\u0103 de soare este \u00eembun\u0103t\u0103\u021bit\u0103 \u0219i regenerat\u0103 \u00een mod vizibil \u0219i notabil.[\/vc_custom_heading][\/vc_column_inner][vc_column_inner width=&#8221;1\/3&#8243;][vc_icon icon_image=&#8221;83137&#8243; heading_semantic=&#8221;h2&#8243; text_size=&#8221;h1&#8243; text_weight=&#8221;300&#8243; text_lead=&#8221;yes&#8221; title=&#8221;Controlul v\u00e2rstei&#8221; uncode_shortcode_id=&#8221;435104&#8243;][\/vc_icon][vc_custom_heading heading_semantic=&#8221;h4&#8243; text_size=&#8221;h4&#8243; text_height=&#8221;fontheight-357766&#8243; uncode_shortcode_id=&#8221;684878&#8243;]Un tratament de experien\u021b\u0103 pentru pielea preten\u021bioas\u0103 care caut\u0103 o nou\u0103 tinere\u021be \u0219i pentru a o readuce \u00een form\u0103.[\/vc_custom_heading][\/vc_column_inner][vc_column_inner width=&#8221;1\/3&#8243;][vc_icon icon_image=&#8221;83138&#8243; heading_semantic=&#8221;h2&#8243; text_size=&#8221;h1&#8243; text_weight=&#8221;300&#8243; text_lead=&#8221;yes&#8221; title=&#8221;Concentrare special\u0103&#8221; uncode_shortcode_id=&#8221;280166&#8243;][\/vc_icon][vc_custom_heading heading_semantic=&#8221;h4&#8243; text_size=&#8221;h4&#8243; text_height=&#8221;fontheight-357766&#8243; uncode_shortcode_id=&#8221;512262&#8243;]Concentrare pe zonele individuale, stresate ale pielii, cum ar fi ochii, buzele, fruntea \u0219i g\u00e2tul. Aspectul cicatricilor este, de asemenea, \u00eembun\u0103t\u0103\u021bit.[\/vc_custom_heading][\/vc_column_inner][\/vc_row_inner][\/vc_column][\/vc_row][vc_row row_height_percent=&#8221;15&#8243; override_padding=&#8221;yes&#8221; h_padding=&#8221;2&#8243; top_padding=&#8221;3&#8243; bottom_padding=&#8221;3&#8243; back_image=&#8221;83311&#8243; overlay_alpha=&#8221;50&#8243; gutter_size=&#8221;3&#8243; column_width_percent=&#8221;100&#8243; shift_y=&#8221;0&#8243; z_index=&#8221;0&#8243;][vc_column width=&#8221;1\/1&#8243;][vc_row_inner][vc_column_inner width=&#8221;1\/2&#8243;][\/vc_column_inner][vc_column_inner column_width_percent=&#8221;100&#8243; align_horizontal=&#8221;align_center&#8221; gutter_size=&#8221;3&#8243; overlay_alpha=&#8221;50&#8243; shift_x=&#8221;0&#8243; shift_y=&#8221;0&#8243; shift_y_down=&#8221;0&#8243; z_index=&#8221;0&#8243; medium_width=&#8221;0&#8243; mobile_width=&#8221;0&#8243; width=&#8221;1\/2&#8243;][vc_custom_heading text_size=&#8221;fontsize-155944&#8243; text_weight=&#8221;300&#8243; uncode_shortcode_id=&#8221;558594&#8243;]conceptul de tratament bdr[\/vc_custom_heading][vc_custom_heading heading_semantic=&#8221;h4&#8243; text_size=&#8221;h4&#8243; text_height=&#8221;fontheight-357766&#8243; uncode_shortcode_id=&#8221;121807&#8243;]Dermaceuticele sunt mult mai mult dec\u00e2t cosmeticele. Toate tratamentele bdr\u00ae trateaz\u0103 diferite nevoi ale pielii.[\/vc_custom_heading][\/vc_column_inner][\/vc_row_inner][\/vc_column][\/vc_row][vc_row row_height_percent=&#8221;0&#8243; override_padding=&#8221;yes&#8221; h_padding=&#8221;2&#8243; top_padding=&#8221;3&#8243; bottom_padding=&#8221;3&#8243; overlay_alpha=&#8221;50&#8243; gutter_size=&#8221;3&#8243; column_width_percent=&#8221;100&#8243; shift_y=&#8221;0&#8243; z_index=&#8221;0&#8243; row_name=&#8221;bdr Institute&#8221;][vc_column width=&#8221;1\/4&#8243;][\/vc_column][vc_column column_width_percent=&#8221;100&#8243; align_horizontal=&#8221;align_center&#8221; gutter_size=&#8221;3&#8243; overlay_alpha=&#8221;50&#8243; shift_x=&#8221;0&#8243; shift_y=&#8221;0&#8243; shift_y_down=&#8221;0&#8243; z_index=&#8221;0&#8243; medium_width=&#8221;0&#8243; mobile_width=&#8221;0&#8243; width=&#8221;1\/2&#8243;][vc_icon icon_image=&#8221;83143&#8243; heading_semantic=&#8221;h2&#8243; text_size=&#8221;h1&#8243; text_weight=&#8221;300&#8243; text_lead=&#8221;yes&#8221; title=&#8221;G\u0103si\u021bi aici institutul bdr\u00ae din apropierea dumneavoastr\u0103&#8221; uncode_shortcode_id=&#8221;237303&#8243;]Consilierul dumneavoastr\u0103 pentru regenerare dermazeutic\u0103 v\u0103 st\u0103 la dispozi\u021bie pentru consultan\u021b\u0103.[\/vc_icon][vc_button button_color=&#8221;accent&#8221; radius=&#8221;btn-round&#8221; wide=&#8221;yes&#8221; hover_fx=&#8221;outlined&#8221; outline=&#8221;yes&#8221; border_width=&#8221;0&#8243; link=&#8221;url:https%3A%2F%2Fbdr-beauty.de%2Fro%2Fbdr-medical-beauty-concept%2Fstorefinder%2F|title:Storefinder|target:_blank&#8221; button_color_type=&#8221;uncode-palette&#8221; uncode_shortcode_id=&#8221;823977&#8243;]G\u0103si\u021bi un institut[\/vc_button][\/vc_column][vc_column width=&#8221;1\/4&#8243;][\/vc_column][\/vc_row]<\/p>\n<\/div>","protected":false},"excerpt":{"rendered":"<p>[vc_row row_height_percent=&#8221;0&#8243; override_padding=&#8221;yes&#8221; h_padding=&#8221;2&#8243; top_padding=&#8221;3&#8243; bottom_padding=&#8221;3&#8243; back_color=&#8221;color-lxmt&#8221; overlay_alpha=&#8221;50&#8243; gutter_size=&#8221;3&#8243; column_width_percent=&#8221;100&#8243; shift_y=&#8221;0&#8243; z_index=&#8221;0&#8243; row_name=&#8221;Behandlungen&#8221;][vc_column column_width_percent=&#8221;100&#8243; position_horizontal=&#8221;left&#8221; position_vertical=&#8221;middle&#8221; gutter_size=&#8221;3&#8243; overlay_alpha=&#8221;50&#8243; shift_x=&#8221;0&#8243; shift_y=&#8221;0&#8243; [&hellip;]<\/p>\n","protected":false},"author":3,"featured_media":0,"parent":126027,"menu_order":1,"comment_status":"closed","ping_status":"closed","template":"","meta":{"footnotes":""},"class_list":["post-127323","page","type-page","status-publish","hentry"],"yoast_head":"<!-- This site is optimized with the Yoast SEO plugin v24.6 - https:\/\/yoast.com\/wordpress\/plugins\/seo\/ -->\n<title>bdr\u00ae Tratamente<\/title>\n<meta name=\"description\" content=\"Experimenta\u021bi tratamente eficiente pentru piele cu bdr\u00ae: produse dermocosmetice inovatoare \u0219i concepte de \u00eengrijire personalizate.\" \/>\n<meta name=\"robots\" content=\"index, follow, max-snippet:-1, max-image-preview:large, max-video-preview:-1\" \/>\n<link rel=\"canonical\" href=\"https:\/\/bdr-beauty.de\/ro\/bdr-medical-beauty-concept\/tratamente\/\" \/>\n<meta property=\"og:locale\" content=\"ro_RO\" \/>\n<meta property=\"og:type\" content=\"article\" \/>\n<meta property=\"og:title\" content=\"bdr\u00ae Tratamente\" \/>\n<meta property=\"og:description\" content=\"Experimenta\u021bi tratamente eficiente pentru piele cu bdr\u00ae: produse dermocosmetice inovatoare \u0219i concepte de \u00eengrijire personalizate.\" \/>\n<meta property=\"og:url\" content=\"https:\/\/bdr-beauty.de\/ro\/bdr-medical-beauty-concept\/tratamente\/\" \/>\n<meta property=\"og:site_name\" content=\"bdr medical beauty\" \/>\n<meta property=\"article:modified_time\" content=\"2025-09-04T08:32:22+00:00\" \/>\n<meta name=\"twitter:card\" content=\"summary_large_image\" \/>\n<meta name=\"twitter:label1\" content=\"Timp estimat pentru citire\" \/>\n\t<meta name=\"twitter:data1\" content=\"3 minute\" \/>\n<script type=\"application\/ld+json\" class=\"yoast-schema-graph\">{\"@context\":\"https:\/\/schema.org\",\"@graph\":[{\"@type\":\"WebPage\",\"@id\":\"https:\/\/bdr-beauty.de\/ro\/bdr-medical-beauty-concept\/tratamente\/\",\"url\":\"https:\/\/bdr-beauty.de\/ro\/bdr-medical-beauty-concept\/tratamente\/\",\"name\":\"bdr\u00ae Tratamente\",\"isPartOf\":{\"@id\":\"https:\/\/bdr-beauty.de\/ro\/#website\"},\"datePublished\":\"2025-09-04T08:27:08+00:00\",\"dateModified\":\"2025-09-04T08:32:22+00:00\",\"description\":\"Experimenta\u021bi tratamente eficiente pentru piele cu bdr\u00ae: produse dermocosmetice inovatoare \u0219i concepte de \u00eengrijire personalizate.\",\"breadcrumb\":{\"@id\":\"https:\/\/bdr-beauty.de\/ro\/bdr-medical-beauty-concept\/tratamente\/#breadcrumb\"},\"inLanguage\":\"ro-RO\",\"potentialAction\":[{\"@type\":\"ReadAction\",\"target\":[\"https:\/\/bdr-beauty.de\/ro\/bdr-medical-beauty-concept\/tratamente\/\"]}]},{\"@type\":\"BreadcrumbList\",\"@id\":\"https:\/\/bdr-beauty.de\/ro\/bdr-medical-beauty-concept\/tratamente\/#breadcrumb\",\"itemListElement\":[{\"@type\":\"ListItem\",\"position\":1,\"name\":\"Startseite\",\"item\":\"https:\/\/bdr-beauty.de\/ro\/\"},{\"@type\":\"ListItem\",\"position\":2,\"name\":\"bdr\u00ae The Medical Beauty Concept Startseite RO\",\"item\":\"https:\/\/bdr-beauty.de\/ro\/\"},{\"@type\":\"ListItem\",\"position\":3,\"name\":\"Behandlungen RO\"}]},{\"@type\":\"WebSite\",\"@id\":\"https:\/\/bdr-beauty.de\/ro\/#website\",\"url\":\"https:\/\/bdr-beauty.de\/ro\/\",\"name\":\"bdr medical beauty\",\"description\":\"Luxury meets Skincare\",\"potentialAction\":[{\"@type\":\"SearchAction\",\"target\":{\"@type\":\"EntryPoint\",\"urlTemplate\":\"https:\/\/bdr-beauty.de\/ro\/?s={search_term_string}\"},\"query-input\":{\"@type\":\"PropertyValueSpecification\",\"valueRequired\":true,\"valueName\":\"search_term_string\"}}],\"inLanguage\":\"ro-RO\"}]}<\/script>\n<!-- \/ Yoast SEO plugin. -->","yoast_head_json":{"title":"bdr\u00ae Tratamente","description":"Experimenta\u021bi tratamente eficiente pentru piele cu bdr\u00ae: produse dermocosmetice inovatoare \u0219i concepte de \u00eengrijire personalizate.","robots":{"index":"index","follow":"follow","max-snippet":"max-snippet:-1","max-image-preview":"max-image-preview:large","max-video-preview":"max-video-preview:-1"},"canonical":"https:\/\/bdr-beauty.de\/ro\/bdr-medical-beauty-concept\/tratamente\/","og_locale":"ro_RO","og_type":"article","og_title":"bdr\u00ae Tratamente","og_description":"Experimenta\u021bi tratamente eficiente pentru piele cu bdr\u00ae: produse dermocosmetice inovatoare \u0219i concepte de \u00eengrijire personalizate.","og_url":"https:\/\/bdr-beauty.de\/ro\/bdr-medical-beauty-concept\/tratamente\/","og_site_name":"bdr medical beauty","article_modified_time":"2025-09-04T08:32:22+00:00","twitter_card":"summary_large_image","twitter_misc":{"Timp estimat pentru citire":"3 minute"},"schema":{"@context":"https:\/\/schema.org","@graph":[{"@type":"WebPage","@id":"https:\/\/bdr-beauty.de\/ro\/bdr-medical-beauty-concept\/tratamente\/","url":"https:\/\/bdr-beauty.de\/ro\/bdr-medical-beauty-concept\/tratamente\/","name":"bdr\u00ae Tratamente","isPartOf":{"@id":"https:\/\/bdr-beauty.de\/ro\/#website"},"datePublished":"2025-09-04T08:27:08+00:00","dateModified":"2025-09-04T08:32:22+00:00","description":"Experimenta\u021bi tratamente eficiente pentru piele cu bdr\u00ae: produse dermocosmetice inovatoare \u0219i concepte de \u00eengrijire personalizate.","breadcrumb":{"@id":"https:\/\/bdr-beauty.de\/ro\/bdr-medical-beauty-concept\/tratamente\/#breadcrumb"},"inLanguage":"ro-RO","potentialAction":[{"@type":"ReadAction","target":["https:\/\/bdr-beauty.de\/ro\/bdr-medical-beauty-concept\/tratamente\/"]}]},{"@type":"BreadcrumbList","@id":"https:\/\/bdr-beauty.de\/ro\/bdr-medical-beauty-concept\/tratamente\/#breadcrumb","itemListElement":[{"@type":"ListItem","position":1,"name":"Startseite","item":"https:\/\/bdr-beauty.de\/ro\/"},{"@type":"ListItem","position":2,"name":"bdr\u00ae The Medical Beauty Concept Startseite RO","item":"https:\/\/bdr-beauty.de\/ro\/"},{"@type":"ListItem","position":3,"name":"Behandlungen RO"}]},{"@type":"WebSite","@id":"https:\/\/bdr-beauty.de\/ro\/#website","url":"https:\/\/bdr-beauty.de\/ro\/","name":"bdr medical beauty","description":"Luxury meets Skincare","potentialAction":[{"@type":"SearchAction","target":{"@type":"EntryPoint","urlTemplate":"https:\/\/bdr-beauty.de\/ro\/?s={search_term_string}"},"query-input":{"@type":"PropertyValueSpecification","valueRequired":true,"valueName":"search_term_string"}}],"inLanguage":"ro-RO"}]}},"_links":{"self":[{"href":"https:\/\/bdr-beauty.de\/ro\/wp-json\/wp\/v2\/pages\/127323","targetHints":{"allow":["GET"]}}],"collection":[{"href":"https:\/\/bdr-beauty.de\/ro\/wp-json\/wp\/v2\/pages"}],"about":[{"href":"https:\/\/bdr-beauty.de\/ro\/wp-json\/wp\/v2\/types\/page"}],"author":[{"embeddable":true,"href":"https:\/\/bdr-beauty.de\/ro\/wp-json\/wp\/v2\/users\/3"}],"replies":[{"embeddable":true,"href":"https:\/\/bdr-beauty.de\/ro\/wp-json\/wp\/v2\/comments?post=127323"}],"version-history":[{"count":2,"href":"https:\/\/bdr-beauty.de\/ro\/wp-json\/wp\/v2\/pages\/127323\/revisions"}],"predecessor-version":[{"id":127337,"href":"https:\/\/bdr-beauty.de\/ro\/wp-json\/wp\/v2\/pages\/127323\/revisions\/127337"}],"up":[{"embeddable":true,"href":"https:\/\/bdr-beauty.de\/ro\/wp-json\/wp\/v2\/pages\/126027"}],"wp:attachment":[{"href":"https:\/\/bdr-beauty.de\/ro\/wp-json\/wp\/v2\/media?parent=127323"}],"curies":[{"name":"wp","href":"https:\/\/api.w.org\/{rel}","templated":true}]}}