{"id":85099,"date":"2022-04-08T14:44:08","date_gmt":"2022-04-08T12:44:08","guid":{"rendered":"https:\/\/bdr-beauty.de\/?page_id=85099"},"modified":"2022-04-08T14:44:08","modified_gmt":"2022-04-08T12:44:08","slug":"odtis","status":"publish","type":"page","link":"https:\/\/bdr-beauty.de\/sl\/bdr-the-medical-beauty-concept\/odtis\/","title":{"rendered":"Odtis"},"content":{"rendered":"<div class=\"wpb-content-wrapper\"><p>[vc_row][vc_column column_width_percent=&#8221;100&#8243; gutter_size=&#8221;5&#8243; overlay_alpha=&#8221;50&#8243; shift_x=&#8221;0&#8243; shift_y=&#8221;0&#8243; shift_y_down=&#8221;0&#8243; z_index=&#8221;0&#8243; medium_width=&#8221;0&#8243; mobile_width=&#8221;0&#8243; width=&#8221;1\/2&#8243;][vc_column_text uncode_shortcode_id=&#8221;336541&#8243;]<\/p>\n<h1>Odtis<\/h1>\n<p>Goldeneye Permanent System GmbH<br \/>\nMittelwegring 31<br \/>\nD &#8211; 76751 Jockgrim<\/p>\n<p>Telefon: +49 (0)7271 \/ 98 999-10<br \/>\nFaks: +49 (0)7271 \/ 98 999-11<\/p>\n<p>Po\u0161ta: info@goldeneye.de<br \/>\nSplet: www.goldeneye.de<\/p>\n<p>Direktor, poobla\u0161\u010den za zastopanje podjetja: Ren\u00e9 La Fontaine<\/p>\n<p>Registrsko sodi\u0161\u010de Landau<br \/>\nHRB 30835<\/p>\n<p>Identifikacijska \u0161tevilka za DDV: DE200335303[\/vc_column_text][\/vc_column][vc_column column_width_percent=&#8221;100&#8243; gutter_size=&#8221;5&#8243; overlay_alpha=&#8221;50&#8243; shift_x=&#8221;0&#8243; shift_y=&#8221;0&#8243; shift_y_down=&#8221;0&#8243; z_index=&#8221;0&#8243; medium_width=&#8221;0&#8243; mobile_width=&#8221;0&#8243; width=&#8221;1\/2&#8243;][vc_column_text uncode_shortcode_id=&#8221;574558&#8243;]<\/p>\n<h2>Izjava o omejitvi odgovornosti<\/h2>\n<p>Vir: eRecht24.de &#8211; Internetno pravo, odvetnik S\u00f6ren Siebert<\/p>\n<p>Vsebina na\u0161ih strani je bila ustvarjena z najve\u010djo skrbnostjo. Vendar ne moremo jam\u010diti za pravilnost, popolnost in a\u017eurnost vsebine. Kot ponudnik storitev smo v skladu s splo\u0161nimi zakoni v skladu s \u010dlenom 7(1) TMG odgovorni za lastno vsebino na teh straneh. Vendar v skladu s \u010dleni 8 do 10 TMG kot ponudnik storitev nismo dol\u017eni spremljati prenesenih ali shranjenih podatkov tretjih oseb ali preiskovati okoli\u0161\u010din, ki ka\u017eejo na nezakonito dejavnost. To ne vpliva na obveznosti odstranitve ali prepre\u010ditve uporabe informacij v skladu s splo\u0161nimi zakoni. Vendar je odgovornost v zvezi s tem mogo\u010da \u0161ele od trenutka, ko se izve za konkretno kr\u0161itev zakona. \u010ce bomo izvedeli za tak\u0161ne kr\u0161itve, bomo ustrezno vsebino nemudoma odstranili.<\/p>\n<h2>Odgovornost za povezave<\/h2>\n<p>Na\u0161a spletna stran vsebuje povezave do zunanjih spletnih strani tretjih oseb, na katerih vsebino nimamo vpliva. Zato ne moremo prevzeti nobene odgovornosti za te zunanje vsebine. Za vsebino povezanih strani je vedno odgovoren njihov ponudnik ali upravljavec. Povezane strani so bile v \u010dasu povezovanja preverjene glede morebitnih pravnih kr\u0161itev. Ob povezovanju nezakonite vsebine niso bile prepoznavne. Vendar pa stalno spremljanje vsebine povezanih strani ni smiselno, \u010de ni konkretnih znakov pravne kr\u0161itve. \u010ce bomo izvedeli za kakr\u0161no koli kr\u0161itev zakona, bomo tak\u0161ne povezave takoj odstranili.<\/p>\n<h2>Avtorske pravice<\/h2>\n<p>Za vsebine in dela na teh straneh, ki jih ustvarijo upravljavci strani, velja nem\u0161ko avtorsko pravo. Za razmno\u017eevanje, obdelavo, distribucijo ali kakr\u0161no koli obliko komercializacije takega gradiva, ki presega podro\u010dje uporabe zakona o avtorskih pravicah, je potrebno predhodno pisno soglasje njegovega avtorja ali ustvarjalca. Prenosi in kopije tega spletnega mesta so dovoljeni le za zasebno, nekomercialno uporabo. \u010ce vsebine na tem spletnem mestu ni ustvaril upravljavec, se spo\u0161tujejo avtorske pravice tretjih oseb. Kot taka je ozna\u010dena zlasti vsebina tretjih oseb. \u010ce kljub temu opazite kr\u0161itev avtorskih pravic, nas o tem ustrezno obvestite. \u010ce bomo izvedeli za kakr\u0161ne koli kr\u0161itve, bomo tak\u0161no vsebino nemudoma odstranili.[\/vc_column_text][\/vc_column][\/vc_row]<\/p>\n<\/div>","protected":false},"excerpt":{"rendered":"<p>[vc_row][vc_column column_width_percent=&#8221;100&#8243; gutter_size=&#8221;5&#8243; overlay_alpha=&#8221;50&#8243; shift_x=&#8221;0&#8243; shift_y=&#8221;0&#8243; shift_y_down=&#8221;0&#8243; z_index=&#8221;0&#8243; medium_width=&#8221;0&#8243; mobile_width=&#8221;0&#8243; width=&#8221;1\/2&#8243;][vc_column_text uncode_shortcode_id=&#8221;336541&#8243;] Odtis Goldeneye Permanent System GmbH Mittelwegring 31 D [&hellip;]<\/p>\n","protected":false},"author":2,"featured_media":0,"parent":85091,"menu_order":0,"comment_status":"closed","ping_status":"open","template":"","meta":{"footnotes":""},"class_list":["post-85099","page","type-page","status-publish","hentry"],"yoast_head":"<!-- This site is optimized with the Yoast SEO plugin v24.6 - https:\/\/yoast.com\/wordpress\/plugins\/seo\/ -->\n<title>Odtis - bdr medical beauty<\/title>\n<meta name=\"robots\" content=\"index, follow, max-snippet:-1, max-image-preview:large, max-video-preview:-1\" \/>\n<link rel=\"canonical\" href=\"https:\/\/bdr-beauty.de\/sl\/bdr-the-medical-beauty-concept\/odtis\/\" \/>\n<meta property=\"og:locale\" content=\"sl_SI\" \/>\n<meta property=\"og:type\" content=\"article\" \/>\n<meta property=\"og:title\" content=\"Odtis - bdr medical beauty\" \/>\n<meta property=\"og:description\" content=\"[vc_row][vc_column column_width_percent=&#8221;100&#8243; gutter_size=&#8221;5&#8243; overlay_alpha=&#8221;50&#8243; shift_x=&#8221;0&#8243; shift_y=&#8221;0&#8243; shift_y_down=&#8221;0&#8243; z_index=&#8221;0&#8243; medium_width=&#8221;0&#8243; mobile_width=&#8221;0&#8243; width=&#8221;1\/2&#8243;][vc_column_text uncode_shortcode_id=&#8221;336541&#8243;] Odtis Goldeneye Permanent System GmbH Mittelwegring 31 D [&hellip;]\" \/>\n<meta property=\"og:url\" content=\"https:\/\/bdr-beauty.de\/sl\/bdr-the-medical-beauty-concept\/odtis\/\" \/>\n<meta property=\"og:site_name\" content=\"bdr medical beauty\" \/>\n<meta name=\"twitter:card\" content=\"summary_large_image\" \/>\n<meta name=\"twitter:label1\" content=\"Est. reading time\" \/>\n\t<meta name=\"twitter:data1\" content=\"3 minute\" \/>\n<script type=\"application\/ld+json\" class=\"yoast-schema-graph\">{\"@context\":\"https:\/\/schema.org\",\"@graph\":[{\"@type\":\"WebPage\",\"@id\":\"https:\/\/bdr-beauty.de\/sl\/bdr-the-medical-beauty-concept\/odtis\/\",\"url\":\"https:\/\/bdr-beauty.de\/sl\/bdr-the-medical-beauty-concept\/odtis\/\",\"name\":\"Odtis - bdr medical beauty\",\"isPartOf\":{\"@id\":\"https:\/\/bdr-beauty.de\/sl\/#website\"},\"datePublished\":\"2022-04-08T12:44:08+00:00\",\"breadcrumb\":{\"@id\":\"https:\/\/bdr-beauty.de\/sl\/bdr-the-medical-beauty-concept\/odtis\/#breadcrumb\"},\"inLanguage\":\"sl-SI\",\"potentialAction\":[{\"@type\":\"ReadAction\",\"target\":[\"https:\/\/bdr-beauty.de\/sl\/bdr-the-medical-beauty-concept\/odtis\/\"]}]},{\"@type\":\"BreadcrumbList\",\"@id\":\"https:\/\/bdr-beauty.de\/sl\/bdr-the-medical-beauty-concept\/odtis\/#breadcrumb\",\"itemListElement\":[{\"@type\":\"ListItem\",\"position\":1,\"name\":\"Startseite\",\"item\":\"https:\/\/bdr-beauty.de\/sl\/\"},{\"@type\":\"ListItem\",\"position\":2,\"name\":\"bdr\u00ae The Medical Beauty Concept\",\"item\":\"https:\/\/bdr-beauty.de\/sl\/\"},{\"@type\":\"ListItem\",\"position\":3,\"name\":\"Odtis\"}]},{\"@type\":\"WebSite\",\"@id\":\"https:\/\/bdr-beauty.de\/sl\/#website\",\"url\":\"https:\/\/bdr-beauty.de\/sl\/\",\"name\":\"bdr medical beauty\",\"description\":\"Luxury meets Skincare\",\"potentialAction\":[{\"@type\":\"SearchAction\",\"target\":{\"@type\":\"EntryPoint\",\"urlTemplate\":\"https:\/\/bdr-beauty.de\/sl\/?s={search_term_string}\"},\"query-input\":{\"@type\":\"PropertyValueSpecification\",\"valueRequired\":true,\"valueName\":\"search_term_string\"}}],\"inLanguage\":\"sl-SI\"}]}<\/script>\n<!-- \/ Yoast SEO plugin. -->","yoast_head_json":{"title":"Odtis - bdr medical beauty","robots":{"index":"index","follow":"follow","max-snippet":"max-snippet:-1","max-image-preview":"max-image-preview:large","max-video-preview":"max-video-preview:-1"},"canonical":"https:\/\/bdr-beauty.de\/sl\/bdr-the-medical-beauty-concept\/odtis\/","og_locale":"sl_SI","og_type":"article","og_title":"Odtis - bdr medical beauty","og_description":"[vc_row][vc_column column_width_percent=&#8221;100&#8243; gutter_size=&#8221;5&#8243; overlay_alpha=&#8221;50&#8243; shift_x=&#8221;0&#8243; shift_y=&#8221;0&#8243; shift_y_down=&#8221;0&#8243; z_index=&#8221;0&#8243; medium_width=&#8221;0&#8243; mobile_width=&#8221;0&#8243; width=&#8221;1\/2&#8243;][vc_column_text uncode_shortcode_id=&#8221;336541&#8243;] Odtis Goldeneye Permanent System GmbH Mittelwegring 31 D [&hellip;]","og_url":"https:\/\/bdr-beauty.de\/sl\/bdr-the-medical-beauty-concept\/odtis\/","og_site_name":"bdr medical beauty","twitter_card":"summary_large_image","twitter_misc":{"Est. reading time":"3 minute"},"schema":{"@context":"https:\/\/schema.org","@graph":[{"@type":"WebPage","@id":"https:\/\/bdr-beauty.de\/sl\/bdr-the-medical-beauty-concept\/odtis\/","url":"https:\/\/bdr-beauty.de\/sl\/bdr-the-medical-beauty-concept\/odtis\/","name":"Odtis - bdr medical beauty","isPartOf":{"@id":"https:\/\/bdr-beauty.de\/sl\/#website"},"datePublished":"2022-04-08T12:44:08+00:00","breadcrumb":{"@id":"https:\/\/bdr-beauty.de\/sl\/bdr-the-medical-beauty-concept\/odtis\/#breadcrumb"},"inLanguage":"sl-SI","potentialAction":[{"@type":"ReadAction","target":["https:\/\/bdr-beauty.de\/sl\/bdr-the-medical-beauty-concept\/odtis\/"]}]},{"@type":"BreadcrumbList","@id":"https:\/\/bdr-beauty.de\/sl\/bdr-the-medical-beauty-concept\/odtis\/#breadcrumb","itemListElement":[{"@type":"ListItem","position":1,"name":"Startseite","item":"https:\/\/bdr-beauty.de\/sl\/"},{"@type":"ListItem","position":2,"name":"bdr\u00ae The Medical Beauty Concept","item":"https:\/\/bdr-beauty.de\/sl\/"},{"@type":"ListItem","position":3,"name":"Odtis"}]},{"@type":"WebSite","@id":"https:\/\/bdr-beauty.de\/sl\/#website","url":"https:\/\/bdr-beauty.de\/sl\/","name":"bdr medical beauty","description":"Luxury meets Skincare","potentialAction":[{"@type":"SearchAction","target":{"@type":"EntryPoint","urlTemplate":"https:\/\/bdr-beauty.de\/sl\/?s={search_term_string}"},"query-input":{"@type":"PropertyValueSpecification","valueRequired":true,"valueName":"search_term_string"}}],"inLanguage":"sl-SI"}]}},"_links":{"self":[{"href":"https:\/\/bdr-beauty.de\/sl\/wp-json\/wp\/v2\/pages\/85099","targetHints":{"allow":["GET"]}}],"collection":[{"href":"https:\/\/bdr-beauty.de\/sl\/wp-json\/wp\/v2\/pages"}],"about":[{"href":"https:\/\/bdr-beauty.de\/sl\/wp-json\/wp\/v2\/types\/page"}],"author":[{"embeddable":true,"href":"https:\/\/bdr-beauty.de\/sl\/wp-json\/wp\/v2\/users\/2"}],"replies":[{"embeddable":true,"href":"https:\/\/bdr-beauty.de\/sl\/wp-json\/wp\/v2\/comments?post=85099"}],"version-history":[{"count":2,"href":"https:\/\/bdr-beauty.de\/sl\/wp-json\/wp\/v2\/pages\/85099\/revisions"}],"predecessor-version":[{"id":85101,"href":"https:\/\/bdr-beauty.de\/sl\/wp-json\/wp\/v2\/pages\/85099\/revisions\/85101"}],"up":[{"embeddable":true,"href":"https:\/\/bdr-beauty.de\/sl\/wp-json\/wp\/v2\/pages\/85091"}],"wp:attachment":[{"href":"https:\/\/bdr-beauty.de\/sl\/wp-json\/wp\/v2\/media?parent=85099"}],"curies":[{"name":"wp","href":"https:\/\/api.w.org\/{rel}","templated":true}]}}