{"id":85111,"date":"2022-04-11T12:01:09","date_gmt":"2022-04-11T10:01:09","guid":{"rendered":"https:\/\/bdr-beauty.de\/?page_id=85111"},"modified":"2022-04-11T12:44:28","modified_gmt":"2022-04-11T10:44:28","slug":"tretmaji","status":"publish","type":"page","link":"https:\/\/bdr-beauty.de\/sl\/bdr-the-medical-beauty-concept\/tretmaji\/","title":{"rendered":"Tretmaji"},"content":{"rendered":"<div class=\"wpb-content-wrapper\"><p>[vc_row row_height_percent=&#8221;0&#8243; override_padding=&#8221;yes&#8221; h_padding=&#8221;2&#8243; top_padding=&#8221;3&#8243; bottom_padding=&#8221;3&#8243; back_color=&#8221;color-lxmt&#8221; overlay_alpha=&#8221;50&#8243; gutter_size=&#8221;3&#8243; column_width_percent=&#8221;100&#8243; shift_y=&#8221;0&#8243; z_index=&#8221;0&#8243; row_name=&#8221;Tretmaji&#8221; uncode_shortcode_id=&#8221;102520&#8243; back_color_type=&#8221;uncode-palette&#8221;][vc_column column_width_percent=&#8221;100&#8243; position_horizontal=&#8221;left&#8221; position_vertical=&#8221;middle&#8221; gutter_size=&#8221;3&#8243; overlay_alpha=&#8221;50&#8243; shift_x=&#8221;0&#8243; shift_y=&#8221;0&#8243; shift_y_down=&#8221;0&#8243; z_index=&#8221;0&#8243; medium_width=&#8221;0&#8243; mobile_width=&#8221;0&#8243; width=&#8221;1\/1&#8243;][vc_row_inner row_inner_height_percent=&#8221;0&#8243; overlay_alpha=&#8221;50&#8243; gutter_size=&#8221;4&#8243; shift_y=&#8221;0&#8243; z_index=&#8221;0&#8243;][vc_column_inner column_width_percent=&#8221;100&#8243; position_horizontal=&#8221;left&#8221; position_vertical=&#8221;middle&#8221; gutter_size=&#8221;2&#8243; overlay_alpha=&#8221;50&#8243; shift_x=&#8221;0&#8243; shift_y=&#8221;0&#8243; shift_y_down=&#8221;0&#8243; z_index=&#8221;0&#8243; medium_width=&#8221;0&#8243; mobile_width=&#8221;0&#8243; width=&#8221;5\/6&#8243;][vc_custom_heading text_size=&#8221;fontsize-155944&#8243; text_weight=&#8221;300&#8243;]The Medical Beauty Concept[\/vc_custom_heading][vc_custom_heading text_size=&#8221;h4&#8243; text_weight=&#8221;300&#8243; text_height=&#8221;fontheight-357766&#8243; uncode_shortcode_id=&#8221;200629&#8243;]Druge metode in izdelki so bili doslej neuspe\u0161ni, saj niso mogli prodreti v globlje plasti ko\u017ee, kjer so potrebni za doseganje dolgotrajnih in izjemnih izbolj\u0161av ko\u017ee.\u2028bdr\u00ae se spopada s tem izzivom. Na\u0161i laboratoriji bdr\u00ae so ustvarili serijo biotehnolo\u0161kih kozmeti\u010dnih izdelkov. Na\u0161a inovativna emulzijska tehnologija zdru\u017euje bistvene, naravne aktivne sestavine z mikromolekularno optimiziranimi serumi. V kombinaciji z vrsto sodobnih paramedicinskih naprav se uresni\u010dijo sanje: povratno staranje ko\u017ee. Vrnite \u010das nazaj z bdr\u00ae.<\/p>\n<p>Naj vam svetuje in\u0161titut bdr\u00ae.[\/vc_custom_heading][\/vc_column_inner][vc_column_inner width=&#8221;1\/6&#8243;][\/vc_column_inner][\/vc_row_inner][\/vc_column][\/vc_row][vc_row row_height_percent=&#8221;0&#8243; override_padding=&#8221;yes&#8221; h_padding=&#8221;2&#8243; top_padding=&#8221;3&#8243; bottom_padding=&#8221;3&#8243; overlay_alpha=&#8221;50&#8243; gutter_size=&#8221;3&#8243; column_width_percent=&#8221;100&#8243; shift_y=&#8221;0&#8243; z_index=&#8221;0&#8243; row_name=&#8221;pregled bdr tretmajev&#8221; uncode_shortcode_id=&#8221;408604&#8243;][vc_column width=&#8221;1\/1&#8243;][vc_custom_heading text_size=&#8221;fontsize-155944&#8243; text_weight=&#8221;300&#8243; uncode_shortcode_id=&#8221;484818&#8243;]pregled bdr tretmajev[\/vc_custom_heading][\/vc_column][\/vc_row][vc_row row_height_percent=&#8221;0&#8243; override_padding=&#8221;yes&#8221; h_padding=&#8221;2&#8243; top_padding=&#8221;3&#8243; bottom_padding=&#8221;3&#8243; overlay_alpha=&#8221;50&#8243; gutter_size=&#8221;3&#8243; column_width_percent=&#8221;100&#8243; shift_y=&#8221;0&#8243; z_index=&#8221;0&#8243;][vc_column width=&#8221;1\/1&#8243;][vc_row_inner row_inner_height_percent=&#8221;0&#8243; overlay_alpha=&#8221;100&#8243; gutter_size=&#8221;4&#8243; shift_y=&#8221;0&#8243; z_index=&#8221;0&#8243;][vc_column_inner width=&#8221;1\/3&#8243;][vc_icon icon_image=&#8221;83133&#8243; heading_semantic=&#8221;h2&#8243; text_font=&#8221;font-762333&#8243; text_size=&#8221;h1&#8243; text_weight=&#8221;300&#8243; text_lead=&#8221;yes&#8221; title=&#8221;Fresh &amp; Glow&#8221;][\/vc_icon][vc_custom_heading heading_semantic=&#8221;h4&#8243; text_size=&#8221;h4&#8243; text_height=&#8221;fontheight-357766&#8243; uncode_shortcode_id=&#8221;398669&#8243;]Idealen za\u010detni tretma za popolne rezultate na ko\u017ei v najkraj\u0161em \u010dasu.[\/vc_custom_heading][\/vc_column_inner][vc_column_inner width=&#8221;1\/3&#8243;][vc_icon icon_image=&#8221;83134&#8243; heading_semantic=&#8221;h2&#8243; text_font=&#8221;font-762333&#8243; text_size=&#8221;h1&#8243; text_weight=&#8221;300&#8243; text_lead=&#8221;yes&#8221; title=&#8221;Basic &amp; Sensetive&#8221;][\/vc_icon][vc_custom_heading heading_semantic=&#8221;h4&#8243; text_size=&#8221;h4&#8243; text_height=&#8221;fontheight-357766&#8243; uncode_shortcode_id=&#8221;158461&#8243;]Posebna nega za ob\u010dutljivo, pordelo, obremenjeno in k alergijam nagnjeno ko\u017eo. [\/vc_custom_heading][\/vc_column_inner][vc_column_inner width=&#8221;1\/3&#8243;][vc_icon icon_image=&#8221;83135&#8243; heading_semantic=&#8221;h2&#8243; text_font=&#8221;font-762333&#8243; text_size=&#8221;h1&#8243; text_weight=&#8221;300&#8243; text_lead=&#8221;yes&#8221; title=&#8221;Clear &amp; Fresh&#8221;][\/vc_icon][vc_custom_heading heading_semantic=&#8221;h4&#8243; text_size=&#8221;h4&#8243; text_height=&#8221;fontheight-357766&#8243; uncode_shortcode_id=&#8221;622859&#8243;]Posebna nega, posebej za mastno ko\u017eo z nepravilnostmi.[\/vc_custom_heading][\/vc_column_inner][\/vc_row_inner][\/vc_column][\/vc_row][vc_row row_height_percent=&#8221;0&#8243; override_padding=&#8221;yes&#8221; h_padding=&#8221;2&#8243; top_padding=&#8221;2&#8243; bottom_padding=&#8221;3&#8243; overlay_alpha=&#8221;50&#8243; gutter_size=&#8221;3&#8243; column_width_percent=&#8221;100&#8243; shift_y=&#8221;0&#8243; z_index=&#8221;0&#8243;][vc_column width=&#8221;1\/1&#8243;][vc_row_inner row_inner_height_percent=&#8221;0&#8243; overlay_alpha=&#8221;100&#8243; gutter_size=&#8221;4&#8243; shift_y=&#8221;0&#8243; z_index=&#8221;0&#8243;][vc_column_inner width=&#8221;1\/3&#8243;][vc_icon icon_image=&#8221;83136&#8243; heading_semantic=&#8221;h2&#8243; text_font=&#8221;font-762333&#8243; text_size=&#8221;h1&#8243; text_weight=&#8221;300&#8243; text_lead=&#8221;yes&#8221; title=&#8221;Cell Repair&#8221;][\/vc_icon][vc_custom_heading heading_semantic=&#8221;h4&#8243; text_size=&#8221;h4&#8243; text_height=&#8221;fontheight-357766&#8243; uncode_shortcode_id=&#8221;125507&#8243;]Zaradi kombinacije energijsko aktivnih sestavin je ta tretma optimalen za krepitev in za\u0161\u010dito ko\u017ee. Bleda, utrujena ali od sonca po\u0161kodovana ko\u017ea se vidno izbolj\u0161a in obnovi.[\/vc_custom_heading][\/vc_column_inner][vc_column_inner width=&#8221;1\/3&#8243;][vc_icon icon_image=&#8221;83137&#8243; heading_semantic=&#8221;h2&#8243; text_font=&#8221;font-762333&#8243; text_size=&#8221;h1&#8243; text_weight=&#8221;300&#8243; text_lead=&#8221;yes&#8221; title=&#8221;Age Control&#8221;][\/vc_icon][vc_custom_heading heading_semantic=&#8221;h4&#8243; text_size=&#8221;h4&#8243; text_height=&#8221;fontheight-357766&#8243; uncode_shortcode_id=&#8221;156046&#8243;]Nega za zahtevno ko\u017eo, zasnovana za obnavljanje in po\u017eivitev ko\u017ee.[\/vc_custom_heading][\/vc_column_inner][vc_column_inner width=&#8221;1\/3&#8243;][vc_icon icon_image=&#8221;83138&#8243; heading_semantic=&#8221;h2&#8243; text_font=&#8221;font-762333&#8243; text_size=&#8221;h1&#8243; text_weight=&#8221;300&#8243; text_lead=&#8221;yes&#8221; title=&#8221;Focus Special&#8221;][\/vc_icon][vc_custom_heading heading_semantic=&#8221;h4&#8243; text_size=&#8221;h4&#8243; text_height=&#8221;fontheight-357766&#8243; uncode_shortcode_id=&#8221;140717&#8243;]Izdelek je namenjen posameznim posebej obremenjenim podro\u010djem ko\u017ee, kot so o\u010di, ustnice, \u010delo in vrat. Prav tako izbolj\u0161a videz brazgotin.[\/vc_custom_heading][\/vc_column_inner][\/vc_row_inner][\/vc_column][\/vc_row][vc_row row_height_percent=&#8221;15&#8243; override_padding=&#8221;yes&#8221; h_padding=&#8221;2&#8243; top_padding=&#8221;3&#8243; bottom_padding=&#8221;3&#8243; back_image=&#8221;83311&#8243; overlay_alpha=&#8221;50&#8243; gutter_size=&#8221;3&#8243; column_width_percent=&#8221;100&#8243; shift_y=&#8221;0&#8243; z_index=&#8221;0&#8243;][vc_column width=&#8221;1\/1&#8243;][vc_row_inner][vc_column_inner width=&#8221;1\/2&#8243;][\/vc_column_inner][vc_column_inner column_width_percent=&#8221;100&#8243; align_horizontal=&#8221;align_center&#8221; gutter_size=&#8221;3&#8243; overlay_alpha=&#8221;50&#8243; shift_x=&#8221;0&#8243; shift_y=&#8221;0&#8243; shift_y_down=&#8221;0&#8243; z_index=&#8221;0&#8243; medium_width=&#8221;0&#8243; mobile_width=&#8221;0&#8243; width=&#8221;1\/2&#8243;][vc_custom_heading text_size=&#8221;fontsize-155944&#8243; text_weight=&#8221;300&#8243; uncode_shortcode_id=&#8221;147127&#8243;]bdr\u00ae Koncept zdravljenja[\/vc_custom_heading][vc_custom_heading heading_semantic=&#8221;h4&#8243; text_size=&#8221;h4&#8243; text_height=&#8221;fontheight-357766&#8243; uncode_shortcode_id=&#8221;169389&#8243;]Dermaceuticals so veliko ve\u010d kot kozmeti\u010dni izdelki.<br \/>\nVsi tretmaji bdr\u00ae so namenjeni razli\u010dnim potrebam ko\u017ee.[\/vc_custom_heading][\/vc_column_inner][\/vc_row_inner][\/vc_column][\/vc_row][vc_row row_height_percent=&#8221;0&#8243; override_padding=&#8221;yes&#8221; h_padding=&#8221;2&#8243; top_padding=&#8221;3&#8243; bottom_padding=&#8221;3&#8243; overlay_alpha=&#8221;50&#8243; gutter_size=&#8221;3&#8243; column_width_percent=&#8221;100&#8243; shift_y=&#8221;0&#8243; z_index=&#8221;0&#8243; row_name=&#8221;in\u0161tituti bdr&#8221; uncode_shortcode_id=&#8221;540608&#8243;][vc_column width=&#8221;1\/4&#8243;][\/vc_column][vc_column column_width_percent=&#8221;100&#8243; align_horizontal=&#8221;align_center&#8221; gutter_size=&#8221;3&#8243; overlay_alpha=&#8221;50&#8243; shift_x=&#8221;0&#8243; shift_y=&#8221;0&#8243; shift_y_down=&#8221;0&#8243; z_index=&#8221;0&#8243; medium_width=&#8221;0&#8243; mobile_width=&#8221;0&#8243; width=&#8221;1\/2&#8243;][vc_icon icon_image=&#8221;83143&#8243; heading_semantic=&#8221;h2&#8243; text_size=&#8221;h1&#8243; text_weight=&#8221;300&#8243; text_lead=&#8221;yes&#8221; title=&#8221;Poi\u0161\u010dite najbli\u017eji in\u0161titut bdr\u00ae tukaj&#8221; uncode_shortcode_id=&#8221;124544&#8243;]Va\u0161 svetovalec za dermaceutical regeneracijo vam bo z veseljem svetoval.[\/vc_icon][vc_button button_color=&#8221;accent&#8221; radius=&#8221;btn-round&#8221; wide=&#8221;yes&#8221; hover_fx=&#8221;outlined&#8221; outline=&#8221;yes&#8221; border_width=&#8221;0&#8243; link=&#8221;url:%2Fstorefinder%2F|title:Storefinder&#8221; button_color_type=&#8221;uncode-palette&#8221; uncode_shortcode_id=&#8221;113897&#8243;]Poi\u0161\u010di in\u0161titut[\/vc_button][\/vc_column][vc_column width=&#8221;1\/4&#8243;][\/vc_column][\/vc_row]<\/p>\n<\/div>","protected":false},"excerpt":{"rendered":"<p>[vc_row row_height_percent=&#8221;0&#8243; override_padding=&#8221;yes&#8221; h_padding=&#8221;2&#8243; top_padding=&#8221;3&#8243; bottom_padding=&#8221;3&#8243; back_color=&#8221;color-lxmt&#8221; overlay_alpha=&#8221;50&#8243; gutter_size=&#8221;3&#8243; column_width_percent=&#8221;100&#8243; shift_y=&#8221;0&#8243; z_index=&#8221;0&#8243; row_name=&#8221;Tretmaji&#8221; uncode_shortcode_id=&#8221;102520&#8243; back_color_type=&#8221;uncode-palette&#8221;][vc_column column_width_percent=&#8221;100&#8243; position_horizontal=&#8221;left&#8221; position_vertical=&#8221;middle&#8221; gutter_size=&#8221;3&#8243; overlay_alpha=&#8221;50&#8243; [&hellip;]<\/p>\n","protected":false},"author":2,"featured_media":0,"parent":85091,"menu_order":1,"comment_status":"closed","ping_status":"closed","template":"","meta":{"footnotes":""},"class_list":["post-85111","page","type-page","status-publish","hentry"],"yoast_head":"<!-- This site is optimized with the Yoast SEO plugin v24.6 - https:\/\/yoast.com\/wordpress\/plugins\/seo\/ -->\n<title>Tretmaji - bdr medical beauty<\/title>\n<meta name=\"description\" content=\"bdr\u00ae se spopada s tem izzivom. Na\u0161i laboratoriji bdr\u00ae so ustvarili serijo biotehnolo\u0161kih kozmeti\u010dnih izdelkov.\" \/>\n<meta name=\"robots\" content=\"index, follow, max-snippet:-1, max-image-preview:large, max-video-preview:-1\" \/>\n<link rel=\"canonical\" href=\"https:\/\/bdr-beauty.de\/sl\/bdr-the-medical-beauty-concept\/tretmaji\/\" \/>\n<meta property=\"og:locale\" content=\"sl_SI\" \/>\n<meta property=\"og:type\" content=\"article\" \/>\n<meta property=\"og:title\" content=\"Tretmaji - bdr medical beauty\" \/>\n<meta property=\"og:description\" content=\"bdr\u00ae se spopada s tem izzivom. Na\u0161i laboratoriji bdr\u00ae so ustvarili serijo biotehnolo\u0161kih kozmeti\u010dnih izdelkov.\" \/>\n<meta property=\"og:url\" content=\"https:\/\/bdr-beauty.de\/sl\/bdr-the-medical-beauty-concept\/tretmaji\/\" \/>\n<meta property=\"og:site_name\" content=\"bdr medical beauty\" \/>\n<meta property=\"article:modified_time\" content=\"2022-04-11T10:44:28+00:00\" \/>\n<meta name=\"twitter:card\" content=\"summary_large_image\" \/>\n<meta name=\"twitter:label1\" content=\"Est. reading time\" \/>\n\t<meta name=\"twitter:data1\" content=\"3 minute\" \/>\n<script type=\"application\/ld+json\" class=\"yoast-schema-graph\">{\"@context\":\"https:\/\/schema.org\",\"@graph\":[{\"@type\":\"WebPage\",\"@id\":\"https:\/\/bdr-beauty.de\/sl\/bdr-the-medical-beauty-concept\/tretmaji\/\",\"url\":\"https:\/\/bdr-beauty.de\/sl\/bdr-the-medical-beauty-concept\/tretmaji\/\",\"name\":\"Tretmaji - bdr medical beauty\",\"isPartOf\":{\"@id\":\"https:\/\/bdr-beauty.de\/sl\/#website\"},\"datePublished\":\"2022-04-11T10:01:09+00:00\",\"dateModified\":\"2022-04-11T10:44:28+00:00\",\"description\":\"bdr\u00ae se spopada s tem izzivom. Na\u0161i laboratoriji bdr\u00ae so ustvarili serijo biotehnolo\u0161kih kozmeti\u010dnih izdelkov.\",\"breadcrumb\":{\"@id\":\"https:\/\/bdr-beauty.de\/sl\/bdr-the-medical-beauty-concept\/tretmaji\/#breadcrumb\"},\"inLanguage\":\"sl-SI\",\"potentialAction\":[{\"@type\":\"ReadAction\",\"target\":[\"https:\/\/bdr-beauty.de\/sl\/bdr-the-medical-beauty-concept\/tretmaji\/\"]}]},{\"@type\":\"BreadcrumbList\",\"@id\":\"https:\/\/bdr-beauty.de\/sl\/bdr-the-medical-beauty-concept\/tretmaji\/#breadcrumb\",\"itemListElement\":[{\"@type\":\"ListItem\",\"position\":1,\"name\":\"Startseite\",\"item\":\"https:\/\/bdr-beauty.de\/sl\/\"},{\"@type\":\"ListItem\",\"position\":2,\"name\":\"bdr\u00ae The Medical Beauty Concept\",\"item\":\"https:\/\/bdr-beauty.de\/sl\/\"},{\"@type\":\"ListItem\",\"position\":3,\"name\":\"Tretmaji\"}]},{\"@type\":\"WebSite\",\"@id\":\"https:\/\/bdr-beauty.de\/sl\/#website\",\"url\":\"https:\/\/bdr-beauty.de\/sl\/\",\"name\":\"bdr medical beauty\",\"description\":\"Luxury meets Skincare\",\"potentialAction\":[{\"@type\":\"SearchAction\",\"target\":{\"@type\":\"EntryPoint\",\"urlTemplate\":\"https:\/\/bdr-beauty.de\/sl\/?s={search_term_string}\"},\"query-input\":{\"@type\":\"PropertyValueSpecification\",\"valueRequired\":true,\"valueName\":\"search_term_string\"}}],\"inLanguage\":\"sl-SI\"}]}<\/script>\n<!-- \/ Yoast SEO plugin. -->","yoast_head_json":{"title":"Tretmaji - bdr medical beauty","description":"bdr\u00ae se spopada s tem izzivom. Na\u0161i laboratoriji bdr\u00ae so ustvarili serijo biotehnolo\u0161kih kozmeti\u010dnih izdelkov.","robots":{"index":"index","follow":"follow","max-snippet":"max-snippet:-1","max-image-preview":"max-image-preview:large","max-video-preview":"max-video-preview:-1"},"canonical":"https:\/\/bdr-beauty.de\/sl\/bdr-the-medical-beauty-concept\/tretmaji\/","og_locale":"sl_SI","og_type":"article","og_title":"Tretmaji - bdr medical beauty","og_description":"bdr\u00ae se spopada s tem izzivom. Na\u0161i laboratoriji bdr\u00ae so ustvarili serijo biotehnolo\u0161kih kozmeti\u010dnih izdelkov.","og_url":"https:\/\/bdr-beauty.de\/sl\/bdr-the-medical-beauty-concept\/tretmaji\/","og_site_name":"bdr medical beauty","article_modified_time":"2022-04-11T10:44:28+00:00","twitter_card":"summary_large_image","twitter_misc":{"Est. reading time":"3 minute"},"schema":{"@context":"https:\/\/schema.org","@graph":[{"@type":"WebPage","@id":"https:\/\/bdr-beauty.de\/sl\/bdr-the-medical-beauty-concept\/tretmaji\/","url":"https:\/\/bdr-beauty.de\/sl\/bdr-the-medical-beauty-concept\/tretmaji\/","name":"Tretmaji - bdr medical beauty","isPartOf":{"@id":"https:\/\/bdr-beauty.de\/sl\/#website"},"datePublished":"2022-04-11T10:01:09+00:00","dateModified":"2022-04-11T10:44:28+00:00","description":"bdr\u00ae se spopada s tem izzivom. Na\u0161i laboratoriji bdr\u00ae so ustvarili serijo biotehnolo\u0161kih kozmeti\u010dnih izdelkov.","breadcrumb":{"@id":"https:\/\/bdr-beauty.de\/sl\/bdr-the-medical-beauty-concept\/tretmaji\/#breadcrumb"},"inLanguage":"sl-SI","potentialAction":[{"@type":"ReadAction","target":["https:\/\/bdr-beauty.de\/sl\/bdr-the-medical-beauty-concept\/tretmaji\/"]}]},{"@type":"BreadcrumbList","@id":"https:\/\/bdr-beauty.de\/sl\/bdr-the-medical-beauty-concept\/tretmaji\/#breadcrumb","itemListElement":[{"@type":"ListItem","position":1,"name":"Startseite","item":"https:\/\/bdr-beauty.de\/sl\/"},{"@type":"ListItem","position":2,"name":"bdr\u00ae The Medical Beauty Concept","item":"https:\/\/bdr-beauty.de\/sl\/"},{"@type":"ListItem","position":3,"name":"Tretmaji"}]},{"@type":"WebSite","@id":"https:\/\/bdr-beauty.de\/sl\/#website","url":"https:\/\/bdr-beauty.de\/sl\/","name":"bdr medical beauty","description":"Luxury meets Skincare","potentialAction":[{"@type":"SearchAction","target":{"@type":"EntryPoint","urlTemplate":"https:\/\/bdr-beauty.de\/sl\/?s={search_term_string}"},"query-input":{"@type":"PropertyValueSpecification","valueRequired":true,"valueName":"search_term_string"}}],"inLanguage":"sl-SI"}]}},"_links":{"self":[{"href":"https:\/\/bdr-beauty.de\/sl\/wp-json\/wp\/v2\/pages\/85111","targetHints":{"allow":["GET"]}}],"collection":[{"href":"https:\/\/bdr-beauty.de\/sl\/wp-json\/wp\/v2\/pages"}],"about":[{"href":"https:\/\/bdr-beauty.de\/sl\/wp-json\/wp\/v2\/types\/page"}],"author":[{"embeddable":true,"href":"https:\/\/bdr-beauty.de\/sl\/wp-json\/wp\/v2\/users\/2"}],"replies":[{"embeddable":true,"href":"https:\/\/bdr-beauty.de\/sl\/wp-json\/wp\/v2\/comments?post=85111"}],"version-history":[{"count":4,"href":"https:\/\/bdr-beauty.de\/sl\/wp-json\/wp\/v2\/pages\/85111\/revisions"}],"predecessor-version":[{"id":85124,"href":"https:\/\/bdr-beauty.de\/sl\/wp-json\/wp\/v2\/pages\/85111\/revisions\/85124"}],"up":[{"embeddable":true,"href":"https:\/\/bdr-beauty.de\/sl\/wp-json\/wp\/v2\/pages\/85091"}],"wp:attachment":[{"href":"https:\/\/bdr-beauty.de\/sl\/wp-json\/wp\/v2\/media?parent=85111"}],"curies":[{"name":"wp","href":"https:\/\/api.w.org\/{rel}","templated":true}]}}