{"id":85129,"date":"2022-04-11T13:09:33","date_gmt":"2022-04-11T11:09:33","guid":{"rendered":"https:\/\/bdr-beauty.de\/?page_id=85129"},"modified":"2022-04-11T13:09:33","modified_gmt":"2022-04-11T11:09:33","slug":"ciscenje","status":"publish","type":"page","link":"https:\/\/bdr-beauty.de\/sl\/bdr-the-medical-beauty-concept\/ciscenje\/","title":{"rendered":"\u010ci\u0161\u010denje"},"content":{"rendered":"<div class=\"wpb-content-wrapper\"><p>[vc_row row_height_percent=&#8221;0&#8243; override_padding=&#8221;yes&#8221; h_padding=&#8221;3&#8243; top_padding=&#8221;3&#8243; bottom_padding=&#8221;3&#8243; back_color=&#8221;color-lxmt&#8221; overlay_alpha=&#8221;50&#8243; gutter_size=&#8221;3&#8243; column_width_percent=&#8221;100&#8243; shift_y=&#8221;0&#8243; z_index=&#8221;0&#8243; row_name=&#8221;The Medical Beauty Concept&#8221;][vc_column width=&#8221;1\/1&#8243;][vc_row_inner row_inner_height_percent=&#8221;0&#8243; overlay_alpha=&#8221;50&#8243; gutter_size=&#8221;4&#8243; shift_y=&#8221;0&#8243; z_index=&#8221;0&#8243;][vc_column_inner column_width_percent=&#8221;100&#8243; gutter_size=&#8221;3&#8243; overlay_alpha=&#8221;50&#8243; shift_x=&#8221;0&#8243; shift_y=&#8221;0&#8243; shift_y_down=&#8221;0&#8243; z_index=&#8221;0&#8243; medium_width=&#8221;0&#8243; mobile_width=&#8221;0&#8243; width=&#8221;1\/1&#8243;][vc_custom_heading text_size=&#8221;fontsize-155944&#8243; text_weight=&#8221;300&#8243;]The Medical Beauty Concept[\/vc_custom_heading][vc_custom_heading text_size=&#8221;h4&#8243; text_weight=&#8221;300&#8243; text_height=&#8221;fontheight-357766&#8243; uncode_shortcode_id=&#8221;190188&#8243;]Ne\u017eno in temeljito \u010di\u0161\u010denje z Re-move ali Re-move PH je prvi in najpomembnej\u0161i korak pri pripravi ko\u017ee. Osnova vsakega lepotnega tretmaja je \u010di\u0161\u010denje. Zjutraj in zve\u010der ga nanesite na ko\u017eo in sperite z mla\u010dno vodo. Re-move za normalno in suho ko\u017eo. Re-move PH za mastno, vneto, pordelo in pegasto ko\u017eo.[\/vc_custom_heading][\/vc_column_inner][\/vc_row_inner][\/vc_column][\/vc_row][vc_row row_height_percent=&#8221;0&#8243; override_padding=&#8221;yes&#8221; h_padding=&#8221;2&#8243; top_padding=&#8221;0&#8243; bottom_padding=&#8221;0&#8243; overlay_alpha=&#8221;50&#8243; gutter_size=&#8221;3&#8243; column_width_percent=&#8221;100&#8243; shift_y=&#8221;0&#8243; z_index=&#8221;0&#8243; row_name=&#8221;Re-move&#8221;][vc_column column_width_percent=&#8221;100&#8243; gutter_size=&#8221;3&#8243; override_padding=&#8221;yes&#8221; column_padding=&#8221;2&#8243; overlay_alpha=&#8221;50&#8243; shift_x=&#8221;0&#8243; shift_y=&#8221;0&#8243; shift_y_down=&#8221;0&#8243; z_index=&#8221;0&#8243; medium_width=&#8221;0&#8243; mobile_width=&#8221;0&#8243; width=&#8221;1\/1&#8243;][vc_row_inner row_inner_height_percent=&#8221;0&#8243; back_color=&#8221;color-lxmt&#8221; overlay_alpha=&#8221;50&#8243; equal_height=&#8221;yes&#8221; gutter_size=&#8221;0&#8243; shift_y=&#8221;0&#8243; z_index=&#8221;0&#8243;][vc_column_inner column_width_percent=&#8221;100&#8243; position_vertical=&#8221;middle&#8221; align_horizontal=&#8221;align_center&#8221; gutter_size=&#8221;3&#8243; overlay_alpha=&#8221;50&#8243; shift_x=&#8221;0&#8243; shift_y=&#8221;0&#8243; shift_y_down=&#8221;0&#8243; z_index=&#8221;0&#8243; medium_width=&#8221;0&#8243; mobile_width=&#8221;0&#8243; width=&#8221;1\/2&#8243;][vc_single_image media=&#8221;84371&#8243; media_lightbox=&#8221;yes&#8221; media_width_percent=&#8221;80&#8243; alignment=&#8221;center&#8221; css_animation=&#8221;zoom-in&#8221; lbox_skin=&#8221;white&#8221; uncode_shortcode_id=&#8221;210440&#8243;][\/vc_column_inner][vc_column_inner column_width_percent=&#8221;100&#8243; position_vertical=&#8221;middle&#8221; gutter_size=&#8221;3&#8243; override_padding=&#8221;yes&#8221; column_padding=&#8221;3&#8243; back_color=&#8221;color-lxmt&#8221; overlay_alpha=&#8221;50&#8243; shift_x=&#8221;0&#8243; shift_y=&#8221;0&#8243; shift_y_down=&#8221;0&#8243; z_index=&#8221;0&#8243; medium_width=&#8221;0&#8243; mobile_width=&#8221;0&#8243; width=&#8221;1\/2&#8243;][vc_custom_heading text_size=&#8221;fontsize-155944&#8243; text_weight=&#8221;300&#8243; separator=&#8221;under&#8221; separator_color=&#8221;yes&#8221; sub_reduced=&#8221;yes&#8221; subheading=&#8221;\u010cistilno mleko&#8221; uncode_shortcode_id=&#8221;101705&#8243;]Re-move[\/vc_custom_heading][vc_column_text uncode_shortcode_id=&#8221;851708&#8243;]<\/p>\n<p class=\"p1\">Priporo\u010dljivo za vse tipe ko\u017ee. Posebej priporo\u010dljivo za zrelo, suho in me\u0161ano ko\u017eo.<br \/>\nRe-move je kremasto \u010distilno mleko, bogato z aloe vero, ki \u0161\u010diti kislinski pla\u0161\u010d ko\u017ee, spro\u0161\u010da, pomirja in zdravi.<br \/>\nNasvet: primeren tudi kot ne\u017een odstranjevalec li\u010dil za okrog o\u010di!<\/p>\n<p class=\"p1\"><strong>Uporaba<\/strong>: zjutraj in zve\u010der nanesite na obraz, vrat in dekolte ter sperite z vodo.<\/p>\n<p class=\"p1\"><strong>Lastnosti izdelka<\/strong>: veganski, clean beauty, zdravo staranje, brez mikroplastike, brez mineralnih olj, brez parabenov, brez silikona.<span class=\"Apple-converted-space\">\u00a0<\/span><\/p>\n<p>[\/vc_column_text][vc_empty_space empty_h=&#8221;2&#8243;][vc_button button_color=&#8221;accent&#8221; radius=&#8221;btn-square&#8221; hover_fx=&#8221;outlined&#8221; border_width=&#8221;0&#8243; link=&#8221;url:https%3A%2F%2Fbdr-beauty.shop%2Freinigung%2F167%2Fre-move-reinigungsmilch%3Fc%3D63|target:_blank&#8221; button_color_type=&#8221;uncode-palette&#8221; uncode_shortcode_id=&#8221;635545&#8243;]Nakup Re-move[\/vc_button][\/vc_column_inner][\/vc_row_inner][\/vc_column][\/vc_row][vc_row row_height_percent=&#8221;0&#8243; override_padding=&#8221;yes&#8221; h_padding=&#8221;2&#8243; top_padding=&#8221;0&#8243; bottom_padding=&#8221;0&#8243; overlay_alpha=&#8221;50&#8243; gutter_size=&#8221;3&#8243; column_width_percent=&#8221;100&#8243; shift_y=&#8221;0&#8243; z_index=&#8221;0&#8243; row_name=&#8221;Re-move PH&#8221;][vc_column column_width_percent=&#8221;100&#8243; gutter_size=&#8221;3&#8243; override_padding=&#8221;yes&#8221; column_padding=&#8221;2&#8243; overlay_alpha=&#8221;50&#8243; shift_x=&#8221;0&#8243; shift_y=&#8221;0&#8243; shift_y_down=&#8221;0&#8243; z_index=&#8221;0&#8243; medium_width=&#8221;0&#8243; mobile_width=&#8221;0&#8243; width=&#8221;1\/1&#8243;][vc_row_inner row_inner_height_percent=&#8221;0&#8243; back_color=&#8221;color-lxmt&#8221; overlay_alpha=&#8221;50&#8243; equal_height=&#8221;yes&#8221; gutter_size=&#8221;0&#8243; shift_y=&#8221;0&#8243; z_index=&#8221;0&#8243;][vc_column_inner column_width_percent=&#8221;100&#8243; position_vertical=&#8221;middle&#8221; gutter_size=&#8221;3&#8243; override_padding=&#8221;yes&#8221; column_padding=&#8221;3&#8243; back_color=&#8221;color-lxmt&#8221; overlay_alpha=&#8221;50&#8243; shift_x=&#8221;0&#8243; shift_y=&#8221;0&#8243; shift_y_down=&#8221;0&#8243; z_index=&#8221;0&#8243; medium_width=&#8221;0&#8243; mobile_width=&#8221;0&#8243; width=&#8221;1\/2&#8243;][vc_custom_heading text_size=&#8221;fontsize-155944&#8243; text_weight=&#8221;300&#8243; separator=&#8221;under&#8221; separator_color=&#8221;yes&#8221; sub_reduced=&#8221;yes&#8221; subheading=&#8221;\u010cistilno mleko Pure harmony&#8221; uncode_shortcode_id=&#8221;902179&#8243;]Re-move PH[\/vc_custom_heading][vc_column_text uncode_shortcode_id=&#8221;809012&#8243;]<\/p>\n<p class=\"p1\">Priporo\u010dljivo za vneto ko\u017eo, ko\u017eo z made\u017ei, ob\u010dutljivo ko\u017eo in obremenjeno ko\u017eo.<br \/>\nRe-move PH je ne\u017eno \u010distilno mleko. Mikronizirano srebro in SEBOCLEAR\u00ae DB normalizirata proizvodnjo sebuma v \u017elezah lojnicah, matirata in uravnavata. Spro\u0161\u010da in normalizira razdra\u017eeno ko\u017eo ter u\u010dinkovito prepre\u010duje ne\u010disto\u010de in dra\u017eenje.<\/p>\n<p class=\"p1\"><strong>Nasvet<\/strong>: \u010de \u017eelite izkoristiti vse njegove potencialne u\u010dinke, izdelka ne sperite takoj, temve\u010d ga pustite na ko\u017ei 5-10 minut.<\/p>\n<p><strong>Uporaba<\/strong>: zjutraj in zve\u010der nanesite na obraz, vrat in dekolte ter odstranite z vodo.<\/p>\n<p><strong>Lastnosti izdelka<\/strong>: veganski, clean beauty, zdravo staranje, brez mikroplastike, brez mineralnih olj, brez parabenov, brez silikona<\/p>\n<p>[\/vc_column_text][vc_empty_space empty_h=&#8221;2&#8243;][vc_button button_color=&#8221;accent&#8221; radius=&#8221;btn-square&#8221; hover_fx=&#8221;outlined&#8221; border_width=&#8221;0&#8243; link=&#8221;url:https%3A%2F%2Fbdr-beauty.shop%2Freinigung%2F178%2Fre-move-ph-reinigungsmilch-unreine-haut%3Fc%3D63|target:_blank&#8221; button_color_type=&#8221;uncode-palette&#8221; uncode_shortcode_id=&#8221;344833&#8243;]Nakup Re-move PH[\/vc_button][\/vc_column_inner][vc_column_inner column_width_percent=&#8221;100&#8243; position_vertical=&#8221;middle&#8221; align_horizontal=&#8221;align_center&#8221; gutter_size=&#8221;3&#8243; overlay_alpha=&#8221;50&#8243; shift_x=&#8221;0&#8243; shift_y=&#8221;0&#8243; shift_y_down=&#8221;0&#8243; z_index=&#8221;0&#8243; medium_width=&#8221;0&#8243; mobile_width=&#8221;0&#8243; width=&#8221;1\/2&#8243;][vc_single_image media=&#8221;84366&#8243; media_lightbox=&#8221;yes&#8221; media_width_percent=&#8221;80&#8243; alignment=&#8221;center&#8221; css_animation=&#8221;zoom-in&#8221; lbox_skin=&#8221;white&#8221; uncode_shortcode_id=&#8221;111350&#8243;][\/vc_column_inner][\/vc_row_inner][\/vc_column][\/vc_row]<\/p>\n<\/div>","protected":false},"excerpt":{"rendered":"<p>[vc_row row_height_percent=&#8221;0&#8243; override_padding=&#8221;yes&#8221; h_padding=&#8221;3&#8243; top_padding=&#8221;3&#8243; bottom_padding=&#8221;3&#8243; back_color=&#8221;color-lxmt&#8221; overlay_alpha=&#8221;50&#8243; gutter_size=&#8221;3&#8243; column_width_percent=&#8221;100&#8243; shift_y=&#8221;0&#8243; z_index=&#8221;0&#8243; row_name=&#8221;The Medical Beauty Concept&#8221;][vc_column width=&#8221;1\/1&#8243;][vc_row_inner row_inner_height_percent=&#8221;0&#8243; overlay_alpha=&#8221;50&#8243; gutter_size=&#8221;4&#8243; [&hellip;]<\/p>\n","protected":false},"author":2,"featured_media":0,"parent":85091,"menu_order":1,"comment_status":"closed","ping_status":"closed","template":"","meta":{"footnotes":""},"class_list":["post-85129","page","type-page","status-publish","hentry"],"yoast_head":"<!-- This site is optimized with the Yoast SEO plugin v24.6 - https:\/\/yoast.com\/wordpress\/plugins\/seo\/ -->\n<title>\u010ci\u0161\u010denje - bdr medical beauty<\/title>\n<meta name=\"description\" content=\"Temelj vsakega lepotnega tretmaja je \u010di\u0161\u010denje. Priporo\u010dljivo za vse tipe ko\u017ee. Posebej priporo\u010dljivo za zrelo, suho in me\u0161ano ko\u017eo.\" \/>\n<meta name=\"robots\" content=\"index, follow, max-snippet:-1, max-image-preview:large, max-video-preview:-1\" \/>\n<link rel=\"canonical\" href=\"https:\/\/bdr-beauty.de\/sl\/bdr-the-medical-beauty-concept\/ciscenje\/\" \/>\n<meta property=\"og:locale\" content=\"sl_SI\" \/>\n<meta property=\"og:type\" content=\"article\" \/>\n<meta property=\"og:title\" content=\"\u010ci\u0161\u010denje - bdr medical beauty\" \/>\n<meta property=\"og:description\" content=\"Temelj vsakega lepotnega tretmaja je \u010di\u0161\u010denje. Priporo\u010dljivo za vse tipe ko\u017ee. Posebej priporo\u010dljivo za zrelo, suho in me\u0161ano ko\u017eo.\" \/>\n<meta property=\"og:url\" content=\"https:\/\/bdr-beauty.de\/sl\/bdr-the-medical-beauty-concept\/ciscenje\/\" \/>\n<meta property=\"og:site_name\" content=\"bdr medical beauty\" \/>\n<meta name=\"twitter:card\" content=\"summary_large_image\" \/>\n<meta name=\"twitter:label1\" content=\"Est. reading time\" \/>\n\t<meta name=\"twitter:data1\" content=\"3 minute\" \/>\n<script type=\"application\/ld+json\" class=\"yoast-schema-graph\">{\"@context\":\"https:\/\/schema.org\",\"@graph\":[{\"@type\":\"WebPage\",\"@id\":\"https:\/\/bdr-beauty.de\/sl\/bdr-the-medical-beauty-concept\/ciscenje\/\",\"url\":\"https:\/\/bdr-beauty.de\/sl\/bdr-the-medical-beauty-concept\/ciscenje\/\",\"name\":\"\u010ci\u0161\u010denje - bdr medical beauty\",\"isPartOf\":{\"@id\":\"https:\/\/bdr-beauty.de\/sl\/#website\"},\"datePublished\":\"2022-04-11T11:09:33+00:00\",\"description\":\"Temelj vsakega lepotnega tretmaja je \u010di\u0161\u010denje. Priporo\u010dljivo za vse tipe ko\u017ee. Posebej priporo\u010dljivo za zrelo, suho in me\u0161ano ko\u017eo.\",\"breadcrumb\":{\"@id\":\"https:\/\/bdr-beauty.de\/sl\/bdr-the-medical-beauty-concept\/ciscenje\/#breadcrumb\"},\"inLanguage\":\"sl-SI\",\"potentialAction\":[{\"@type\":\"ReadAction\",\"target\":[\"https:\/\/bdr-beauty.de\/sl\/bdr-the-medical-beauty-concept\/ciscenje\/\"]}]},{\"@type\":\"BreadcrumbList\",\"@id\":\"https:\/\/bdr-beauty.de\/sl\/bdr-the-medical-beauty-concept\/ciscenje\/#breadcrumb\",\"itemListElement\":[{\"@type\":\"ListItem\",\"position\":1,\"name\":\"Startseite\",\"item\":\"https:\/\/bdr-beauty.de\/sl\/\"},{\"@type\":\"ListItem\",\"position\":2,\"name\":\"bdr\u00ae The Medical Beauty Concept\",\"item\":\"https:\/\/bdr-beauty.de\/sl\/\"},{\"@type\":\"ListItem\",\"position\":3,\"name\":\"\u010ci\u0161\u010denje\"}]},{\"@type\":\"WebSite\",\"@id\":\"https:\/\/bdr-beauty.de\/sl\/#website\",\"url\":\"https:\/\/bdr-beauty.de\/sl\/\",\"name\":\"bdr medical beauty\",\"description\":\"Luxury meets Skincare\",\"potentialAction\":[{\"@type\":\"SearchAction\",\"target\":{\"@type\":\"EntryPoint\",\"urlTemplate\":\"https:\/\/bdr-beauty.de\/sl\/?s={search_term_string}\"},\"query-input\":{\"@type\":\"PropertyValueSpecification\",\"valueRequired\":true,\"valueName\":\"search_term_string\"}}],\"inLanguage\":\"sl-SI\"}]}<\/script>\n<!-- \/ Yoast SEO plugin. -->","yoast_head_json":{"title":"\u010ci\u0161\u010denje - bdr medical beauty","description":"Temelj vsakega lepotnega tretmaja je \u010di\u0161\u010denje. Priporo\u010dljivo za vse tipe ko\u017ee. Posebej priporo\u010dljivo za zrelo, suho in me\u0161ano ko\u017eo.","robots":{"index":"index","follow":"follow","max-snippet":"max-snippet:-1","max-image-preview":"max-image-preview:large","max-video-preview":"max-video-preview:-1"},"canonical":"https:\/\/bdr-beauty.de\/sl\/bdr-the-medical-beauty-concept\/ciscenje\/","og_locale":"sl_SI","og_type":"article","og_title":"\u010ci\u0161\u010denje - bdr medical beauty","og_description":"Temelj vsakega lepotnega tretmaja je \u010di\u0161\u010denje. Priporo\u010dljivo za vse tipe ko\u017ee. Posebej priporo\u010dljivo za zrelo, suho in me\u0161ano ko\u017eo.","og_url":"https:\/\/bdr-beauty.de\/sl\/bdr-the-medical-beauty-concept\/ciscenje\/","og_site_name":"bdr medical beauty","twitter_card":"summary_large_image","twitter_misc":{"Est. reading time":"3 minute"},"schema":{"@context":"https:\/\/schema.org","@graph":[{"@type":"WebPage","@id":"https:\/\/bdr-beauty.de\/sl\/bdr-the-medical-beauty-concept\/ciscenje\/","url":"https:\/\/bdr-beauty.de\/sl\/bdr-the-medical-beauty-concept\/ciscenje\/","name":"\u010ci\u0161\u010denje - bdr medical beauty","isPartOf":{"@id":"https:\/\/bdr-beauty.de\/sl\/#website"},"datePublished":"2022-04-11T11:09:33+00:00","description":"Temelj vsakega lepotnega tretmaja je \u010di\u0161\u010denje. Priporo\u010dljivo za vse tipe ko\u017ee. Posebej priporo\u010dljivo za zrelo, suho in me\u0161ano ko\u017eo.","breadcrumb":{"@id":"https:\/\/bdr-beauty.de\/sl\/bdr-the-medical-beauty-concept\/ciscenje\/#breadcrumb"},"inLanguage":"sl-SI","potentialAction":[{"@type":"ReadAction","target":["https:\/\/bdr-beauty.de\/sl\/bdr-the-medical-beauty-concept\/ciscenje\/"]}]},{"@type":"BreadcrumbList","@id":"https:\/\/bdr-beauty.de\/sl\/bdr-the-medical-beauty-concept\/ciscenje\/#breadcrumb","itemListElement":[{"@type":"ListItem","position":1,"name":"Startseite","item":"https:\/\/bdr-beauty.de\/sl\/"},{"@type":"ListItem","position":2,"name":"bdr\u00ae The Medical Beauty Concept","item":"https:\/\/bdr-beauty.de\/sl\/"},{"@type":"ListItem","position":3,"name":"\u010ci\u0161\u010denje"}]},{"@type":"WebSite","@id":"https:\/\/bdr-beauty.de\/sl\/#website","url":"https:\/\/bdr-beauty.de\/sl\/","name":"bdr medical beauty","description":"Luxury meets Skincare","potentialAction":[{"@type":"SearchAction","target":{"@type":"EntryPoint","urlTemplate":"https:\/\/bdr-beauty.de\/sl\/?s={search_term_string}"},"query-input":{"@type":"PropertyValueSpecification","valueRequired":true,"valueName":"search_term_string"}}],"inLanguage":"sl-SI"}]}},"_links":{"self":[{"href":"https:\/\/bdr-beauty.de\/sl\/wp-json\/wp\/v2\/pages\/85129","targetHints":{"allow":["GET"]}}],"collection":[{"href":"https:\/\/bdr-beauty.de\/sl\/wp-json\/wp\/v2\/pages"}],"about":[{"href":"https:\/\/bdr-beauty.de\/sl\/wp-json\/wp\/v2\/types\/page"}],"author":[{"embeddable":true,"href":"https:\/\/bdr-beauty.de\/sl\/wp-json\/wp\/v2\/users\/2"}],"replies":[{"embeddable":true,"href":"https:\/\/bdr-beauty.de\/sl\/wp-json\/wp\/v2\/comments?post=85129"}],"version-history":[{"count":3,"href":"https:\/\/bdr-beauty.de\/sl\/wp-json\/wp\/v2\/pages\/85129\/revisions"}],"predecessor-version":[{"id":85132,"href":"https:\/\/bdr-beauty.de\/sl\/wp-json\/wp\/v2\/pages\/85129\/revisions\/85132"}],"up":[{"embeddable":true,"href":"https:\/\/bdr-beauty.de\/sl\/wp-json\/wp\/v2\/pages\/85091"}],"wp:attachment":[{"href":"https:\/\/bdr-beauty.de\/sl\/wp-json\/wp\/v2\/media?parent=85129"}],"curies":[{"name":"wp","href":"https:\/\/api.w.org\/{rel}","templated":true}]}}