{"id":85154,"date":"2022-04-11T15:26:33","date_gmt":"2022-04-11T13:26:33","guid":{"rendered":"https:\/\/bdr-beauty.de\/?page_id=85154"},"modified":"2023-01-19T16:44:01","modified_gmt":"2023-01-19T15:44:01","slug":"resevalec-tezav","status":"publish","type":"page","link":"https:\/\/bdr-beauty.de\/sl\/bdr-the-medical-beauty-concept\/resevalec-tezav\/","title":{"rendered":"Re\u0161evalec te\u017eav"},"content":{"rendered":"<div class=\"wpb-content-wrapper\"><p>[vc_row row_height_percent=&#8221;0&#8243; override_padding=&#8221;yes&#8221; h_padding=&#8221;3&#8243; top_padding=&#8221;3&#8243; bottom_padding=&#8221;3&#8243; back_color=&#8221;color-lxmt&#8221; overlay_alpha=&#8221;50&#8243; gutter_size=&#8221;3&#8243; column_width_percent=&#8221;100&#8243; shift_y=&#8221;0&#8243; z_index=&#8221;0&#8243; row_name=&#8221;The Medical Beauty Concept&#8221;][vc_column width=&#8221;1\/1&#8243;][vc_row_inner row_inner_height_percent=&#8221;0&#8243; overlay_alpha=&#8221;50&#8243; gutter_size=&#8221;4&#8243; shift_y=&#8221;0&#8243; z_index=&#8221;0&#8243;][vc_column_inner column_width_percent=&#8221;100&#8243; gutter_size=&#8221;3&#8243; overlay_alpha=&#8221;50&#8243; shift_x=&#8221;0&#8243; shift_y=&#8221;0&#8243; shift_y_down=&#8221;0&#8243; z_index=&#8221;0&#8243; medium_width=&#8221;0&#8243; mobile_width=&#8221;0&#8243; width=&#8221;1\/1&#8243;][vc_custom_heading text_size=&#8221;fontsize-155944&#8243; text_weight=&#8221;300&#8243;]The Medical Beauty Concept[\/vc_custom_heading][vc_custom_heading text_size=&#8221;h4&#8243; text_weight=&#8221;300&#8243; text_height=&#8221;fontheight-357766&#8243; uncode_shortcode_id=&#8221;193495&#8243;]Serum Re-lax 3 Problem Solver navdu\u0161uje z regenerativnim za\u0161\u010ditnim sistemom, ki upo\u0161teva vse potrebe ko\u017ee. Kombinacija biotehnolo\u0161kih aktivnih sestavin upo\u010dasnjuje proces staranja ko\u017ee in zmanj\u0161uje znake staranja.<\/p>\n<p>Re-fine je izjemno lahek fluid z visoko dozirano negovalno formulo za enakomerno strukturo ko\u017ee z izbolj\u0161animi porami in \u010dvrstim tonusom.[\/vc_custom_heading][\/vc_column_inner][\/vc_row_inner][\/vc_column][\/vc_row][vc_row row_height_percent=&#8221;0&#8243; override_padding=&#8221;yes&#8221; h_padding=&#8221;2&#8243; top_padding=&#8221;0&#8243; bottom_padding=&#8221;0&#8243; overlay_alpha=&#8221;50&#8243; gutter_size=&#8221;3&#8243; column_width_percent=&#8221;100&#8243; shift_y=&#8221;0&#8243; z_index=&#8221;0&#8243; row_name=&#8221;Re-fine&#8221;][vc_column column_width_percent=&#8221;100&#8243; gutter_size=&#8221;3&#8243; override_padding=&#8221;yes&#8221; column_padding=&#8221;2&#8243; overlay_alpha=&#8221;50&#8243; shift_x=&#8221;0&#8243; shift_y=&#8221;0&#8243; shift_y_down=&#8221;0&#8243; z_index=&#8221;0&#8243; medium_width=&#8221;0&#8243; mobile_width=&#8221;0&#8243; width=&#8221;1\/1&#8243;][vc_row_inner row_inner_height_percent=&#8221;0&#8243; back_color=&#8221;color-lxmt&#8221; overlay_alpha=&#8221;50&#8243; equal_height=&#8221;yes&#8221; gutter_size=&#8221;0&#8243; shift_y=&#8221;0&#8243; z_index=&#8221;0&#8243;][vc_column_inner column_width_percent=&#8221;100&#8243; position_vertical=&#8221;middle&#8221; align_horizontal=&#8221;align_center&#8221; gutter_size=&#8221;3&#8243; overlay_alpha=&#8221;50&#8243; shift_x=&#8221;0&#8243; shift_y=&#8221;0&#8243; shift_y_down=&#8221;0&#8243; z_index=&#8221;0&#8243; medium_width=&#8221;0&#8243; mobile_width=&#8221;0&#8243; width=&#8221;1\/2&#8243;][vc_single_image media=&#8221;84413&#8243; media_lightbox=&#8221;yes&#8221; media_width_percent=&#8221;80&#8243; alignment=&#8221;center&#8221; css_animation=&#8221;zoom-in&#8221; lbox_skin=&#8221;white&#8221; uncode_shortcode_id=&#8221;954863&#8243;][\/vc_column_inner][vc_column_inner column_width_percent=&#8221;100&#8243; position_vertical=&#8221;middle&#8221; gutter_size=&#8221;3&#8243; override_padding=&#8221;yes&#8221; column_padding=&#8221;3&#8243; back_color=&#8221;color-lxmt&#8221; overlay_alpha=&#8221;50&#8243; shift_x=&#8221;0&#8243; shift_y=&#8221;0&#8243; shift_y_down=&#8221;0&#8243; z_index=&#8221;0&#8243; medium_width=&#8221;0&#8243; mobile_width=&#8221;0&#8243; width=&#8221;1\/2&#8243;][vc_custom_heading text_size=&#8221;fontsize-155944&#8243; text_weight=&#8221;300&#8243; separator=&#8221;under&#8221; separator_color=&#8221;yes&#8221; sub_reduced=&#8221;yes&#8221; subheading=&#8221;Strukturni serum&#8221; uncode_shortcode_id=&#8221;137671&#8243;]Re-fine[\/vc_custom_heading][vc_column_text uncode_shortcode_id=&#8221;119401&#8243;]<\/p>\n<p class=\"p1\">Primeren za vse tipe ko\u017ee, \u0161e posebej priporo\u010dljiv za razdra\u017eeno ali ne\u010disto ko\u017eo ter ko\u017eo z velikimi porami.<\/p>\n<p>Izjemno lahek negovalni fluid z visoko koncentracijo zmanj\u0161uje pore in uravnava mi\u0161i\u010dni tonus &#8211; za enakomerno polt. Kompleks za nego zelenih mikro-alg krepi strukturo povezav med ko\u017eo in povrhnjico ter utrjuje tkivo. Poleg tega se uravnava rast bakterij, zmanj\u0161uje vnetje in izbolj\u0161uje obnovo celic.<\/p>\n<p>Prednosti redne uporabe:<\/p>\n<ul>\n<li class=\"p1\">Gladilni in protivnetni u\u010dinek<\/li>\n<li class=\"p1\">Zmanj\u0161uje pore<\/li>\n<li class=\"p1\">Spodbuja obnovo celic<\/li>\n<li class=\"p1\">Spodbuja tvorbo kolagena in elastina<\/li>\n<\/ul>\n<p>Nanesite na obraz, vrat in dekolte zjutraj in zve\u010der.<\/p>\n<p><strong>Lastnosti izdelka<\/strong>: veganski, naravna lepota, zdravo staranje, brez mikroplastike, brez mineralnih olj, brez parabenov, brez silikona[\/vc_column_text][vc_empty_space empty_h=&#8221;2&#8243;][vc_button button_color=&#8221;accent&#8221; hover_fx=&#8221;outlined&#8221; border_width=&#8221;0&#8243; link=&#8221;url:https%3A%2F%2Fbdr-beauty.shop%2Fproblemloeser%2F179%2Fre-fine-porenverfeinerungsserum%3Fc%3D62|target:_blank&#8221; button_color_type=&#8221;uncode-palette&#8221; uncode_shortcode_id=&#8221;580832&#8243;]Nakup Re-fine[\/vc_button][\/vc_column_inner][\/vc_row_inner][\/vc_column][\/vc_row][vc_row row_height_percent=&#8221;0&#8243; override_padding=&#8221;yes&#8221; h_padding=&#8221;2&#8243; top_padding=&#8221;0&#8243; bottom_padding=&#8221;0&#8243; overlay_alpha=&#8221;50&#8243; gutter_size=&#8221;3&#8243; column_width_percent=&#8221;100&#8243; shift_y=&#8221;0&#8243; z_index=&#8221;0&#8243; row_name=&#8221;Re-lax 3&#8243;][vc_column column_width_percent=&#8221;100&#8243; gutter_size=&#8221;3&#8243; override_padding=&#8221;yes&#8221; column_padding=&#8221;2&#8243; overlay_alpha=&#8221;50&#8243; shift_x=&#8221;0&#8243; shift_y=&#8221;0&#8243; shift_y_down=&#8221;0&#8243; z_index=&#8221;0&#8243; medium_width=&#8221;0&#8243; mobile_width=&#8221;0&#8243; width=&#8221;1\/1&#8243;][vc_row_inner row_inner_height_percent=&#8221;0&#8243; back_color=&#8221;color-lxmt&#8221; overlay_alpha=&#8221;50&#8243; equal_height=&#8221;yes&#8221; gutter_size=&#8221;0&#8243; shift_y=&#8221;0&#8243; z_index=&#8221;0&#8243;][vc_column_inner column_width_percent=&#8221;100&#8243; position_vertical=&#8221;middle&#8221; gutter_size=&#8221;3&#8243; override_padding=&#8221;yes&#8221; column_padding=&#8221;3&#8243; back_color=&#8221;color-lxmt&#8221; overlay_alpha=&#8221;50&#8243; shift_x=&#8221;0&#8243; shift_y=&#8221;0&#8243; shift_y_down=&#8221;0&#8243; z_index=&#8221;0&#8243; medium_width=&#8221;0&#8243; mobile_width=&#8221;0&#8243; width=&#8221;1\/2&#8243;][vc_custom_heading text_size=&#8221;fontsize-155944&#8243; text_weight=&#8221;300&#8243; separator=&#8221;under&#8221; separator_color=&#8221;yes&#8221; sub_reduced=&#8221;yes&#8221; subheading=&#8221;Multifunkcionalni serum&#8221; uncode_shortcode_id=&#8221;519211&#8243;]Re-lax 3[\/vc_custom_heading][vc_column_text uncode_shortcode_id=&#8221;189325&#8243;]<\/p>\n<p class=\"p1\">Primeren za vse tipe ko\u017ee, \u0161e posebej priporo\u010dljiv za tanko in nagubano ko\u017eo ter kuperozo in rozaceo.<br \/>\nSerum Re-lax 3 &#8220;vse v enem&#8221; se odlikuje z regenerativno za\u0161\u010ditno pregrado, ki ustreza vsem potrebam ko\u017ee.<\/p>\n<p>Me\u0161anica biotehnolo\u0161kih aktivnih sestavin upo\u010dasnjuje staranje ko\u017ee in zmanj\u0161uje znake staranja &#8211; dermacevti\u010dna alternativa Botoxu!<\/p>\n<p>Prednosti redne uporabe:<\/p>\n<ul>\n<li class=\"p1\">Vidno zmanj\u0161anje gub &#8211; zlasti izraznih linij<\/li>\n<li class=\"p1\">Upo\u010dasnjuje staranje ko\u017ee<\/li>\n<li class=\"p1\">\u0161\u010diti pred prostimi radikali<\/li>\n<li class=\"p1\">deluje protialergijsko, spro\u0161\u010dujo\u010de in protivnetno<\/li>\n<\/ul>\n<p class=\"p1\">Nanesite na obraz, vrat in dekolte zjutraj in zve\u010der.<\/p>\n<p><strong>Lastnosti izdelka<\/strong>: veganski, naravna lepota, zdravo staranje, brez mikroplastike, brez mineralnih olj, brez parabenov, brez silikona<\/p>\n<p>[\/vc_column_text][vc_empty_space empty_h=&#8221;2&#8243;][vc_button button_color=&#8221;accent&#8221; hover_fx=&#8221;outlined&#8221; border_width=&#8221;0&#8243; link=&#8221;url:https%3A%2F%2Fbdr-beauty.shop%2Fproblemloeser%2F176%2Fre-lax-3-glaettungs-reparaturserum%3Fc%3D62|target:_blank&#8221; button_color_type=&#8221;uncode-palette&#8221; uncode_shortcode_id=&#8221;648356&#8243;]Nakup Re-lax 3[\/vc_button][\/vc_column_inner][vc_column_inner column_width_percent=&#8221;100&#8243; position_vertical=&#8221;middle&#8221; align_horizontal=&#8221;align_center&#8221; gutter_size=&#8221;3&#8243; overlay_alpha=&#8221;50&#8243; shift_x=&#8221;0&#8243; shift_y=&#8221;0&#8243; shift_y_down=&#8221;0&#8243; z_index=&#8221;0&#8243; medium_width=&#8221;0&#8243; mobile_width=&#8221;0&#8243; width=&#8221;1\/2&#8243;][vc_single_image media=&#8221;84417&#8243; media_lightbox=&#8221;yes&#8221; media_width_percent=&#8221;80&#8243; alignment=&#8221;center&#8221; css_animation=&#8221;zoom-in&#8221; lbox_skin=&#8221;white&#8221; uncode_shortcode_id=&#8221;851388&#8243;][\/vc_column_inner][\/vc_row_inner][\/vc_column][\/vc_row][vc_row row_height_percent=&#8221;0&#8243; override_padding=&#8221;yes&#8221; h_padding=&#8221;2&#8243; top_padding=&#8221;0&#8243; bottom_padding=&#8221;0&#8243; overlay_alpha=&#8221;50&#8243; gutter_size=&#8221;3&#8243; column_width_percent=&#8221;100&#8243; shift_y=&#8221;0&#8243; z_index=&#8221;0&#8243; row_name=&#8221;Contour neck&#8221;][vc_column column_width_percent=&#8221;100&#8243; gutter_size=&#8221;3&#8243; override_padding=&#8221;yes&#8221; column_padding=&#8221;2&#8243; overlay_alpha=&#8221;50&#8243; shift_x=&#8221;0&#8243; shift_y=&#8221;0&#8243; shift_y_down=&#8221;0&#8243; z_index=&#8221;0&#8243; medium_width=&#8221;0&#8243; mobile_width=&#8221;0&#8243; width=&#8221;1\/1&#8243;][vc_row_inner row_inner_height_percent=&#8221;0&#8243; back_color=&#8221;color-lxmt&#8221; overlay_alpha=&#8221;50&#8243; equal_height=&#8221;yes&#8221; gutter_size=&#8221;0&#8243; shift_y=&#8221;0&#8243; z_index=&#8221;0&#8243;][vc_column_inner column_width_percent=&#8221;100&#8243; position_vertical=&#8221;middle&#8221; align_horizontal=&#8221;align_center&#8221; gutter_size=&#8221;3&#8243; overlay_alpha=&#8221;50&#8243; shift_x=&#8221;0&#8243; shift_y=&#8221;0&#8243; shift_y_down=&#8221;0&#8243; z_index=&#8221;0&#8243; medium_width=&#8221;0&#8243; mobile_width=&#8221;0&#8243; width=&#8221;1\/2&#8243;][vc_single_image media=&#8221;83752&#8243; media_lightbox=&#8221;yes&#8221; media_width_percent=&#8221;100&#8243; alignment=&#8221;center&#8221; css_animation=&#8221;zoom-in&#8221; lbox_skin=&#8221;white&#8221;][\/vc_column_inner][vc_column_inner column_width_percent=&#8221;100&#8243; position_vertical=&#8221;middle&#8221; gutter_size=&#8221;3&#8243; override_padding=&#8221;yes&#8221; column_padding=&#8221;3&#8243; back_color=&#8221;color-lxmt&#8221; overlay_alpha=&#8221;50&#8243; shift_x=&#8221;0&#8243; shift_y=&#8221;0&#8243; shift_y_down=&#8221;0&#8243; z_index=&#8221;0&#8243; medium_width=&#8221;0&#8243; mobile_width=&#8221;0&#8243; width=&#8221;1\/2&#8243;][vc_custom_heading text_size=&#8221;fontsize-155944&#8243; text_weight=&#8221;300&#8243; separator=&#8221;under&#8221; separator_color=&#8221;yes&#8221; sub_reduced=&#8221;yes&#8221; subheading=&#8221;Serum za oblikovanje vratu&#8221; uncode_shortcode_id=&#8221;689887&#8243;]Contour neck[\/vc_custom_heading][vc_column_text uncode_shortcode_id=&#8221;164846&#8243;]<\/p>\n<p class=\"p1\">Liposomsko zaprta ledeni\u0161ka voda &#8211; bogata z minerali in elementi v sledovih &#8211; in izvle\u010dek planike z dokazanim oblikovalnim u\u010dinkom. Zagotavlja sve\u017eino in ne\u017eno globinsko nego. \u0160\u010diti pred oksidativnim stresom in vplivi okolja, se hitro vpije in ne pu\u0161\u010da sledi na obla\u010dilih in laseh.<\/p>\n<p class=\"p1\"><strong>Uporaba<\/strong>: zjutraj in\/ali zve\u010der nanesite na vrat in dekolte.<\/p>\n<p class=\"p1\"><strong>Lastnosti izdelka<\/strong>: veganski, naravna lepota, zdravo staranje, brez mikroplastike, brez mineralnih olj, brez parabenov, brez silikona<\/p>\n<p>[\/vc_column_text][vc_empty_space empty_h=&#8221;2&#8243;][vc_button button_color=&#8221;accent&#8221; hover_fx=&#8221;outlined&#8221; border_width=&#8221;0&#8243; link=&#8221;url:https%3A%2F%2Fbdr-beauty.shop%2Fbody%2F188%2Fcontour-spezialpflege-hals%3Fc%3D53|target:_blank&#8221; button_color_type=&#8221;uncode-palette&#8221; uncode_shortcode_id=&#8221;682965&#8243;]Nakup Contour neck[\/vc_button][\/vc_column_inner][\/vc_row_inner][\/vc_column][\/vc_row]<\/p>\n<\/div>","protected":false},"excerpt":{"rendered":"<p>[vc_row row_height_percent=&#8221;0&#8243; override_padding=&#8221;yes&#8221; h_padding=&#8221;3&#8243; top_padding=&#8221;3&#8243; bottom_padding=&#8221;3&#8243; back_color=&#8221;color-lxmt&#8221; overlay_alpha=&#8221;50&#8243; gutter_size=&#8221;3&#8243; column_width_percent=&#8221;100&#8243; shift_y=&#8221;0&#8243; z_index=&#8221;0&#8243; row_name=&#8221;The Medical Beauty Concept&#8221;][vc_column width=&#8221;1\/1&#8243;][vc_row_inner row_inner_height_percent=&#8221;0&#8243; overlay_alpha=&#8221;50&#8243; gutter_size=&#8221;4&#8243; [&hellip;]<\/p>\n","protected":false},"author":2,"featured_media":0,"parent":85091,"menu_order":4,"comment_status":"closed","ping_status":"closed","template":"","meta":{"footnotes":""},"class_list":["post-85154","page","type-page","status-publish","hentry"],"yoast_head":"<!-- This site is optimized with the Yoast SEO plugin v24.6 - https:\/\/yoast.com\/wordpress\/plugins\/seo\/ -->\n<title>Re\u0161evalec te\u017eav - bdr medical beauty<\/title>\n<meta name=\"robots\" content=\"index, follow, max-snippet:-1, max-image-preview:large, max-video-preview:-1\" \/>\n<link rel=\"canonical\" href=\"https:\/\/bdr-beauty.de\/sl\/bdr-the-medical-beauty-concept\/resevalec-tezav\/\" \/>\n<meta property=\"og:locale\" content=\"sl_SI\" \/>\n<meta property=\"og:type\" content=\"article\" \/>\n<meta property=\"og:title\" content=\"Re\u0161evalec te\u017eav - bdr medical beauty\" \/>\n<meta property=\"og:description\" content=\"[vc_row row_height_percent=&#8221;0&#8243; override_padding=&#8221;yes&#8221; h_padding=&#8221;3&#8243; top_padding=&#8221;3&#8243; bottom_padding=&#8221;3&#8243; back_color=&#8221;color-lxmt&#8221; overlay_alpha=&#8221;50&#8243; gutter_size=&#8221;3&#8243; column_width_percent=&#8221;100&#8243; shift_y=&#8221;0&#8243; z_index=&#8221;0&#8243; row_name=&#8221;The Medical Beauty Concept&#8221;][vc_column width=&#8221;1\/1&#8243;][vc_row_inner row_inner_height_percent=&#8221;0&#8243; overlay_alpha=&#8221;50&#8243; gutter_size=&#8221;4&#8243; [&hellip;]\" \/>\n<meta property=\"og:url\" content=\"https:\/\/bdr-beauty.de\/sl\/bdr-the-medical-beauty-concept\/resevalec-tezav\/\" \/>\n<meta property=\"og:site_name\" content=\"bdr medical beauty\" \/>\n<meta property=\"article:modified_time\" content=\"2023-01-19T15:44:01+00:00\" \/>\n<meta name=\"twitter:card\" content=\"summary_large_image\" \/>\n<meta name=\"twitter:label1\" content=\"Est. reading time\" \/>\n\t<meta name=\"twitter:data1\" content=\"4 minute\" \/>\n<script type=\"application\/ld+json\" class=\"yoast-schema-graph\">{\"@context\":\"https:\/\/schema.org\",\"@graph\":[{\"@type\":\"WebPage\",\"@id\":\"https:\/\/bdr-beauty.de\/sl\/bdr-the-medical-beauty-concept\/resevalec-tezav\/\",\"url\":\"https:\/\/bdr-beauty.de\/sl\/bdr-the-medical-beauty-concept\/resevalec-tezav\/\",\"name\":\"Re\u0161evalec te\u017eav - bdr medical beauty\",\"isPartOf\":{\"@id\":\"https:\/\/bdr-beauty.de\/sl\/#website\"},\"datePublished\":\"2022-04-11T13:26:33+00:00\",\"dateModified\":\"2023-01-19T15:44:01+00:00\",\"breadcrumb\":{\"@id\":\"https:\/\/bdr-beauty.de\/sl\/bdr-the-medical-beauty-concept\/resevalec-tezav\/#breadcrumb\"},\"inLanguage\":\"sl-SI\",\"potentialAction\":[{\"@type\":\"ReadAction\",\"target\":[\"https:\/\/bdr-beauty.de\/sl\/bdr-the-medical-beauty-concept\/resevalec-tezav\/\"]}]},{\"@type\":\"BreadcrumbList\",\"@id\":\"https:\/\/bdr-beauty.de\/sl\/bdr-the-medical-beauty-concept\/resevalec-tezav\/#breadcrumb\",\"itemListElement\":[{\"@type\":\"ListItem\",\"position\":1,\"name\":\"Startseite\",\"item\":\"https:\/\/bdr-beauty.de\/sl\/\"},{\"@type\":\"ListItem\",\"position\":2,\"name\":\"bdr\u00ae The Medical Beauty Concept\",\"item\":\"https:\/\/bdr-beauty.de\/sl\/\"},{\"@type\":\"ListItem\",\"position\":3,\"name\":\"Re\u0161evalec te\u017eav\"}]},{\"@type\":\"WebSite\",\"@id\":\"https:\/\/bdr-beauty.de\/sl\/#website\",\"url\":\"https:\/\/bdr-beauty.de\/sl\/\",\"name\":\"bdr medical beauty\",\"description\":\"Luxury meets Skincare\",\"potentialAction\":[{\"@type\":\"SearchAction\",\"target\":{\"@type\":\"EntryPoint\",\"urlTemplate\":\"https:\/\/bdr-beauty.de\/sl\/?s={search_term_string}\"},\"query-input\":{\"@type\":\"PropertyValueSpecification\",\"valueRequired\":true,\"valueName\":\"search_term_string\"}}],\"inLanguage\":\"sl-SI\"}]}<\/script>\n<!-- \/ Yoast SEO plugin. -->","yoast_head_json":{"title":"Re\u0161evalec te\u017eav - bdr medical beauty","robots":{"index":"index","follow":"follow","max-snippet":"max-snippet:-1","max-image-preview":"max-image-preview:large","max-video-preview":"max-video-preview:-1"},"canonical":"https:\/\/bdr-beauty.de\/sl\/bdr-the-medical-beauty-concept\/resevalec-tezav\/","og_locale":"sl_SI","og_type":"article","og_title":"Re\u0161evalec te\u017eav - bdr medical beauty","og_description":"[vc_row row_height_percent=&#8221;0&#8243; override_padding=&#8221;yes&#8221; h_padding=&#8221;3&#8243; top_padding=&#8221;3&#8243; bottom_padding=&#8221;3&#8243; back_color=&#8221;color-lxmt&#8221; overlay_alpha=&#8221;50&#8243; gutter_size=&#8221;3&#8243; column_width_percent=&#8221;100&#8243; shift_y=&#8221;0&#8243; z_index=&#8221;0&#8243; row_name=&#8221;The Medical Beauty Concept&#8221;][vc_column width=&#8221;1\/1&#8243;][vc_row_inner row_inner_height_percent=&#8221;0&#8243; overlay_alpha=&#8221;50&#8243; gutter_size=&#8221;4&#8243; [&hellip;]","og_url":"https:\/\/bdr-beauty.de\/sl\/bdr-the-medical-beauty-concept\/resevalec-tezav\/","og_site_name":"bdr medical beauty","article_modified_time":"2023-01-19T15:44:01+00:00","twitter_card":"summary_large_image","twitter_misc":{"Est. reading time":"4 minute"},"schema":{"@context":"https:\/\/schema.org","@graph":[{"@type":"WebPage","@id":"https:\/\/bdr-beauty.de\/sl\/bdr-the-medical-beauty-concept\/resevalec-tezav\/","url":"https:\/\/bdr-beauty.de\/sl\/bdr-the-medical-beauty-concept\/resevalec-tezav\/","name":"Re\u0161evalec te\u017eav - bdr medical beauty","isPartOf":{"@id":"https:\/\/bdr-beauty.de\/sl\/#website"},"datePublished":"2022-04-11T13:26:33+00:00","dateModified":"2023-01-19T15:44:01+00:00","breadcrumb":{"@id":"https:\/\/bdr-beauty.de\/sl\/bdr-the-medical-beauty-concept\/resevalec-tezav\/#breadcrumb"},"inLanguage":"sl-SI","potentialAction":[{"@type":"ReadAction","target":["https:\/\/bdr-beauty.de\/sl\/bdr-the-medical-beauty-concept\/resevalec-tezav\/"]}]},{"@type":"BreadcrumbList","@id":"https:\/\/bdr-beauty.de\/sl\/bdr-the-medical-beauty-concept\/resevalec-tezav\/#breadcrumb","itemListElement":[{"@type":"ListItem","position":1,"name":"Startseite","item":"https:\/\/bdr-beauty.de\/sl\/"},{"@type":"ListItem","position":2,"name":"bdr\u00ae The Medical Beauty Concept","item":"https:\/\/bdr-beauty.de\/sl\/"},{"@type":"ListItem","position":3,"name":"Re\u0161evalec te\u017eav"}]},{"@type":"WebSite","@id":"https:\/\/bdr-beauty.de\/sl\/#website","url":"https:\/\/bdr-beauty.de\/sl\/","name":"bdr medical beauty","description":"Luxury meets Skincare","potentialAction":[{"@type":"SearchAction","target":{"@type":"EntryPoint","urlTemplate":"https:\/\/bdr-beauty.de\/sl\/?s={search_term_string}"},"query-input":{"@type":"PropertyValueSpecification","valueRequired":true,"valueName":"search_term_string"}}],"inLanguage":"sl-SI"}]}},"_links":{"self":[{"href":"https:\/\/bdr-beauty.de\/sl\/wp-json\/wp\/v2\/pages\/85154","targetHints":{"allow":["GET"]}}],"collection":[{"href":"https:\/\/bdr-beauty.de\/sl\/wp-json\/wp\/v2\/pages"}],"about":[{"href":"https:\/\/bdr-beauty.de\/sl\/wp-json\/wp\/v2\/types\/page"}],"author":[{"embeddable":true,"href":"https:\/\/bdr-beauty.de\/sl\/wp-json\/wp\/v2\/users\/2"}],"replies":[{"embeddable":true,"href":"https:\/\/bdr-beauty.de\/sl\/wp-json\/wp\/v2\/comments?post=85154"}],"version-history":[{"count":4,"href":"https:\/\/bdr-beauty.de\/sl\/wp-json\/wp\/v2\/pages\/85154\/revisions"}],"predecessor-version":[{"id":86828,"href":"https:\/\/bdr-beauty.de\/sl\/wp-json\/wp\/v2\/pages\/85154\/revisions\/86828"}],"up":[{"embeddable":true,"href":"https:\/\/bdr-beauty.de\/sl\/wp-json\/wp\/v2\/pages\/85091"}],"wp:attachment":[{"href":"https:\/\/bdr-beauty.de\/sl\/wp-json\/wp\/v2\/media?parent=85154"}],"curies":[{"name":"wp","href":"https:\/\/api.w.org\/{rel}","templated":true}]}}