{"id":85165,"date":"2022-04-12T12:56:35","date_gmt":"2022-04-12T10:56:35","guid":{"rendered":"https:\/\/bdr-beauty.de\/?page_id=85165"},"modified":"2022-04-12T12:56:35","modified_gmt":"2022-04-12T10:56:35","slug":"diamond-stick","status":"publish","type":"page","link":"https:\/\/bdr-beauty.de\/sl\/bdr-the-medical-beauty-concept\/diamond-stick\/","title":{"rendered":"Diamond Stick"},"content":{"rendered":"<div class=\"wpb-content-wrapper\"><p>[vc_row row_height_percent=&#8221;0&#8243; override_padding=&#8221;yes&#8221; h_padding=&#8221;3&#8243; top_padding=&#8221;3&#8243; bottom_padding=&#8221;3&#8243; back_color=&#8221;color-lxmt&#8221; overlay_alpha=&#8221;50&#8243; gutter_size=&#8221;3&#8243; column_width_percent=&#8221;100&#8243; shift_y=&#8221;0&#8243; z_index=&#8221;0&#8243; row_name=&#8221;The Medical Beauty Concept&#8221;][vc_column width=&#8221;1\/1&#8243;][vc_row_inner row_inner_height_percent=&#8221;0&#8243; overlay_alpha=&#8221;50&#8243; gutter_size=&#8221;4&#8243; shift_y=&#8221;0&#8243; z_index=&#8221;0&#8243;][vc_column_inner column_width_percent=&#8221;100&#8243; gutter_size=&#8221;3&#8243; overlay_alpha=&#8221;50&#8243; shift_x=&#8221;0&#8243; shift_y=&#8221;0&#8243; shift_y_down=&#8221;0&#8243; z_index=&#8221;0&#8243; medium_width=&#8221;0&#8243; mobile_width=&#8221;0&#8243; width=&#8221;1\/1&#8243;][vc_custom_heading text_size=&#8221;fontsize-155944&#8243; text_weight=&#8221;300&#8243;]The Medical Beauty Concept[\/vc_custom_heading][vc_custom_heading text_size=&#8221;h4&#8243; text_weight=&#8221;300&#8243; text_height=&#8221;fontheight-357766&#8243; uncode_shortcode_id=&#8221;132861&#8243;]Izdelek Diamond stick ima patentiran rez z do\u017eivljenjsko garancijo za ne\u017eno in u\u010dinkovito dermabrazijo s takoj\u0161njim u\u010dinkom. V kombinaciji z izdelki za \u010di\u0161\u010denje in nego bdr se lahko stanje ko\u017ee bistveno izbolj\u0161a. Dosezite izjemne rezultate, npr. pri nepravilnostih, velikih porah, majhnih brazgotinah, made\u017eih, hiperpigmentaciji ali temnih podo\u010dnjakih pod o\u010dmi. Diamond stick je zasnovan za ve\u010dkratno uporabo doma &#8211; seveda samo za eno osebo.[\/vc_custom_heading][\/vc_column_inner][\/vc_row_inner][\/vc_column][\/vc_row][vc_row row_height_percent=&#8221;0&#8243; override_padding=&#8221;yes&#8221; h_padding=&#8221;2&#8243; top_padding=&#8221;0&#8243; bottom_padding=&#8221;0&#8243; overlay_alpha=&#8221;50&#8243; gutter_size=&#8221;3&#8243; column_width_percent=&#8221;100&#8243; shift_y=&#8221;0&#8243; z_index=&#8221;0&#8243; row_name=&#8221;Diamond Stick&#8221;][vc_column column_width_percent=&#8221;100&#8243; gutter_size=&#8221;3&#8243; override_padding=&#8221;yes&#8221; column_padding=&#8221;2&#8243; overlay_alpha=&#8221;50&#8243; shift_x=&#8221;0&#8243; shift_y=&#8221;0&#8243; shift_y_down=&#8221;0&#8243; z_index=&#8221;0&#8243; medium_width=&#8221;0&#8243; mobile_width=&#8221;0&#8243; width=&#8221;1\/1&#8243;][vc_row_inner row_inner_height_percent=&#8221;0&#8243; back_color=&#8221;color-lxmt&#8221; overlay_alpha=&#8221;50&#8243; equal_height=&#8221;yes&#8221; gutter_size=&#8221;0&#8243; shift_y=&#8221;0&#8243; z_index=&#8221;0&#8243;][vc_column_inner column_width_percent=&#8221;100&#8243; position_vertical=&#8221;middle&#8221; align_horizontal=&#8221;align_center&#8221; gutter_size=&#8221;3&#8243; overlay_alpha=&#8221;50&#8243; shift_x=&#8221;0&#8243; shift_y=&#8221;0&#8243; shift_y_down=&#8221;0&#8243; z_index=&#8221;0&#8243; medium_width=&#8221;0&#8243; mobile_width=&#8221;0&#8243; width=&#8221;1\/2&#8243;][vc_single_image media=&#8221;83746&#8243; media_lightbox=&#8221;yes&#8221; media_width_percent=&#8221;100&#8243; alignment=&#8221;center&#8221; css_animation=&#8221;zoom-in&#8221; lbox_skin=&#8221;white&#8221;][\/vc_column_inner][vc_column_inner column_width_percent=&#8221;100&#8243; position_vertical=&#8221;middle&#8221; gutter_size=&#8221;3&#8243; override_padding=&#8221;yes&#8221; column_padding=&#8221;3&#8243; back_color=&#8221;color-lxmt&#8221; overlay_alpha=&#8221;50&#8243; shift_x=&#8221;0&#8243; shift_y=&#8221;0&#8243; shift_y_down=&#8221;0&#8243; z_index=&#8221;0&#8243; medium_width=&#8221;0&#8243; mobile_width=&#8221;0&#8243; width=&#8221;1\/2&#8243;][vc_custom_heading text_size=&#8221;fontsize-155944&#8243; text_weight=&#8221;300&#8243; separator=&#8221;under&#8221; separator_color=&#8221;yes&#8221; sub_reduced=&#8221;yes&#8221; subheading=&#8221;Dermabrazija na domu&#8221; uncode_shortcode_id=&#8221;163053&#8243;]Diamond Stick[\/vc_custom_heading][vc_column_text uncode_shortcode_id=&#8221;938556&#8243;]<\/p>\n<p class=\"p1\">DIAMOND STICK je popoln dodatek k doma\u010demu ritualu za nego ko\u017ee bdr\u00ae. Ima patentiran rez z do\u017eivljenjsko garancijo za ne\u017eno in u\u010dinkovito dermabrazijo s takoj\u0161njim u\u010dinkom. Diamond stick je zasnovan za ve\u010dkratno uporabo doma &#8211; seveda samo za eno osebo. Diamond Stick je primeren za vse tipe ko\u017ee. Priporo\u010dena uporaba 1x tedensko na obrazu, vratu in dekolteju.<\/p>\n<p class=\"p1\"><strong>Uporaba<\/strong>: O\u010distite ko\u017eo z bdr\u00ae Re-move ali Re-move PH &#8211; ne spirajte! Z diamond stickom s kro\u017enimi gibi drsite po vla\u017eni in zdravi ko\u017ei. Nato sperite in nanesite izdelke za nego ko\u017ee bdr\u00ae.<\/p>\n<p class=\"p1\">Diamond stick bdr\u00ae v kombinaciji z izdelki za \u010di\u0161\u010denje in nego bdr\u00ae lahko bistveno izbolj\u0161a videz va\u0161e ko\u017ee. Uporabite ga na:<\/p>\n<ul>\n<li class=\"p1\">pomanjkljivostih<\/li>\n<li class=\"p1\">ne\u010disto\u010dah<\/li>\n<li class=\"p1\">velikih porah<\/li>\n<li class=\"p1\">hiperpigmentacijah<\/li>\n<li class=\"p1\">majhnih brazgotinah<\/li>\n<li class=\"p1\">temnih kolobarjih pod o\u010dmi<\/li>\n<li class=\"p1\">zdravljenju<\/li>\n<\/ul>\n<p>[\/vc_column_text][vc_empty_space empty_h=&#8221;2&#8243;][vc_button button_color=&#8221;accent&#8221; hover_fx=&#8221;outlined&#8221; border_width=&#8221;0&#8243; link=&#8221;url:https%3A%2F%2Fbdr-beauty.shop%2Fdiamond-stick%2F183%2Fbdr-diamond-stick%3Fc%3D54|target:_blank&#8221; button_color_type=&#8221;uncode-palette&#8221; uncode_shortcode_id=&#8221;190616&#8243;]Nakup Diamond Stick[\/vc_button][\/vc_column_inner][\/vc_row_inner][\/vc_column][\/vc_row]<\/p>\n<\/div>","protected":false},"excerpt":{"rendered":"<p>[vc_row row_height_percent=&#8221;0&#8243; override_padding=&#8221;yes&#8221; h_padding=&#8221;3&#8243; top_padding=&#8221;3&#8243; bottom_padding=&#8221;3&#8243; back_color=&#8221;color-lxmt&#8221; overlay_alpha=&#8221;50&#8243; gutter_size=&#8221;3&#8243; column_width_percent=&#8221;100&#8243; shift_y=&#8221;0&#8243; z_index=&#8221;0&#8243; row_name=&#8221;The Medical Beauty Concept&#8221;][vc_column width=&#8221;1\/1&#8243;][vc_row_inner row_inner_height_percent=&#8221;0&#8243; overlay_alpha=&#8221;50&#8243; gutter_size=&#8221;4&#8243; [&hellip;]<\/p>\n","protected":false},"author":2,"featured_media":0,"parent":85091,"menu_order":7,"comment_status":"closed","ping_status":"closed","template":"","meta":{"footnotes":""},"class_list":["post-85165","page","type-page","status-publish","hentry"],"yoast_head":"<!-- This site is optimized with the Yoast SEO plugin v24.6 - https:\/\/yoast.com\/wordpress\/plugins\/seo\/ -->\n<title>Diamond Stick - bdr medical beauty<\/title>\n<meta name=\"robots\" content=\"index, follow, max-snippet:-1, max-image-preview:large, max-video-preview:-1\" \/>\n<link rel=\"canonical\" href=\"https:\/\/bdr-beauty.de\/sl\/bdr-the-medical-beauty-concept\/diamond-stick\/\" \/>\n<meta property=\"og:locale\" content=\"sl_SI\" \/>\n<meta property=\"og:type\" content=\"article\" \/>\n<meta property=\"og:title\" content=\"Diamond Stick - bdr medical beauty\" \/>\n<meta property=\"og:description\" content=\"[vc_row row_height_percent=&#8221;0&#8243; override_padding=&#8221;yes&#8221; h_padding=&#8221;3&#8243; top_padding=&#8221;3&#8243; bottom_padding=&#8221;3&#8243; back_color=&#8221;color-lxmt&#8221; overlay_alpha=&#8221;50&#8243; gutter_size=&#8221;3&#8243; column_width_percent=&#8221;100&#8243; shift_y=&#8221;0&#8243; z_index=&#8221;0&#8243; row_name=&#8221;The Medical Beauty Concept&#8221;][vc_column width=&#8221;1\/1&#8243;][vc_row_inner row_inner_height_percent=&#8221;0&#8243; overlay_alpha=&#8221;50&#8243; gutter_size=&#8221;4&#8243; [&hellip;]\" \/>\n<meta property=\"og:url\" content=\"https:\/\/bdr-beauty.de\/sl\/bdr-the-medical-beauty-concept\/diamond-stick\/\" \/>\n<meta property=\"og:site_name\" content=\"bdr medical beauty\" \/>\n<meta name=\"twitter:card\" content=\"summary_large_image\" \/>\n<meta name=\"twitter:label1\" content=\"Est. reading time\" \/>\n\t<meta name=\"twitter:data1\" content=\"2 minuti\" \/>\n<script type=\"application\/ld+json\" class=\"yoast-schema-graph\">{\"@context\":\"https:\/\/schema.org\",\"@graph\":[{\"@type\":\"WebPage\",\"@id\":\"https:\/\/bdr-beauty.de\/sl\/bdr-the-medical-beauty-concept\/diamond-stick\/\",\"url\":\"https:\/\/bdr-beauty.de\/sl\/bdr-the-medical-beauty-concept\/diamond-stick\/\",\"name\":\"Diamond Stick - bdr medical beauty\",\"isPartOf\":{\"@id\":\"https:\/\/bdr-beauty.de\/sl\/#website\"},\"datePublished\":\"2022-04-12T10:56:35+00:00\",\"breadcrumb\":{\"@id\":\"https:\/\/bdr-beauty.de\/sl\/bdr-the-medical-beauty-concept\/diamond-stick\/#breadcrumb\"},\"inLanguage\":\"sl-SI\",\"potentialAction\":[{\"@type\":\"ReadAction\",\"target\":[\"https:\/\/bdr-beauty.de\/sl\/bdr-the-medical-beauty-concept\/diamond-stick\/\"]}]},{\"@type\":\"BreadcrumbList\",\"@id\":\"https:\/\/bdr-beauty.de\/sl\/bdr-the-medical-beauty-concept\/diamond-stick\/#breadcrumb\",\"itemListElement\":[{\"@type\":\"ListItem\",\"position\":1,\"name\":\"Startseite\",\"item\":\"https:\/\/bdr-beauty.de\/sl\/\"},{\"@type\":\"ListItem\",\"position\":2,\"name\":\"bdr\u00ae The Medical Beauty Concept\",\"item\":\"https:\/\/bdr-beauty.de\/sl\/\"},{\"@type\":\"ListItem\",\"position\":3,\"name\":\"Diamond Stick\"}]},{\"@type\":\"WebSite\",\"@id\":\"https:\/\/bdr-beauty.de\/sl\/#website\",\"url\":\"https:\/\/bdr-beauty.de\/sl\/\",\"name\":\"bdr medical beauty\",\"description\":\"Luxury meets Skincare\",\"potentialAction\":[{\"@type\":\"SearchAction\",\"target\":{\"@type\":\"EntryPoint\",\"urlTemplate\":\"https:\/\/bdr-beauty.de\/sl\/?s={search_term_string}\"},\"query-input\":{\"@type\":\"PropertyValueSpecification\",\"valueRequired\":true,\"valueName\":\"search_term_string\"}}],\"inLanguage\":\"sl-SI\"}]}<\/script>\n<!-- \/ Yoast SEO plugin. -->","yoast_head_json":{"title":"Diamond Stick - bdr medical beauty","robots":{"index":"index","follow":"follow","max-snippet":"max-snippet:-1","max-image-preview":"max-image-preview:large","max-video-preview":"max-video-preview:-1"},"canonical":"https:\/\/bdr-beauty.de\/sl\/bdr-the-medical-beauty-concept\/diamond-stick\/","og_locale":"sl_SI","og_type":"article","og_title":"Diamond Stick - bdr medical beauty","og_description":"[vc_row row_height_percent=&#8221;0&#8243; override_padding=&#8221;yes&#8221; h_padding=&#8221;3&#8243; top_padding=&#8221;3&#8243; bottom_padding=&#8221;3&#8243; back_color=&#8221;color-lxmt&#8221; overlay_alpha=&#8221;50&#8243; gutter_size=&#8221;3&#8243; column_width_percent=&#8221;100&#8243; shift_y=&#8221;0&#8243; z_index=&#8221;0&#8243; row_name=&#8221;The Medical Beauty Concept&#8221;][vc_column width=&#8221;1\/1&#8243;][vc_row_inner row_inner_height_percent=&#8221;0&#8243; overlay_alpha=&#8221;50&#8243; gutter_size=&#8221;4&#8243; [&hellip;]","og_url":"https:\/\/bdr-beauty.de\/sl\/bdr-the-medical-beauty-concept\/diamond-stick\/","og_site_name":"bdr medical beauty","twitter_card":"summary_large_image","twitter_misc":{"Est. reading time":"2 minuti"},"schema":{"@context":"https:\/\/schema.org","@graph":[{"@type":"WebPage","@id":"https:\/\/bdr-beauty.de\/sl\/bdr-the-medical-beauty-concept\/diamond-stick\/","url":"https:\/\/bdr-beauty.de\/sl\/bdr-the-medical-beauty-concept\/diamond-stick\/","name":"Diamond Stick - bdr medical beauty","isPartOf":{"@id":"https:\/\/bdr-beauty.de\/sl\/#website"},"datePublished":"2022-04-12T10:56:35+00:00","breadcrumb":{"@id":"https:\/\/bdr-beauty.de\/sl\/bdr-the-medical-beauty-concept\/diamond-stick\/#breadcrumb"},"inLanguage":"sl-SI","potentialAction":[{"@type":"ReadAction","target":["https:\/\/bdr-beauty.de\/sl\/bdr-the-medical-beauty-concept\/diamond-stick\/"]}]},{"@type":"BreadcrumbList","@id":"https:\/\/bdr-beauty.de\/sl\/bdr-the-medical-beauty-concept\/diamond-stick\/#breadcrumb","itemListElement":[{"@type":"ListItem","position":1,"name":"Startseite","item":"https:\/\/bdr-beauty.de\/sl\/"},{"@type":"ListItem","position":2,"name":"bdr\u00ae The Medical Beauty Concept","item":"https:\/\/bdr-beauty.de\/sl\/"},{"@type":"ListItem","position":3,"name":"Diamond Stick"}]},{"@type":"WebSite","@id":"https:\/\/bdr-beauty.de\/sl\/#website","url":"https:\/\/bdr-beauty.de\/sl\/","name":"bdr medical beauty","description":"Luxury meets Skincare","potentialAction":[{"@type":"SearchAction","target":{"@type":"EntryPoint","urlTemplate":"https:\/\/bdr-beauty.de\/sl\/?s={search_term_string}"},"query-input":{"@type":"PropertyValueSpecification","valueRequired":true,"valueName":"search_term_string"}}],"inLanguage":"sl-SI"}]}},"_links":{"self":[{"href":"https:\/\/bdr-beauty.de\/sl\/wp-json\/wp\/v2\/pages\/85165","targetHints":{"allow":["GET"]}}],"collection":[{"href":"https:\/\/bdr-beauty.de\/sl\/wp-json\/wp\/v2\/pages"}],"about":[{"href":"https:\/\/bdr-beauty.de\/sl\/wp-json\/wp\/v2\/types\/page"}],"author":[{"embeddable":true,"href":"https:\/\/bdr-beauty.de\/sl\/wp-json\/wp\/v2\/users\/2"}],"replies":[{"embeddable":true,"href":"https:\/\/bdr-beauty.de\/sl\/wp-json\/wp\/v2\/comments?post=85165"}],"version-history":[{"count":2,"href":"https:\/\/bdr-beauty.de\/sl\/wp-json\/wp\/v2\/pages\/85165\/revisions"}],"predecessor-version":[{"id":85167,"href":"https:\/\/bdr-beauty.de\/sl\/wp-json\/wp\/v2\/pages\/85165\/revisions\/85167"}],"up":[{"embeddable":true,"href":"https:\/\/bdr-beauty.de\/sl\/wp-json\/wp\/v2\/pages\/85091"}],"wp:attachment":[{"href":"https:\/\/bdr-beauty.de\/sl\/wp-json\/wp\/v2\/media?parent=85165"}],"curies":[{"name":"wp","href":"https:\/\/api.w.org\/{rel}","templated":true}]}}